{"id":82066,"date":"2023-08-18T18:40:52","date_gmt":"2023-08-18T18:40:52","guid":{"rendered":"https:\/\/www.ninjaone.com\/?page_id=82066"},"modified":"2025-02-05T13:41:02","modified_gmt":"2025-02-05T13:41:02","slug":"business-case-unified-it-management-se","status":"publish","type":"page","link":"https:\/\/www.ninjaone.com\/sv\/business-case-unified-it-management-se\/","title":{"rendered":"Business Case: Unified IT Management"},"content":{"rendered":"\t\t<div data-elementor-type=\"wp-page\" data-elementor-id=\"82066\" class=\"elementor elementor-82066 elementor-33527\" data-elementor-post-type=\"page\">\n\t\t\t\t<main class=\"elementor-element elementor-element-5eff24e6 e-flex e-con-boxed e-con e-parent\" data-id=\"5eff24e6\" data-element_type=\"container\" data-e-type=\"container\" data-settings=\"{&quot;background_background&quot;:&quot;classic&quot;}\">\n\t\t\t\t\t<div class=\"e-con-inner\">\n\t\t<div class=\"elementor-element elementor-element-3d2da1f1 e-con-full e-flex e-con e-child\" data-id=\"3d2da1f1\" data-element_type=\"container\" data-e-type=\"container\">\n\t\t\t\t<div class=\"elementor-element elementor-element-64bcb137 elementor-widget__width-auto no-lazyload elementor-widget elementor-widget-image\" data-id=\"64bcb137\" data-element_type=\"widget\" data-e-type=\"widget\" data-widget_type=\"image.default\">\n\t\t\t\t<div class=\"elementor-widget-container\">\n\t\t\t\t\t\t\t\t\t\t\t\t\t\t\t\t<a href=\"https:\/\/www.ninjaone.com\/sv\/\">\n\t\t\t\t\t\t\t<img fetchpriority=\"high\" decoding=\"async\" width=\"1056\" height=\"228\" src=\"https:\/\/www.ninjaone.com\/wp-content\/uploads\/2022\/09\/ninjaone-white-logo.svg\" class=\" attachment-full size-full wp-image-399\" alt=\"NinjaOne white logo\" title=\"ninjaone-white-logo\" \/>\t\t\t\t\t\t\t\t<\/a>\n\t\t\t\t\t\t\t\t\t\t\t\t\t\t\t<\/div>\n\t\t\t\t<\/div>\n\t\t\t\t<div class=\"elementor-element elementor-element-20f5a6d7 elementor-widget__width-initial elementor-widget elementor-widget-heading\" data-id=\"20f5a6d7\" data-element_type=\"widget\" data-e-type=\"widget\" data-widget_type=\"heading.default\">\n\t\t\t\t<div class=\"elementor-widget-container\">\n\t\t\t\t\t<h1 class=\"elementor-heading-title elementor-size-default\">Business Case: Unified IT Management\n<\/h1>\t\t\t\t<\/div>\n\t\t\t\t<\/div>\n\t\t\t\t<div class=\"elementor-element elementor-element-ef12c21 elementor-widget elementor-widget-text-editor\" data-id=\"ef12c21\" data-element_type=\"widget\" data-e-type=\"widget\" data-widget_type=\"text-editor.default\">\n\t\t\t\t<div class=\"elementor-widget-container\">\n\t\t\t\t\t\t\t\t\t<div class=\"av-special-heading av-kqjwxnc4-3de58df24c07bc609188dd64eec39f36 av-special-heading-h1 custom-color-heading blockquote modern-quote  avia-builder-el-4  el_after_av_hr  el_before_av_hr\"><div class=\"av_custom_color av-subheading av-subheading_below\"><p>Spara tid med ett pitch som g\u00e5r till k\u00e4rnan av vad beslutsfattarna faktiskt beh\u00f6ver se.<\/p><\/div><\/div><div class=\"hr av-cb5pyh1-7294e97acbc18260109f472bd4eb3dd2 hr-invisible  avia-builder-el-5  el_after_av_heading  el_before_av_hr\">\u00a0<\/div>\t\t\t\t\t\t\t\t<\/div>\n\t\t\t\t<\/div>\n\t\t\t\t<div class=\"elementor-element elementor-element-646436a8 elementor-button-default elementor-widget elementor-widget-button\" data-id=\"646436a8\" data-element_type=\"widget\" data-e-type=\"widget\" data-widget_type=\"button.default\">\n\t\t\t\t<div class=\"elementor-widget-container\">\n\t\t\t\t\t\t\t\t\t<div class=\"elementor-button-wrapper\">\n\t\t\t\t\t<a class=\"elementor-button elementor-button-link elementor-size-sm\" href=\"#scroll-form-section\">\n\t\t\t\t\t\t<span class=\"elementor-button-content-wrapper\">\n\t\t\t\t\t\t\t\t\t<span class=\"elementor-button-text\">Ladda ner<\/span>\n\t\t\t\t\t<\/span>\n\t\t\t\t\t<\/a>\n\t\t\t\t<\/div>\n\t\t\t\t\t\t\t\t<\/div>\n\t\t\t\t<\/div>\n\t\t\t\t<\/div>\n\t\t<div class=\"elementor-element elementor-element-7814033 e-con-full e-flex e-con e-child\" data-id=\"7814033\" data-element_type=\"container\" data-e-type=\"container\">\n\t\t\t\t<div class=\"elementor-element elementor-element-cf5ec53 elementor-widget elementor-widget-shortcode\" data-id=\"cf5ec53\" data-element_type=\"widget\" data-e-type=\"widget\" data-widget_type=\"shortcode.default\">\n\t\t\t\t<div class=\"elementor-widget-container\">\n\t\t\t\t\t\t\t<div class=\"elementor-shortcode\">\n<div\n\t class=\"wpml-ls-statics-shortcode_actions wpml-ls wpml-ls-legacy-dropdown js-wpml-ls-legacy-dropdown\">\n\t<ul>\n\n\t\t<li tabindex=\"0\" class=\"wpml-ls-slot-shortcode_actions wpml-ls-item wpml-ls-item-sv wpml-ls-current-language wpml-ls-item-legacy-dropdown\">\n\t\t\t<a href=\"#\" class=\"js-wpml-ls-item-toggle wpml-ls-item-toggle\">\n                <span class=\"wpml-ls-native\">SV<\/span><\/a>\n\n\t\t\t<ul class=\"wpml-ls-sub-menu\">\n\t\t\t\t\n\t\t\t\t\t<li class=\"wpml-ls-slot-shortcode_actions wpml-ls-item wpml-ls-item-en wpml-ls-first-item\" data-ls-lang=\"en\">\n\t\t\t\t\t\t<a href=\"https:\/\/www.ninjaone.com\/\" class=\"wpml-ls-link\">\n                            <span class=\"wpml-ls-native\" lang=\"en\">English<\/span><\/a>\n\t\t\t\t\t<\/li>\n\n\t\t\t\t\n\t\t\t\t\t<li class=\"wpml-ls-slot-shortcode_actions wpml-ls-item wpml-ls-item-de\" data-ls-lang=\"de\">\n\t\t\t\t\t\t<a href=\"https:\/\/www.ninjaone.com\/de\/\" class=\"wpml-ls-link\">\n                            <span class=\"wpml-ls-native\" lang=\"de\">Deutsch<\/span><\/a>\n\t\t\t\t\t<\/li>\n\n\t\t\t\t\n\t\t\t\t\t<li class=\"wpml-ls-slot-shortcode_actions wpml-ls-item wpml-ls-item-fr\" data-ls-lang=\"fr\">\n\t\t\t\t\t\t<a href=\"https:\/\/www.ninjaone.com\/fr\/\" class=\"wpml-ls-link\">\n                            <span class=\"wpml-ls-native\" lang=\"fr\">Fran\u00e7ais<\/span><\/a>\n\t\t\t\t\t<\/li>\n\n\t\t\t\t\n\t\t\t\t\t<li class=\"wpml-ls-slot-shortcode_actions wpml-ls-item wpml-ls-item-es\" data-ls-lang=\"es\">\n\t\t\t\t\t\t<a href=\"https:\/\/www.ninjaone.com\/es\/\" class=\"wpml-ls-link\">\n                            <span class=\"wpml-ls-native\" lang=\"es\">Espa\u00f1ol<\/span><\/a>\n\t\t\t\t\t<\/li>\n\n\t\t\t\t\n\t\t\t\t\t<li class=\"wpml-ls-slot-shortcode_actions wpml-ls-item wpml-ls-item-it\" data-ls-lang=\"it\">\n\t\t\t\t\t\t<a href=\"https:\/\/www.ninjaone.com\/it\/\" class=\"wpml-ls-link\">\n                            <span class=\"wpml-ls-native\" lang=\"it\">Italiano<\/span><\/a>\n\t\t\t\t\t<\/li>\n\n\t\t\t\t\n\t\t\t\t\t<li class=\"wpml-ls-slot-shortcode_actions wpml-ls-item wpml-ls-item-nl\" data-ls-lang=\"nl\">\n\t\t\t\t\t\t<a href=\"https:\/\/www.ninjaone.com\/nl\/\" class=\"wpml-ls-link\">\n                            <span class=\"wpml-ls-native\" lang=\"nl\">Nederlands<\/span><\/a>\n\t\t\t\t\t<\/li>\n\n\t\t\t\t\n\t\t\t\t\t<li class=\"wpml-ls-slot-shortcode_actions wpml-ls-item wpml-ls-item-pt-br\" data-ls-lang=\"pt-br\">\n\t\t\t\t\t\t<a href=\"https:\/\/www.ninjaone.com\/pt-br\/\" class=\"wpml-ls-link\">\n                            <span class=\"wpml-ls-native\" lang=\"pt-br\">Portugu\u00eas<\/span><\/a>\n\t\t\t\t\t<\/li>\n\n\t\t\t\t\n\t\t\t\t\t<li class=\"wpml-ls-slot-shortcode_actions wpml-ls-item wpml-ls-item-ja wpml-ls-last-item\" data-ls-lang=\"ja\">\n\t\t\t\t\t\t<a href=\"https:\/\/www.ninjaone.com\/ja\/\" class=\"wpml-ls-link\">\n                            <span class=\"wpml-ls-native\" lang=\"ja\">\u65e5\u672c\u8a9e<\/span><\/a>\n\t\t\t\t\t<\/li>\n\n\t\t\t\t\t\t\t<\/ul>\n\n\t\t<\/li>\n\n\t<\/ul>\n<\/div>\n<\/div>\n\t\t\t\t\t\t<\/div>\n\t\t\t\t<\/div>\n\t\t\t\t<div class=\"elementor-element elementor-element-373de40e elementor-widget__width-auto no-lazyload elementor-widget elementor-widget-image\" data-id=\"373de40e\" data-element_type=\"widget\" data-e-type=\"widget\" data-widget_type=\"image.default\">\n\t\t\t\t<div class=\"elementor-widget-container\">\n\t\t\t\t\t\t\t\t\t\t\t\t\t\t\t<img decoding=\"async\" width=\"1200\" height=\"774\" src=\"https:\/\/www.ninjaone.com\/wp-content\/uploads\/2022\/10\/A4-Flyer-Mockup-v2.png\" class=\" attachment-full size-full wp-image-27892\" alt=\"A4 Flyer Mockup\" srcset=\"https:\/\/www.ninjaone.com\/wp-content\/uploads\/2022\/10\/A4-Flyer-Mockup-v2.png 1200w, https:\/\/www.ninjaone.com\/wp-content\/uploads\/2022\/10\/A4-Flyer-Mockup-v2-300x194.png 300w, https:\/\/www.ninjaone.com\/wp-content\/uploads\/2022\/10\/A4-Flyer-Mockup-v2-1024x660.png 1024w, https:\/\/www.ninjaone.com\/wp-content\/uploads\/2022\/10\/A4-Flyer-Mockup-v2-768x495.png 768w\" sizes=\"(max-width: 1200px) 100vw, 1200px\" title=\"A4-Flyer-Mockup-v2\" \/>\t\t\t\t\t\t\t\t\t\t\t\t\t\t\t<\/div>\n\t\t\t\t<\/div>\n\t\t\t\t<\/div>\n\t\t\t\t\t<\/div>\n\t\t\t\t<\/main>\n\t\t<section class=\"elementor-element elementor-element-61061e36 e-flex e-con-boxed e-con e-parent\" data-id=\"61061e36\" data-element_type=\"container\" data-e-type=\"container\">\n\t\t\t\t\t<div class=\"e-con-inner\">\n\t\t<div class=\"elementor-element elementor-element-75ab7069 e-con-full e-flex e-con e-child\" data-id=\"75ab7069\" data-element_type=\"container\" data-e-type=\"container\">\n\t\t\t\t<div class=\"elementor-element elementor-element-362de620 elementor-widget elementor-widget-text-editor\" data-id=\"362de620\" data-element_type=\"widget\" data-e-type=\"widget\" data-widget_type=\"text-editor.default\">\n\t\t\t\t<div class=\"elementor-widget-container\">\n\t\t\t\t\t\t\t\t\t<p>S\u00e5 du \u00e4r redo att effektivisera din IT-hantering och modernisera din verksamhet! Du har gjort din research, v\u00e4gt dina alternativ och \u00e4r nu redo att implementera NinjaOne. Det sista steget \u00e4r att f\u00e5 in dina viktigaste intressenter, och vi f\u00f6rst\u00e5r att det ibland kan k\u00e4nnas som ett jobb i sig sj\u00e4lvt att lyckas bevisa aff\u00e4rsnytta.<\/p><p>F\u00f6r att hj\u00e4lpa dig har vi sammanst\u00e4llt denna NinjaOne Business Case Toolkit, som inkluderar:<\/p><ul><li>En \u00f6gon\u00f6ppnande checklista f\u00f6r sj\u00e4lvutv\u00e4rdering f\u00f6r din organisation<\/li><li>Tv\u00e5 executive briefings som belyser ROI och aff\u00e4rseffekter (f\u00f6r CIO:s och CFO:s)<\/li><li>Ett anpassningsbart NinjaOne product deck som hj\u00e4lper dig att bevisa aff\u00e4rsnytta och merv\u00e4rde<\/li><li>En ROI-kalkylator som hj\u00e4lper dig att s\u00e4tta kostnadsbesparingar och v\u00e4rde i centrum<\/li><\/ul>\t\t\t\t\t\t\t\t<\/div>\n\t\t\t\t<\/div>\n\t\t\t\t<\/div>\n\t\t<div class=\"elementor-element elementor-element-4edd2269 e-con-full e-flex e-con e-child\" data-id=\"4edd2269\" data-element_type=\"container\" data-e-type=\"container\" id=\"scroll-form-section\">\n\t\t\t\t<div class=\"elementor-element elementor-element-549bc4ac elementor-widget elementor-widget-heading\" data-id=\"549bc4ac\" data-element_type=\"widget\" data-e-type=\"widget\" data-widget_type=\"heading.default\">\n\t\t\t\t<div class=\"elementor-widget-container\">\n\t\t\t\t\t<h3 class=\"elementor-heading-title elementor-size-default\">F\u00e5 ditt gratis kit<\/h3>\t\t\t\t<\/div>\n\t\t\t\t<\/div>\n\t\t\t\t<div class=\"elementor-element elementor-element-38fc9d3 elementor-widget elementor-widget-html\" data-id=\"38fc9d3\" data-element_type=\"widget\" data-e-type=\"widget\" data-widget_type=\"html.default\">\n\t\t\t\t<div class=\"elementor-widget-container\">\n\t\t\t\t\t<iframe class=\"iframe-form iframe-resize\" style=\"border: 0;\" src=\"https:\/\/go.ninjaone.com\/l\/652283\/2022-12-08\/49vmrp\" width=\"100%\" height=\"560\" frameborder=\"0\"><\/iframe>\t\t\t\t<\/div>\n\t\t\t\t<\/div>\n\t\t\t\t<\/div>\n\t\t\t\t\t<\/div>\n\t\t\t\t<\/section>\n\t\t<div class=\"elementor-element elementor-element-8224768 e-con-full e-flex e-con e-parent\" data-id=\"8224768\" data-element_type=\"container\" data-e-type=\"container\">\n\t\t\t\t<\/div>\n\t\t\t\t<\/div>\n\t\t","protected":false},"excerpt":{"rendered":"<p>Business Case: Unified IT Management Spara tid med ett pitch som g\u00e5r till k\u00e4rnan av vad beslutsfattarna faktiskt beh\u00f6ver se. \u00a0 Ladda ner S\u00e5 du \u00e4r redo att effektivisera din IT-hantering och modernisera din verksamhet! Du har gjort din research, v\u00e4gt dina alternativ och \u00e4r nu redo att implementera NinjaOne. Det sista steget \u00e4r att [&hellip;]<\/p>\n","protected":false},"author":35,"featured_media":0,"parent":0,"menu_order":3621,"comment_status":"closed","ping_status":"closed","template":"elementor_canvas","meta":{"_acf_changed":false,"_relevanssi_hide_post":"","_relevanssi_hide_content":"","_relevanssi_pin_for_all":"","_relevanssi_pin_keywords":"","_relevanssi_unpin_keywords":"","_relevanssi_related_keywords":"","_relevanssi_related_include_ids":"","_relevanssi_related_exclude_ids":"","_relevanssi_related_no_append":"","_relevanssi_related_not_related":"","_relevanssi_related_posts":"","_relevanssi_noindex_reason":"","_lmt_disableupdate":"no","_lmt_disable":"","footnotes":""},"class_list":["post-82066","page","type-page","status-publish","hentry"],"acf":[],"_links":{"self":[{"href":"https:\/\/www.ninjaone.com\/sv\/wp-json\/wp\/v2\/pages\/82066","targetHints":{"allow":["GET"]}}],"collection":[{"href":"https:\/\/www.ninjaone.com\/sv\/wp-json\/wp\/v2\/pages"}],"about":[{"href":"https:\/\/www.ninjaone.com\/sv\/wp-json\/wp\/v2\/types\/page"}],"author":[{"embeddable":true,"href":"https:\/\/www.ninjaone.com\/sv\/wp-json\/wp\/v2\/users\/35"}],"replies":[{"embeddable":true,"href":"https:\/\/www.ninjaone.com\/sv\/wp-json\/wp\/v2\/comments?post=82066"}],"version-history":[{"count":0,"href":"https:\/\/www.ninjaone.com\/sv\/wp-json\/wp\/v2\/pages\/82066\/revisions"}],"wp:attachment":[{"href":"https:\/\/www.ninjaone.com\/sv\/wp-json\/wp\/v2\/media?parent=82066"}],"curies":[{"name":"wp","href":"https:\/\/api.w.org\/{rel}","templated":true}]}}