{"id":174727,"date":"2023-11-21T21:27:13","date_gmt":"2023-11-21T21:27:13","guid":{"rendered":"https:\/\/www.ninjaone.com\/?page_id=174727"},"modified":"2024-01-19T16:30:35","modified_gmt":"2024-01-19T16:30:35","slug":"g2-rmm-se","status":"publish","type":"page","link":"https:\/\/www.ninjaone.com\/sv\/g2-rmm-se\/","title":{"rendered":"G2 RMM"},"content":{"rendered":"\t\t<div data-elementor-type=\"wp-page\" data-elementor-id=\"174727\" class=\"elementor elementor-174727 elementor-72539\" data-elementor-post-type=\"page\">\n\t\t\t\t<div class=\"elementor-element elementor-element-11c1eab e-flex e-con-boxed e-con e-parent\" data-id=\"11c1eab\" data-element_type=\"container\" data-e-type=\"container\" data-settings=\"{&quot;background_background&quot;:&quot;classic&quot;}\">\n\t\t\t\t\t<div class=\"e-con-inner\">\n\t\t<div class=\"elementor-element elementor-element-ef7a0ab e-con-full e-flex e-con e-child\" data-id=\"ef7a0ab\" data-element_type=\"container\" data-e-type=\"container\">\n\t\t\t\t<div class=\"elementor-element elementor-element-a8c1811 elementor-hidden-desktop elementor-hidden-tablet elementor-widget elementor-widget-image\" data-id=\"a8c1811\" data-element_type=\"widget\" data-e-type=\"widget\" data-widget_type=\"image.default\">\n\t\t\t\t<div class=\"elementor-widget-container\">\n\t\t\t\t\t\t\t\t\t\t\t\t\t\t\t<img fetchpriority=\"high\" decoding=\"async\" width=\"720\" height=\"410\" src=\"https:\/\/www.ninjaone.com\/wp-content\/uploads\/2023\/06\/g2-hero-badges-mobile.png\" class=\" attachment-full size-full wp-image-72672\" alt=\"G2 Leader badges\" srcset=\"https:\/\/www.ninjaone.com\/wp-content\/uploads\/2023\/06\/g2-hero-badges-mobile.png 720w, https:\/\/www.ninjaone.com\/wp-content\/uploads\/2023\/06\/g2-hero-badges-mobile-300x171.png 300w\" sizes=\"(max-width: 720px) 100vw, 720px\" title=\"g2-hero-badges-mobile\" \/>\t\t\t\t\t\t\t\t\t\t\t\t\t\t\t<\/div>\n\t\t\t\t<\/div>\n\t\t\t\t<div class=\"elementor-element elementor-element-ff676e6 elementor-widget elementor-widget-heading\" data-id=\"ff676e6\" data-element_type=\"widget\" data-e-type=\"widget\" data-widget_type=\"heading.default\">\n\t\t\t\t<div class=\"elementor-widget-container\">\n\t\t\t\t\t<h1 class=\"elementor-heading-title elementor-size-default\">NinjaOne RMM \u00e4r den b\u00e4sta RMM-l\u00f6sningen i G2 2023 Summer Report<\/h1>\t\t\t\t<\/div>\n\t\t\t\t<\/div>\n\t\t\t\t<\/div>\n\t\t<div class=\"elementor-element elementor-element-15d72a9 e-con-full elementor-hidden-mobile e-flex e-con e-child\" data-id=\"15d72a9\" data-element_type=\"container\" data-e-type=\"container\" data-settings=\"{&quot;background_background&quot;:&quot;classic&quot;,&quot;position&quot;:&quot;absolute&quot;}\">\n\t\t\t\t<\/div>\n\t\t\t\t\t<\/div>\n\t\t\t\t<\/div>\n\t\t<section class=\"elementor-element elementor-element-440ceeb e-flex e-con-boxed e-con e-parent\" data-id=\"440ceeb\" data-element_type=\"container\" data-e-type=\"container\">\n\t\t\t\t\t<div class=\"e-con-inner\">\n\t\t<div class=\"elementor-element elementor-element-aa90c16 e-flex e-con-boxed e-con e-child\" data-id=\"aa90c16\" data-element_type=\"container\" data-e-type=\"container\">\n\t\t\t\t\t<div class=\"e-con-inner\">\n\t\t\t\t<div class=\"elementor-element elementor-element-76fbec3 elementor-widget elementor-widget-image\" data-id=\"76fbec3\" data-element_type=\"widget\" data-e-type=\"widget\" data-widget_type=\"image.default\">\n\t\t\t\t<div class=\"elementor-widget-container\">\n\t\t\t\t\t\t\t\t\t\t\t\t\t\t\t<img decoding=\"async\" width=\"198\" height=\"198\" src=\"https:\/\/www.ninjaone.com\/wp-content\/uploads\/2023\/06\/g2-leader-summer-2023.svg\" class=\" attachment-large size-large wp-image-72721\" alt=\"G2 Leader Summer 2023 badge\" title=\"g2-leader-summer-2023\" \/>\t\t\t\t\t\t\t\t\t\t\t\t\t\t\t<\/div>\n\t\t\t\t<\/div>\n\t\t\t\t<div class=\"elementor-element elementor-element-f8def55 green-bullets elementor-widget elementor-widget-text-editor\" data-id=\"f8def55\" data-element_type=\"widget\" data-e-type=\"widget\" data-widget_type=\"text-editor.default\">\n\t\t\t\t<div class=\"elementor-widget-container\">\n\t\t\t\t\t\t\t\t\t<p>F\u00f6r 17:e kvartalet i rad har v\u00e4rldens ledande IT-partners och IT-teams framr\u00f6stat NinjaOne RMM som den b\u00e4sta RMM-l\u00f6sningen i branschen!<\/p><p>Ladda ner denna rapport och h\u00f6r fr\u00e5n NinjaOne-partners varf\u00f6r de gav toppbetyg till NinjaOne RMM i alla dessa kategorier:<\/p><ul><li>Enkelhet att samarbeta med<\/li><li>Supportkvalitet<\/li><li>Anv\u00e4ndarv\u00e4nlighet<\/li><li>Produktriktning<\/li><li>Sannolikhet att rekommendera till andra<\/li><\/ul><p>Med NinjaOne RMM kan du \u00f6vervaka, hantera och s\u00e4kra alla dina endpoints i stor skala med ett intuitivt gr\u00e4nssnitt som g\u00f6r att du p\u00e5 nolltid kan automatisera och standardisera dina mest repetitiva aktiviteter.<\/p>\t\t\t\t\t\t\t\t<\/div>\n\t\t\t\t<\/div>\n\t\t\t\t\t<\/div>\n\t\t\t\t<\/div>\n\t\t<div class=\"elementor-element elementor-element-2848118 e-flex e-con-boxed e-con e-child\" data-id=\"2848118\" data-element_type=\"container\" data-e-type=\"container\" data-settings=\"{&quot;background_background&quot;:&quot;classic&quot;}\">\n\t\t\t\t\t<div class=\"e-con-inner\">\n\t\t\t\t<div class=\"elementor-element elementor-element-e21e91f elementor-widget elementor-widget-image\" data-id=\"e21e91f\" data-element_type=\"widget\" data-e-type=\"widget\" data-widget_type=\"image.default\">\n\t\t\t\t<div class=\"elementor-widget-container\">\n\t\t\t\t\t\t\t\t\t\t\t\t\t\t\t<img decoding=\"async\" width=\"552\" height=\"308\" src=\"https:\/\/www.ninjaone.com\/wp-content\/uploads\/2023\/06\/report-thumbnail.png\" class=\" attachment-large size-large wp-image-72831\" alt=\"G2 Report thumbnail\" srcset=\"https:\/\/www.ninjaone.com\/wp-content\/uploads\/2023\/06\/report-thumbnail.png 552w, https:\/\/www.ninjaone.com\/wp-content\/uploads\/2023\/06\/report-thumbnail-300x167.png 300w\" sizes=\"(max-width: 552px) 100vw, 552px\" title=\"report-thumbnail\" \/>\t\t\t\t\t\t\t\t\t\t\t\t\t\t\t<\/div>\n\t\t\t\t<\/div>\n\t\t\t\t<div class=\"elementor-element elementor-element-e8fdfab elementor-widget elementor-widget-html\" data-id=\"e8fdfab\" data-element_type=\"widget\" data-e-type=\"widget\" data-widget_type=\"html.default\">\n\t\t\t\t<div class=\"elementor-widget-container\">\n\t\t\t\t\t<iframe id=\"iframe-form\" class=\"iframe-form iframe-resize\" src=\"https:\/\/go.ninjaone.com\/l\/652283\/2023-06-22\/4dcjkx\" frameborder=\"0\"><\/iframe>\t\t\t\t<\/div>\n\t\t\t\t<\/div>\n\t\t\t\t\t<\/div>\n\t\t\t\t<\/div>\n\t\t\t\t\t<\/div>\n\t\t\t\t<\/section>\n\t\t\t\t<\/div>\n\t\t","protected":false},"excerpt":{"rendered":"<p>NinjaOne RMM \u00e4r den b\u00e4sta RMM-l\u00f6sningen i G2 2023 Summer Report F\u00f6r 17:e kvartalet i rad har v\u00e4rldens ledande IT-partners och IT-teams framr\u00f6stat NinjaOne RMM som den b\u00e4sta RMM-l\u00f6sningen i branschen! Ladda ner denna rapport och h\u00f6r fr\u00e5n NinjaOne-partners varf\u00f6r de gav toppbetyg till NinjaOne RMM i alla dessa kategorier: Enkelhet att samarbeta med Supportkvalitet [&hellip;]<\/p>\n","protected":false},"author":123,"featured_media":0,"parent":0,"menu_order":4155,"comment_status":"closed","ping_status":"closed","template":"","meta":{"_acf_changed":false,"_relevanssi_hide_post":"","_relevanssi_hide_content":"","_relevanssi_pin_for_all":"","_relevanssi_pin_keywords":"","_relevanssi_unpin_keywords":"","_relevanssi_related_keywords":"","_relevanssi_related_include_ids":"","_relevanssi_related_exclude_ids":"","_relevanssi_related_no_append":"","_relevanssi_related_not_related":"","_relevanssi_related_posts":"","_relevanssi_noindex_reason":"","_lmt_disableupdate":"no","_lmt_disable":"","footnotes":""},"class_list":["post-174727","page","type-page","status-publish","hentry"],"acf":[],"_links":{"self":[{"href":"https:\/\/www.ninjaone.com\/sv\/wp-json\/wp\/v2\/pages\/174727","targetHints":{"allow":["GET"]}}],"collection":[{"href":"https:\/\/www.ninjaone.com\/sv\/wp-json\/wp\/v2\/pages"}],"about":[{"href":"https:\/\/www.ninjaone.com\/sv\/wp-json\/wp\/v2\/types\/page"}],"author":[{"embeddable":true,"href":"https:\/\/www.ninjaone.com\/sv\/wp-json\/wp\/v2\/users\/123"}],"replies":[{"embeddable":true,"href":"https:\/\/www.ninjaone.com\/sv\/wp-json\/wp\/v2\/comments?post=174727"}],"version-history":[{"count":0,"href":"https:\/\/www.ninjaone.com\/sv\/wp-json\/wp\/v2\/pages\/174727\/revisions"}],"wp:attachment":[{"href":"https:\/\/www.ninjaone.com\/sv\/wp-json\/wp\/v2\/media?parent=174727"}],"curies":[{"name":"wp","href":"https:\/\/api.w.org\/{rel}","templated":true}]}}