{"id":762911,"date":"2026-03-12T16:21:45","date_gmt":"2026-03-12T16:21:45","guid":{"rendered":"https:\/\/www.ninjaone.com\/?page_id=762911"},"modified":"2026-04-09T10:32:01","modified_gmt":"2026-04-09T10:32:01","slug":"comparacao-de-gerenciamento-de-patches","status":"publish","type":"page","link":"https:\/\/www.ninjaone.com\/pt-br\/comparacao-de-gerenciamento-de-patches\/","title":{"rendered":"Compare gerenciamento de patches"},"content":{"rendered":"\t\t<div data-elementor-type=\"wp-page\" data-elementor-id=\"762911\" class=\"elementor elementor-762911 elementor-43414\" data-elementor-post-type=\"page\">\n\t\t\t\t<main class=\"elementor-element elementor-element-867c386 e-flex e-con-boxed e-con e-parent\" data-id=\"867c386\" data-element_type=\"container\" data-e-type=\"container\" data-settings=\"{&quot;background_background&quot;:&quot;classic&quot;}\">\n\t\t\t\t\t<div class=\"e-con-inner\">\n\t\t\t\t<div class=\"elementor-element elementor-element-561f421 elementor-widget elementor-widget-heading\" data-id=\"561f421\" data-element_type=\"widget\" data-e-type=\"widget\" data-widget_type=\"heading.default\">\n\t\t\t\t<div class=\"elementor-widget-container\">\n\t\t\t\t\t<h1 class=\"elementor-heading-title elementor-size-default\">Para economizar seu tempo, n\u00f3s\u00a0fizemos\u00a0a\u00a0pesquisa.<\/h1>\t\t\t\t<\/div>\n\t\t\t\t<\/div>\n\t\t\t\t<div class=\"elementor-element elementor-element-764f730 elementor-widget elementor-widget-text-editor\" data-id=\"764f730\" data-element_type=\"widget\" data-e-type=\"widget\" data-widget_type=\"text-editor.default\">\n\t\t\t\t<div class=\"elementor-widget-container\">\n\t\t\t\t\t\t\t\t\tCompare NinjaOne com a concorr\u00eancia e veja como NinjaOne agiliza o dia a dia dos seus t\u00e9cnicos de TI com ferramentas f\u00e1ceis de usar, automa\u00e7\u00f5es poderosas e fluxos de trabalho r\u00e1pidos e intuitivos.\t\t\t\t\t\t\t\t<\/div>\n\t\t\t\t<\/div>\n\t\t\t\t<div class=\"elementor-element elementor-element-b271995 elementor-widget__width-auto elementor-button-default elementor-widget elementor-widget-button\" data-id=\"b271995\" data-element_type=\"widget\" data-e-type=\"widget\" data-widget_type=\"button.default\">\n\t\t\t\t<div class=\"elementor-widget-container\">\n\t\t\t\t\t\t\t\t\t<div class=\"elementor-button-wrapper\">\n\t\t\t\t\t<a class=\"elementor-button elementor-button-link elementor-size-md\" href=\"https:\/\/www.ninjaone.com\/pt-br\/demonstracao-gratis\/\" id=\"watchfreedemo\">\n\t\t\t\t\t\t<span class=\"elementor-button-content-wrapper\">\n\t\t\t\t\t\t\t\t\t<span class=\"elementor-button-text\">VER DEMONSTRA\u00c7\u00c3O GRATUITA<\/span>\n\t\t\t\t\t<\/span>\n\t\t\t\t\t<\/a>\n\t\t\t\t<\/div>\n\t\t\t\t\t\t\t\t<\/div>\n\t\t\t\t<\/div>\n\t\t<div class=\"elementor-element elementor-element-8e838cb e-grid e-con-full e-con e-child\" data-id=\"8e838cb\" data-element_type=\"container\" data-e-type=\"container\">\n\t\t<a class=\"elementor-element elementor-element-f1b4354 e-con-full competitor-card e-flex e-con e-child\" data-id=\"f1b4354\" data-element_type=\"container\" data-e-type=\"container\" href=\"https:\/\/www.ninjaone.com\/pt-br\/comparacao-de-gerenciamento-de-patches\/automox-vs-ninjaone\/\">\n\t\t\t\t<div class=\"elementor-element elementor-element-7c81200 elementor-widget elementor-widget-html\" data-id=\"7c81200\" data-element_type=\"widget\" data-e-type=\"widget\" data-widget_type=\"html.default\">\n\t\t\t\t<div class=\"elementor-widget-container\">\n\t\t\t\t\t<div>Automox<\/div>\t\t\t\t<\/div>\n\t\t\t\t<\/div>\n\t\t\t\t<\/a>\n\t\t<a class=\"elementor-element elementor-element-a437805 e-con-full competitor-card e-flex e-con e-child\" data-id=\"a437805\" data-element_type=\"container\" data-e-type=\"container\" href=\"https:\/\/www.ninjaone.com\/pt-br\/comparacao-de-gerenciamento-de-patches\/ninjaone-vs-sccm\/\">\n\t\t\t\t<div class=\"elementor-element elementor-element-ce13c02 elementor-widget elementor-widget-html\" data-id=\"ce13c02\" data-element_type=\"widget\" data-e-type=\"widget\" data-widget_type=\"html.default\">\n\t\t\t\t<div class=\"elementor-widget-container\">\n\t\t\t\t\t<div>SCCM<\/div>\t\t\t\t<\/div>\n\t\t\t\t<\/div>\n\t\t\t\t<\/a>\n\t\t<a class=\"elementor-element elementor-element-d55a857 e-con-full competitor-card e-flex e-con e-child\" data-id=\"d55a857\" data-element_type=\"container\" data-e-type=\"container\" href=\"https:\/\/www.ninjaone.com\/pt-br\/comparacao-de-gerenciamento-de-patches\/wsus-vs-ninjaone\/\">\n\t\t\t\t<div class=\"elementor-element elementor-element-700194d elementor-widget elementor-widget-html\" data-id=\"700194d\" data-element_type=\"widget\" data-e-type=\"widget\" data-widget_type=\"html.default\">\n\t\t\t\t<div class=\"elementor-widget-container\">\n\t\t\t\t\t<div>WSUS<\/div>\t\t\t\t<\/div>\n\t\t\t\t<\/div>\n\t\t\t\t<\/a>\n\t\t<a class=\"elementor-element elementor-element-470edbc e-con-full competitor-card e-flex e-con e-child\" data-id=\"470edbc\" data-element_type=\"container\" data-e-type=\"container\" href=\"https:\/\/www.ninjaone.com\/pt-br\/comparacao-de-gerenciamento-de-patches\/bigfix-vs-ninjaone\/\">\n\t\t\t\t<div class=\"elementor-element elementor-element-27daea2 elementor-widget elementor-widget-html\" data-id=\"27daea2\" data-element_type=\"widget\" data-e-type=\"widget\" data-widget_type=\"html.default\">\n\t\t\t\t<div class=\"elementor-widget-container\">\n\t\t\t\t\t<div>BigFix<\/div>\t\t\t\t<\/div>\n\t\t\t\t<\/div>\n\t\t\t\t<\/a>\n\t\t<a class=\"elementor-element elementor-element-e33c5b0 e-con-full competitor-card e-flex e-con e-child\" data-id=\"e33c5b0\" data-element_type=\"container\" data-e-type=\"container\" href=\"https:\/\/www.ninjaone.com\/pt-br\/comparacao-de-gerenciamento-de-patches\/quest-kace-vs-ninjaone\/\">\n\t\t\t\t<div class=\"elementor-element elementor-element-6bb7275 elementor-widget elementor-widget-html\" data-id=\"6bb7275\" data-element_type=\"widget\" data-e-type=\"widget\" data-widget_type=\"html.default\">\n\t\t\t\t<div class=\"elementor-widget-container\">\n\t\t\t\t\t<div>Quest KACE<\/div>\t\t\t\t<\/div>\n\t\t\t\t<\/div>\n\t\t\t\t<\/a>\n\t\t\t\t<\/div>\n\t\t\t\t\t<\/div>\n\t\t\t\t<\/main>\n\t\t<div class=\"elementor-element elementor-element-5b649ce e-con-full e-flex e-con e-parent\" data-id=\"5b649ce\" data-element_type=\"container\" data-e-type=\"container\">\n\t\t\t\t<div class=\"elementor-element elementor-element-f165942 elementor-widget elementor-widget-template\" data-id=\"f165942\" data-element_type=\"widget\" data-e-type=\"widget\" data-widget_type=\"template.default\">\n\t\t\t\t<div class=\"elementor-widget-container\">\n\t\t\t\t\t\t\t<div class=\"elementor-template\">\n\t\t\t\t\t<div data-elementor-type=\"container\" data-elementor-id=\"5128\" class=\"elementor elementor-5128 elementor-4752 elementor-4752\" data-elementor-post-type=\"elementor_library\">\n\t\t\t\t<div class=\"elementor-element elementor-element-7fda86b e-flex e-con-boxed e-con e-parent\" data-id=\"7fda86b\" data-element_type=\"container\" data-e-type=\"container\">\n\t\t\t\t\t<div class=\"e-con-inner\">\n\t\t<div class=\"elementor-element elementor-element-c763249 e-flex e-con-boxed e-con e-child\" data-id=\"c763249\" data-element_type=\"container\" data-e-type=\"container\" data-settings=\"{&quot;background_background&quot;:&quot;classic&quot;}\">\n\t\t\t\t\t<div class=\"e-con-inner\">\n\t\t<div class=\"elementor-element elementor-element-6fe04da e-con-full e-flex e-con e-child\" data-id=\"6fe04da\" data-element_type=\"container\" data-e-type=\"container\">\n\t\t\t\t<div class=\"elementor-element elementor-element-00b6d75 elementor-widget elementor-widget-heading\" data-id=\"00b6d75\" data-element_type=\"widget\" data-e-type=\"widget\" data-widget_type=\"heading.default\">\n\t\t\t\t<div class=\"elementor-widget-container\">\n\t\t\t\t\t<span class=\"elementor-heading-title elementor-size-default\">Pronto para simplificar as partes mais dif\u00edceis da TI?<\/span>\t\t\t\t<\/div>\n\t\t\t\t<\/div>\n\t\t<div class=\"elementor-element elementor-element-e8a6bb0 e-con-full e-flex e-con e-child\" data-id=\"e8a6bb0\" data-element_type=\"container\" data-e-type=\"container\">\n\t\t\t\t<div class=\"elementor-element elementor-element-e926680 elementor-align-justify elementor-mobile-align-justify elementor-widget__width-initial elementor-widget-mobile__width-inherit elementor-button-default elementor-widget elementor-widget-button\" data-id=\"e926680\" data-element_type=\"widget\" data-e-type=\"widget\" data-widget_type=\"button.default\">\n\t\t\t\t<div class=\"elementor-widget-container\">\n\t\t\t\t\t\t\t\t\t<div class=\"elementor-button-wrapper\">\n\t\t\t\t\t<a class=\"elementor-button elementor-button-link elementor-size-sm\" href=\"https:\/\/www.ninjaone.com\/pt-br\/formulario-de-avaliacao-gratuita\/\" aria-label=\"Try NinjaOne free bottom CTA\" id=\"try-ninjaone-free\">\n\t\t\t\t\t\t<span class=\"elementor-button-content-wrapper\">\n\t\t\t\t\t\t\t\t\t<span class=\"elementor-button-text\">Inicie seu teste gratuito<\/span>\n\t\t\t\t\t<\/span>\n\t\t\t\t\t<\/a>\n\t\t\t\t<\/div>\n\t\t\t\t\t\t\t\t<\/div>\n\t\t\t\t<\/div>\n\t\t\t\t<div class=\"elementor-element elementor-element-9525452 elementor-align-justify elementor-mobile-align-justify elementor-widget__width-initial elementor-widget-mobile__width-inherit elementor-button-navigation elementor-widget elementor-widget-button\" data-id=\"9525452\" data-element_type=\"widget\" data-e-type=\"widget\" data-widget_type=\"button.default\">\n\t\t\t\t<div class=\"elementor-widget-container\">\n\t\t\t\t\t\t\t\t\t<div class=\"elementor-button-wrapper\">\n\t\t\t\t\t<a class=\"elementor-button elementor-button-link elementor-size-sm\" href=\"https:\/\/www.ninjaone.com\/pt-br\/demonstracao-gratuita\/\" aria-label=\"Try NinjaOne free bottom CTA\" id=\"see-a-demo\">\n\t\t\t\t\t\t<span class=\"elementor-button-content-wrapper\">\n\t\t\t\t\t\t\t\t\t<span class=\"elementor-button-text\">Veja uma demonstra\u00e7\u00e3o<\/span>\n\t\t\t\t\t<\/span>\n\t\t\t\t\t<\/a>\n\t\t\t\t<\/div>\n\t\t\t\t\t\t\t\t<\/div>\n\t\t\t\t<\/div>\n\t\t\t\t<\/div>\n\t\t\t\t<\/div>\n\t\t\t\t\t<\/div>\n\t\t\t\t<\/div>\n\t\t\t\t\t<\/div>\n\t\t\t\t<\/div>\n\t\t\t\t<\/div>\n\t\t\t\t<\/div>\n\t\t\t\t\t\t<\/div>\n\t\t\t\t<\/div>\n\t\t\t\t<\/div>\n\t\t\t\t<\/div>\n\t\t","protected":false},"excerpt":{"rendered":"<p>Para economizar seu tempo, n\u00f3s\u00a0fizemos\u00a0a\u00a0pesquisa. Compare NinjaOne com a concorr\u00eancia e veja como NinjaOne agiliza o dia a dia dos seus t\u00e9cnicos de TI com ferramentas f\u00e1ceis de usar, automa\u00e7\u00f5es poderosas e fluxos de trabalho r\u00e1pidos e intuitivos. VER DEMONSTRA\u00c7\u00c3O GRATUITA Automox SCCM WSUS BigFix Quest KACE<\/p>\n","protected":false},"author":35,"featured_media":0,"parent":0,"menu_order":3823,"comment_status":"closed","ping_status":"closed","template":"","meta":{"_acf_changed":false,"_relevanssi_hide_post":"","_relevanssi_hide_content":"","_relevanssi_pin_for_all":"","_relevanssi_pin_keywords":"","_relevanssi_unpin_keywords":"","_relevanssi_related_keywords":"","_relevanssi_related_include_ids":"","_relevanssi_related_exclude_ids":"","_relevanssi_related_no_append":"","_relevanssi_related_not_related":"","_relevanssi_related_posts":"","_relevanssi_noindex_reason":"","_lmt_disableupdate":"no","_lmt_disable":"","footnotes":""},"class_list":["post-762911","page","type-page","status-publish","hentry"],"acf":[],"_links":{"self":[{"href":"https:\/\/www.ninjaone.com\/pt-br\/wp-json\/wp\/v2\/pages\/762911","targetHints":{"allow":["GET"]}}],"collection":[{"href":"https:\/\/www.ninjaone.com\/pt-br\/wp-json\/wp\/v2\/pages"}],"about":[{"href":"https:\/\/www.ninjaone.com\/pt-br\/wp-json\/wp\/v2\/types\/page"}],"author":[{"embeddable":true,"href":"https:\/\/www.ninjaone.com\/pt-br\/wp-json\/wp\/v2\/users\/35"}],"replies":[{"embeddable":true,"href":"https:\/\/www.ninjaone.com\/pt-br\/wp-json\/wp\/v2\/comments?post=762911"}],"version-history":[{"count":0,"href":"https:\/\/www.ninjaone.com\/pt-br\/wp-json\/wp\/v2\/pages\/762911\/revisions"}],"wp:attachment":[{"href":"https:\/\/www.ninjaone.com\/pt-br\/wp-json\/wp\/v2\/media?parent=762911"}],"curies":[{"name":"wp","href":"https:\/\/api.w.org\/{rel}","templated":true}]}}