{"id":751516,"date":"2026-02-26T15:22:14","date_gmt":"2026-02-26T15:22:14","guid":{"rendered":"https:\/\/www.ninjaone.com\/?page_id=751516"},"modified":"2026-02-27T09:30:32","modified_gmt":"2026-02-27T09:30:32","slug":"termos-de-uso","status":"publish","type":"page","link":"https:\/\/www.ninjaone.com\/pt-br\/termos-de-uso\/","title":{"rendered":"Termos de Uso"},"content":{"rendered":"<p><strong>\u00daltima atualiza\u00e7\u00e3o:<\/strong>\u00a024 de julho de 2025<\/p>\n<p>Bem-vindo(a) ao site da NinjaOne (doravante o &#8220;Site&#8221;). O Site foi desenvolvido para ser usado por clientes, clientes potenciais, parceiros, vendedores, fornecedores e funcion\u00e1rios da NinjaOne, bem como por representantes da imprensa e m\u00eddia. Estes Termos de Uso (&#8220;Termos&#8221;) regem seu acesso e uso do Site e constituem um acordo legalmente vinculante entre voc\u00ea e a NinjaOne. Ao acessar ou usar o Site, voc\u00ea reconhece que leu, entendeu e concorda em aderir a estes Termos.<\/p>\n<p>Podemos revisar estes Termos a qualquer momento sem aviso pr\u00e9vio. Voc\u00ea continuar a utilizar o Site constitui sua aceita\u00e7\u00e3o de tais revis\u00f5es. Consulte essa p\u00e1gina periodicamente.<\/p>\n<ol>\n<li><strong> Defini\u00e7\u00f5es<\/strong><\/li>\n<\/ol>\n<p>Al\u00e9m dos termos definidos em outras se\u00e7\u00f5es destes Termos, as palavras a seguir t\u00eam os significados fornecidos abaixo sempre que usadas nestes Termos:<\/p>\n<ul>\n<li>&#8220;Usu\u00e1rio&#8221;, &#8220;voc\u00ea&#8221; ou &#8220;seu&#8221; refere-se a qualquer indiv\u00edduo ou entidade que acesse ou use o Site.<\/li>\n<li>&#8220;NinjaOne&#8221;, &#8220;n\u00f3s&#8221;, &#8220;nosso&#8221; ou &#8220;nos&#8221; refere-se \u00e0 NinjaOne, LLC.<\/li>\n<\/ul>\n<ol start=\"2\">\n<li><strong> Acesso e Uso do Site<\/strong><\/li>\n<\/ol>\n<p>Voc\u00ea pode visualizar, fazer download, copiar e imprimir documentos e gr\u00e1ficos (doravante &#8220;Documentos&#8221;) do Site sob as seguintes condi\u00e7\u00f5es:<\/p>\n<ul>\n<li>Os documentos s\u00f3 podem ser usados para fins pessoais e informativos, mas n\u00e3o para fins comerciais;<\/li>\n<li>Os documentos n\u00e3o podem ser modificados, alterados ou republicados sem o consentimento pr\u00e9vio por escrito da NinjaOne;<\/li>\n<li>Qualquer outro uso deve estar em conformidade com as leis aplic\u00e1veis de direitos autorais e propriedade intelectual.<\/li>\n<\/ul>\n<p>Qualquer uso al\u00e9m do &#8220;uso justo&#8221; sob a lei de direitos autorais requer a autoriza\u00e7\u00e3o expressa da NinjaOne.<\/p>\n<ol start=\"3\">\n<li><strong> Uso do Software<\/strong><\/li>\n<\/ol>\n<p>Se voc\u00ea acessar o software como servi\u00e7o (SaaS) NinjaOne e\/ou baixar o software NinjaOne a partir do Site ou por meio dele, seu uso ser\u00e1 regido pelo <a href=\"https:\/\/www.ninjaone.com\/pt-br\/contrato-de-licenca-de-usuario-final\/\" target=\"_blank\" rel=\"noopener\">Contrato de Licen\u00e7a de Usu\u00e1rio Final da NinjaOne<\/a> (NinjaOne End User License Agreement &#8211; EULA). Nada nestes Termos tem a inten\u00e7\u00e3o de, nem dever\u00e1 ser interpretado no sentido de, limitar suas obriga\u00e7\u00f5es ou ampliar seus direitos previstos no EULA. Todos os direitos n\u00e3o expressamente concedidos s\u00e3o reservados pela NinjaOne.<\/p>\n<ol start=\"4\">\n<li><strong> Contas de Usu\u00e1rio<\/strong><\/li>\n<\/ol>\n<p>Se o Site permitir que voc\u00ea crie uma conta, voc\u00ea concorda em:<\/p>\n<ul>\n<li>Fornecer informa\u00e7\u00f5es precisas, atuais e completas;<\/li>\n<li>Manter a confidencialidade de suas credenciais de login;<\/li>\n<li>Aceitar a responsabilidade por todas as atividades na sua conta.<\/li>\n<\/ul>\n<p>Reservamo-nos o direito de suspender ou encerrar sua conta se qualquer informa\u00e7\u00e3o fornecida for falsa ou enganosa, se voc\u00ea violar estes Termos ou se tal a\u00e7\u00e3o for considerada apropriada ou necess\u00e1ria a crit\u00e9rio exclusivo da NinjaOne.<\/p>\n<ol start=\"5\">\n<li><strong> Condutas Proibidas<\/strong><\/li>\n<\/ol>\n<p>Voc\u00ea concorda em n\u00e3o incorrer nas seguintes condutas:<\/p>\n<ul>\n<li>Interferir ou causar interrup\u00e7\u00e3o no Site ou nos servidores;<\/li>\n<li>Tentar obter acesso n\u00e3o autorizado a qualquer \u00e1rea do Site;<\/li>\n<li>Usar o Site para transmitir malware, spam ou qualquer c\u00f3digo nocivo;<\/li>\n<li>Realizar engenharia reversa, extra\u00e7\u00e3o automatizada de dados (scraping) ou reproduzir qualquer parte do Site sem autoriza\u00e7\u00e3o.<\/li>\n<\/ul>\n<ol start=\"6\">\n<li><strong> Links e Conte\u00fado de Terceiros<\/strong><\/li>\n<\/ol>\n<p>O Site pode conter links para sites e conte\u00fados de terceiros. N\u00e3o nos responsabilizamos pelos itens abaixo:<\/p>\n<ul>\n<li>Disponibilidade, precis\u00e3o ou conte\u00fado de sites externos;<\/li>\n<li>Termos de terceiros, incluindo pol\u00edticas de privacidade e pr\u00e1ticas de seguran\u00e7a;<\/li>\n<li>Qualquer transa\u00e7\u00e3o entre voc\u00ea e um terceiro.<\/li>\n<\/ul>\n<p>Seu uso de sites, conte\u00fado e outros recursos de terceiros \u00e9 por sua conta e risco.<\/p>\n<ol start=\"7\">\n<li><strong> Privacidade e Cookies<\/strong><\/li>\n<\/ol>\n<p>Seu uso do Site tamb\u00e9m est\u00e1 sujeito ao nosso <a href=\"https:\/\/www.ninjaone.com\/pt-br\/aviso-de-privacidade-ninjaone\/\" target=\"_blank\" rel=\"noopener\">Aviso de Privacidade<\/a>, que explica como coletamos, usamos e compartilhamos informa\u00e7\u00f5es, inclusive dados pessoais. O Site utiliza cookies e tecnologias de rastreamento similares para aprimorar sua experi\u00eancia de usu\u00e1rio e analisar o desempenho do site. Para obter mais informa\u00e7\u00f5es sobre nossas pr\u00e1ticas de dados e uso de cookies, consulte nosso <a href=\"https:\/\/www.ninjaone.com\/pt-br\/aviso-de-privacidade-ninjaone\/\" target=\"_blank\" rel=\"noopener\">Aviso de Privacidade<\/a>.<\/p>\n<ol start=\"8\">\n<li><strong> Feedback<\/strong><\/li>\n<\/ol>\n<p>Caso voc\u00ea envie coment\u00e1rios ou sugest\u00f5es sobre o Site (&#8220;Feedback&#8221;), voc\u00ea estar\u00e1 concedendo \u00e0 NinjaOne uma licen\u00e7a n\u00e3o exclusiva, perp\u00e9tua, irrevog\u00e1vel e isenta de royalties para usar, reproduzir ou distribuir esse Feedback para qualquer finalidade. A NinjaOne ser\u00e1 a detentora exclusiva de todos os direitos sobre qualquer conte\u00fado ou modifica\u00e7\u00f5es feitas em rela\u00e7\u00e3o a esse Feedback.<\/p>\n<ol start=\"9\">\n<li><strong> Isen\u00e7\u00f5es de responsabilidade<\/strong><\/li>\n<\/ol>\n<p>O SITE E SEU CONTE\u00daDO S\u00c3O FORNECIDOS &#8220;NO ESTADO EM QUE SE ENCONTRAM&#8221; E &#8220;CONFORME DISPON\u00cdVEIS&#8221; A NINJAONE SE ISENTA DE TODAS AS GARANTIAS, EXPRESSAS OU IMPL\u00cdCITAS, INCLUINDO COMERCIALIZA\u00c7\u00c3O, ADEQUA\u00c7\u00c3O A UMA FINALIDADE ESPEC\u00cdFICA E N\u00c3O VIOLA\u00c7\u00c3O. N\u00c3O GARANTIMOS QUE:<\/p>\n<ul>\n<li>O SITE FUNCIONAR\u00c1 DE FORMA ININTERRUPTA OU ISENTA DE ERROS;<\/li>\n<li>O SITE OU SEU CONTE\u00daDO SEJA PRECISO OU CONFI\u00c1VEL;<\/li>\n<li>SEU USO DO SITE ATENDER\u00c1 \u00c0S SUAS EXPECTATIVAS.<\/li>\n<\/ul>\n<p>SEU USO DO SITE \u00c9 POR SUA PR\u00d3PRIA CONTA E RISCO.<\/p>\n<ol start=\"10\">\n<li><strong> Limita\u00e7\u00e3o de Responsabilidade<\/strong><\/li>\n<\/ol>\n<p>NA M\u00c1XIMA EXTENS\u00c3O PERMITIDA POR LEI, A NINJAONE N\u00c3O SER\u00c1 RESPONS\u00c1VEL POR QUAISQUER DANOS DIRETOS, COMPENSAT\u00d3RIOS, INDIRETOS, INCIDENTAIS, ESPECIAIS, CONSEQUENCIAIS OU PUNITIVOS, OU POR QUALQUER PERDA DE LUCROS, DADOS OU UTILIZA\u00c7\u00c3O DECORRENTE DE OU RELACIONADA AO SEU USO DO SITE.<\/p>\n<p>ALGUMAS JURISDI\u00c7\u00d5ES N\u00c3O PERMITEM TAIS LIMITA\u00c7\u00d5ES DE RESPONSABILIDADE; EM TAIS CASOS, NOSSA RESPONSABILIDADE \u00c9 LIMITADA \u00c0 EXTENS\u00c3O M\u00c1XIMA PERMITIDA POR LEI.<\/p>\n<ol start=\"11\">\n<li><strong> Indeniza\u00e7\u00e3o<\/strong><\/li>\n<\/ol>\n<p>Voc\u00ea concorda em indenizar e isentar de responsabilidade a NinjaOne e as afiliadas, diretores, executivos, funcion\u00e1rios, contratados, agentes e sucessores da NinjaOne contra quaisquer reivindica\u00e7\u00f5es, danos ou despesas (inclusive honor\u00e1rios advocat\u00edcios razo\u00e1veis) decorrentes do seu uso do Site ou da viola\u00e7\u00e3o destes Termos.<\/p>\n<ol start=\"12\">\n<li><strong> Rescis\u00e3o<\/strong><\/li>\n<\/ol>\n<p>Reservamo-nos o direito de suspender ou encerrar seu acesso ao Site a nosso exclusivo crit\u00e9rio, com ou sem aviso pr\u00e9vio, devido a qualquer viola\u00e7\u00e3o destes Termos ou das leis aplic\u00e1veis, ou se isso for considerado apropriado ou necess\u00e1rio a crit\u00e9rio somente da NinjaOne.<\/p>\n<ol start=\"13\">\n<li><strong> Conformidade com Exporta\u00e7\u00f5es<\/strong><\/li>\n<\/ol>\n<p>\u00c9 vedado utilizar ou exportar o Site ou conte\u00fado nele contido em desacordo com as leis de exporta\u00e7\u00e3o ou san\u00e7\u00f5es comerciais dos Estados Unidos ou de outras jurisdi\u00e7\u00f5es aplic\u00e1veis. Voc\u00ea declara e garante que n\u00e3o est\u00e1 localizado em, sob o controle de, ou \u00e9 nacional ou residente de qualquer pa\u00eds ou pessoa restrita pelos controles de exporta\u00e7\u00e3o aplic\u00e1veis.<\/p>\n<ol start=\"14\">\n<li><strong> Lei Aplic\u00e1vel e Jurisdi\u00e7\u00e3o<\/strong><\/li>\n<\/ol>\n<p>Estes Termos s\u00e3o regidos pela legisla\u00e7\u00e3o federal dos EUA e pelas leis do Estado do Texas. Quaisquer processos judiciais decorrentes destes Termos dever\u00e3o ser ajuizados em tribunais estaduais ou federais localizados no Condado de Travis, Texas, EUA. Voc\u00ea concorda com a jurisdi\u00e7\u00e3o e o foro desses tribunais.<\/p>\n<ol start=\"15\">\n<li><strong> Marcas registradas<\/strong><\/li>\n<\/ol>\n<p>A NinjaOne, LLC \u00e9 a propriet\u00e1ria exclusiva da marca registrada NinjaOne, bem como das marcas registradas de outros produtos e servi\u00e7os NinjaOne. Outros nomes de produtos e empresas no Site podem ser marcas comerciais dos respectivos propriet\u00e1rios.<\/p>\n<ol start=\"16\">\n<li><strong> Privacidade infantil<\/strong><\/li>\n<\/ol>\n<p>O Site n\u00e3o se destina a crian\u00e7as e jovens com menos de 18 anos de idade. N\u00e3o coletamos intencionalmente informa\u00e7\u00f5es pessoais de menores. Se voc\u00ea tiver menos de 18 anos de idade, n\u00e3o utilize o site ou compartilhe informa\u00e7\u00f5es nele.<\/p>\n<ol start=\"17\">\n<li><strong> Informa\u00e7\u00f5es de contato<\/strong><\/li>\n<\/ol>\n<p>Em caso de d\u00favidas sobre estes Termos, entre <a href=\"https:\/\/www.ninjaone.com\/pt-br\/contactusform\/\" target=\"_blank\" rel=\"noopener\">em contato conosco<\/a>.<\/p>\n","protected":false},"excerpt":{"rendered":"<p>\u00daltima atualiza\u00e7\u00e3o:\u00a024 de julho de 2025 Bem-vindo(a) ao site da NinjaOne (doravante o &#8220;Site&#8221;). O Site foi desenvolvido para ser usado por clientes, clientes potenciais, parceiros, vendedores, fornecedores e funcion\u00e1rios da NinjaOne, bem como por representantes da imprensa e m\u00eddia. Estes Termos de Uso (&#8220;Termos&#8221;) regem seu acesso e uso do Site e constituem um [&hellip;]<\/p>\n","protected":false},"author":35,"featured_media":0,"parent":0,"menu_order":3402,"comment_status":"closed","ping_status":"closed","template":"","meta":{"_acf_changed":false,"_relevanssi_hide_post":"","_relevanssi_hide_content":"","_relevanssi_pin_for_all":"","_relevanssi_pin_keywords":"","_relevanssi_unpin_keywords":"","_relevanssi_related_keywords":"","_relevanssi_related_include_ids":"","_relevanssi_related_exclude_ids":"","_relevanssi_related_no_append":"","_relevanssi_related_not_related":"","_relevanssi_related_posts":"","_relevanssi_noindex_reason":"","_lmt_disableupdate":"no","_lmt_disable":"","footnotes":""},"class_list":["post-751516","page","type-page","status-publish","hentry"],"acf":[],"_links":{"self":[{"href":"https:\/\/www.ninjaone.com\/pt-br\/wp-json\/wp\/v2\/pages\/751516","targetHints":{"allow":["GET"]}}],"collection":[{"href":"https:\/\/www.ninjaone.com\/pt-br\/wp-json\/wp\/v2\/pages"}],"about":[{"href":"https:\/\/www.ninjaone.com\/pt-br\/wp-json\/wp\/v2\/types\/page"}],"author":[{"embeddable":true,"href":"https:\/\/www.ninjaone.com\/pt-br\/wp-json\/wp\/v2\/users\/35"}],"replies":[{"embeddable":true,"href":"https:\/\/www.ninjaone.com\/pt-br\/wp-json\/wp\/v2\/comments?post=751516"}],"version-history":[{"count":0,"href":"https:\/\/www.ninjaone.com\/pt-br\/wp-json\/wp\/v2\/pages\/751516\/revisions"}],"wp:attachment":[{"href":"https:\/\/www.ninjaone.com\/pt-br\/wp-json\/wp\/v2\/media?parent=751516"}],"curies":[{"name":"wp","href":"https:\/\/api.w.org\/{rel}","templated":true}]}}