{"id":734980,"date":"2026-01-15T17:34:33","date_gmt":"2026-01-15T17:34:33","guid":{"rendered":"https:\/\/www.ninjaone.com\/?page_id=734980"},"modified":"2026-01-15T17:34:33","modified_gmt":"2026-01-15T17:34:33","slug":"canais-de-notificacao","status":"publish","type":"page","link":"https:\/\/www.ninjaone.com\/pt-br\/canais-de-notificacao\/","title":{"rendered":"Canais de notifica\u00e7\u00e3o"},"content":{"rendered":"\t\t<div data-elementor-type=\"wp-page\" data-elementor-id=\"734980\" class=\"elementor elementor-734980 elementor-31580\" data-elementor-post-type=\"page\">\n\t\t\t\t<main class=\"elementor-element elementor-element-7feca71 e-flex e-con-boxed e-con e-parent\" data-id=\"7feca71\" data-element_type=\"container\" data-e-type=\"container\" data-settings=\"{&quot;background_background&quot;:&quot;classic&quot;}\">\n\t\t\t\t\t<div class=\"e-con-inner\">\n\t\t<div class=\"elementor-element elementor-element-4e6009e e-flex e-con-boxed e-con e-child\" data-id=\"4e6009e\" data-element_type=\"container\" data-e-type=\"container\">\n\t\t\t\t\t<div class=\"e-con-inner\">\n\t\t<div class=\"elementor-element elementor-element-135c6d2 e-con-full e-flex e-con e-child\" data-id=\"135c6d2\" data-element_type=\"container\" data-e-type=\"container\">\n\t\t\t\t<div class=\"elementor-element elementor-element-14167af elementor-widget__width-initial elementor-widget-mobile__width-inherit elementor-widget elementor-widget-heading\" data-id=\"14167af\" data-element_type=\"widget\" data-e-type=\"widget\" data-widget_type=\"heading.default\">\n\t\t\t\t<div class=\"elementor-widget-container\">\n\t\t\t\t\t<h1 class=\"elementor-heading-title elementor-size-default\">Remedie problemas antes de acontecerem com canais de notifica\u00e7\u00e3o personaliz\u00e1veis<\/h1>\t\t\t\t<\/div>\n\t\t\t\t<\/div>\n\t\t\t\t<div class=\"elementor-element elementor-element-619536c elementor-widget-tablet__width-inherit elementor-widget elementor-widget-text-editor\" data-id=\"619536c\" data-element_type=\"widget\" data-e-type=\"widget\" data-widget_type=\"text-editor.default\">\n\t\t\t\t<div class=\"elementor-widget-container\">\n\t\t\t\t\t\t\t\t\tGerencie seus endpoints de forma proativa com canais de notifica\u00e7\u00e3o que enviam alertas cr\u00edticos aos t\u00e9cnicos, independente de onde eles estejam ou de quais ferramentas usam.\t\t\t\t\t\t\t\t<\/div>\n\t\t\t\t<\/div>\n\t\t<div class=\"elementor-element elementor-element-dd018d5 e-con-full e-flex e-con e-child\" data-id=\"dd018d5\" data-element_type=\"container\" data-e-type=\"container\">\n\t\t\t\t<div class=\"elementor-element elementor-element-2afaf52 elementor-widget__width-auto elementor-button-default elementor-widget elementor-widget-button\" data-id=\"2afaf52\" data-element_type=\"widget\" data-e-type=\"widget\" data-js=\"free-trial-hero\" data-widget_type=\"button.default\">\n\t\t\t\t<div class=\"elementor-widget-container\">\n\t\t\t\t\t\t\t\t\t<div class=\"elementor-button-wrapper\">\n\t\t\t\t\t<a class=\"elementor-button elementor-button-link elementor-size-md\" href=\"https:\/\/www.ninjaone.com\/pt-br\/avaliacao-de-backup\/\" id=\"free-trial-hero\">\n\t\t\t\t\t\t<span class=\"elementor-button-content-wrapper\">\n\t\t\t\t\t\t\t\t\t<span class=\"elementor-button-text\">Teste gr\u00e1tis<\/span>\n\t\t\t\t\t<\/span>\n\t\t\t\t\t<\/a>\n\t\t\t\t<\/div>\n\t\t\t\t\t\t\t\t<\/div>\n\t\t\t\t<\/div>\n\t\t\t\t<div class=\"elementor-element elementor-element-802e94e elementor-widget__width-auto elementor-button-secondary elementor-widget elementor-widget-button\" data-id=\"802e94e\" data-element_type=\"widget\" data-e-type=\"widget\" data-js=\"free-demo-hero\" data-widget_type=\"button.default\">\n\t\t\t\t<div class=\"elementor-widget-container\">\n\t\t\t\t\t\t\t\t\t<div class=\"elementor-button-wrapper\">\n\t\t\t\t\t<a class=\"elementor-button elementor-button-link elementor-size-md\" href=\"https:\/\/www.ninjaone.com\/pt-br\/demonstracao-gratis-de-backup\/\" id=\"free-demo-hero\">\n\t\t\t\t\t\t<span class=\"elementor-button-content-wrapper\">\n\t\t\t\t\t\t\t\t\t<span class=\"elementor-button-text\">Ver demonstra\u00e7\u00e3o<\/span>\n\t\t\t\t\t<\/span>\n\t\t\t\t\t<\/a>\n\t\t\t\t<\/div>\n\t\t\t\t\t\t\t\t<\/div>\n\t\t\t\t<\/div>\n\t\t\t\t<\/div>\n\t\t\t\t<\/div>\n\t\t\t\t<div class=\"elementor-element elementor-element-ab73559 elementor-widget__width-initial elementor-widget-mobile__width-inherit elementor-widget elementor-widget-video\" data-id=\"ab73559\" data-element_type=\"widget\" data-e-type=\"widget\" data-settings=\"{&quot;video_type&quot;:&quot;hosted&quot;,&quot;autoplay&quot;:&quot;yes&quot;,&quot;loop&quot;:&quot;yes&quot;,&quot;controls&quot;:&quot;yes&quot;}\" data-widget_type=\"video.default\">\n\t\t\t\t<div class=\"elementor-widget-container\">\n\t\t\t\t\t\t\t<div class=\"e-hosted-video elementor-wrapper elementor-open-inline\">\n\t\t\t\t\t<video class=\"elementor-video\" src=\"https:\/\/www.ninjaone.com\/wp-content\/uploads\/2022\/11\/Notifications-Channels-animation.mp4\" autoplay=\"\" loop=\"\" controls=\"\" controlsList=\"nodownload\" poster=\"https:\/\/mlfk3cv5yvnx.i.optimole.com\/cb:k-rC.2fd1d\/w:auto\/h:auto\/q:mauto\/f:best\/https:\/\/www.ninjaone.com\/wp-content\/uploads\/2023\/05\/notifications-channels-video-poster.png\"><\/video>\n\t\t\t\t<\/div>\n\t\t\t\t\t\t<\/div>\n\t\t\t\t<\/div>\n\t\t\t\t\t<\/div>\n\t\t\t\t<\/div>\n\t\t\t\t<div class=\"elementor-element elementor-element-13d31a6 elementor-widget elementor-widget-template\" data-id=\"13d31a6\" data-element_type=\"widget\" data-e-type=\"widget\" data-widget_type=\"template.default\">\n\t\t\t\t<div class=\"elementor-widget-container\">\n\t\t\t\t\t\t\t<div class=\"elementor-template\">\n\t\t\t\t\t<div data-elementor-type=\"section\" data-elementor-id=\"53597\" class=\"elementor elementor-53597\" data-elementor-post-type=\"elementor_library\">\n\t\t\t<section class=\"elementor-element elementor-element-9b2e1be e-flex e-con-boxed e-con e-parent\" data-id=\"9b2e1be\" data-element_type=\"container\" data-e-type=\"container\">\n\t\t\t\t\t<div class=\"e-con-inner\">\n\t\t\t\t<div class=\"elementor-element elementor-element-0fcb222 elementor-widget elementor-widget-shortcode\" data-id=\"0fcb222\" data-element_type=\"widget\" data-e-type=\"widget\" data-widget_type=\"shortcode.default\">\n\t\t\t\t<div class=\"elementor-widget-container\">\n\t\t\t\t\t\t\t<div class=\"elementor-shortcode\"><img decoding=\"async\" class=\"\"  src=\"https:\/\/www.ninjaone.com\/wp-content\/uploads\/2026\/01\/leader-sourceforge-winter-2026.svg\" alt=\"\" width=\"125\" height=\"125\" \/><\/div>\n\t\t\t\t\t\t<\/div>\n\t\t\t\t<\/div>\n\t\t\t\t<div class=\"elementor-element elementor-element-a054ee0 elementor-widget elementor-widget-shortcode\" data-id=\"a054ee0\" data-element_type=\"widget\" data-e-type=\"widget\" data-widget_type=\"shortcode.default\">\n\t\t\t\t<div class=\"elementor-widget-container\">\n\t\t\t\t\t\t\t<div class=\"elementor-shortcode\"><img decoding=\"async\" class=\"\"  src=\"https:\/\/www.ninjaone.com\/wp-content\/uploads\/2026\/03\/g2-best-relationship-spring-2026.svg\" alt=\"G2 \" width=\"125\" height=\"125\" \/><\/div>\n\t\t\t\t\t\t<\/div>\n\t\t\t\t<\/div>\n\t\t\t\t<div class=\"elementor-element elementor-element-b7dafe8 elementor-widget elementor-widget-shortcode\" data-id=\"b7dafe8\" data-element_type=\"widget\" data-e-type=\"widget\" data-widget_type=\"shortcode.default\">\n\t\t\t\t<div class=\"elementor-widget-container\">\n\t\t\t\t\t\t\t<div class=\"elementor-shortcode\"><img decoding=\"async\" class=\"\"  src=\"https:\/\/www.ninjaone.com\/wp-content\/uploads\/2026\/03\/g2-best-usability-enterprise-spring-2026.svg\" alt=\"G2 Best Usability - Enterprise - Spring 2026\" width=\"125\" height=\"125\" \/><\/div>\n\t\t\t\t\t\t<\/div>\n\t\t\t\t<\/div>\n\t\t\t\t<div class=\"elementor-element elementor-element-505967e elementor-widget elementor-widget-shortcode\" data-id=\"505967e\" data-element_type=\"widget\" data-e-type=\"widget\" data-widget_type=\"shortcode.default\">\n\t\t\t\t<div class=\"elementor-widget-container\">\n\t\t\t\t\t\t\t<div class=\"elementor-shortcode\"><img loading=\"lazy\" decoding=\"async\" class=\"\"  src=\"https:\/\/www.ninjaone.com\/wp-content\/uploads\/2025\/05\/getapp-category-leaders-2025.svg\" alt=\"GetApp Category Leaders 2025\" width=\"125\" height=\"125\" \/><\/div>\n\t\t\t\t\t\t<\/div>\n\t\t\t\t<\/div>\n\t\t\t\t<div class=\"elementor-element elementor-element-3703fc9 elementor-widget elementor-widget-shortcode\" data-id=\"3703fc9\" data-element_type=\"widget\" data-e-type=\"widget\" data-widget_type=\"shortcode.default\">\n\t\t\t\t<div class=\"elementor-widget-container\">\n\t\t\t\t\t\t\t<div class=\"elementor-shortcode\"><img loading=\"lazy\" decoding=\"async\" class=\"\"  src=\"https:\/\/www.ninjaone.com\/wp-content\/uploads\/2025\/04\/capterra-shortlist-2024.svg\" alt=\"Capterra Shortlist 2024\" width=\"125\" height=\"125\" \/><\/div>\n\t\t\t\t\t\t<\/div>\n\t\t\t\t<\/div>\n\t\t\t\t<div class=\"elementor-element elementor-element-56d8f73 elementor-widget elementor-widget-shortcode\" data-id=\"56d8f73\" data-element_type=\"widget\" data-e-type=\"widget\" data-widget_type=\"shortcode.default\">\n\t\t\t\t<div class=\"elementor-widget-container\">\n\t\t\t\t\t\t\t<div class=\"elementor-shortcode\"><img loading=\"lazy\" decoding=\"async\" class=\"\"  src=\"https:\/\/www.ninjaone.com\/wp-content\/uploads\/2023\/06\/WP_6.svg\" alt=\"Software Advice Best Customer Support 2022 badge\" width=\"125\" height=\"125\" \/><\/div>\n\t\t\t\t\t\t<\/div>\n\t\t\t\t<\/div>\n\t\t\t\t\t<\/div>\n\t\t\t\t<\/section>\n\t\t\t\t<\/div>\n\t\t\t\t<\/div>\n\t\t\t\t\t\t<\/div>\n\t\t\t\t<\/div>\n\t\t\t\t\t<\/div>\n\t\t\t\t<\/main>\n\t\t<section class=\"elementor-element elementor-element-6dd40b1 e-flex e-con-boxed e-con e-parent\" data-id=\"6dd40b1\" data-element_type=\"container\" data-e-type=\"container\" data-settings=\"{&quot;background_background&quot;:&quot;classic&quot;}\">\n\t\t\t\t\t<div class=\"e-con-inner\">\n\t\t\t\t<div class=\"elementor-element elementor-element-dbda280 elementor-widget elementor-widget-heading\" data-id=\"dbda280\" data-element_type=\"widget\" data-e-type=\"widget\" data-widget_type=\"heading.default\">\n\t\t\t\t<div class=\"elementor-widget-container\">\n\t\t\t\t\t<h2 class=\"elementor-heading-title elementor-size-default\">Principais funcionalidades:<\/h2>\t\t\t\t<\/div>\n\t\t\t\t<\/div>\n\t\t\t\t<div class=\"elementor-element elementor-element-901b2ca elementor-widget elementor-widget-shortcode\" data-id=\"901b2ca\" data-element_type=\"widget\" data-e-type=\"widget\" data-widget_type=\"shortcode.default\">\n\t\t\t\t<div class=\"elementor-widget-container\">\n\t\t\t\t\t\t\t<div class=\"elementor-shortcode\"><div class=\"key-features key_features\"><div data-js=\"key-feature\" data-js-state=\" active\" class=\"key-feature  active\"><div data-js=\"toggle-bar\" class=\"toggle-bar integracao-com-o-slack\"><h3>Integra\u00e7\u00e3o com o Slack<\/h3><div class=\"toggle-icon\"><span class=\"show-for-small\">+<\/span><span class=\"hide-for-small\"><svg width=\"20\" height=\"13\" viewBox=\"0 0 20 13\" fill=\"none\" xmlns=\"http:\/\/www.w3.org\/2000\/svg\"><path d=\"M18.5 6.31152H1M18.5 6.31152L14 11.3115M18.5 6.31152L14 1.31152\" stroke=\"#068444\" stroke-width=\"1.5\" stroke-linecap=\"round\" stroke-linejoin=\"round\"\/>\n<\/svg><\/span><\/div><\/div><div data-js=\"key-feature-screenshot\" data-js-state=\" active\" class=\"key-feature-screenshot bottom-to-top cta-  active\"><div class=\"key-feature-desc\"><p>As notifica\u00e7\u00f5es NinjaOne podem ser encaminhadas diretamente para o Slack, garantindo alertas imediatos aos t\u00e9cnicos sempre que um problema surgir. Usu\u00e1rios podem definir nomes e descri\u00e7\u00f5es para cada novo canal de comunica\u00e7\u00e3o criado e escolher quais alertas ser\u00e3o enviados para canais espec\u00edficos do Slack. Ocorre comunica\u00e7\u00e3o bidirecional entre o NinjaOne e o Slack, permitindo acesso direto a dispositivos ou redefini\u00e7\u00e3o de alertas diretamente atrav\u00e9s do Slack.<\/p>\n<\/div><img loading=\"lazy\" decoding=\"async\" width=\"668\" height=\"375\" src=\"https:\/\/www.ninjaone.com\/wp-content\/uploads\/2022\/10\/slack-integration-screenshot.png\" class=\"attachment-large size-large\" alt=\"\" srcset=\"https:\/\/www.ninjaone.com\/wp-content\/uploads\/2022\/10\/slack-integration-screenshot.png 668w, https:\/\/www.ninjaone.com\/wp-content\/uploads\/2022\/10\/slack-integration-screenshot-300x168.png 300w\" sizes=\"(max-width: 668px) 100vw, 668px\" title=\"slack-integration-screenshot\" \/><\/div><\/div><div data-js=\"key-feature\" data-js-state=\"\" class=\"key-feature \"><div data-js=\"toggle-bar\" class=\"toggle-bar integracao-com-o-teams\"><h3>Integra\u00e7\u00e3o com o Teams<\/h3><div class=\"toggle-icon\"><span class=\"show-for-small\">+<\/span><span class=\"hide-for-small\"><svg width=\"20\" height=\"13\" viewBox=\"0 0 20 13\" fill=\"none\" xmlns=\"http:\/\/www.w3.org\/2000\/svg\"><path d=\"M18.5 6.31152H1M18.5 6.31152L14 11.3115M18.5 6.31152L14 1.31152\" stroke=\"#068444\" stroke-width=\"1.5\" stroke-linecap=\"round\" stroke-linejoin=\"round\"\/>\n<\/svg><\/span><\/div><\/div><div data-js=\"key-feature-screenshot\" data-js-state=\"\" class=\"key-feature-screenshot bottom-to-top cta- \"><div class=\"key-feature-desc\"><p>NinjaOne se integra ao <a href=\"https:\/\/www.ninjaone.com\/blog\/how-to-use-microsoft-teams\/\">Microsoft Teams<\/a> via webhook. Usu\u00e1rios podem encaminhar notifica\u00e7\u00f5es personalizadas aos t\u00e9cnicos em canais do Teams. Essas notifica\u00e7\u00f5es garantem que t\u00e9cnicos tenham visibilidade dos problemas e possam alertar a equipe nas ferramentas de comunica\u00e7\u00e3o que utilizam, permitindo r\u00e1pida resposta e coordena\u00e7\u00e3o.<\/p>\n<\/div><img loading=\"lazy\" decoding=\"async\" width=\"544\" height=\"256\" src=\"https:\/\/www.ninjaone.com\/wp-content\/uploads\/2022\/10\/teams-integration-screenshot.png\" class=\"attachment-large size-large\" alt=\"\" srcset=\"https:\/\/www.ninjaone.com\/wp-content\/uploads\/2022\/10\/teams-integration-screenshot.png 544w, https:\/\/www.ninjaone.com\/wp-content\/uploads\/2022\/10\/teams-integration-screenshot-300x141.png 300w\" sizes=\"(max-width: 544px) 100vw, 544px\" title=\"teams-integration-screenshot\" \/><\/div><\/div><div data-js=\"key-feature\" data-js-state=\"\" class=\"key-feature \"><div data-js=\"toggle-bar\" class=\"toggle-bar integracao-com-o-pagerduty\"><h3>Integra\u00e7\u00e3o com o PagerDuty<\/h3><div class=\"toggle-icon\"><span class=\"show-for-small\">+<\/span><span class=\"hide-for-small\"><svg width=\"20\" height=\"13\" viewBox=\"0 0 20 13\" fill=\"none\" xmlns=\"http:\/\/www.w3.org\/2000\/svg\"><path d=\"M18.5 6.31152H1M18.5 6.31152L14 11.3115M18.5 6.31152L14 1.31152\" stroke=\"#068444\" stroke-width=\"1.5\" stroke-linecap=\"round\" stroke-linejoin=\"round\"\/>\n<\/svg><\/span><\/div><\/div><div data-js=\"key-feature-screenshot\" data-js-state=\"\" class=\"key-feature-screenshot bottom-to-top cta- \"><div class=\"key-feature-desc\"><p>A integra\u00e7\u00e3o NinjaOne permite enviar notifica\u00e7\u00f5es para os fluxos de trabalho do PagerDuty. Notifica\u00e7\u00f5es enviadas ao PagerDuty acionam notifica\u00e7\u00f5es de emerg\u00eancia e fluxos de trabalho de resposta a incidentes. Essa funcionalidade garante que notifica\u00e7\u00f5es urgentes sejam recebidas pelos t\u00e9cnicos mesmo ap\u00f3s o hor\u00e1rio de trabalho.<\/p>\n<\/div><img loading=\"lazy\" decoding=\"async\" width=\"800\" height=\"191\" src=\"https:\/\/www.ninjaone.com\/wp-content\/uploads\/2022\/10\/pagerduty-integration-screenshot-1024x244.jpg\" class=\"attachment-large size-large\" alt=\"\" srcset=\"https:\/\/www.ninjaone.com\/wp-content\/uploads\/2022\/10\/pagerduty-integration-screenshot-1024x244.jpg 1024w, https:\/\/www.ninjaone.com\/wp-content\/uploads\/2022\/10\/pagerduty-integration-screenshot-300x72.jpg 300w, https:\/\/www.ninjaone.com\/wp-content\/uploads\/2022\/10\/pagerduty-integration-screenshot-768x183.jpg 768w, https:\/\/www.ninjaone.com\/wp-content\/uploads\/2022\/10\/pagerduty-integration-screenshot.jpg 1376w\" sizes=\"(max-width: 800px) 100vw, 800px\" title=\"pagerduty-integration-screenshot\" \/><\/div><\/div><div data-js=\"key-feature\" data-js-state=\"\" class=\"key-feature \"><div data-js=\"toggle-bar\" class=\"toggle-bar webhooks-sms-e-e-mail\"><h3>Webhooks, SMS e e-mail<\/h3><div class=\"toggle-icon\"><span class=\"show-for-small\">+<\/span><span class=\"hide-for-small\"><svg width=\"20\" height=\"13\" viewBox=\"0 0 20 13\" fill=\"none\" xmlns=\"http:\/\/www.w3.org\/2000\/svg\"><path d=\"M18.5 6.31152H1M18.5 6.31152L14 11.3115M18.5 6.31152L14 1.31152\" stroke=\"#068444\" stroke-width=\"1.5\" stroke-linecap=\"round\" stroke-linejoin=\"round\"\/>\n<\/svg><\/span><\/div><\/div><div data-js=\"key-feature-screenshot\" data-js-state=\"\" class=\"key-feature-screenshot bottom-to-top cta- \"><div class=\"key-feature-desc\"><p>NinjaOne tamb\u00e9m permite enviar notifica\u00e7\u00f5es via SMS e webhooks, proporcionando a flexibilidade para notificar a TI em quase qualquer canal, al\u00e9m de assegurar que notifica\u00e7\u00f5es urgentes cheguem aos t\u00e9cnicos onde quer que estejam.<\/p>\n<\/div><img loading=\"lazy\" decoding=\"async\" width=\"461\" height=\"302\" src=\"https:\/\/www.ninjaone.com\/wp-content\/uploads\/2022\/10\/webhooks-sms-email-screenshot.png\" class=\"attachment-large size-large\" alt=\"\" srcset=\"https:\/\/www.ninjaone.com\/wp-content\/uploads\/2022\/10\/webhooks-sms-email-screenshot.png 461w, https:\/\/www.ninjaone.com\/wp-content\/uploads\/2022\/10\/webhooks-sms-email-screenshot-300x197.png 300w\" sizes=\"(max-width: 461px) 100vw, 461px\" title=\"webhooks-sms-email-screenshot\" \/><\/div><\/div><a class=\"button rmm-feature-watch-demo\" href=\"https:\/\/www.ninjaone.com\/pt-br\/demonstracao-gratis\/\">Conhe\u00e7a o produto<\/a><\/div><\/div>\n\t\t\t\t\t\t<\/div>\n\t\t\t\t<\/div>\n\t\t\t\t\t<\/div>\n\t\t\t\t<\/section>\n\t\t<section class=\"elementor-element elementor-element-fd6a52e e-flex e-con-boxed e-con e-parent\" data-id=\"fd6a52e\" data-element_type=\"container\" data-e-type=\"container\">\n\t\t\t\t\t<div class=\"e-con-inner\">\n\t\t<div class=\"elementor-element elementor-element-d14710e e-flex e-con-boxed e-con e-child\" data-id=\"d14710e\" data-element_type=\"container\" data-e-type=\"container\">\n\t\t\t\t\t<div class=\"e-con-inner\">\n\t\t\t\t<div class=\"elementor-element elementor-element-af37fa4 elementor-widget__width-initial elementor-widget-mobile__width-inherit elementor-widget-tablet__width-inherit elementor-blockquote--skin-border elementor-widget elementor-widget-blockquote\" data-id=\"af37fa4\" data-element_type=\"widget\" data-e-type=\"widget\" data-widget_type=\"blockquote.default\">\n\t\t\t\t<div class=\"elementor-widget-container\">\n\t\t\t\t\t\t\t<blockquote class=\"elementor-blockquote\">\n\t\t\t<p class=\"elementor-blockquote__content\">\n\t\t\t\t<p class=\"testimonial-title\">NinjaOne \u00e9 uma ferramenta RMM fant\u00e1stica.<\/p>\n<p class=\"testimonial-text\">Administradores de rede conseguem tornar o gerenciamento de centenas, milhares de m\u00e1quinas, uma tarefa vi\u00e1vel. \u00c9 r\u00e1pido, simples e realmente funciona.\"<\/p>\t\t\t<\/p>\n\t\t\t\t\t\t\t<div class=\"e-q-footer\">\n\t\t\t\t\t\t\t\t\t\t\t<cite class=\"elementor-blockquote__author\"><b>Jarom West,<\/b> Director of Operations, SureTec<\/cite>\n\t\t\t\t\t\t\t\t\t\t\t\t\t\t<\/div>\n\t\t\t\t\t<\/blockquote>\n\t\t\t\t\t\t<\/div>\n\t\t\t\t<\/div>\n\t\t\t\t<div class=\"elementor-element elementor-element-9272363 elementor-widget__width-initial elementor-widget-mobile__width-inherit elementor-widget-tablet__width-inherit elementor-blockquote--skin-border elementor-widget elementor-widget-blockquote\" data-id=\"9272363\" data-element_type=\"widget\" data-e-type=\"widget\" data-widget_type=\"blockquote.default\">\n\t\t\t\t<div class=\"elementor-widget-container\">\n\t\t\t\t\t\t\t<blockquote class=\"elementor-blockquote\">\n\t\t\t<p class=\"elementor-blockquote__content\">\n\t\t\t\t<p class=\"testimonial-title\">Finalmente uma gest\u00e3o de rede eficiente!<\/p>\n<p class=\"testimonial-text\">Agora, tenho acesso r\u00e1pido aos dispositivos dos meus clientes e aos dados dos endpoints, com excelente Vis\u00e3o geral sobre os clientes e seus sites. Economizo tempo n\u00e3o tendo que solicitar informa\u00e7\u00f5es aos clientes nem ca\u00e7ar informa\u00e7\u00f5es.\"<\/p>\t\t\t<\/p>\n\t\t\t\t\t\t\t<div class=\"e-q-footer\">\n\t\t\t\t\t\t\t\t\t\t\t<cite class=\"elementor-blockquote__author\"><b>Greg Smith,<\/b> IT Consultant, Cobblestone Networks<\/cite>\n\t\t\t\t\t\t\t\t\t\t\t\t\t\t<\/div>\n\t\t\t\t\t<\/blockquote>\n\t\t\t\t\t\t<\/div>\n\t\t\t\t<\/div>\n\t\t\t\t\t<\/div>\n\t\t\t\t<\/div>\n\t\t\t\t\t<\/div>\n\t\t\t\t<\/section>\n\t\t<div class=\"elementor-element elementor-element-741a0fc e-con-full e-flex e-con e-parent\" data-id=\"741a0fc\" data-element_type=\"container\" data-e-type=\"container\">\n\t\t\t\t<div class=\"elementor-element elementor-element-a638125 elementor-widget elementor-widget-template\" data-id=\"a638125\" data-element_type=\"widget\" data-e-type=\"widget\" data-widget_type=\"template.default\">\n\t\t\t\t<div class=\"elementor-widget-container\">\n\t\t\t\t\t\t\t<div class=\"elementor-template\">\n\t\t\t\t\t<div data-elementor-type=\"container\" data-elementor-id=\"84102\" class=\"elementor elementor-84102 elementor-1374 elementor-1374\" data-elementor-post-type=\"elementor_library\">\n\t\t\t\t<div class=\"elementor-element elementor-element-eed729d e-flex e-con-boxed e-con e-parent\" data-id=\"eed729d\" data-element_type=\"container\" data-e-type=\"container\">\n\t\t\t\t\t<div class=\"e-con-inner\">\n\t\t<div class=\"elementor-element elementor-element-209acdd e-flex e-con-boxed e-con e-child\" data-id=\"209acdd\" data-element_type=\"container\" data-e-type=\"container\" data-settings=\"{&quot;background_background&quot;:&quot;classic&quot;}\">\n\t\t\t\t\t<div class=\"e-con-inner\">\n\t\t<div class=\"elementor-element elementor-element-f659707 e-con-full e-flex e-con e-child\" data-id=\"f659707\" data-element_type=\"container\" data-e-type=\"container\">\n\t\t\t\t<div class=\"elementor-element elementor-element-24facde elementor-widget elementor-widget-heading\" data-id=\"24facde\" data-element_type=\"widget\" data-e-type=\"widget\" data-widget_type=\"heading.default\">\n\t\t\t\t<div class=\"elementor-widget-container\">\n\t\t\t\t\t<span class=\"elementor-heading-title elementor-size-default\">Pronto para simplificar as partes mais dif\u00edceis da TI?<\/span>\t\t\t\t<\/div>\n\t\t\t\t<\/div>\n\t\t<div class=\"elementor-element elementor-element-dcc6961 e-con-full e-flex e-con e-child\" data-id=\"dcc6961\" data-element_type=\"container\" data-e-type=\"container\">\n\t\t\t\t<div class=\"elementor-element elementor-element-a1fbd8b elementor-align-justify elementor-mobile-align-justify elementor-widget__width-initial elementor-widget-mobile__width-inherit elementor-button-default elementor-widget elementor-widget-button\" data-id=\"a1fbd8b\" data-element_type=\"widget\" data-e-type=\"widget\" data-widget_type=\"button.default\">\n\t\t\t\t<div class=\"elementor-widget-container\">\n\t\t\t\t\t\t\t\t\t<div class=\"elementor-button-wrapper\">\n\t\t\t\t\t<a class=\"elementor-button elementor-button-link elementor-size-sm\" href=\"https:\/\/www.ninjaone.com\/pt-br\/get-started-2\/\" aria-label=\"Try NinjaOne free bottom CTA\" id=\"try-ninjaone-free\">\n\t\t\t\t\t\t<span class=\"elementor-button-content-wrapper\">\n\t\t\t\t\t\t\t\t\t<span class=\"elementor-button-text\">Inicie seu teste gratuito<\/span>\n\t\t\t\t\t<\/span>\n\t\t\t\t\t<\/a>\n\t\t\t\t<\/div>\n\t\t\t\t\t\t\t\t<\/div>\n\t\t\t\t<\/div>\n\t\t\t\t<div class=\"elementor-element elementor-element-139c30d elementor-align-justify elementor-mobile-align-justify elementor-widget__width-initial elementor-widget-mobile__width-inherit elementor-button-navigation elementor-widget elementor-widget-button\" data-id=\"139c30d\" data-element_type=\"widget\" data-e-type=\"widget\" data-widget_type=\"button.default\">\n\t\t\t\t<div class=\"elementor-widget-container\">\n\t\t\t\t\t\t\t\t\t<div class=\"elementor-button-wrapper\">\n\t\t\t\t\t<a class=\"elementor-button elementor-button-link elementor-size-sm\" href=\"https:\/\/www.ninjaone.com\/pt-br\/demonstracao-gratuita\/\" aria-label=\"Try NinjaOne free bottom CTA\" id=\"see-a-demo\">\n\t\t\t\t\t\t<span class=\"elementor-button-content-wrapper\">\n\t\t\t\t\t\t\t\t\t<span class=\"elementor-button-text\">Veja uma demonstra\u00e7\u00e3o<\/span>\n\t\t\t\t\t<\/span>\n\t\t\t\t\t<\/a>\n\t\t\t\t<\/div>\n\t\t\t\t\t\t\t\t<\/div>\n\t\t\t\t<\/div>\n\t\t\t\t<\/div>\n\t\t\t\t<\/div>\n\t\t\t\t\t<\/div>\n\t\t\t\t<\/div>\n\t\t\t\t\t<\/div>\n\t\t\t\t<\/div>\n\t\t\t\t<\/div>\n\t\t\t\t<\/div>\n\t\t\t\t\t\t<\/div>\n\t\t\t\t<\/div>\n\t\t\t\t<\/div>\n\t\t\t\t<\/div>\n\t\t","protected":false},"excerpt":{"rendered":"<p>Remedie problemas antes de acontecerem com canais de notifica\u00e7\u00e3o personaliz\u00e1veis Gerencie seus endpoints de forma proativa com canais de notifica\u00e7\u00e3o que enviam alertas cr\u00edticos aos t\u00e9cnicos, independente de onde eles estejam ou de quais ferramentas usam. Teste gr\u00e1tis Ver demonstra\u00e7\u00e3o https:\/\/www.ninjaone.com\/wp-content\/uploads\/2022\/11\/Notifications-Channels-animation.mp4 Principais funcionalidades: NinjaOne \u00e9 uma ferramenta RMM fant\u00e1stica. Administradores de rede conseguem tornar o [&hellip;]<\/p>\n","protected":false},"author":35,"featured_media":31589,"parent":0,"menu_order":3067,"comment_status":"closed","ping_status":"closed","template":"","meta":{"_acf_changed":false,"_relevanssi_hide_post":"","_relevanssi_hide_content":"","_relevanssi_pin_for_all":"","_relevanssi_pin_keywords":"","_relevanssi_unpin_keywords":"","_relevanssi_related_keywords":"","_relevanssi_related_include_ids":"","_relevanssi_related_exclude_ids":"","_relevanssi_related_no_append":"","_relevanssi_related_not_related":"","_relevanssi_related_posts":"","_relevanssi_noindex_reason":"","_lmt_disableupdate":"no","_lmt_disable":"","footnotes":""},"class_list":["post-734980","page","type-page","status-publish","has-post-thumbnail","hentry"],"acf":[],"_links":{"self":[{"href":"https:\/\/www.ninjaone.com\/pt-br\/wp-json\/wp\/v2\/pages\/734980","targetHints":{"allow":["GET"]}}],"collection":[{"href":"https:\/\/www.ninjaone.com\/pt-br\/wp-json\/wp\/v2\/pages"}],"about":[{"href":"https:\/\/www.ninjaone.com\/pt-br\/wp-json\/wp\/v2\/types\/page"}],"author":[{"embeddable":true,"href":"https:\/\/www.ninjaone.com\/pt-br\/wp-json\/wp\/v2\/users\/35"}],"replies":[{"embeddable":true,"href":"https:\/\/www.ninjaone.com\/pt-br\/wp-json\/wp\/v2\/comments?post=734980"}],"version-history":[{"count":0,"href":"https:\/\/www.ninjaone.com\/pt-br\/wp-json\/wp\/v2\/pages\/734980\/revisions"}],"wp:featuredmedia":[{"embeddable":true,"href":"https:\/\/www.ninjaone.com\/pt-br\/wp-json\/wp\/v2\/media\/31589"}],"wp:attachment":[{"href":"https:\/\/www.ninjaone.com\/pt-br\/wp-json\/wp\/v2\/media?parent=734980"}],"curies":[{"name":"wp","href":"https:\/\/api.w.org\/{rel}","templated":true}]}}