{"id":83991,"date":"2023-08-28T19:19:43","date_gmt":"2023-08-28T19:19:43","guid":{"rendered":"https:\/\/www.ninjaone.com\/?page_id=83991"},"modified":"2025-05-22T01:45:43","modified_gmt":"2025-05-22T01:45:43","slug":"partner-referral","status":"publish","type":"page","link":"https:\/\/www.ninjaone.com\/it\/partner-referral\/","title":{"rendered":"Programma di referral"},"content":{"rendered":"\t\t<div data-elementor-type=\"wp-page\" data-elementor-id=\"83991\" class=\"elementor elementor-83991 elementor-34087\" data-elementor-post-type=\"page\">\n\t\t\t\t<div class=\"elementor-element elementor-element-bdf5b61 e-con-full e-flex e-con e-parent\" data-id=\"bdf5b61\" data-element_type=\"container\" data-e-type=\"container\">\n\t\t<section class=\"elementor-element elementor-element-9885b94 e-flex e-con-boxed e-con e-child\" data-id=\"9885b94\" data-element_type=\"container\" data-e-type=\"container\" data-settings=\"{&quot;background_background&quot;:&quot;classic&quot;}\">\n\t\t\t\t\t<div class=\"e-con-inner\">\n\t\t<div class=\"elementor-element elementor-element-eb3cad9 e-con-full e-flex e-con e-child\" data-id=\"eb3cad9\" data-element_type=\"container\" data-e-type=\"container\">\n\t\t\t\t<div class=\"elementor-element elementor-element-b84e9d9 elementor-widget elementor-widget-heading\" data-id=\"b84e9d9\" data-element_type=\"widget\" data-e-type=\"widget\" data-widget_type=\"heading.default\">\n\t\t\t\t<div class=\"elementor-widget-container\">\n\t\t\t\t\t<h1 class=\"elementor-heading-title elementor-size-default\">Guadagna fino a 5.000 dollari facendo referral di professionisti come te a NinjaOne!<\/h1>\t\t\t\t<\/div>\n\t\t\t\t<\/div>\n\t\t\t\t<div class=\"elementor-element elementor-element-b666edc p-no-margin elementor-widget elementor-widget-text-editor\" data-id=\"b666edc\" data-element_type=\"widget\" data-e-type=\"widget\" data-widget_type=\"text-editor.default\">\n\t\t\t\t<div class=\"elementor-widget-container\">\n\t\t\t\t\t\t\t\t\t<p>Ami usare NinjaOne? Invita un amico a provare la piattaforma leader di gestione IT unificata e guadagna un premio.<\/p>\n\t\t\t\t\t\t\t\t<\/div>\n\t\t\t\t<\/div>\n\t\t\t\t<div class=\"elementor-element elementor-element-943cf73 elementor-tablet-align-justify elementor-button-default elementor-widget elementor-widget-button\" data-id=\"943cf73\" data-element_type=\"widget\" data-e-type=\"widget\" data-js=\"free-trial-hero\" data-widget_type=\"button.default\">\n\t\t\t\t<div class=\"elementor-widget-container\">\n\t\t\t\t\t\t\t\t\t<div class=\"elementor-button-wrapper\">\n\t\t\t\t\t<a class=\"elementor-button elementor-button-link elementor-size-sm\" href=\"#scroll-referralForm\" aria-label=\"Free Trial\" id=\"free-trial-hero\">\n\t\t\t\t\t\t<span class=\"elementor-button-content-wrapper\">\n\t\t\t\t\t\t\t\t\t<span class=\"elementor-button-text\">Fai subito un referral di un amico<\/span>\n\t\t\t\t\t<\/span>\n\t\t\t\t\t<\/a>\n\t\t\t\t<\/div>\n\t\t\t\t\t\t\t\t<\/div>\n\t\t\t\t<\/div>\n\t\t\t\t<\/div>\n\t\t<div class=\"elementor-element elementor-element-685edc9 e-con-full no-lazyload e-flex e-con e-child\" data-id=\"685edc9\" data-element_type=\"container\" data-e-type=\"container\" data-settings=\"{&quot;background_background&quot;:&quot;classic&quot;}\">\n\t\t\t\t<div class=\"elementor-element elementor-element-0a30bbe elementor-widget elementor-widget-image\" data-id=\"0a30bbe\" data-element_type=\"widget\" data-e-type=\"widget\" data-widget_type=\"image.default\">\n\t\t\t\t<div class=\"elementor-widget-container\">\n\t\t\t\t\t\t\t\t\t\t\t\t\t\t\t<img fetchpriority=\"high\" decoding=\"async\" width=\"642\" height=\"650\" src=\"https:\/\/www.ninjaone.com\/wp-content\/uploads\/2024\/12\/ninjaone-partner-referral-hero.png\" class=\"no-lazyload attachment-full size-full wp-image-390133\" alt=\"Programma di referral\" srcset=\"https:\/\/www.ninjaone.com\/wp-content\/uploads\/2024\/12\/ninjaone-partner-referral-hero.png 642w, https:\/\/www.ninjaone.com\/wp-content\/uploads\/2024\/12\/ninjaone-partner-referral-hero-296x300.png 296w\" sizes=\"(max-width: 642px) 100vw, 642px\" title=\"ninjaone-partner-referral-hero\" \/>\t\t\t\t\t\t\t\t\t\t\t\t\t\t\t<\/div>\n\t\t\t\t<\/div>\n\t\t\t\t<\/div>\n\t\t\t\t\t<\/div>\n\t\t\t\t<\/section>\n\t\t<div class=\"elementor-element elementor-element-d9932b7 e-con-full e-flex e-con e-child\" data-id=\"d9932b7\" data-element_type=\"container\" data-e-type=\"container\" data-settings=\"{&quot;background_background&quot;:&quot;classic&quot;}\">\n\t\t\t\t<div class=\"elementor-element elementor-element-ecf1507 elementor-widget__width-inherit elementor-widget elementor-widget-html\" data-id=\"ecf1507\" data-element_type=\"widget\" data-e-type=\"widget\" data-widget_type=\"html.default\">\n\t\t\t\t<div class=\"elementor-widget-container\">\n\t\t\t\t\t    <impact-embed widget=\"p\/26852\/w\/websiteReferralWidget\"><div>Caricamento...<\/div><\/impact-embed>\n\n\t\t\t\t<\/div>\n\t\t\t\t<\/div>\n\t\t\t\t<\/div>\n\t\t<section class=\"elementor-element elementor-element-850fff6 e-flex e-con-boxed e-con e-child\" data-id=\"850fff6\" data-element_type=\"container\" data-e-type=\"container\" data-settings=\"{&quot;background_background&quot;:&quot;classic&quot;}\">\n\t\t\t\t\t<div class=\"e-con-inner\">\n\t\t<div class=\"elementor-element elementor-element-813023d e-con-full e-flex e-con e-child\" data-id=\"813023d\" data-element_type=\"container\" data-e-type=\"container\">\n\t\t\t\t<div class=\"elementor-element elementor-element-dbc65fb elementor-widget elementor-widget-heading\" data-id=\"dbc65fb\" data-element_type=\"widget\" data-e-type=\"widget\" data-widget_type=\"heading.default\">\n\t\t\t\t<div class=\"elementor-widget-container\">\n\t\t\t\t\t<h2 class=\"elementor-heading-title elementor-size-default\">Domande frequenti<\/h2>\t\t\t\t<\/div>\n\t\t\t\t<\/div>\n\t\t\t\t<div class=\"elementor-element elementor-element-d641eb1 elementor-widget elementor-widget-n-accordion\" data-id=\"d641eb1\" data-element_type=\"widget\" data-e-type=\"widget\" data-settings=\"{&quot;default_state&quot;:&quot;all_collapsed&quot;,&quot;max_items_expended&quot;:&quot;one&quot;,&quot;n_accordion_animation_duration&quot;:{&quot;unit&quot;:&quot;ms&quot;,&quot;size&quot;:400,&quot;sizes&quot;:[]}}\" data-widget_type=\"nested-accordion.default\">\n\t\t\t\t<div class=\"elementor-widget-container\">\n\t\t\t\t\t\t\t<div class=\"e-n-accordion\" aria-label=\"Accordion. Open links with Enter or Space, close with Escape, and navigate with Arrow Keys\">\n\t\t\t\t\t\t<details id=\"e-n-accordion-item-2240\" class=\"e-n-accordion-item\" >\n\t\t\t\t<summary class=\"e-n-accordion-item-title\" data-accordion-index=\"1\" tabindex=\"0\" aria-expanded=\"false\" aria-controls=\"e-n-accordion-item-2240\" >\n\t\t\t\t\t<span class='e-n-accordion-item-title-header'><h3 class=\"e-n-accordion-item-title-text\"> Chi pu\u00f2 fare un referral di un amico a NinjaOne? <\/h3><\/span>\n\t\t\t\t\t\t\t<span class='e-n-accordion-item-title-icon'>\n\t\t\t<span class='e-opened' ><svg aria-hidden=\"true\" class=\"e-font-icon-svg e-fas-minus\" viewBox=\"0 0 448 512\" xmlns=\"http:\/\/www.w3.org\/2000\/svg\"><path d=\"M416 208H32c-17.67 0-32 14.33-32 32v32c0 17.67 14.33 32 32 32h384c17.67 0 32-14.33 32-32v-32c0-17.67-14.33-32-32-32z\"><\/path><\/svg><\/span>\n\t\t\t<span class='e-closed'><svg xmlns=\"http:\/\/www.w3.org\/2000\/svg\" width=\"15\" height=\"14\" viewBox=\"0 0 15 14\" fill=\"none\"><path d=\"M1.5 7L13.5 7\" stroke=\"#00AA5F\" stroke-width=\"1.5\" stroke-linecap=\"round\"><\/path><path d=\"M7.5 12.4L7.5 1.59996\" stroke=\"#00AA5F\" stroke-width=\"1.5\" stroke-linecap=\"round\"><\/path><\/svg><\/span>\n\t\t<\/span>\n\n\t\t\t\t\t\t<\/summary>\n\t\t\t\t<div role=\"region\" aria-labelledby=\"e-n-accordion-item-2240\" class=\"elementor-element elementor-element-0b38600 e-con-full e-flex e-con e-child\" data-id=\"0b38600\" data-element_type=\"container\" data-e-type=\"container\">\n\t\t\t\t<div class=\"elementor-element elementor-element-7e82eb4 elementor-widget elementor-widget-text-editor\" data-id=\"7e82eb4\" data-element_type=\"widget\" data-e-type=\"widget\" data-widget_type=\"text-editor.default\">\n\t\t\t\t<div class=\"elementor-widget-container\">\n\t\t\t\t\t\t\t\t\t<p>Solo chi \u00e8 gi\u00e0 cliente di NinjaOne pu\u00f2 fare un referral di un potenziale cliente.<\/p>\n\t\t\t\t\t\t\t\t<\/div>\n\t\t\t\t<\/div>\n\t\t\t\t<\/div>\n\t\t\t\t\t<\/details>\n\t\t\t\t\t\t<details id=\"e-n-accordion-item-2241\" class=\"e-n-accordion-item\" >\n\t\t\t\t<summary class=\"e-n-accordion-item-title\" data-accordion-index=\"2\" tabindex=\"-1\" aria-expanded=\"false\" aria-controls=\"e-n-accordion-item-2241\" >\n\t\t\t\t\t<span class='e-n-accordion-item-title-header'><h3 class=\"e-n-accordion-item-title-text\"> Come posso fare un referral di un nuovo potenziale cliente a NinjaOne? <\/h3><\/span>\n\t\t\t\t\t\t\t<span class='e-n-accordion-item-title-icon'>\n\t\t\t<span class='e-opened' ><svg aria-hidden=\"true\" class=\"e-font-icon-svg e-fas-minus\" viewBox=\"0 0 448 512\" xmlns=\"http:\/\/www.w3.org\/2000\/svg\"><path d=\"M416 208H32c-17.67 0-32 14.33-32 32v32c0 17.67 14.33 32 32 32h384c17.67 0 32-14.33 32-32v-32c0-17.67-14.33-32-32-32z\"><\/path><\/svg><\/span>\n\t\t\t<span class='e-closed'><svg xmlns=\"http:\/\/www.w3.org\/2000\/svg\" width=\"15\" height=\"14\" viewBox=\"0 0 15 14\" fill=\"none\"><path d=\"M1.5 7L13.5 7\" stroke=\"#00AA5F\" stroke-width=\"1.5\" stroke-linecap=\"round\"><\/path><path d=\"M7.5 12.4L7.5 1.59996\" stroke=\"#00AA5F\" stroke-width=\"1.5\" stroke-linecap=\"round\"><\/path><\/svg><\/span>\n\t\t<\/span>\n\n\t\t\t\t\t\t<\/summary>\n\t\t\t\t<div role=\"region\" aria-labelledby=\"e-n-accordion-item-2241\" class=\"elementor-element elementor-element-53fd924 e-con-full e-flex e-con e-child\" data-id=\"53fd924\" data-element_type=\"container\" data-e-type=\"container\">\n\t\t\t\t<div class=\"elementor-element elementor-element-4b20d8c elementor-widget elementor-widget-text-editor\" data-id=\"4b20d8c\" data-element_type=\"widget\" data-e-type=\"widget\" data-widget_type=\"text-editor.default\">\n\t\t\t\t<div class=\"elementor-widget-container\">\n\t\t\t\t\t\t\t\t\t<p>Compila il modulo qui sotto con le tue informazioni (e l&#8217;e-mail aziendale) e con quelle del professionista di cui stai facendo il referral. Una volta ricevuta la richiesta, uno dei nostri rappresentanti di vendita si metter\u00e0 in contatto con il professionista che hai segnalato per pianificare la demo e avviare la procedura.<\/p>\n\t\t\t\t\t\t\t\t<\/div>\n\t\t\t\t<\/div>\n\t\t\t\t<\/div>\n\t\t\t\t\t<\/details>\n\t\t\t\t\t\t<details id=\"e-n-accordion-item-2242\" class=\"e-n-accordion-item\" >\n\t\t\t\t<summary class=\"e-n-accordion-item-title\" data-accordion-index=\"3\" tabindex=\"-1\" aria-expanded=\"false\" aria-controls=\"e-n-accordion-item-2242\" >\n\t\t\t\t\t<span class='e-n-accordion-item-title-header'><h3 class=\"e-n-accordion-item-title-text\"> Ricevo qualcosa per aver fatto un referral di qualcuno a NinjaOne? <\/h3><\/span>\n\t\t\t\t\t\t\t<span class='e-n-accordion-item-title-icon'>\n\t\t\t<span class='e-opened' ><svg aria-hidden=\"true\" class=\"e-font-icon-svg e-fas-minus\" viewBox=\"0 0 448 512\" xmlns=\"http:\/\/www.w3.org\/2000\/svg\"><path d=\"M416 208H32c-17.67 0-32 14.33-32 32v32c0 17.67 14.33 32 32 32h384c17.67 0 32-14.33 32-32v-32c0-17.67-14.33-32-32-32z\"><\/path><\/svg><\/span>\n\t\t\t<span class='e-closed'><svg xmlns=\"http:\/\/www.w3.org\/2000\/svg\" width=\"15\" height=\"14\" viewBox=\"0 0 15 14\" fill=\"none\"><path d=\"M1.5 7L13.5 7\" stroke=\"#00AA5F\" stroke-width=\"1.5\" stroke-linecap=\"round\"><\/path><path d=\"M7.5 12.4L7.5 1.59996\" stroke=\"#00AA5F\" stroke-width=\"1.5\" stroke-linecap=\"round\"><\/path><\/svg><\/span>\n\t\t<\/span>\n\n\t\t\t\t\t\t<\/summary>\n\t\t\t\t<div role=\"region\" aria-labelledby=\"e-n-accordion-item-2242\" class=\"elementor-element elementor-element-354fb65 e-con-full e-flex e-con e-child\" data-id=\"354fb65\" data-element_type=\"container\" data-e-type=\"container\">\n\t\t\t\t<div class=\"elementor-element elementor-element-84a34bf elementor-widget elementor-widget-text-editor\" data-id=\"84a34bf\" data-element_type=\"widget\" data-e-type=\"widget\" data-widget_type=\"text-editor.default\">\n\t\t\t\t<div class=\"elementor-widget-container\">\n\t\t\t\t\t\t\t\t\t<p>S\u00ec! Se fai un referral di qualcuno a NinjaOne e lui partecipa a una demo con noi, tu e il tuo amico riceverete ciascuno un buono regalo Amazon da 20 dollari.<\/p>\n<p>Inoltre, se la persona di cui hai fatto il referral diventa un cliente NinjaOne, riceverai una carta regalo o un premio in contanti pari al doppio del pagamento mensile del nuovo cliente, fino a un massimo di 5.000 dollari (per esempio, se il nuovo cliente paga 500 dollari al mese, riceverai un premio pari a 1.000 dollari).<\/p>\n\t\t\t\t\t\t\t\t<\/div>\n\t\t\t\t<\/div>\n\t\t\t\t<\/div>\n\t\t\t\t\t<\/details>\n\t\t\t\t\t<\/div>\n\t\t\t\t\t<script type=\"application\/ld+json\">{\"@context\":\"https:\\\/\\\/schema.org\",\"@type\":\"FAQPage\",\"mainEntity\":[{\"@type\":\"Question\",\"name\":\"Chi pu\\u00f2 fare un referral di un amico a NinjaOne?\",\"acceptedAnswer\":{\"@type\":\"Answer\",\"text\":\"Solo chi \\u00e8 gi\\u00e0 cliente di NinjaOne pu\\u00f2 fare un referral di un potenziale cliente.\"}},{\"@type\":\"Question\",\"name\":\"Come posso fare un referral di un nuovo potenziale cliente a NinjaOne?\",\"acceptedAnswer\":{\"@type\":\"Answer\",\"text\":\"Compila il modulo qui sotto con le tue informazioni (e l&#8217;e-mail aziendale) e con quelle del professionista di cui stai facendo il referral. Una volta ricevuta la richiesta, uno dei nostri rappresentanti di vendita si metter\\u00e0 in contatto con il professionista che hai segnalato per pianificare la demo e avviare la procedura.\"}},{\"@type\":\"Question\",\"name\":\"Ricevo qualcosa per aver fatto un referral di qualcuno a NinjaOne?\",\"acceptedAnswer\":{\"@type\":\"Answer\",\"text\":\"S\\u00ec! Se fai un referral di qualcuno a NinjaOne e lui partecipa a una demo con noi, tu e il tuo amico riceverete ciascuno un buono regalo Amazon da 20 dollari.\\nInoltre, se la persona di cui hai fatto il referral diventa un cliente NinjaOne, riceverai una carta regalo o un premio in contanti pari al doppio del pagamento mensile del nuovo cliente, fino a un massimo di 5.000 dollari (per esempio, se il nuovo cliente paga 500 dollari al mese, riceverai un premio pari a 1.000 dollari).\"}}]}<\/script>\n\t\t\t\t\t\t\t<\/div>\n\t\t\t\t<\/div>\n\t\t\t\t<\/div>\n\t\t<div class=\"elementor-element elementor-element-f562b88 e-con-full e-flex e-con e-child\" data-id=\"f562b88\" data-element_type=\"container\" data-e-type=\"container\">\n\t\t\t\t<div class=\"elementor-element elementor-element-daf3b35 elementor-widget elementor-widget-n-accordion\" data-id=\"daf3b35\" data-element_type=\"widget\" data-e-type=\"widget\" data-settings=\"{&quot;default_state&quot;:&quot;all_collapsed&quot;,&quot;max_items_expended&quot;:&quot;one&quot;,&quot;n_accordion_animation_duration&quot;:{&quot;unit&quot;:&quot;ms&quot;,&quot;size&quot;:400,&quot;sizes&quot;:[]}}\" data-widget_type=\"nested-accordion.default\">\n\t\t\t\t<div class=\"elementor-widget-container\">\n\t\t\t\t\t\t\t<div class=\"e-n-accordion\" aria-label=\"Accordion. Open links with Enter or Space, close with Escape, and navigate with Arrow Keys\">\n\t\t\t\t\t\t<details id=\"e-n-accordion-item-2290\" class=\"e-n-accordion-item\" >\n\t\t\t\t<summary class=\"e-n-accordion-item-title\" data-accordion-index=\"1\" tabindex=\"0\" aria-expanded=\"false\" aria-controls=\"e-n-accordion-item-2290\" >\n\t\t\t\t\t<span class='e-n-accordion-item-title-header'><h3 class=\"e-n-accordion-item-title-text\"> Quando otterr\u00f2 il buono regalo? <\/h3><\/span>\n\t\t\t\t\t\t\t<span class='e-n-accordion-item-title-icon'>\n\t\t\t<span class='e-opened' ><svg aria-hidden=\"true\" class=\"e-font-icon-svg e-fas-minus\" viewBox=\"0 0 448 512\" xmlns=\"http:\/\/www.w3.org\/2000\/svg\"><path d=\"M416 208H32c-17.67 0-32 14.33-32 32v32c0 17.67 14.33 32 32 32h384c17.67 0 32-14.33 32-32v-32c0-17.67-14.33-32-32-32z\"><\/path><\/svg><\/span>\n\t\t\t<span class='e-closed'><svg xmlns=\"http:\/\/www.w3.org\/2000\/svg\" width=\"15\" height=\"14\" viewBox=\"0 0 15 14\" fill=\"none\"><path d=\"M1.5 7L13.5 7\" stroke=\"#00AA5F\" stroke-width=\"1.5\" stroke-linecap=\"round\"><\/path><path d=\"M7.5 12.4L7.5 1.59996\" stroke=\"#00AA5F\" stroke-width=\"1.5\" stroke-linecap=\"round\"><\/path><\/svg><\/span>\n\t\t<\/span>\n\n\t\t\t\t\t\t<\/summary>\n\t\t\t\t<div role=\"region\" aria-labelledby=\"e-n-accordion-item-2290\" class=\"elementor-element elementor-element-a0d7871 e-con-full e-flex e-con e-child\" data-id=\"a0d7871\" data-element_type=\"container\" data-e-type=\"container\">\n\t\t\t\t<div class=\"elementor-element elementor-element-0dfe06e elementor-widget elementor-widget-text-editor\" data-id=\"0dfe06e\" data-element_type=\"widget\" data-e-type=\"widget\" data-widget_type=\"text-editor.default\">\n\t\t\t\t<div class=\"elementor-widget-container\">\n\t\t\t\t\t\t\t\t\t<p>Se il tuo referral partecipa a una demo di NinjaOne, tu e il tuo amico riceverete il buono regalo da 20 dollari il quinto giorno del mese successivo (per esempio, se il referral partecipa alla demo di NinjaOne il 24 aprile, entrambi riceverete il buono regalo da 20 dollari il 5 maggio).<\/p>\n\t\t\t\t\t\t\t\t<\/div>\n\t\t\t\t<\/div>\n\t\t\t\t<\/div>\n\t\t\t\t\t<\/details>\n\t\t\t\t\t\t<details id=\"e-n-accordion-item-2291\" class=\"e-n-accordion-item\" >\n\t\t\t\t<summary class=\"e-n-accordion-item-title\" data-accordion-index=\"2\" tabindex=\"-1\" aria-expanded=\"false\" aria-controls=\"e-n-accordion-item-2291\" >\n\t\t\t\t\t<span class='e-n-accordion-item-title-header'><h3 class=\"e-n-accordion-item-title-text\"> Quanti referral posso fare a NinjaOne? <\/h3><\/span>\n\t\t\t\t\t\t\t<span class='e-n-accordion-item-title-icon'>\n\t\t\t<span class='e-opened' ><svg aria-hidden=\"true\" class=\"e-font-icon-svg e-fas-minus\" viewBox=\"0 0 448 512\" xmlns=\"http:\/\/www.w3.org\/2000\/svg\"><path d=\"M416 208H32c-17.67 0-32 14.33-32 32v32c0 17.67 14.33 32 32 32h384c17.67 0 32-14.33 32-32v-32c0-17.67-14.33-32-32-32z\"><\/path><\/svg><\/span>\n\t\t\t<span class='e-closed'><svg xmlns=\"http:\/\/www.w3.org\/2000\/svg\" width=\"15\" height=\"14\" viewBox=\"0 0 15 14\" fill=\"none\"><path d=\"M1.5 7L13.5 7\" stroke=\"#00AA5F\" stroke-width=\"1.5\" stroke-linecap=\"round\"><\/path><path d=\"M7.5 12.4L7.5 1.59996\" stroke=\"#00AA5F\" stroke-width=\"1.5\" stroke-linecap=\"round\"><\/path><\/svg><\/span>\n\t\t<\/span>\n\n\t\t\t\t\t\t<\/summary>\n\t\t\t\t<div role=\"region\" aria-labelledby=\"e-n-accordion-item-2291\" class=\"elementor-element elementor-element-f4729ab e-con-full e-flex e-con e-child\" data-id=\"f4729ab\" data-element_type=\"container\" data-e-type=\"container\">\n\t\t\t\t<div class=\"elementor-element elementor-element-e8e5182 elementor-widget elementor-widget-text-editor\" data-id=\"e8e5182\" data-element_type=\"widget\" data-e-type=\"widget\" data-widget_type=\"text-editor.default\">\n\t\t\t\t<div class=\"elementor-widget-container\">\n\t\t\t\t\t\t\t\t\t<p>Quanti ne vuoi! Non c&#8217;\u00e8 un limite al numero di referral che puoi fare e di conseguenza al numero di buoni regalo che puoi guadagnare. Apprezziamo molto ogni persona che incontriamo durante il nostro viaggio in NinjaOne.<\/p>\n\t\t\t\t\t\t\t\t<\/div>\n\t\t\t\t<\/div>\n\t\t\t\t<\/div>\n\t\t\t\t\t<\/details>\n\t\t\t\t\t<\/div>\n\t\t\t\t\t\t<\/div>\n\t\t\t\t<\/div>\n\t\t\t\t<div class=\"elementor-element elementor-element-756f22d elementor-widget elementor-widget-text-editor\" data-id=\"756f22d\" data-element_type=\"widget\" data-e-type=\"widget\" data-widget_type=\"text-editor.default\">\n\t\t\t\t<div class=\"elementor-widget-container\">\n\t\t\t\t\t\t\t\t\t<p>Per ulteriori dettagli,&nbsp;<a style=\"color: #00aa5f;text-decoration: underline;\" href=\"https:\/\/www.ninjaone.com\/it\/partner-referral-termini-condizioni\/\">consulta i termini e le condizioni completi<\/a>.<\/p>\n\t\t\t\t\t\t\t\t<\/div>\n\t\t\t\t<\/div>\n\t\t\t\t<\/div>\n\t\t\t\t\t<\/div>\n\t\t\t\t<\/section>\n\t\t<div class=\"elementor-element elementor-element-d7118c9 e-flex e-con-boxed e-con e-child\" data-id=\"d7118c9\" data-element_type=\"container\" data-e-type=\"container\">\n\t\t\t\t\t<div class=\"e-con-inner\">\n\t\t\t\t<div class=\"elementor-element elementor-element-05b1cb4 elementor-widget elementor-widget-template\" data-id=\"05b1cb4\" data-element_type=\"widget\" data-e-type=\"widget\" data-widget_type=\"template.default\">\n\t\t\t\t<div class=\"elementor-widget-container\">\n\t\t\t\t\t\t\t<div class=\"elementor-template\">\n\t\t\t\t\t<div data-elementor-type=\"section\" data-elementor-id=\"333425\" class=\"elementor elementor-333425 elementor-324302 elementor-324302\" data-elementor-post-type=\"elementor_library\">\n\t\t\t<a class=\"elementor-element elementor-element-1fcd51c e-con-full e-flex e-con e-child\" data-id=\"1fcd51c\" data-element_type=\"container\" data-e-type=\"container\" data-settings=\"{&quot;background_background&quot;:&quot;classic&quot;}\" href=\"https:\/\/www.ninjaone.com\/it\/leader-g2\/\" aria-label=\"Learn more about g2 ratings\">\n\t\t<div class=\"elementor-element elementor-element-e61240e e-con-full e-flex e-con e-child\" data-id=\"e61240e\" data-element_type=\"container\" data-e-type=\"container\">\n\t\t\t\t<div class=\"elementor-element elementor-element-3a96565 elementor-widget elementor-widget-heading\" data-id=\"3a96565\" data-element_type=\"widget\" data-e-type=\"widget\" data-widget_type=\"heading.default\">\n\t\t\t\t<div class=\"elementor-widget-container\">\n\t\t\t\t\t<h2 class=\"elementor-heading-title elementor-size-default\">I clienti ci valutano al primo posto nelle categorie di Gestione unificata degli endpoint, RMM e Patch Management<\/h2>\t\t\t\t<\/div>\n\t\t\t\t<\/div>\n\t\t\t\t<\/div>\n\t\t<div class=\"elementor-element elementor-element-6739885 e-con-full e-flex e-con e-child\" data-id=\"6739885\" data-element_type=\"container\" data-e-type=\"container\">\n\t\t\t\t<div class=\"elementor-element elementor-element-b533425 elementor-widget elementor-widget-shortcode\" data-id=\"b533425\" data-element_type=\"widget\" data-e-type=\"widget\" data-widget_type=\"shortcode.default\">\n\t\t\t\t<div class=\"elementor-widget-container\">\n\t\t\t\t\t\t\t<div class=\"elementor-shortcode\"><img decoding=\"async\" class=\"\"  src=\"https:\/\/www.ninjaone.com\/wp-content\/uploads\/2026\/03\/capterra-best-ease-of-use.svg\" alt=\"Capterra Best Ease of Use 2026\" width=\"150\" height=\"140\" \/><\/div>\n\t\t\t\t\t\t<\/div>\n\t\t\t\t<\/div>\n\t\t\t\t<div class=\"elementor-element elementor-element-12ba21c elementor-widget elementor-widget-shortcode\" data-id=\"12ba21c\" data-element_type=\"widget\" data-e-type=\"widget\" data-widget_type=\"shortcode.default\">\n\t\t\t\t<div class=\"elementor-widget-container\">\n\t\t\t\t\t\t\t<div class=\"elementor-shortcode\"><img decoding=\"async\" class=\"\"  src=\"https:\/\/www.ninjaone.com\/wp-content\/uploads\/2026\/03\/g2-leader-spring-2026.svg\" alt=\"G2 Leader - Spring 2026\" width=\"118\" height=\"154\" \/><\/div>\n\t\t\t\t\t\t<\/div>\n\t\t\t\t<\/div>\n\t\t\t\t<div class=\"elementor-element elementor-element-400231d elementor-widget elementor-widget-shortcode\" data-id=\"400231d\" data-element_type=\"widget\" data-e-type=\"widget\" data-widget_type=\"shortcode.default\">\n\t\t\t\t<div class=\"elementor-widget-container\">\n\t\t\t\t\t\t\t<div class=\"elementor-shortcode\"><img loading=\"lazy\" decoding=\"async\" class=\"\"  src=\"https:\/\/www.ninjaone.com\/wp-content\/uploads\/2026\/03\/software-advice-front-runners.svg\" alt=\"S\" width=\"133\" height=\"140\" \/><\/div>\n\t\t\t\t\t\t<\/div>\n\t\t\t\t<\/div>\n\t\t\t\t<\/div>\n\t\t\t\t<\/a>\n\t\t\t\t<\/div>\n\t\t\t\t<\/div>\n\t\t\t\t\t\t<\/div>\n\t\t\t\t<\/div>\n\t\t\t\t\t<\/div>\n\t\t\t\t<\/div>\n\t\t\t\t<\/div>\n\t\t\t\t<\/div>\n\t\t","protected":false},"excerpt":{"rendered":"<p>Guadagna fino a 5.000 dollari facendo referral di professionisti come te a NinjaOne! Ami usare NinjaOne? Invita un amico a provare la piattaforma leader di gestione IT unificata e guadagna un premio. Fai subito un referral di un amico Caricamento&#8230; Domande frequenti Chi pu\u00f2 fare un referral di un amico a NinjaOne? Solo chi \u00e8 [&hellip;]<\/p>\n","protected":false},"author":35,"featured_media":0,"parent":0,"menu_order":3262,"comment_status":"closed","ping_status":"closed","template":"","meta":{"_acf_changed":false,"_relevanssi_hide_post":"","_relevanssi_hide_content":"","_relevanssi_pin_for_all":"","_relevanssi_pin_keywords":"","_relevanssi_unpin_keywords":"","_relevanssi_related_keywords":"","_relevanssi_related_include_ids":"","_relevanssi_related_exclude_ids":"","_relevanssi_related_no_append":"","_relevanssi_related_not_related":"","_relevanssi_related_posts":"","_relevanssi_noindex_reason":"","_lmt_disableupdate":"no","_lmt_disable":"","footnotes":""},"class_list":["post-83991","page","type-page","status-publish","hentry"],"acf":[],"_links":{"self":[{"href":"https:\/\/www.ninjaone.com\/it\/wp-json\/wp\/v2\/pages\/83991","targetHints":{"allow":["GET"]}}],"collection":[{"href":"https:\/\/www.ninjaone.com\/it\/wp-json\/wp\/v2\/pages"}],"about":[{"href":"https:\/\/www.ninjaone.com\/it\/wp-json\/wp\/v2\/types\/page"}],"author":[{"embeddable":true,"href":"https:\/\/www.ninjaone.com\/it\/wp-json\/wp\/v2\/users\/35"}],"replies":[{"embeddable":true,"href":"https:\/\/www.ninjaone.com\/it\/wp-json\/wp\/v2\/comments?post=83991"}],"version-history":[{"count":0,"href":"https:\/\/www.ninjaone.com\/it\/wp-json\/wp\/v2\/pages\/83991\/revisions"}],"wp:attachment":[{"href":"https:\/\/www.ninjaone.com\/it\/wp-json\/wp\/v2\/media?parent=83991"}],"curies":[{"name":"wp","href":"https:\/\/api.w.org\/{rel}","templated":true}]}}