{"id":776423,"date":"2026-04-09T15:10:35","date_gmt":"2026-04-09T15:10:35","guid":{"rendered":"https:\/\/www.ninjaone.com\/?page_id=776423"},"modified":"2026-04-14T04:53:34","modified_gmt":"2026-04-14T04:53:34","slug":"politica-di-utilizzo-corretto-di-ninjaone-saas-backup","status":"publish","type":"page","link":"https:\/\/www.ninjaone.com\/it\/politica-di-utilizzo-corretto-di-ninjaone-saas-backup\/","title":{"rendered":"Politica di utilizzo corretto di NinjaOne SaaS Backup"},"content":{"rendered":"\t\t<div data-elementor-type=\"wp-page\" data-elementor-id=\"776423\" class=\"elementor elementor-776423 elementor-775301\" data-elementor-post-type=\"page\">\n\t\t\t\t<main class=\"elementor-element elementor-element-914eec1 e-flex e-con-boxed e-con e-parent\" data-id=\"914eec1\" data-element_type=\"container\" data-e-type=\"container\">\n\t\t\t\t\t<div class=\"e-con-inner\">\n\t\t\t\t<div class=\"elementor-element elementor-element-9096c96 elementor-widget elementor-widget-heading\" data-id=\"9096c96\" data-element_type=\"widget\" data-e-type=\"widget\" data-widget_type=\"heading.default\">\n\t\t\t\t<div class=\"elementor-widget-container\">\n\t\t\t\t\t<h1 class=\"elementor-heading-title elementor-size-default\">Politica di utilizzo corretto di NinjaOne SaaS Backup<\/h1>\t\t\t\t<\/div>\n\t\t\t\t<\/div>\n\t\t\t\t<div class=\"elementor-element elementor-element-68bef8f elementor-widget elementor-widget-heading\" data-id=\"68bef8f\" data-element_type=\"widget\" data-e-type=\"widget\" data-widget_type=\"heading.default\">\n\t\t\t\t<div class=\"elementor-widget-container\">\n\t\t\t\t\t<p class=\"elementor-heading-title elementor-size-default\">Ultimo aggiornamento: 26 marzo 2026\n<\/br><\/br>\nAvvertenza:<\/br>\nQuesta pagina \u00e8 stata tradotta per facilitarne la consultazione.<\/br>\nIn caso di discrepanze o incongruenze tra il contenuto tradotto e la versione in inglese, sar\u00e0 necessario fare riferimento alla versione in inglese, che \u00e8 l'unica legalmente vincolante.<\/p>\t\t\t\t<\/div>\n\t\t\t\t<\/div>\n\t\t\t\t<div class=\"elementor-element elementor-element-1a959e8 elementor-widget elementor-widget-heading\" data-id=\"1a959e8\" data-element_type=\"widget\" data-e-type=\"widget\" data-widget_type=\"heading.default\">\n\t\t\t\t<div class=\"elementor-widget-container\">\n\t\t\t\t\t<h3 class=\"elementor-heading-title elementor-size-default\">1. Scopo<\/h3>\t\t\t\t<\/div>\n\t\t\t\t<\/div>\n\t\t\t\t<div class=\"elementor-element elementor-element-531edf5 elementor-widget elementor-widget-text-editor\" data-id=\"531edf5\" data-element_type=\"widget\" data-e-type=\"widget\" id=\"information-we-collect\" data-widget_type=\"text-editor.default\">\n\t\t\t\t<div class=\"elementor-widget-container\">\n\t\t\t\t\t\t\t\t\t<p>La presente Politica di utilizzo corretto (da ora in avanti anche semplicemente &#8220;Politica&#8221;) disciplina i servizi di backup SaaS offerti, distribuiti o rivenduti da NinjaOne e dai suoi affiliati, compresi i servizi con marchio NinjaOne, Dropsuite, white-labeled, co-branded o altrimenti commercializzati con qualsiasi marchio successore o correlato (collettivamente, i &#8220;Servizi&#8221;).<\/p><p>Ai fini della presente Politica, &#8220;NinjaOne&#8221; si riferisce all&#8217;entit\u00e0 che fornisce i Servizi ai sensi del contratto con il cliente.<\/p><p>I Servizi sono offerti secondo un modello commerciale basato sulle postazioni. Mentre lo spazio di archiviazione non \u00e8 limitato a livello di singola organizzazione o tenant, l&#8217;utilizzo totale dello spazio di archiviazione \u00e8 soggetto a un limite aggregato a livello di cliente legato al numero di postazioni a pagamento acquistate.<\/p><p>Questa Politica spiega come vengono calcolate, aggregate e applicate le quote di spazio di archiviazione per garantire un accesso equo all&#8217;infrastruttura condivisa e l&#8217;allineamento tra le postazioni acquistate e il consumo complessivo di spazio di archiviazione.<\/p>\t\t\t\t\t\t\t\t<\/div>\n\t\t\t\t<\/div>\n\t\t\t\t<div class=\"elementor-element elementor-element-a5d480a elementor-widget elementor-widget-heading\" data-id=\"a5d480a\" data-element_type=\"widget\" data-e-type=\"widget\" data-widget_type=\"heading.default\">\n\t\t\t\t<div class=\"elementor-widget-container\">\n\t\t\t\t\t<h3 class=\"elementor-heading-title elementor-size-default\">2. Ambito e applicabilit\u00e0<\/h3>\t\t\t\t<\/div>\n\t\t\t\t<\/div>\n\t\t\t\t<div class=\"elementor-element elementor-element-81ecddc elementor-widget elementor-widget-text-editor\" data-id=\"81ecddc\" data-element_type=\"widget\" data-e-type=\"widget\" data-widget_type=\"text-editor.default\">\n\t\t\t\t<div class=\"elementor-widget-container\">\n\t\t\t\t\t\t\t\t\t<p>Ai fini della presente Politica, per &#8220;Cliente&#8221; si intende:<\/p><ul><li>Un cliente IT interno diretto che acquista i Servizi per la propria organizzazione; oppure<\/li><li>Un Managed Service Provider (MSP) che acquista o gestisce i Servizi per conto di una o pi\u00f9 organizzazioni di utenti finali, sia che siano stati acquistati direttamente da NinjaOne o tramite un distributore autorizzato.<\/li><\/ul><p>Per gli accordi MSP, l&#8217;MSP \u00e8 il Cliente ai fini del calcolo della conservazione, della conformit\u00e0 e dell&#8217;applicazione della presente Politica.<\/p><p>Se un cliente IT interno diretto gestisce pi\u00f9 organizzazioni, tenant, istanze, ambienti o unit\u00e0 aziendali all&#8217;interno dei Servizi, tutte queste entit\u00e0 e ambienti vengono aggregati e trattati come un unico Cliente ai fini del conteggio delle postazioni, dell&#8217;utilizzo dello spazio di archiviazione e della conformit\u00e0 alla presente Politica.<\/p><p>Ai fini dell&#8217;aggregazione dello spazio di archiviazione e del calcolo delle quote, il &#8220;Cliente&#8221; comprende il soggetto giuridico contraente e qualsiasi suo affiliato, filiale, entit\u00e0 controllante o altra entit\u00e0 controllata che accede o utilizza i Servizi nell&#8217;ambito dello stesso rapporto commerciale o dell\u2019accordo di fatturazione.<\/p>\t\t\t\t\t\t\t\t<\/div>\n\t\t\t\t<\/div>\n\t\t\t\t<div class=\"elementor-element elementor-element-b83db4f elementor-widget elementor-widget-heading\" data-id=\"b83db4f\" data-element_type=\"widget\" data-e-type=\"widget\" data-widget_type=\"heading.default\">\n\t\t\t\t<div class=\"elementor-widget-container\">\n\t\t\t\t\t<h3 class=\"elementor-heading-title elementor-size-default\">3. Modello di archiviazione e metodologia di aggregazione<\/h3>\t\t\t\t<\/div>\n\t\t\t\t<\/div>\n\t\t\t\t<div class=\"elementor-element elementor-element-47ac48e elementor-widget elementor-widget-heading\" data-id=\"47ac48e\" data-element_type=\"widget\" data-e-type=\"widget\" data-widget_type=\"heading.default\">\n\t\t\t\t<div class=\"elementor-widget-container\">\n\t\t\t\t\t<h4 class=\"elementor-heading-title elementor-size-default\">3.1 Archiviazione illimitata a livello di organizzazione<\/h4>\t\t\t\t<\/div>\n\t\t\t\t<\/div>\n\t\t\t\t<div class=\"elementor-element elementor-element-022f187 elementor-widget elementor-widget-text-editor\" data-id=\"022f187\" data-element_type=\"widget\" data-e-type=\"widget\" data-widget_type=\"text-editor.default\">\n\t\t\t\t<div class=\"elementor-widget-container\">\n\t\t\t\t\t\t\t\t\t<p>NinjaOne non impone limiti fissi di spazio di archiviazione a livello di singolo utente, organizzazione, tenant o ambiente. Lo spazio di archiviazione non \u00e8 limitato per organizzazione.<\/p>\t\t\t\t\t\t\t\t<\/div>\n\t\t\t\t<\/div>\n\t\t\t\t<div class=\"elementor-element elementor-element-caf215a elementor-widget elementor-widget-heading\" data-id=\"caf215a\" data-element_type=\"widget\" data-e-type=\"widget\" data-widget_type=\"heading.default\">\n\t\t\t\t<div class=\"elementor-widget-container\">\n\t\t\t\t\t<h4 class=\"elementor-heading-title elementor-size-default\">3.2 Quota di spazio di archiviazione aggregata a livello di cliente<\/h4>\t\t\t\t<\/div>\n\t\t\t\t<\/div>\n\t\t\t\t<div class=\"elementor-element elementor-element-eacf500 elementor-widget elementor-widget-text-editor\" data-id=\"eacf500\" data-element_type=\"widget\" data-e-type=\"widget\" data-widget_type=\"text-editor.default\">\n\t\t\t\t<div class=\"elementor-widget-container\">\n\t\t\t\t\t\t\t\t\t<p>L&#8217;utilizzo totale dello spazio di archiviazione \u00e8 regolato a livello aggregato di Cliente.<\/p><p>Ogni postazione a pagamento include una capacit\u00e0 di archiviazione fino a 250 GB.<\/p><p>L&#8217;allocazione massima di spazio di archiviazione totale del Cliente \u00e8 calcolata come: <strong>Totale postazioni a pagamento \u00d7 250 GB<\/strong><\/p><p>Ai fini del calcolo della conformit\u00e0:<\/p><ul><li>Per <strong>postazioni totali pagate<\/strong> si intendono tutte le postazioni pagate acquistate dal Cliente.<\/li><li>Per <strong>utilizzo totale dello spazio di archiviazione<\/strong> si intendono tutti i dati archiviati in tutte le organizzazioni, i tenant, le istanze, gli ambienti e i carichi di lavoro del Cliente.<\/li><\/ul><p>Se il consumo totale di spazio di archiviazione supera l&#8217;allocazione aggregata massima calcolata, il Cliente non \u00e8 conforme alla presente Politica.<\/p><p>Esempio:<\/p><p>Se un Cliente acquista 100 postazioni a pagamento, la quantit\u00e0 totale di spazio di archiviazione aggregato \u00e8:<\/p><p>100 \u00d7 250 GB = 25.000 GB (25 TB)<\/p><p>Se l&#8217;utilizzo totale dello storage del Cliente supera i 25 TB, il Cliente non \u00e8 conforme alla presente Politica.<\/p>\t\t\t\t\t\t\t\t<\/div>\n\t\t\t\t<\/div>\n\t\t\t\t<div class=\"elementor-element elementor-element-ed7b0e6 elementor-widget elementor-widget-heading\" data-id=\"ed7b0e6\" data-element_type=\"widget\" data-e-type=\"widget\" data-widget_type=\"heading.default\">\n\t\t\t\t<div class=\"elementor-widget-container\">\n\t\t\t\t\t<h3 class=\"elementor-heading-title elementor-size-default\">4. Uso ragionevole e monitoraggio<\/h3>\t\t\t\t<\/div>\n\t\t\t\t<\/div>\n\t\t\t\t<div class=\"elementor-element elementor-element-88e4606 elementor-widget elementor-widget-text-editor\" data-id=\"88e4606\" data-element_type=\"widget\" data-e-type=\"widget\" data-widget_type=\"text-editor.default\">\n\t\t\t\t<div class=\"elementor-widget-container\">\n\t\t\t\t\t\t\t\t\t<p>NinjaOne pu\u00f2 monitorare il conteggio delle postazioni, il consumo di spazio di archiviazione e i modelli di utilizzo e pu\u00f2 basarsi sulle metriche riportate dal sistema per determinare e calcolare la conformit\u00e0 a questa Politica.<br \/><br \/>I clienti non possono manipolare l&#8217;acquisto di postazioni, le cancellazioni, le riassegnazioni, la strutturazione organizzativa o le configurazioni degli account per aumentare artificialmente la quota massima di spazio di archiviazione o aggirare le regole di conformit\u00e0. NinjaOne pu\u00f2 non tenere conto delle fluttuazioni temporanee, artificiali o non ordinarie della sede nel calcolo dell&#8217;allocazione massima aggregata di spazio di archiviazione.<\/p>\t\t\t\t\t\t\t\t<\/div>\n\t\t\t\t<\/div>\n\t\t\t\t<div class=\"elementor-element elementor-element-38e147f elementor-widget elementor-widget-heading\" data-id=\"38e147f\" data-element_type=\"widget\" data-e-type=\"widget\" data-widget_type=\"heading.default\">\n\t\t\t\t<div class=\"elementor-widget-container\">\n\t\t\t\t\t<h3 class=\"elementor-heading-title elementor-size-default\">5. Non conformit\u00e0<\/h3>\t\t\t\t<\/div>\n\t\t\t\t<\/div>\n\t\t\t\t<div class=\"elementor-element elementor-element-267aa6f elementor-widget elementor-widget-text-editor\" data-id=\"267aa6f\" data-element_type=\"widget\" data-e-type=\"widget\" data-widget_type=\"text-editor.default\">\n\t\t\t\t<div class=\"elementor-widget-container\">\n\t\t\t\t\t\t\t\t\t<p>Se un Cliente non \u00e8 conforme o si impegna in un uso irragionevole, abusivo o non ordinario, NinjaOne pu\u00f2, a sua discrezione:<\/p><ol><li>Richiedere azioni correttive, tra cui l&#8217;acquisto di postazioni aggiuntive o la riduzione dei dati memorizzati;<\/li><li>Richiedere la migrazione a un modello alternativo di prezzo, pacchetto o spazio di archiviazione;<\/li><li>Limitare o ridurre l&#8217;uso dello spazio di archiviazione;<\/li><li>Sospendere l&#8217;accesso ai Servizi; o<\/li><li>cessare i Servizi in conformit\u00e0 con l&#8217;accordo applicabile.<\/li><\/ol><p>NinjaOne pu\u00f2 fatturare al Cliente le licenze per le postazioni aggiuntive corrispondenti all&#8217;utilizzo passato di spazio di archiviazione in eccesso, laddove il consumo di spazio di archiviazione abbia superato il limite aggregato applicabile.<\/p><p>NinjaOne non sar\u00e0 responsabile di eventuali perdite di dati, interruzioni dell&#8217;attivit\u00e0 o altri danni derivanti da azioni intraprese in buona fede per far rispettare la presente Politica.<\/p>\t\t\t\t\t\t\t\t<\/div>\n\t\t\t\t<\/div>\n\t\t\t\t<div class=\"elementor-element elementor-element-ddca205 elementor-widget elementor-widget-heading\" data-id=\"ddca205\" data-element_type=\"widget\" data-e-type=\"widget\" data-widget_type=\"heading.default\">\n\t\t\t\t<div class=\"elementor-widget-container\">\n\t\t\t\t\t<h3 class=\"elementor-heading-title elementor-size-default\">6. Aggiornamenti della Politica<\/h3>\t\t\t\t<\/div>\n\t\t\t\t<\/div>\n\t\t\t\t<div class=\"elementor-element elementor-element-a4cc07e elementor-widget elementor-widget-text-editor\" data-id=\"a4cc07e\" data-element_type=\"widget\" data-e-type=\"widget\" data-widget_type=\"text-editor.default\">\n\t\t\t\t<div class=\"elementor-widget-container\">\n\t\t\t\t\t\t\t\t\t<p>NinjaOne pu\u00f2 modificare la presente Politica di utilizzo corretto di volta in volta a sua discrezione. Le versioni aggiornate saranno pubblicate sul sito web dei servizi pertinenti ed entreranno in vigore alla data ivi specificata. La prosecuzione dell&#8217;accesso o dell&#8217;utilizzo dei Servizi dopo la data di entrata in vigore costituisce accettazione della Politica aggiornata.<br \/><br \/>Se il Cliente non accetta una Politica aggiornata, l\u2019unica azione correttiva a sua disposizione \u00e8 quella di interrompere l&#8217;uso dei Servizi interessati. Per chiarezza, gli aggiornamenti della presente Politica non conferiscono al Cliente alcun diritto di rescindere il contratto sottostante che regola i Servizi.<\/p>\t\t\t\t\t\t\t\t<\/div>\n\t\t\t\t<\/div>\n\t\t\t\t\t<\/div>\n\t\t\t\t<\/main>\n\t\t\t\t<\/div>\n\t\t","protected":false},"excerpt":{"rendered":"<p>Ultimo aggiornamento: 26 marzo 2026 Avvertenza: Questa pagina \u00e8 stata tradotta per facilitarne la consultazione. In caso di discrepanze o incongruenze tra il contenuto tradotto e la versione in inglese, sar\u00e0 necessario fare riferimento alla versione in inglese, che \u00e8 l&#8217;unica legalmente vincolante. 1. Scopo La presente Politica di utilizzo corretto (da ora in avanti [&hellip;]<\/p>\n","protected":false},"author":231,"featured_media":0,"parent":0,"menu_order":3031,"comment_status":"closed","ping_status":"closed","template":"elementor_header_footer","meta":{"_acf_changed":false,"_relevanssi_hide_post":"","_relevanssi_hide_content":"","_relevanssi_pin_for_all":"","_relevanssi_pin_keywords":"","_relevanssi_unpin_keywords":"","_relevanssi_related_keywords":"","_relevanssi_related_include_ids":"","_relevanssi_related_exclude_ids":"","_relevanssi_related_no_append":"","_relevanssi_related_not_related":"","_relevanssi_related_posts":"","_relevanssi_noindex_reason":"","_lmt_disableupdate":"no","_lmt_disable":"","footnotes":""},"class_list":["post-776423","page","type-page","status-publish","hentry"],"acf":[],"_links":{"self":[{"href":"https:\/\/www.ninjaone.com\/it\/wp-json\/wp\/v2\/pages\/776423","targetHints":{"allow":["GET"]}}],"collection":[{"href":"https:\/\/www.ninjaone.com\/it\/wp-json\/wp\/v2\/pages"}],"about":[{"href":"https:\/\/www.ninjaone.com\/it\/wp-json\/wp\/v2\/types\/page"}],"author":[{"embeddable":true,"href":"https:\/\/www.ninjaone.com\/it\/wp-json\/wp\/v2\/users\/231"}],"replies":[{"embeddable":true,"href":"https:\/\/www.ninjaone.com\/it\/wp-json\/wp\/v2\/comments?post=776423"}],"version-history":[{"count":0,"href":"https:\/\/www.ninjaone.com\/it\/wp-json\/wp\/v2\/pages\/776423\/revisions"}],"wp:attachment":[{"href":"https:\/\/www.ninjaone.com\/it\/wp-json\/wp\/v2\/media?parent=776423"}],"curies":[{"name":"wp","href":"https:\/\/api.w.org\/{rel}","templated":true}]}}