{"id":76527,"date":"2023-07-08T02:03:13","date_gmt":"2023-07-08T02:03:13","guid":{"rendered":"https:\/\/www.ninjaone.com\/?page_id=76527"},"modified":"2025-08-13T15:12:35","modified_gmt":"2025-08-13T15:12:35","slug":"condizioni-utilizzo","status":"publish","type":"page","link":"https:\/\/www.ninjaone.com\/it\/condizioni-utilizzo\/","title":{"rendered":"Condizioni di utilizzo"},"content":{"rendered":"<p><strong>Ultimo aggiornamento:<\/strong>&nbsp;24 luglio 2025<\/p>\n<p>Benvenuti sul sito web di NinjaOne (il &#8220;Sito&#8221;). Il Sito \u00e8 stato sviluppato per essere utilizzato da clienti, potenziali clienti, partner, venditori, fornitori e dipendenti di NinjaOne, nonch\u00e9 da rappresentanti dei media. Le presenti Condizioni d&#8217;utilizzo (le &#8220;Condizioni&#8221;) regolano l&#8217;accesso e l&#8217;utilizzo del Sito da parte dell&#8217;utente e costituiscono un accordo legalmente vincolante tra l&#8217;utente e NinjaOne. Accedendo o utilizzando il Sito, l&#8217;utente riconosce di aver letto, compreso e accettato di essere vincolato dalle presenti Condizioni.<\/p>\n<p>Possiamo rivedere le presenti Condizioni in qualsiasi momento senza preavviso. L&#8217;uso continuato del Sito costituisce l&#8217;accettazione di tali revisioni. Si prega di controllare regolarmente questa pagina.<\/p>\n<ol>\n<li><strong> Definizioni<\/strong><\/li>\n<\/ol>\n<p>Oltre ai termini definiti in altre parti delle presenti Condizioni, i seguenti termini hanno il significato indicato di seguito, laddove utilizzati nelle presenti Condizioni:<\/p>\n<ul>\n<li>&#8220;Utente&#8221;, &#8220;tu&#8221; o &#8220;tuo&#8221; si riferisce a qualsiasi individuo o entit\u00e0 che accede o utilizza il Sito.<\/li>\n<li>&#8220;NinjaOne&#8221;, &#8220;noi&#8221;, &#8220;nostro&#8221; o &#8220;ci&#8221; si riferisce a NinjaOne, LLC.<\/li>\n<\/ul>\n<ol start=\"2\">\n<li><strong> Accesso e utilizzo del sito<\/strong><\/li>\n<\/ol>\n<p>\u00c8 possibile visualizzare, scaricare, copiare e stampare documenti e grafici (i &#8220;Documenti&#8221;) dal Sito alle seguenti condizioni:<\/p>\n<ul>\n<li>I documenti possono essere utilizzati solo per scopi personali, informativi e non commerciali;<\/li>\n<li>I documenti non possono essere modificati, alterati o ripubblicati senza il previo consenso scritto di NinjaOne;<\/li>\n<li>Qualsiasi altro utilizzo deve essere conforme alle leggi vigenti in materia di copyright e propriet\u00e0 intellettuale.<\/li>\n<\/ul>\n<p>L&#8217;uso che va oltre il &#8220;fair use&#8221; ai sensi della legge sul copyright richiede l&#8217;autorizzazione esplicita di NinjaOne.<\/p>\n<ol start=\"3\">\n<li><strong> Uso del software<\/strong><\/li>\n<\/ol>\n<p>Se l&#8217;utente accede al software-as-a-service NinjaOne e\/o scarica il software NinjaOne da o attraverso il Sito, il suo utilizzo \u00e8 regolato dal <a href=\"https:\/\/www.ninjaone.com\/it\/accordo-licenza\/\" target=\"_blank\" rel=\"noopener\">Contratto di licenza con l&#8217;utente finale (EULA) di NinjaOne<\/a>. Nulla di quanto contenuto nelle presenti Condizioni \u00e8 inteso o dovr\u00e0 essere interpretato come una limitazione degli obblighi o un ampliamento dei diritti dell&#8217;utente ai sensi dell&#8217;EULA. Tutti i diritti non espressamente concessi sono riservati a NinjaOne.<\/p>\n<ol start=\"4\">\n<li><strong> Account utente<\/strong><\/li>\n<\/ol>\n<p>Se il Sito consente di creare un account, l&#8217;utente accetta di:<\/p>\n<ul>\n<li>Fornire informazioni accurate, aggiornate e complete;<\/li>\n<li>Mantenere la riservatezza delle credenziali di accesso;<\/li>\n<li>Accettare la responsabilit\u00e0 di tutte le attivit\u00e0 svolte con il proprio account.<\/li>\n<\/ul>\n<p>NinjaOne si riserva il diritto di sospendere o chiudere l&#8217;account dell&#8217;utente nel caso in cui le informazioni fornite siano false o fuorvianti, nel caso in cui l&#8217;utente violi le presenti Condizioni o nel caso in cui ci\u00f2 sia altrimenti appropriato o necessario a esclusiva discrezione di NinjaOne.<\/p>\n<ol start=\"5\">\n<li><strong> Condotta vietata<\/strong><\/li>\n<\/ol>\n<p>L&#8217;utente accetta di non:<\/p>\n<ul>\n<li>Interferire o interrompere il Sito o i server;<\/li>\n<li>Tentare di ottenere un accesso non autorizzato a qualsiasi parte del Sito;<\/li>\n<li>Utilizzare il Sito per trasmettere malware, spam o qualsiasi codice dannoso;<\/li>\n<li>Reverse engineering, scraping o riproduzione di qualsiasi parte del Sito senza autorizzazione.<\/li>\n<\/ul>\n<ol start=\"6\">\n<li><strong> Link e contenuti di terze parti<\/strong><\/li>\n<\/ol>\n<p>Il Sito pu\u00f2 contenere link a siti web e contenuti di terzi. Non siamo responsabili per:<\/p>\n<ul>\n<li>La disponibilit\u00e0, l&#8217;accuratezza o il contenuto di siti esterni;<\/li>\n<li>Condizioni di terze parti, comprese le politiche sulla privacy e le pratiche di sicurezza;<\/li>\n<li>Qualsiasi transazione tra l&#8217;utente e una terza parte.<\/li>\n<\/ul>\n<p>L&#8217;utilizzo di siti web, contenuti e altre risorse di terze parti \u00e8 a rischio dell&#8217;utente.<\/p>\n<ol start=\"7\">\n<li><strong> Privacy e cookie<\/strong><\/li>\n<\/ol>\n<p>L&#8217;utilizzo del Sito da parte dell&#8217;utente \u00e8 inoltre soggetto alla nostra <a href=\"https:\/\/www.ninjaone.com\/it\/informativa-privacy\/\" target=\"_blank\" rel=\"noopener\">Informativa sulla privacy<\/a>, che spiega come raccogliamo, utilizziamo e condividiamo le informazioni, compresi i dati personali. Il Sito utilizza cookie e tecnologie di tracciamento simili per migliorare l&#8217;esperienza dell&#8217;utente e analizzare le prestazioni del sito. Per ulteriori informazioni sulle nostre pratiche di trattamento dei dati e sull&#8217;uso dei cookie, consultare la nostra <a href=\"https:\/\/www.ninjaone.com\/it\/informativa-privacy\/\" target=\"_blank\" rel=\"noopener\">Informativa sulla privacy<\/a>.<\/p>\n<ol start=\"8\">\n<li><strong> Feedback<\/strong><\/li>\n<\/ol>\n<p>Se l&#8217;utente invia commenti o suggerimenti relativi al Sito (&#8220;Feedback&#8221;), concede a NinjaOne una licenza non esclusiva, perpetua, irrevocabile e priva di royalty per l&#8217;utilizzo, la riproduzione e la distribuzione di tale Feedback per qualsiasi scopo. NinjaOne detiene esclusivamente tutti i diritti su e per qualsiasi contenuto o modifica apportata in relazione a tale Feedback.<\/p>\n<ol start=\"9\">\n<li><strong> Esclusioni di responsabilit\u00e0<\/strong><\/li>\n<\/ol>\n<p>IL SITO E IL SUO CONTENUTO SONO FORNITI &#8220;COS\u00cc COME SONO&#8221; E &#8220;COME DISPONIBILI&#8221; NINJAONE NON RICONOSCE ALCUNA GARANZIA, ESPRESSA O IMPLICITA, INCLUSE LA COMMERCIABILIT\u00c0, L&#8217;IDONEIT\u00c0 PER UNO SCOPO PARTICOLARE E LA NON VIOLAZIONE. NON GARANTIAMO CHE:<\/p>\n<ul>\n<li>IL SITO SAR\u00c0 ININTERROTTO O PRIVO DI ERRORI;<\/li>\n<li>IL SITO O IL SUO CONTENUTO SONO ACCURATI O AFFIDABILI;<\/li>\n<li>L&#8217;UTILIZZO DEL SITO SODDISFA LE ASPETTATIVE DELL\u2019UTENTE.<\/li>\n<\/ul>\n<p>L&#8217;USO DEL SITO \u00c8 A RISCHIO DELL&#8217;UTENTE.<\/p>\n<ol start=\"10\">\n<li><strong> Limitazione di responsabilit\u00e0<\/strong><\/li>\n<\/ol>\n<p>NELLA MISURA MASSIMA CONSENTITA DALLA LEGGE, NINJAONE NON SAR\u00c0 RESPONSABILE DI ALCUN DANNO DIRETTO, COMPENSATIVO, INDIRETTO, INCIDENTALE, SPECIALE, CONSEQUENZIALE O PUNITIVO, N\u00c9 DI ALCUNA PERDITA DI PROFITTI, DATI O UTILIZZO DERIVANTE DA O CORRELATA ALL&#8217;USO DEL SITO.<\/p>\n<p>ALCUNE GIURISDIZIONI NON CONSENTONO TALI LIMITAZIONI DI RESPONSABILIT\u00c0; IN TALI CASI, LA NOSTRA RESPONSABILIT\u00c0 \u00c8 LIMITATA NELLA MISURA MASSIMA CONSENTITA DALLA LEGGE.<\/p>\n<ol start=\"11\">\n<li><strong> Indennizzo<\/strong><\/li>\n<\/ol>\n<p>L&#8217;utente dovr\u00e0 indennizzare e tenere indenne NinjaOne e i suoi affiliati, direttori, funzionari, dipendenti, appaltatori, agenti e successori da e contro qualsiasi reclamo, danno o spesa (comprese le ragionevoli spese legali) derivanti dall&#8217;uso del Sito o dalla violazione dei presenti Termini da parte dell&#8217;utente.<\/p>\n<ol start=\"12\">\n<li><strong> Terminazione<\/strong><\/li>\n<\/ol>\n<p>Ci riserviamo il diritto di sospendere o interrompere l&#8217;accesso dell&#8217;utente al Sito a nostra discrezione, con o senza preavviso, per qualsiasi violazione dei presenti Termini o delle leggi applicabili, o se ci\u00f2 \u00e8 altrimenti appropriato o necessario a esclusiva discrezione di NinjaOne.<\/p>\n<ol start=\"13\">\n<li><strong> Conformit\u00e0 alle esportazioni<\/strong><\/li>\n<\/ol>\n<p>L&#8217;utente non pu\u00f2 utilizzare o esportare il Sito o il suo contenuto in violazione delle leggi statunitensi o di altre leggi applicabili in materia di esportazione o sanzioni commerciali. L&#8217;utente dichiara e garantisce di non trovarsi in, sotto il controllo di, n\u00e9 di essere cittadino o residente di alcun paese o persona soggetta a restrizioni in materia di controlli sulle esportazioni.<\/p>\n<ol start=\"14\">\n<li><strong> Legge applicabile e giurisdizione<\/strong><\/li>\n<\/ol>\n<p>Le presenti Condizioni sono disciplinate dalle leggi federali degli Stati Uniti e dalle leggi dello Stato del Texas. Qualsiasi procedimento legale derivante dalle prensenti Condizioni dovr\u00e0 essere portato davanti ai tribunali statali o federali situati nella Contea di Travis, Texas. L&#8217;utente acconsente alla giurisdizione e al foro competente di tali tribunali.<\/p>\n<ol start=\"15\">\n<li><strong> Marchi registrati<\/strong><\/li>\n<\/ol>\n<p>NinjaOne, LLC \u00e8 il proprietario esclusivo del marchio NinjaOne, nonch\u00e9 dei marchi di altri prodotti e servizi NinjaOne. Altri nomi di prodotti e societ\u00e0 presenti sul Sito possono essere marchi registrati dei rispettivi proprietari.<\/p>\n<ol start=\"16\">\n<li><strong> Privacy dei minori<\/strong><\/li>\n<\/ol>\n<p>Il Sito non \u00e8 destinato ai minori di 18 anni. Non raccogliamo consapevolmente informazioni personali di minori. Se hai meno di 18 anni, non utilizzare o inviare alcuna informazione al Sito.<\/p>\n<ol start=\"17\">\n<li><strong>Informazioni di contatto<\/strong><\/li>\n<\/ol>\n<p>In caso di domande sulle presenti Condizioni, preghiamo l\u2019utente di <a href=\"https:\/\/www.ninjaone.com\/it\/contatti\/\" target=\"_blank\" rel=\"noopener\">contattarci<\/a>.<\/p>\n","protected":false},"excerpt":{"rendered":"<p>Ultimo aggiornamento:&nbsp;24 luglio 2025 Benvenuti sul sito web di NinjaOne (il &#8220;Sito&#8221;). Il Sito \u00e8 stato sviluppato per essere utilizzato da clienti, potenziali clienti, partner, venditori, fornitori e dipendenti di NinjaOne, nonch\u00e9 da rappresentanti dei media. Le presenti Condizioni d&#8217;utilizzo (le &#8220;Condizioni&#8221;) regolano l&#8217;accesso e l&#8217;utilizzo del Sito da parte dell&#8217;utente e costituiscono un accordo [&hellip;]<\/p>\n","protected":false},"author":35,"featured_media":0,"parent":0,"menu_order":3257,"comment_status":"closed","ping_status":"closed","template":"","meta":{"_acf_changed":false,"_relevanssi_hide_post":"","_relevanssi_hide_content":"","_relevanssi_pin_for_all":"","_relevanssi_pin_keywords":"","_relevanssi_unpin_keywords":"","_relevanssi_related_keywords":"","_relevanssi_related_include_ids":"","_relevanssi_related_exclude_ids":"","_relevanssi_related_no_append":"","_relevanssi_related_not_related":"","_relevanssi_related_posts":"","_relevanssi_noindex_reason":"","_lmt_disableupdate":"no","_lmt_disable":"","footnotes":""},"class_list":["post-76527","page","type-page","status-publish","hentry"],"acf":[],"_links":{"self":[{"href":"https:\/\/www.ninjaone.com\/it\/wp-json\/wp\/v2\/pages\/76527","targetHints":{"allow":["GET"]}}],"collection":[{"href":"https:\/\/www.ninjaone.com\/it\/wp-json\/wp\/v2\/pages"}],"about":[{"href":"https:\/\/www.ninjaone.com\/it\/wp-json\/wp\/v2\/types\/page"}],"author":[{"embeddable":true,"href":"https:\/\/www.ninjaone.com\/it\/wp-json\/wp\/v2\/users\/35"}],"replies":[{"embeddable":true,"href":"https:\/\/www.ninjaone.com\/it\/wp-json\/wp\/v2\/comments?post=76527"}],"version-history":[{"count":0,"href":"https:\/\/www.ninjaone.com\/it\/wp-json\/wp\/v2\/pages\/76527\/revisions"}],"wp:attachment":[{"href":"https:\/\/www.ninjaone.com\/it\/wp-json\/wp\/v2\/media?parent=76527"}],"curies":[{"name":"wp","href":"https:\/\/api.w.org\/{rel}","templated":true}]}}