{"id":392602,"date":"2024-12-16T15:06:40","date_gmt":"2024-12-16T15:06:40","guid":{"rendered":"https:\/\/www.ninjaone.com\/?page_id=392602"},"modified":"2024-12-16T16:58:38","modified_gmt":"2024-12-16T16:58:38","slug":"iso-27001","status":"publish","type":"page","link":"https:\/\/www.ninjaone.com\/it\/iso-27001\/","title":{"rendered":"NinjaOne \u00e8 conforme alla norma ISO 27001"},"content":{"rendered":"\t\t<div data-elementor-type=\"wp-page\" data-elementor-id=\"392602\" class=\"elementor elementor-392602 elementor-391169\" data-elementor-post-type=\"page\">\n\t\t\t\t<main class=\"elementor-element elementor-element-914eec1 e-flex e-con-boxed e-con e-parent\" data-id=\"914eec1\" data-element_type=\"container\" data-e-type=\"container\">\n\t\t\t\t\t<div class=\"e-con-inner\">\n\t\t\t\t<div class=\"elementor-element elementor-element-9096c96 elementor-widget__width-inherit elementor-widget elementor-widget-heading\" data-id=\"9096c96\" data-element_type=\"widget\" data-e-type=\"widget\" data-widget_type=\"heading.default\">\n\t\t\t\t<div class=\"elementor-widget-container\">\n\t\t\t\t\t<h1 class=\"elementor-heading-title elementor-size-default\">NinjaOne \u00e8 conforme alla norma ISO 27001<\/h1>\t\t\t\t<\/div>\n\t\t\t\t<\/div>\n\t\t\t\t<div class=\"elementor-element elementor-element-e7269df elementor-widget elementor-widget-text-editor\" data-id=\"e7269df\" data-element_type=\"widget\" data-e-type=\"widget\" data-widget_type=\"text-editor.default\">\n\t\t\t\t<div class=\"elementor-widget-container\">\n\t\t\t\t\t\t\t\t\t<h2>Che cos&#8217;\u00e8 la ISO 27001?<\/h2>\n<p>ISO 27001 \u00e8 uno standard internazionale incentrato sulla sicurezza delle informazioni. Definisce controlli rigorosi per proteggere la riservatezza, l&#8217;integrit\u00e0 e la disponibilit\u00e0 dei dati. La norma ISO 27001 assicura che organizzazioni come NinjaOne mantengano i pi\u00f9 alti livelli di sicurezza, dalla protezione dei dati alla gestione delle minacce.<\/p>\n<h2>In che modo NinjaOne pu\u00f2 aiutarti?<\/h2>\n<p>Indipendentemente dal settore in cui operi, il software che utilizzi \u00e8 importante per mantenere la sicurezza e l&#8217;integrit\u00e0 dei dati. La piattaforma completa di gestione degli endpoint di NinjaOne offre diverse soluzioni basate sul cloud per aiutare gli MSP e i team IT a migliorare le proprie attivit\u00e0 di conformit\u00e0, contribuendo al contempo a far progredire il loro business.<\/p>\n<p>In qualit\u00e0 di fornitore certificato ISO 27001, NinjaOne mantiene il suo obiettivo per il successo dei clienti, a partire dalla salvaguardia dei loro dati. Questa certificazione garantisce che gli standard riconosciuti a livello internazionale proteggano i tuoi dati. Che si tratti di un MSP o di un team IT interno, la nostra certificazione ISO 27001 significa che la tua organizzazione pu\u00f2 contare su NinjaOne per proteggere i tuoi dati pi\u00f9 critici.<\/p>\n<h2>Soluzioni che aiutano a proteggere i tuoi dati<\/h2>\n<p><strong>Gestione degli endpoint<\/strong> &#8211; La soluzione endpoint all-in-one e di facile utilizzo di NinjaOne aiuta a monitorare, supportare e controllare i tuoi endpoint, dagli smartphone ai server, indipendentemente dal loro sistema operativo. Riduci al minimo i tempi di inattivit\u00e0 e migliora la produttivit\u00e0 dei dipendenti.<\/p>\n<p><strong>Gestione delle patch<\/strong> &#8211; Proteggi gli endpoint remoti e ibridi con la gestione automatizzata e multipiattaforma delle patch. Migliora la gestione delle patch zero-day e dei problemi con un controllo granulare supportato da avvisi e punteggi CVE\/CVSS. Distribuisci le patch a qualsiasi endpoint connesso, indipendentemente dalla sua posizione.<\/p>\n<p><strong>Gestione dei dispositivi mobili<\/strong> &#8211; Gestisci i dispositivi mobili Android e Apple su tutti i sistemi operativi, il tutto in un&#8217;unica console intuitiva. Assicurati che gli utenti rimangano sicuri e produttivi con il monitoraggio dell&#8217;inventario, la facilit\u00e0 di provisioning, la gestione della configurazione e la risoluzione dei problemi da remoto.<\/p>\n<p><strong>Backup<\/strong> &#8211; Progettato per il recupero da ransomware, i backup sono crittografati nel cloud, localmente e in transito, e richiedono la riautenticazione, l&#8217;MFA e la conferma di qualsiasi eliminazione.  Utilizza lo strumento di backup per qualsiasi sistema operativo Windows o Mac, file e cartelle e\/o immagini.<\/p>\n<h2>Aspetti chiave della conformit\u00e0 ISO 27001<\/h2>\n<p>Uno dei principali obiettivi della norma ISO27001 \u00e8 la creazione di un ISMS (sistema di gestione della sicurezza delle informazioni). Le soluzioni NinjaOne e i prodotti di sicurezza integrati, come il rilevamento e la risposta degli endpoint e il rilevamento e la risposta gestiti, sono strumenti potenti per supportare gli MSP e i team IT nella creazione e nel mantenimento del propri ISMS. Le soluzioni NinjaOne consentono agli MSP e ai team IT di lavorare per raggiungere i seguenti aspetti chiave della conformit\u00e0 ISO 27001:<\/p>\n<ul>\n<li><strong>Gestione del rischio:<\/strong>\u202fIdentifica, valuta e riduci i rischi per le risorse informatiche della tua organizzazione.<\/li>\n<li><strong>Policy di sicurezza delle informazioni:<\/strong>\u202fSviluppa e implementa policy che regolino la protezione delle informazioni all&#8217;interno dell&#8217;organizzazione.<\/li>\n<li><strong>Risposta agli incidenti:<\/strong>\u202fStabilisci procedure per rilevare, rispondere e recuperare efficacemente gli incidenti di sicurezza delle informazioni.<\/li>\n<li><strong>Miglioramento continuo:<\/strong>\u202fVerifica e aggiorna regolarmente l&#8217;ISMS per affrontare le minacce emergenti e garantire la conformit\u00e0 continua.<\/li>\n<\/ul>\n\t\t\t\t\t\t\t\t<\/div>\n\t\t\t\t<\/div>\n\t\t\t\t\t<\/div>\n\t\t\t\t<\/main>\n\t\t\t\t<\/div>\n\t\t","protected":false},"excerpt":{"rendered":"<p>Che cos&#8217;\u00e8 la ISO 27001? ISO 27001 \u00e8 uno standard internazionale incentrato sulla sicurezza delle informazioni. Definisce controlli rigorosi per proteggere la riservatezza, l&#8217;integrit\u00e0 e la disponibilit\u00e0 dei dati. La norma ISO 27001 assicura che organizzazioni come NinjaOne mantengano i pi\u00f9 alti livelli di sicurezza, dalla protezione dei dati alla gestione delle minacce. In che [&hellip;]<\/p>\n","protected":false},"author":47,"featured_media":0,"parent":0,"menu_order":3582,"comment_status":"closed","ping_status":"closed","template":"elementor_header_footer","meta":{"_acf_changed":false,"_relevanssi_hide_post":"","_relevanssi_hide_content":"","_relevanssi_pin_for_all":"","_relevanssi_pin_keywords":"","_relevanssi_unpin_keywords":"","_relevanssi_related_keywords":"","_relevanssi_related_include_ids":"","_relevanssi_related_exclude_ids":"","_relevanssi_related_no_append":"","_relevanssi_related_not_related":"","_relevanssi_related_posts":"","_relevanssi_noindex_reason":"Rank Math Relevanssi index exclude","_lmt_disableupdate":"no","_lmt_disable":"","footnotes":""},"class_list":["post-392602","page","type-page","status-publish","hentry"],"acf":[],"_links":{"self":[{"href":"https:\/\/www.ninjaone.com\/it\/wp-json\/wp\/v2\/pages\/392602","targetHints":{"allow":["GET"]}}],"collection":[{"href":"https:\/\/www.ninjaone.com\/it\/wp-json\/wp\/v2\/pages"}],"about":[{"href":"https:\/\/www.ninjaone.com\/it\/wp-json\/wp\/v2\/types\/page"}],"author":[{"embeddable":true,"href":"https:\/\/www.ninjaone.com\/it\/wp-json\/wp\/v2\/users\/47"}],"replies":[{"embeddable":true,"href":"https:\/\/www.ninjaone.com\/it\/wp-json\/wp\/v2\/comments?post=392602"}],"version-history":[{"count":0,"href":"https:\/\/www.ninjaone.com\/it\/wp-json\/wp\/v2\/pages\/392602\/revisions"}],"wp:attachment":[{"href":"https:\/\/www.ninjaone.com\/it\/wp-json\/wp\/v2\/media?parent=392602"}],"curies":[{"name":"wp","href":"https:\/\/api.w.org\/{rel}","templated":true}]}}