{"id":277403,"date":"2024-06-19T15:14:17","date_gmt":"2024-06-19T15:14:17","guid":{"rendered":"https:\/\/www.ninjaone.com\/?page_id=277403"},"modified":"2024-08-29T17:18:52","modified_gmt":"2024-08-29T17:18:52","slug":"webinar-mdm-una-console-per-gestire-tutto","status":"publish","type":"page","link":"https:\/\/www.ninjaone.com\/it\/webinar-mdm-una-console-per-gestire-tutto\/","title":{"rendered":"Webinar MDM"},"content":{"rendered":"\t\t<div data-elementor-type=\"wp-page\" data-elementor-id=\"277403\" class=\"elementor elementor-277403 elementor-276061\" data-elementor-post-type=\"page\">\n\t\t\t\t<div class=\"elementor-element elementor-element-e29f889 e-flex e-con-boxed e-con e-parent\" data-id=\"e29f889\" data-element_type=\"container\" data-e-type=\"container\">\n\t\t\t\t\t<div class=\"e-con-inner\">\n\t\t<div class=\"elementor-element elementor-element-76f1303 e-con-full e-flex e-con e-child\" data-id=\"76f1303\" data-element_type=\"container\" data-e-type=\"container\">\n\t\t\t\t<div class=\"elementor-element elementor-element-e3df82b elementor-widget elementor-widget-heading\" data-id=\"e3df82b\" data-element_type=\"widget\" data-e-type=\"widget\" data-widget_type=\"heading.default\">\n\t\t\t\t<div class=\"elementor-widget-container\">\n\t\t\t\t\t<h1 class=\"elementor-heading-title elementor-size-default\">Una console per gestire tutto: dai dispositivi mobili ai server<\/h1>\t\t\t\t<\/div>\n\t\t\t\t<\/div>\n\t\t\t\t<div class=\"elementor-element elementor-element-badcab7 elementor-widget__width-inherit elementor-widget elementor-widget-text-editor\" data-id=\"badcab7\" data-element_type=\"widget\" data-e-type=\"widget\" data-widget_type=\"text-editor.default\">\n\t\t\t\t<div class=\"elementor-widget-container\">\n\t\t\t\t\t\t\t\t\t<p>(Webinar &#8211; 9 luglio, ore 10.00 EST e 19.00 EST)<\/p>\n\t\t\t\t\t\t\t\t<\/div>\n\t\t\t\t<\/div>\n\t\t\t\t<\/div>\n\t\t<div class=\"elementor-element elementor-element-ce8c432 e-con-full e-flex e-con e-child\" data-id=\"ce8c432\" data-element_type=\"container\" data-e-type=\"container\">\n\t\t\t\t<div class=\"elementor-element elementor-element-dd366d5 elementor-widget elementor-widget-heading\" data-id=\"dd366d5\" data-element_type=\"widget\" data-e-type=\"widget\" data-widget_type=\"heading.default\">\n\t\t\t\t<div class=\"elementor-widget-container\">\n\t\t\t\t\t<h2 class=\"elementor-heading-title elementor-size-default\">Registrati al webinar<\/h2>\t\t\t\t<\/div>\n\t\t\t\t<\/div>\n\t\t\t\t<div class=\"elementor-element elementor-element-aed41dc elementor-widget elementor-widget-image\" data-id=\"aed41dc\" data-element_type=\"widget\" data-e-type=\"widget\" data-widget_type=\"image.default\">\n\t\t\t\t<div class=\"elementor-widget-container\">\n\t\t\t\t\t\t\t\t\t\t\t\t\t\t\t\t<a href=\"https:\/\/events.zoom.us\/ev\/AqDfK7izRe_3xyDIqpRfyYHywYLjY0ItE1ev9u-KbKOTmBOdOm8n~An_91pzzOD_QMSkk5awDHjD3RWotiAx9PQ6kJTVHZrf-16FLbFR-vM6SRtdx4Vfyi-FDUOv6Lk6A0tWdPCBMtVEHYA\" target=\"_blank\" rel=\"noopener\">\n\t\t\t\t\t\t\t<img fetchpriority=\"high\" decoding=\"async\" width=\"1920\" height=\"1080\" src=\"https:\/\/www.ninjaone.com\/wp-content\/uploads\/2024\/06\/N1-1126-1920x1080-ITA-1.png\" class=\" attachment-full size-full wp-image-277757\" alt=\"\" srcset=\"https:\/\/www.ninjaone.com\/wp-content\/uploads\/2024\/06\/N1-1126-1920x1080-ITA-1.png 1920w, https:\/\/www.ninjaone.com\/wp-content\/uploads\/2024\/06\/N1-1126-1920x1080-ITA-1-300x169.png 300w, https:\/\/www.ninjaone.com\/wp-content\/uploads\/2024\/06\/N1-1126-1920x1080-ITA-1-1024x576.png 1024w, https:\/\/www.ninjaone.com\/wp-content\/uploads\/2024\/06\/N1-1126-1920x1080-ITA-1-768x432.png 768w, https:\/\/www.ninjaone.com\/wp-content\/uploads\/2024\/06\/N1-1126-1920x1080-ITA-1-1536x864.png 1536w\" sizes=\"(max-width: 1920px) 100vw, 1920px\" title=\"N1-1126 1920x1080 ITA\" \/>\t\t\t\t\t\t\t\t<\/a>\n\t\t\t\t\t\t\t\t\t\t\t\t\t\t\t<\/div>\n\t\t\t\t<\/div>\n\t\t<div class=\"elementor-element elementor-element-97b92d0 e-grid e-con-boxed e-con e-child\" data-id=\"97b92d0\" data-element_type=\"container\" data-e-type=\"container\">\n\t\t\t\t\t<div class=\"e-con-inner\">\n\t\t\t\t<div class=\"elementor-element elementor-element-8b3d87a elementor-widget__width-auto elementor-button-default elementor-widget elementor-widget-button\" data-id=\"8b3d87a\" data-element_type=\"widget\" data-e-type=\"widget\" data-widget_type=\"button.default\">\n\t\t\t\t<div class=\"elementor-widget-container\">\n\t\t\t\t\t\t\t\t\t<div class=\"elementor-button-wrapper\">\n\t\t\t\t\t<a class=\"elementor-button elementor-button-link elementor-size-md\" href=\"https:\/\/events.zoom.us\/ev\/AqDfK7izRe_3xyDIqpRfyYHywYLjY0ItE1ev9u-KbKOTmBOdOm8n~An_91pzzOD_QMSkk5awDHjD3RWotiAx9PQ6kJTVHZrf-16FLbFR-vM6SRtdx4Vfyi-FDUOv6Lk6A0tWdPCBMtVEHYA\" target=\"_blank\" rel=\"noopener\">\n\t\t\t\t\t\t<span class=\"elementor-button-content-wrapper\">\n\t\t\t\t\t\t\t\t\t<span class=\"elementor-button-text\">Registrati - 9 luglio, alle 10:00 EST<\/span>\n\t\t\t\t\t<\/span>\n\t\t\t\t\t<\/a>\n\t\t\t\t<\/div>\n\t\t\t\t\t\t\t\t<\/div>\n\t\t\t\t<\/div>\n\t\t\t\t<div class=\"elementor-element elementor-element-3b67aa0 elementor-widget__width-auto elementor-button-secondary elementor-widget elementor-widget-button\" data-id=\"3b67aa0\" data-element_type=\"widget\" data-e-type=\"widget\" data-widget_type=\"button.default\">\n\t\t\t\t<div class=\"elementor-widget-container\">\n\t\t\t\t\t\t\t\t\t<div class=\"elementor-button-wrapper\">\n\t\t\t\t\t<a class=\"elementor-button elementor-button-link elementor-size-md\" href=\"https:\/\/ninjarmm.zoom.us\/webinar\/register\/WN_XkPkWDR2RMe-IqoCEshMcQ#\/registration\" target=\"_blank\" rel=\"noopener\">\n\t\t\t\t\t\t<span class=\"elementor-button-content-wrapper\">\n\t\t\t\t\t\t\t\t\t<span class=\"elementor-button-text\">Registrati - 9 luglio, alle 19:00 EST<\/span>\n\t\t\t\t\t<\/span>\n\t\t\t\t\t<\/a>\n\t\t\t\t<\/div>\n\t\t\t\t\t\t\t\t<\/div>\n\t\t\t\t<\/div>\n\t\t\t\t<div class=\"elementor-element elementor-element-2e19d08 elementor-widget__width-auto elementor-button-default elementor-widget elementor-widget-button\" data-id=\"2e19d08\" data-element_type=\"widget\" data-e-type=\"widget\" data-widget_type=\"button.default\">\n\t\t\t\t<div class=\"elementor-widget-container\">\n\t\t\t\t\t\t\t\t\t<div class=\"elementor-button-wrapper\">\n\t\t\t\t\t<a class=\"elementor-button elementor-button-link elementor-size-md\" href=\"https:\/\/ninjarmm.zoom.us\/webinar\/register\/1017192346772\/WN_XkPkWDR2RMe-IqoCEshMcQ\" target=\"_blank\" rel=\"noopener\">\n\t\t\t\t\t\t<span class=\"elementor-button-content-wrapper\">\n\t\t\t\t\t\t\t\t\t<span class=\"elementor-button-text\">Registrati - 9 luglio alle 13:00 CEST - spagnolo<\/span>\n\t\t\t\t\t<\/span>\n\t\t\t\t\t<\/a>\n\t\t\t\t<\/div>\n\t\t\t\t\t\t\t\t<\/div>\n\t\t\t\t<\/div>\n\t\t\t\t<div class=\"elementor-element elementor-element-35421c8 elementor-widget__width-auto elementor-button-secondary elementor-widget elementor-widget-button\" data-id=\"35421c8\" data-element_type=\"widget\" data-e-type=\"widget\" data-widget_type=\"button.default\">\n\t\t\t\t<div class=\"elementor-widget-container\">\n\t\t\t\t\t\t\t\t\t<div class=\"elementor-button-wrapper\">\n\t\t\t\t\t<a class=\"elementor-button elementor-button-link elementor-size-md\" href=\"https:\/\/ninjarmm.zoom.us\/webinar\/register\/WN_rNqYjcBARmSNidr5EcBsxA#\/registration\" target=\"_blank\" rel=\"noopener\">\n\t\t\t\t\t\t<span class=\"elementor-button-content-wrapper\">\n\t\t\t\t\t\t\t\t\t<span class=\"elementor-button-text\">Registrati - 9 luglio, alle 15:00 CEST - tedesco<\/span>\n\t\t\t\t\t<\/span>\n\t\t\t\t\t<\/a>\n\t\t\t\t<\/div>\n\t\t\t\t\t\t\t\t<\/div>\n\t\t\t\t<\/div>\n\t\t\t\t<div class=\"elementor-element elementor-element-a34d9b6 elementor-widget__width-auto elementor-button-default elementor-widget elementor-widget-button\" data-id=\"a34d9b6\" data-element_type=\"widget\" data-e-type=\"widget\" data-widget_type=\"button.default\">\n\t\t\t\t<div class=\"elementor-widget-container\">\n\t\t\t\t\t\t\t\t\t<div class=\"elementor-button-wrapper\">\n\t\t\t\t\t<a class=\"elementor-button elementor-button-link elementor-size-md\" href=\"https:\/\/ninjarmm.zoom.us\/webinar\/register\/3017028920445\/WN_avKnSYiDTTu25NTEpsbpGA#\/registration\" target=\"_blank\" rel=\"noopener\">\n\t\t\t\t\t\t<span class=\"elementor-button-content-wrapper\">\n\t\t\t\t\t\t\t\t\t<span class=\"elementor-button-text\">Registrati - 11 luglio, alle 16:30 CEST - francese<\/span>\n\t\t\t\t\t<\/span>\n\t\t\t\t\t<\/a>\n\t\t\t\t<\/div>\n\t\t\t\t\t\t\t\t<\/div>\n\t\t\t\t<\/div>\n\t\t\t\t<div class=\"elementor-element elementor-element-5efe784 elementor-widget__width-auto elementor-button-secondary elementor-widget elementor-widget-button\" data-id=\"5efe784\" data-element_type=\"widget\" data-e-type=\"widget\" data-widget_type=\"button.default\">\n\t\t\t\t<div class=\"elementor-widget-container\">\n\t\t\t\t\t\t\t\t\t<div class=\"elementor-button-wrapper\">\n\t\t\t\t\t<a class=\"elementor-button elementor-button-link elementor-size-md\" href=\"https:\/\/ninjarmm.zoom.us\/webinar\/register\/WN_paRLYfuETK6fUkd-UuUkGQ#\/registration\" target=\"_blank\" rel=\"noopener\">\n\t\t\t\t\t\t<span class=\"elementor-button-content-wrapper\">\n\t\t\t\t\t\t\t\t\t<span class=\"elementor-button-text\">Registrazione - 11 luglio, alle 12:00 CEST - italiano<\/span>\n\t\t\t\t\t<\/span>\n\t\t\t\t\t<\/a>\n\t\t\t\t<\/div>\n\t\t\t\t\t\t\t\t<\/div>\n\t\t\t\t<\/div>\n\t\t\t\t\t<\/div>\n\t\t\t\t<\/div>\n\t\t\t\t<\/div>\n\t\t<div class=\"elementor-element elementor-element-0069e71 e-con-full e-flex e-con e-child\" data-id=\"0069e71\" data-element_type=\"container\" data-e-type=\"container\">\n\t\t\t\t<div class=\"elementor-element elementor-element-6c88287 elementor-widget__width-inherit elementor-widget elementor-widget-heading\" data-id=\"6c88287\" data-element_type=\"widget\" data-e-type=\"widget\" data-widget_type=\"heading.default\">\n\t\t\t\t<div class=\"elementor-widget-container\">\n\t\t\t\t\t<h2 class=\"elementor-heading-title elementor-size-default\">Informazioni sul webinar<\/h2>\t\t\t\t<\/div>\n\t\t\t\t<\/div>\n\t\t\t\t<div class=\"elementor-element elementor-element-b26595b elementor-widget__width-inherit elementor-widget elementor-widget-text-editor\" data-id=\"b26595b\" data-element_type=\"widget\" data-e-type=\"widget\" data-widget_type=\"text-editor.default\">\n\t\t\t\t<div class=\"elementor-widget-container\">\n\t\t\t\t\t\t\t\t\t<p>L&#8217;uso di dispositivi mobili nel moderno ambiente di lavoro distribuito \u00e8 ormai la norma. Offrono ampia connettivit\u00e0, potenza di calcolo e facilit\u00e0 d&#8217;uso, ma i dispositivi mobili non gestiti possono anche causare frustrazione negli utenti e aumentare la superficie di attacco di un&#8217;organizzazione. Fortunatamente, NinjaOne risolve questo problema. Siamo entusiasti di annunciare il lancio ufficiale di NinjaOne Mobile Device Management (MDM). Estensione naturale della nostra piattaforma di endpoint management classificata al primo posto nella sua categoria, NinjaOne MDM aiuta le organizzazioni IT a ridurre i costi e la complessit\u00e0 e a migliorare la sicurezza, consentendo una gestione efficiente dei dispositivi mobili Android e Apple, oltre a quelli Windows, macOS, Linux, alle virtual machine e ai dispositivi di rete, il tutto in un&#8217;unica console di facile utilizzo. Ti sembra interessante?<\/p>\n<p>Unisciti agli esperti di prodotto di NinjaOne, che interverranno e dimostreranno come NinjaOne MDM consenta alle organizzazioni IT di ogni dimensione e livello di esperienza di:<\/p>\n<ul>\n<li>Gestire, supportare e proteggere i dispositivi mobili<\/li>\n<li>Centralizzare la tecnologia per ridurre costi e complessit\u00e0<\/li>\n<li>Migliorare l&#8217;efficienza IT e la qualit\u00e0 del servizio con una piattaforma facile da imparare e da usare<\/li>\n<\/ul>\n<p>Scopri in prima persona il valore offerto da NinjaOne MDM nella gestione dei dispositivi e delle applicazioni, e nelle azioni remote, per dispositivi mobili Apple e Android. Se sei alle prese con dispositivi mobili non gestiti o stai pensando di ottimizzare il tuo stack tecnologico, questa \u00e8 una sessione da non perdere!<\/p>\t\t\t\t\t\t\t\t<\/div>\n\t\t\t\t<\/div>\n\t\t\t\t<\/div>\n\t\t\t\t\t<\/div>\n\t\t\t\t<\/div>\n\t\t<div class=\"elementor-element elementor-element-11a8ec5 e-con-full e-flex e-con e-parent\" data-id=\"11a8ec5\" data-element_type=\"container\" data-e-type=\"container\">\n\t\t\t\t<div class=\"elementor-element elementor-element-cbb45f1 elementor-widget elementor-widget-template\" data-id=\"cbb45f1\" data-element_type=\"widget\" data-e-type=\"widget\" data-widget_type=\"template.default\">\n\t\t\t\t<div class=\"elementor-widget-container\">\n\t\t\t\t\t\t\t<div class=\"elementor-template\">\n\t\t\t\t\t<div data-elementor-type=\"section\" data-elementor-id=\"530598\" class=\"elementor elementor-530598 elementor-53252 elementor-53252\" data-elementor-post-type=\"elementor_library\">\n\t\t\t<div class=\"elementor-element elementor-element-118f865 badges expand e-flex e-con-boxed e-con e-parent\" data-id=\"118f865\" data-element_type=\"container\" data-e-type=\"container\">\n\t\t\t\t\t<div class=\"e-con-inner\">\n\t\t\t\t<div class=\"elementor-element elementor-element-0a2450f elementor-widget elementor-widget-shortcode\" data-id=\"0a2450f\" data-element_type=\"widget\" data-e-type=\"widget\" data-widget_type=\"shortcode.default\">\n\t\t\t\t<div class=\"elementor-widget-container\">\n\t\t\t\t\t\t\t<div class=\"elementor-shortcode\"><img decoding=\"async\" width=\"92\" height=\"106\" src=\"https:\/\/www.ninjaone.com\/wp-content\/uploads\/2026\/03\/g2-leader-spring-2026.svg\" class=\"attachment-full size-full\" alt=\"G2 Leader - Spring 2026\" title=\"g2-leader-spring-2026\" \/><\/div>\n\t\t\t\t\t\t<\/div>\n\t\t\t\t<\/div>\n\t\t\t\t<div class=\"elementor-element elementor-element-530c0a6 elementor-widget elementor-widget-shortcode\" data-id=\"530c0a6\" data-element_type=\"widget\" data-e-type=\"widget\" data-widget_type=\"shortcode.default\">\n\t\t\t\t<div class=\"elementor-widget-container\">\n\t\t\t\t\t\t\t<div class=\"elementor-shortcode\"><img decoding=\"async\" width=\"92\" height=\"106\" src=\"https:\/\/www.ninjaone.com\/wp-content\/uploads\/2026\/03\/g2-best-results-spring-2026.svg\" class=\"attachment-full size-full\" alt=\"G2 Best Results - Spring 2026\" title=\"g2-best-results-spring-2026\" \/><\/div>\n\t\t\t\t\t\t<\/div>\n\t\t\t\t<\/div>\n\t\t\t\t<div class=\"elementor-element elementor-element-3696d1f elementor-widget elementor-widget-shortcode\" data-id=\"3696d1f\" data-element_type=\"widget\" data-e-type=\"widget\" data-widget_type=\"shortcode.default\">\n\t\t\t\t<div class=\"elementor-widget-container\">\n\t\t\t\t\t\t\t<div class=\"elementor-shortcode\"><img loading=\"lazy\" decoding=\"async\" width=\"92\" height=\"106\" src=\"https:\/\/www.ninjaone.com\/wp-content\/uploads\/2026\/03\/g2-most-implementable-spring-2026.svg\" class=\"attachment-full size-full\" alt=\"G2 Most Implementable - Spring 2026\" title=\"g2-most-implementable-spring-2026\" \/><\/div>\n\t\t\t\t\t\t<\/div>\n\t\t\t\t<\/div>\n\t\t\t\t<div class=\"elementor-element elementor-element-5f0b520 elementor-widget elementor-widget-shortcode\" data-id=\"5f0b520\" data-element_type=\"widget\" data-e-type=\"widget\" data-widget_type=\"shortcode.default\">\n\t\t\t\t<div class=\"elementor-widget-container\">\n\t\t\t\t\t\t\t<div class=\"elementor-shortcode\"><img loading=\"lazy\" decoding=\"async\" width=\"92\" height=\"106\" src=\"https:\/\/www.ninjaone.com\/wp-content\/uploads\/2026\/03\/g2-best-relationship-spring-2026.svg\" class=\"attachment-full size-full\" alt=\"G2\" title=\"g2-best-relationship-spring-2026\" \/><\/div>\n\t\t\t\t\t\t<\/div>\n\t\t\t\t<\/div>\n\t\t\t\t<div class=\"elementor-element elementor-element-c1aea07 elementor-widget elementor-widget-shortcode\" data-id=\"c1aea07\" data-element_type=\"widget\" data-e-type=\"widget\" data-widget_type=\"shortcode.default\">\n\t\t\t\t<div class=\"elementor-widget-container\">\n\t\t\t\t\t\t\t<div class=\"elementor-shortcode\"><img loading=\"lazy\" decoding=\"async\" width=\"92\" height=\"106\" src=\"https:\/\/www.ninjaone.com\/wp-content\/uploads\/2026\/03\/g2-momentum-leader-spring-2026.svg\" class=\"attachment-full size-full\" alt=\"G2 Momentum Leader - Spring 2026\" title=\"g2-momentum-leader-spring-2026\" \/><\/div>\n\t\t\t\t\t\t<\/div>\n\t\t\t\t<\/div>\n\t\t\t\t<div class=\"elementor-element elementor-element-5a2591a elementor-widget elementor-widget-shortcode\" data-id=\"5a2591a\" data-element_type=\"widget\" data-e-type=\"widget\" data-widget_type=\"shortcode.default\">\n\t\t\t\t<div class=\"elementor-widget-container\">\n\t\t\t\t\t\t\t<div class=\"elementor-shortcode\"><img loading=\"lazy\" decoding=\"async\" width=\"92\" height=\"106\" src=\"https:\/\/www.ninjaone.com\/wp-content\/uploads\/2026\/03\/g2-best-usability-enterprise-spring-2026.svg\" class=\"attachment-full size-full\" alt=\"G2 Best Usability - Enterprise - Spring 2026\" title=\"g2-best-usability-enterprise-spring-2026\" \/><\/div>\n\t\t\t\t\t\t<\/div>\n\t\t\t\t<\/div>\n\t\t\t\t<div class=\"elementor-element elementor-element-78fac10 elementor-widget elementor-widget-shortcode\" data-id=\"78fac10\" data-element_type=\"widget\" data-e-type=\"widget\" data-widget_type=\"shortcode.default\">\n\t\t\t\t<div class=\"elementor-widget-container\">\n\t\t\t\t\t\t\t<div class=\"elementor-shortcode\"><img loading=\"lazy\" decoding=\"async\" width=\"92\" height=\"106\" src=\"https:\/\/www.ninjaone.com\/wp-content\/uploads\/2026\/03\/g2-high-performer-enterprise-spring-2026.svg\" class=\"attachment-full size-full\" alt=\"G2 High Performer - Enterprise - Spring 2026\" title=\"g2-high-performer-enterprise-spring-2026\" \/><\/div>\n\t\t\t\t\t\t<\/div>\n\t\t\t\t<\/div>\n\t\t\t\t\t<\/div>\n\t\t\t\t<\/div>\n\t\t\t\t<\/div>\n\t\t\t\t<\/div>\n\t\t\t\t\t\t<\/div>\n\t\t\t\t<\/div>\n\t\t\t\t<\/div>\n\t\t\t\t<\/div>\n\t\t","protected":false},"excerpt":{"rendered":"<p>Una console per gestire tutto: dai dispositivi mobili ai server (Webinar &#8211; 9 luglio, ore 10.00 EST e 19.00 EST) Registrati al webinar Registrati &#8211; 9 luglio, alle 10:00 EST Registrati &#8211; 9 luglio, alle 19:00 EST Registrati &#8211; 9 luglio alle 13:00 CEST &#8211; spagnolo Registrati &#8211; 9 luglio, alle 15:00 CEST &#8211; tedesco [&hellip;]<\/p>\n","protected":false},"author":47,"featured_media":276097,"parent":0,"menu_order":3860,"comment_status":"closed","ping_status":"closed","template":"","meta":{"_acf_changed":false,"_relevanssi_hide_post":"","_relevanssi_hide_content":"","_relevanssi_pin_for_all":"","_relevanssi_pin_keywords":"","_relevanssi_unpin_keywords":"","_relevanssi_related_keywords":"","_relevanssi_related_include_ids":"","_relevanssi_related_exclude_ids":"","_relevanssi_related_no_append":"","_relevanssi_related_not_related":"","_relevanssi_related_posts":"","_relevanssi_noindex_reason":"","_lmt_disableupdate":"no","_lmt_disable":"","footnotes":""},"class_list":["post-277403","page","type-page","status-publish","has-post-thumbnail","hentry"],"acf":[],"_links":{"self":[{"href":"https:\/\/www.ninjaone.com\/it\/wp-json\/wp\/v2\/pages\/277403","targetHints":{"allow":["GET"]}}],"collection":[{"href":"https:\/\/www.ninjaone.com\/it\/wp-json\/wp\/v2\/pages"}],"about":[{"href":"https:\/\/www.ninjaone.com\/it\/wp-json\/wp\/v2\/types\/page"}],"author":[{"embeddable":true,"href":"https:\/\/www.ninjaone.com\/it\/wp-json\/wp\/v2\/users\/47"}],"replies":[{"embeddable":true,"href":"https:\/\/www.ninjaone.com\/it\/wp-json\/wp\/v2\/comments?post=277403"}],"version-history":[{"count":0,"href":"https:\/\/www.ninjaone.com\/it\/wp-json\/wp\/v2\/pages\/277403\/revisions"}],"wp:featuredmedia":[{"embeddable":true,"href":"https:\/\/www.ninjaone.com\/it\/wp-json\/wp\/v2\/media\/276097"}],"wp:attachment":[{"href":"https:\/\/www.ninjaone.com\/it\/wp-json\/wp\/v2\/media?parent=277403"}],"curies":[{"name":"wp","href":"https:\/\/api.w.org\/{rel}","templated":true}]}}