{"id":174957,"date":"2023-11-22T04:30:48","date_gmt":"2023-11-22T04:30:48","guid":{"rendered":"https:\/\/www.ninjaone.com\/?page_id=174957"},"modified":"2024-05-02T10:31:42","modified_gmt":"2024-05-02T10:31:42","slug":"hipaa","status":"publish","type":"page","link":"https:\/\/www.ninjaone.com\/it\/hipaa\/","title":{"rendered":"HIPAA"},"content":{"rendered":"\t\t<div data-elementor-type=\"wp-page\" data-elementor-id=\"174957\" class=\"elementor elementor-174957 elementor-76479\" data-elementor-post-type=\"page\">\n\t\t\t\t<main class=\"elementor-element elementor-element-e2bdd51 e-flex e-con-boxed e-con e-parent\" data-id=\"e2bdd51\" data-element_type=\"container\" data-e-type=\"container\" data-settings=\"{&quot;background_background&quot;:&quot;classic&quot;}\">\n\t\t\t\t\t<div class=\"e-con-inner\">\n\t\t\t\t<div class=\"elementor-element elementor-element-c9eee7c elementor-widget-tablet__width-initial no-lazyload elementor-widget elementor-widget-image\" data-id=\"c9eee7c\" data-element_type=\"widget\" data-e-type=\"widget\" data-widget_type=\"image.default\">\n\t\t\t\t<div class=\"elementor-widget-container\">\n\t\t\t\t\t\t\t\t\t\t\t\t\t\t\t<img decoding=\"async\" class=\"\" src=\"https:\/\/www.ninjaone.com\/wp-content\/uploads\/elementor\/thumbs\/25d6d3ec-hipaa_02x02m02x02m000000-r6p4sx0xeo9xestikp0ku3i7wn2snb28512x9ez6y4.png\" title=\"25d6d3ec-hipaa_02x02m02x02m000000\" alt=\"HIPAA\" loading=\"lazy\" \/>\t\t\t\t\t\t\t\t\t\t\t\t\t\t\t<\/div>\n\t\t\t\t<\/div>\n\t\t\t\t<div class=\"elementor-element elementor-element-3a33942 elementor-widget elementor-widget-heading\" data-id=\"3a33942\" data-element_type=\"widget\" data-e-type=\"widget\" data-widget_type=\"heading.default\">\n\t\t\t\t<div class=\"elementor-widget-container\">\n\t\t\t\t\t<h1 class=\"elementor-heading-title elementor-size-default\">Accesso remoto, backup e software RMM conformi a HIPAA<\/h1>\t\t\t\t<\/div>\n\t\t\t\t<\/div>\n\t\t\t\t\t<\/div>\n\t\t\t\t<\/main>\n\t\t<section class=\"elementor-element elementor-element-c35e9c0 e-flex e-con-boxed e-con e-parent\" data-id=\"c35e9c0\" data-element_type=\"container\" data-e-type=\"container\">\n\t\t\t\t\t<div class=\"e-con-inner\">\n\t\t\t\t<div class=\"elementor-element elementor-element-59d656c elementor-widget elementor-widget-text-editor\" data-id=\"59d656c\" data-element_type=\"widget\" data-e-type=\"widget\" data-widget_type=\"text-editor.default\">\n\t\t\t\t<div class=\"elementor-widget-container\">\n\t\t\t\t\t\t\t\t\t<h2>Privacy e sicurezza dei dati<\/h2><p>Esistono due sezioni principali dell&#8217;HIPAA:<\/p><ul><li>Le norme sulla privacy HIPAA garantiscono la protezione della riservatezza dei dati sanitari dei pazienti<\/li><li>Le regole di sicurezza HIPAA garantiscono la sicurezza, la riservatezza e la disponibilit\u00e0 dei dati sanitari<\/li><\/ul><p><strong>Le norme sulla privacy HIPAA<\/strong>\u00a0 tutelano le &#8220;informazioni sanitarie personali o protette&#8221; o PHI. Una particolare attenzione viene prestata ai dati gestiti o inviati dalle organizzazioni tramite e-mail. L&#8217;obiettivo delle regole sulla privacy HIPAA \u00e8 quello di individuare e concludere qualsiasi circostanza in cui le PHI possono essere utilizzate o divulgate senza che i pazienti ne siano a conoscenza. Le organizzazioni devono inoltre essere in grado di fornire l&#8217;accesso alle PHI, nonch\u00e9 ai dati relativi alla divulgazione dei dati personali, su richiesta di terzi o di organizzazioni al paziente o al suo rappresentante.<\/p><p><strong>Le regole di sicurezza HIPAA<\/strong>\u00a0 stabiliscono ulteriori principi di base per le organizzazioni. \u00c8 indispensabile garantire la riservatezza, l&#8217;integrit\u00e0 e la disponibilit\u00e0 di tutte le informazioni personali create, ricevute, gestite o trasferite dall&#8217;organizzazione. Inoltre, tali informazioni devono essere protette da minacce alla sicurezza e all&#8217;integrit\u00e0, dall&#8217;uso o dalla divulgazione non consentiti. Il backup \u00e8 un mezzo per proteggersi dai rispettivi rischi.<\/p><h2>In che modo NinjaOne pu\u00f2 aiutarti?<\/h2><p>Se lavori o fornisci assistenza nel settore sanitario, il software che utilizzi ha un ruolo fondamentale per aiutarti a garantire la conformit\u00e0 HIPAA. Anche se in ultima istanza spetta ai dipendenti e all&#8217;organizzazione rispettare gli standard dell&#8217;Health Insurance Portability and Accountability Act (HIPAA), l&#8217;utilizzo del software giusto pu\u00f2 aiutarti a ridurre lo stress. NinjaOne fornisce diverse soluzioni software basate su cloud per aiutare i provider di servizi IT a far crescere la loro azienda e alcune delle funzionalit\u00e0 dei nostri prodotti potrebbero aiutarti a garantire la conformit\u00e0.<\/p><p>Le funzionalit\u00e0 di sicurezza e le integrazioni includono:<\/p><p><em>Autenticazione a due fattori<\/em>\u00a0&#8211; per proteggere chi ha accesso ai dati protetti in NinjaOne.<\/p><p><em>Reportistica<\/em>\u00a0&#8211; registra tutte le sessioni di accesso remoto con informazioni sugli orari, utenti ed endpoint.<\/p><p><em>Webroot Antivirus\u00a0<\/em>&#8211; leader del settore nell&#8217;intelligence del rischio, previene le minacce informatiche dannose prima che raggiungano i tuoi sistemi.<\/p><p><em>Sicurezza nativa\u00a0<\/em>&#8211; Monitora e ricevi \u00a0<a href=\"https:\/\/www.ninjaone.com\/it\/gestione-endpoint\/gestione-network\/\">avvisi per le minacce di rete<\/a>\u00a0in tempo reale (frequenza di aggiornamento di 1 minuto) e distribuisci criteri personalizzati automatizzati per eliminare tali minacce.<\/p>\t\t\t\t\t\t\t\t<\/div>\n\t\t\t\t<\/div>\n\t\t\t\t\t<\/div>\n\t\t\t\t<\/section>\n\t\t<section class=\"elementor-element elementor-element-8485aae e-flex e-con-boxed e-con e-parent\" data-id=\"8485aae\" data-element_type=\"container\" data-e-type=\"container\" data-settings=\"{&quot;background_background&quot;:&quot;classic&quot;}\">\n\t\t\t\t\t<div class=\"e-con-inner\">\n\t\t\t\t<div class=\"elementor-element elementor-element-a295c51 elementor-widget elementor-widget-heading\" data-id=\"a295c51\" data-element_type=\"widget\" data-e-type=\"widget\" data-widget_type=\"heading.default\">\n\t\t\t\t<div class=\"elementor-widget-container\">\n\t\t\t\t\t<h2 class=\"elementor-heading-title elementor-size-default\">POSSIAMO FORNIRE BAA SU RICHIESTA\n\n<\/h2>\t\t\t\t<\/div>\n\t\t\t\t<\/div>\n\t\t\t\t<div class=\"elementor-element elementor-element-66f14c8 elementor-button-default elementor-widget elementor-widget-button\" data-id=\"66f14c8\" data-element_type=\"widget\" data-e-type=\"widget\" data-widget_type=\"button.default\">\n\t\t\t\t<div class=\"elementor-widget-container\">\n\t\t\t\t\t\t\t\t\t<div class=\"elementor-button-wrapper\">\n\t\t\t\t\t<a class=\"elementor-button elementor-button-link elementor-size-sm\" href=\"https:\/\/www.ninjaone.com\/it\/prova-gratuita\/\">\n\t\t\t\t\t\t<span class=\"elementor-button-content-wrapper\">\n\t\t\t\t\t\t\t\t\t<span class=\"elementor-button-text\">Prova gratuita<\/span>\n\t\t\t\t\t<\/span>\n\t\t\t\t\t<\/a>\n\t\t\t\t<\/div>\n\t\t\t\t\t\t\t\t<\/div>\n\t\t\t\t<\/div>\n\t\t\t\t\t<\/div>\n\t\t\t\t<\/section>\n\t\t<section class=\"elementor-element elementor-element-ddcd20f e-flex e-con-boxed e-con e-parent\" data-id=\"ddcd20f\" data-element_type=\"container\" data-e-type=\"container\">\n\t\t\t\t\t<div class=\"e-con-inner\">\n\t\t\t\t<div class=\"elementor-element elementor-element-fb295fc elementor-widget elementor-widget-text-editor\" data-id=\"fb295fc\" data-element_type=\"widget\" data-e-type=\"widget\" data-widget_type=\"text-editor.default\">\n\t\t\t\t<div class=\"elementor-widget-container\">\n\t\t\t\t\t\t\t\t\t<h2>Backup su cloud e informazioni sanitarie protette elettroniche<\/h2>\n<p>I requisiti fondamentali per la gestione delle informazioni sanitarie protette elettroniche sensibili (ePHI) includono:<\/p>\n<p><strong>Misure di sicurezza fisiche<\/strong>&nbsp; come la limitazione dell&#8217;accesso e del controllo di strutture quali postazioni di lavoro, centri di elaborazione dei dati e dispositivi contenenti ePHI.<\/p>\n<p><strong>Misure di sicurezza amministrative&nbsp;<\/strong> come la creazione e l&#8217;applicazione di policy di sicurezza, la revisione e l&#8217;analisi periodica dei rischi e la formazione.<\/p>\n<p><strong>Misure di sicurezza tecniche&nbsp;<\/strong> come l&#8217;utilizzo di numeri unici di identificazione degli utenti, la presenza di una procedura di emergenza e la crittografia e decrittografia dei dati.<\/p>\n<h2>Checklist delle funzionalit\u00e0 del software per la conformit\u00e0 HIPAA<\/h2>\n<p><em>Archiviazione dei dati<\/em><br \/>\u00c8 importante valutare un software in grado di spostare i dati non utilizzati attivamente in dispositivi di archiviazione separati per conservarli a lungo termine.<\/p>\n<p><em>Disaster recovery<\/em><br \/>Il backup e il disaster recovery devono fornire rollback e ripristino continuo.<\/p>\n<p><em>Crittografia<\/em><br \/>Le informazioni sanitarie protette devono essere tutelate da una crittografia a chiave privata per garantire che solo il cliente abbia accesso ai dati. Il tuo software deve utilizzare misure di crittografia complesse, che i dati siano in transito o inattivi.<\/p>\n<p><em>Backup<\/em><br \/><em>Oltre al backup sul cloud, il tuo software deve essere in grado di eseguire il backup delle informazioni in locale per i casi in cui non \u00e8 disponibile una connessione a Internet.<\/em><\/p>\n\t\t\t\t\t\t\t\t<\/div>\n\t\t\t\t<\/div>\n\t\t\t\t\t<\/div>\n\t\t\t\t<\/section>\n\t\t\t\t<\/div>\n\t\t","protected":false},"excerpt":{"rendered":"<p>Accesso remoto, backup e software RMM conformi a HIPAA Privacy e sicurezza dei dati Esistono due sezioni principali dell&#8217;HIPAA: Le norme sulla privacy HIPAA garantiscono la protezione della riservatezza dei dati sanitari dei pazienti Le regole di sicurezza HIPAA garantiscono la sicurezza, la riservatezza e la disponibilit\u00e0 dei dati sanitari Le norme sulla privacy HIPAA\u00a0 [&hellip;]<\/p>\n","protected":false},"author":35,"featured_media":0,"parent":0,"menu_order":4197,"comment_status":"closed","ping_status":"closed","template":"","meta":{"_acf_changed":false,"_relevanssi_hide_post":"","_relevanssi_hide_content":"","_relevanssi_pin_for_all":"","_relevanssi_pin_keywords":"","_relevanssi_unpin_keywords":"","_relevanssi_related_keywords":"","_relevanssi_related_include_ids":"","_relevanssi_related_exclude_ids":"","_relevanssi_related_no_append":"","_relevanssi_related_not_related":"","_relevanssi_related_posts":"","_relevanssi_noindex_reason":"","_lmt_disableupdate":"no","_lmt_disable":"","footnotes":""},"class_list":["post-174957","page","type-page","status-publish","hentry"],"acf":[],"_links":{"self":[{"href":"https:\/\/www.ninjaone.com\/it\/wp-json\/wp\/v2\/pages\/174957","targetHints":{"allow":["GET"]}}],"collection":[{"href":"https:\/\/www.ninjaone.com\/it\/wp-json\/wp\/v2\/pages"}],"about":[{"href":"https:\/\/www.ninjaone.com\/it\/wp-json\/wp\/v2\/types\/page"}],"author":[{"embeddable":true,"href":"https:\/\/www.ninjaone.com\/it\/wp-json\/wp\/v2\/users\/35"}],"replies":[{"embeddable":true,"href":"https:\/\/www.ninjaone.com\/it\/wp-json\/wp\/v2\/comments?post=174957"}],"version-history":[{"count":0,"href":"https:\/\/www.ninjaone.com\/it\/wp-json\/wp\/v2\/pages\/174957\/revisions"}],"wp:attachment":[{"href":"https:\/\/www.ninjaone.com\/it\/wp-json\/wp\/v2\/media?parent=174957"}],"curies":[{"name":"wp","href":"https:\/\/api.w.org\/{rel}","templated":true}]}}