{"id":84468,"date":"2023-08-30T17:02:29","date_gmt":"2023-08-30T17:02:29","guid":{"rendered":"https:\/\/www.ninjaone.com\/?page_id=84468"},"modified":"2023-12-12T16:02:26","modified_gmt":"2023-12-12T16:02:26","slug":"gestion-des-terminaux-g2","status":"publish","type":"page","link":"https:\/\/www.ninjaone.com\/fr\/gestion-des-terminaux-g2\/","title":{"rendered":"Gestion des terminaux G2"},"content":{"rendered":"\t\t<div data-elementor-type=\"wp-page\" data-elementor-id=\"84468\" class=\"elementor elementor-84468 elementor-77330\" data-elementor-post-type=\"page\">\n\t\t\t\t<main class=\"elementor-element elementor-element-8b7f699 e-flex e-con-boxed e-con e-parent\" data-id=\"8b7f699\" data-element_type=\"container\" data-e-type=\"container\" data-settings=\"{&quot;background_background&quot;:&quot;classic&quot;}\">\n\t\t\t\t\t<div class=\"e-con-inner\">\n\t\t<div class=\"elementor-element elementor-element-46dbd30 e-con-full e-flex e-con e-child\" data-id=\"46dbd30\" data-element_type=\"container\" data-e-type=\"container\">\n\t\t\t\t<div class=\"elementor-element elementor-element-199795a elementor-widget elementor-widget-heading\" data-id=\"199795a\" data-element_type=\"widget\" data-e-type=\"widget\" data-widget_type=\"heading.default\">\n\t\t\t\t<div class=\"elementor-widget-container\">\n\t\t\t\t\t<h1 class=\"elementor-heading-title elementor-size-default\">D\u00e9couvrez comment NinjaOne se compare \u00e0 ses concurrents dans notre rapport G2 \u00c9t\u00e9 2023<\/h1>\t\t\t\t<\/div>\n\t\t\t\t<\/div>\n\t\t\t\t<\/div>\n\t\t<div class=\"elementor-element elementor-element-ca13192 e-con-full elementor-hidden-desktop elementor-hidden-tablet e-flex e-con e-child\" data-id=\"ca13192\" data-element_type=\"container\" data-e-type=\"container\">\n\t\t\t\t<div class=\"elementor-element elementor-element-549f630 elementor-widget__width-auto elementor-widget elementor-widget-image\" data-id=\"549f630\" data-element_type=\"widget\" data-e-type=\"widget\" data-widget_type=\"image.default\">\n\t\t\t\t<div class=\"elementor-widget-container\">\n\t\t\t\t\t\t\t\t\t\t\t\t\t\t\t<img fetchpriority=\"high\" decoding=\"async\" width=\"720\" height=\"410\" src=\"https:\/\/www.ninjaone.com\/wp-content\/uploads\/2023\/07\/g2-hero-badges-mobile.png\" class=\" attachment-full size-full wp-image-77315\" alt=\"G2 hero badges mobile\" srcset=\"https:\/\/www.ninjaone.com\/wp-content\/uploads\/2023\/07\/g2-hero-badges-mobile.png 720w, https:\/\/www.ninjaone.com\/wp-content\/uploads\/2023\/07\/g2-hero-badges-mobile-300x171.png 300w\" sizes=\"(max-width: 720px) 100vw, 720px\" title=\"g2-hero-badges-mobile\" \/>\t\t\t\t\t\t\t\t\t\t\t\t\t\t\t<\/div>\n\t\t\t\t<\/div>\n\t\t\t\t<\/div>\n\t\t\t\t\t<\/div>\n\t\t\t\t<\/main>\n\t\t<section class=\"elementor-element elementor-element-9f33f80 e-flex e-con-boxed e-con e-parent\" data-id=\"9f33f80\" data-element_type=\"container\" data-e-type=\"container\">\n\t\t\t\t\t<div class=\"e-con-inner\">\n\t\t<div class=\"elementor-element elementor-element-3341acc e-con-full e-flex e-con e-child\" data-id=\"3341acc\" data-element_type=\"container\" data-e-type=\"container\">\n\t\t\t\t<div class=\"elementor-element elementor-element-564c23f elementor-widget elementor-widget-text-editor\" data-id=\"564c23f\" data-element_type=\"widget\" data-e-type=\"widget\" data-widget_type=\"text-editor.default\">\n\t\t\t\t<div class=\"elementor-widget-container\">\n\t\t\t\t\t\t\t\t\t<img decoding=\"async\" class=\"alignright wp-image-77281\" role=\"img\" src=\"https:\/\/www.ninjaone.com\/wp-content\/uploads\/2023\/07\/g2-leader-summer-2023.svg\" alt=\"\" width=\"198\" height=\"198\"\/>NinjaOne a \u00e9t\u00e9 class\u00e9 N\u00b01 de la satisfaction client dans la grille \u00c9t\u00e9 2023 de G2 pour la gestion des terminaux. D\u00e9couvrez comment nous nous situons par rapport \u00e0 nos concurrents, notamment ManageEngine Endpoint Central, Microsoft Intune, Bigfix, Syxsense, Jamf et Atera. Dans ce rapport, vous verrez :\n<ul>\n \t<li>Le tableau comparatif complet de G2 pour la gestion des terminaux<\/li>\n \t<li>Comment nos concurrents se positionnent-ils concernant les principales fonctionnalit\u00e9s de gestion des terminaux ?<\/li>\n \t<li>L&rsquo;avis des clients sur NinjaOne Endpoint Management<\/li>\n \t<li>Ce qui fait de NinjaOne le choix N\u00b01 des leaders de l&rsquo;informatique<\/li>\n<\/ul>\nNinjaOne aide les \u00e9quipes informatiques \u00e0 g\u00e9rer, mettre \u00e0 jour et prendre en charge n&rsquo;importe quel terminal, o\u00f9 qu&rsquo;il se trouve.\t\t\t\t\t\t\t\t<\/div>\n\t\t\t\t<\/div>\n\t\t\t\t<\/div>\n\t\t<div class=\"elementor-element elementor-element-1e443ef e-con-full e-flex e-con e-child\" data-id=\"1e443ef\" data-element_type=\"container\" data-e-type=\"container\" data-settings=\"{&quot;background_background&quot;:&quot;classic&quot;}\">\n\t\t\t\t<div class=\"elementor-element elementor-element-249c1cd no-lazyload elementor-widget__width-auto elementor-widget elementor-widget-image\" data-id=\"249c1cd\" data-element_type=\"widget\" data-e-type=\"widget\" data-widget_type=\"image.default\">\n\t\t\t\t<div class=\"elementor-widget-container\">\n\t\t\t\t\t\t\t\t\t\t\t\t\t\t\t<img decoding=\"async\" width=\"736\" height=\"412\" src=\"https:\/\/www.ninjaone.com\/wp-content\/uploads\/2023\/07\/g2-report-patching-thumbnail.png\" class=\" attachment-full size-full wp-image-77260\" alt=\"G2 report patching thumbnail\" srcset=\"https:\/\/www.ninjaone.com\/wp-content\/uploads\/2023\/07\/g2-report-patching-thumbnail.png 736w, https:\/\/www.ninjaone.com\/wp-content\/uploads\/2023\/07\/g2-report-patching-thumbnail-300x168.png 300w\" sizes=\"(max-width: 736px) 100vw, 736px\" title=\"g2-report-patching-thumbnail\" \/>\t\t\t\t\t\t\t\t\t\t\t\t\t\t\t<\/div>\n\t\t\t\t<\/div>\n\t\t\t\t<div class=\"elementor-element elementor-element-2ad8715 elementor-widget elementor-widget-html\" data-id=\"2ad8715\" data-element_type=\"widget\" data-e-type=\"widget\" data-widget_type=\"html.default\">\n\t\t\t\t<div class=\"elementor-widget-container\">\n\t\t\t\t\t<iframe id=\"iframe-form\" class=\"iframe-form iframe-resize\" style=\"overflow: hidden; height: 397px;\" src=\"https:\/\/go.ninjaone.com\/l\/652283\/2023-06-19\/4dc19b\" frameborder=\"0\" scrolling=\"no\"><\/iframe>\t\t\t\t<\/div>\n\t\t\t\t<\/div>\n\t\t\t\t<\/div>\n\t\t\t\t\t<\/div>\n\t\t\t\t<\/section>\n\t\t\t\t<\/div>\n\t\t","protected":false},"excerpt":{"rendered":"<p>D\u00e9couvrez comment NinjaOne se compare \u00e0 ses concurrents dans notre rapport G2 \u00c9t\u00e9 2023 NinjaOne a \u00e9t\u00e9 class\u00e9 N\u00b01 de la satisfaction client dans la grille \u00c9t\u00e9 2023 de G2 pour la gestion des terminaux. D\u00e9couvrez comment nous nous situons par rapport \u00e0 nos concurrents, notamment ManageEngine Endpoint Central, Microsoft Intune, Bigfix, Syxsense, Jamf et [&hellip;]<\/p>\n","protected":false},"author":35,"featured_media":77315,"parent":0,"menu_order":4157,"comment_status":"closed","ping_status":"closed","template":"","meta":{"_acf_changed":false,"_relevanssi_hide_post":"","_relevanssi_hide_content":"","_relevanssi_pin_for_all":"","_relevanssi_pin_keywords":"","_relevanssi_unpin_keywords":"","_relevanssi_related_keywords":"","_relevanssi_related_include_ids":"","_relevanssi_related_exclude_ids":"","_relevanssi_related_no_append":"","_relevanssi_related_not_related":"","_relevanssi_related_posts":"","_relevanssi_noindex_reason":"","_lmt_disableupdate":"no","_lmt_disable":"","footnotes":""},"class_list":["post-84468","page","type-page","status-publish","has-post-thumbnail","hentry"],"acf":[],"_links":{"self":[{"href":"https:\/\/www.ninjaone.com\/fr\/wp-json\/wp\/v2\/pages\/84468","targetHints":{"allow":["GET"]}}],"collection":[{"href":"https:\/\/www.ninjaone.com\/fr\/wp-json\/wp\/v2\/pages"}],"about":[{"href":"https:\/\/www.ninjaone.com\/fr\/wp-json\/wp\/v2\/types\/page"}],"author":[{"embeddable":true,"href":"https:\/\/www.ninjaone.com\/fr\/wp-json\/wp\/v2\/users\/35"}],"replies":[{"embeddable":true,"href":"https:\/\/www.ninjaone.com\/fr\/wp-json\/wp\/v2\/comments?post=84468"}],"version-history":[{"count":0,"href":"https:\/\/www.ninjaone.com\/fr\/wp-json\/wp\/v2\/pages\/84468\/revisions"}],"wp:featuredmedia":[{"embeddable":true,"href":"https:\/\/www.ninjaone.com\/fr\/wp-json\/wp\/v2\/media\/77315"}],"wp:attachment":[{"href":"https:\/\/www.ninjaone.com\/fr\/wp-json\/wp\/v2\/media?parent=84468"}],"curies":[{"name":"wp","href":"https:\/\/api.w.org\/{rel}","templated":true}]}}