{"id":83166,"date":"2023-08-25T14:18:02","date_gmt":"2023-08-25T14:18:02","guid":{"rendered":"https:\/\/www.ninjaone.com\/?page_id=83166"},"modified":"2026-02-20T13:32:25","modified_gmt":"2026-02-20T13:32:25","slug":"concurrents-ninjaone","status":"publish","type":"page","link":"https:\/\/www.ninjaone.com\/fr\/comparer\/concurrents-ninjaone\/","title":{"rendered":"Compare Hub"},"content":{"rendered":"\t\t<div data-elementor-type=\"wp-page\" data-elementor-id=\"83166\" class=\"elementor elementor-83166 elementor-41718\" data-elementor-post-type=\"page\">\n\t\t\t\t<main class=\"elementor-element elementor-element-b9c0479 e-con-full e-flex e-con e-parent\" data-id=\"b9c0479\" data-element_type=\"container\" data-e-type=\"container\">\n\t\t<div class=\"elementor-element elementor-element-d4f2489 e-flex e-con-boxed e-con e-child\" data-id=\"d4f2489\" data-element_type=\"container\" data-e-type=\"container\" data-settings=\"{&quot;background_background&quot;:&quot;classic&quot;}\">\n\t\t\t\t\t<div class=\"e-con-inner\">\n\t\t\t\t<div class=\"elementor-element elementor-element-577db47 elementor-widget elementor-widget-heading\" data-id=\"577db47\" data-element_type=\"widget\" data-e-type=\"widget\" data-widget_type=\"heading.default\">\n\t\t\t\t<div class=\"elementor-widget-container\">\n\t\t\t\t\t<h1 class=\"elementor-heading-title elementor-size-default\">Comparaison avec les <br> concurrents de NinjaOne\n<\/h1>\t\t\t\t<\/div>\n\t\t\t\t<\/div>\n\t\t\t\t<div class=\"elementor-element elementor-element-c745f08 elementor-widget__width-initial elementor-widget elementor-widget-text-editor\" data-id=\"c745f08\" data-element_type=\"widget\" data-e-type=\"widget\" data-widget_type=\"text-editor.default\">\n\t\t\t\t<div class=\"elementor-widget-container\">\n\t\t\t\t\t\t\t\t\t<p>D\u00e9couvrez comment NinjaOne rend vos techniciens plus rapides et plus efficaces gr\u00e2ce \u00e0 des outils faciles \u00e0 utiliser, une automatisation puissante et des flux de travail rapides et intuitifs.<\/p>\t\t\t\t\t\t\t\t<\/div>\n\t\t\t\t<\/div>\n\t\t\t\t<div class=\"elementor-element elementor-element-dc19469 elementor-widget__width-auto elementor-button-default elementor-widget elementor-widget-button\" data-id=\"dc19469\" data-element_type=\"widget\" data-e-type=\"widget\" data-widget_type=\"button.default\">\n\t\t\t\t<div class=\"elementor-widget-container\">\n\t\t\t\t\t\t\t\t\t<div class=\"elementor-button-wrapper\">\n\t\t\t\t\t<a class=\"elementor-button elementor-button-link elementor-size-md\" href=\"https:\/\/www.ninjaone.com\/fr\/planifiez-une-demo-gratuite-fr\/\" id=\"watchfreedemo\">\n\t\t\t\t\t\t<span class=\"elementor-button-content-wrapper\">\n\t\t\t\t\t\t\t\t\t<span class=\"elementor-button-text\">Regardez une d\u00e9mo gratuite<\/span>\n\t\t\t\t\t<\/span>\n\t\t\t\t\t<\/a>\n\t\t\t\t<\/div>\n\t\t\t\t\t\t\t\t<\/div>\n\t\t\t\t<\/div>\n\t\t\t\t\t<\/div>\n\t\t\t\t<\/div>\n\t\t<div class=\"elementor-element elementor-element-5c13768 e-flex e-con-boxed e-con e-child\" data-id=\"5c13768\" data-element_type=\"container\" data-e-type=\"container\">\n\t\t\t\t\t<div class=\"e-con-inner\">\n\t\t\t\t<div class=\"elementor-element elementor-element-d1ef58a elementor-widget elementor-widget-shortcode\" data-id=\"d1ef58a\" data-element_type=\"widget\" data-e-type=\"widget\" data-widget_type=\"shortcode.default\">\n\t\t\t\t<div class=\"elementor-widget-container\">\n\t\t\t\t\t\t\t<div class=\"elementor-shortcode\"><ul class=\"compare-children-list\">\n  <li class=\"compare-item\">    <a class=\"compare-link\" href=\"https:\/\/www.ninjaone.com\/fr\/comparer\/acronis\/\">      <span class=\"icon-placeholder\">A<\/span>Acronis<\/a>  <\/li>\n  <li class=\"compare-item\">    <a class=\"compare-link\" href=\"https:\/\/www.ninjaone.com\/fr\/comparer\/alternative-a-action1\/\"><img decoding=\"async\" width=\"100\" height=\"100\" src=\"https:\/\/www.ninjaone.com\/wp-content\/uploads\/2025\/10\/Action1.png\" class=\"attachment-full size-full\" alt=\"Action1 logo icon\" title=\"Action1\" \/>Action1<\/a>  <\/li>\n  <li class=\"compare-item\">    <a class=\"compare-link\" href=\"https:\/\/www.ninjaone.com\/fr\/comparer\/afi\/\">      <span class=\"icon-placeholder\">A<\/span>Afi<\/a>  <\/li>\n  <li class=\"compare-item\">    <a class=\"compare-link\" href=\"https:\/\/www.ninjaone.com\/fr\/comparer\/alternative-a-anydesk\/\"><img decoding=\"async\" width=\"100\" height=\"100\" src=\"https:\/\/www.ninjaone.com\/wp-content\/uploads\/2025\/10\/AnyDesk.png\" class=\"attachment-full size-full\" alt=\"AnyDesk logo icon\" title=\"AnyDesk\" \/>AnyDesk<\/a>  <\/li>\n  <li class=\"compare-item\">    <a class=\"compare-link\" href=\"https:\/\/www.ninjaone.com\/fr\/comparer\/alternative-arcserve\/\"><img decoding=\"async\" width=\"100\" height=\"100\" src=\"https:\/\/www.ninjaone.com\/wp-content\/uploads\/2025\/10\/Arcserve.png\" class=\"attachment-full size-full\" alt=\"Arcserve logo icon\" title=\"Arcserve\" \/>Arcserve<\/a>  <\/li>\n  <li class=\"compare-item\">    <a class=\"compare-link\" href=\"https:\/\/www.ninjaone.com\/fr\/comparer\/atera-comparaison\/\"><img loading=\"lazy\" decoding=\"async\" width=\"100\" height=\"100\" src=\"https:\/\/www.ninjaone.com\/wp-content\/uploads\/2025\/10\/Atera.png\" class=\"attachment-full size-full\" alt=\"Ic\u00f4ne du logo d&#039;Atera\" title=\"Atera\" \/>Atera<\/a>  <\/li>\n  <li class=\"compare-item\">    <a class=\"compare-link\" href=\"https:\/\/www.ninjaone.com\/fr\/comparer\/automox-comparaison\/\">      <span class=\"icon-placeholder\">A<\/span>Automox<\/a>  <\/li>\n  <li class=\"compare-item\">    <a class=\"compare-link\" href=\"https:\/\/www.ninjaone.com\/fr\/comparer\/autotask-comparaison\/\">      <span class=\"icon-placeholder\">A<\/span>Autotask<\/a>  <\/li>\n  <li class=\"compare-item\">    <a class=\"compare-link\" href=\"https:\/\/www.ninjaone.com\/fr\/comparer\/alternative-a-auvik\/\">      <span class=\"icon-placeholder\">A<\/span>Auvik<\/a>  <\/li>\n  <li class=\"compare-item\">    <a class=\"compare-link\" href=\"https:\/\/www.ninjaone.com\/fr\/comparer\/alternative-a-backupify\/\">      <span class=\"icon-placeholder\">B<\/span>Backupify<\/a>  <\/li>\n  <li class=\"compare-item\">    <a class=\"compare-link\" href=\"https:\/\/www.ninjaone.com\/fr\/comparer\/alternative-a-barracuda\/\">      <span class=\"icon-placeholder\">B<\/span>Barracuda<\/a>  <\/li>\n  <li class=\"compare-item\">    <a class=\"compare-link\" href=\"https:\/\/www.ninjaone.com\/fr\/comparer\/alternative-a-bdrsuite\/\">      <span class=\"icon-placeholder\">B<\/span>BDRSuite<\/a>  <\/li>\n  <li class=\"compare-item\">    <a class=\"compare-link\" href=\"https:\/\/www.ninjaone.com\/fr\/comparer\/comparaison-beyondtrust\/\">      <span class=\"icon-placeholder\">B<\/span>BeyondTrust<\/a>  <\/li>\n  <li class=\"compare-item\">    <a class=\"compare-link\" href=\"https:\/\/www.ninjaone.com\/fr\/comparer\/alternative-a-bmc-helix\/\">      <span class=\"icon-placeholder\">B<\/span>BMC Helix Client Management<\/a>  <\/li>\n  <li class=\"compare-item\">    <a class=\"compare-link\" href=\"https:\/\/www.ninjaone.com\/fr\/comparer\/alternative-cohesity\/\">      <span class=\"icon-placeholder\">C<\/span>Cohesity<\/a>  <\/li>\n  <li class=\"compare-item\">    <a class=\"compare-link\" href=\"https:\/\/www.ninjaone.com\/fr\/comparer\/alternative-a-commvault\/\">      <span class=\"icon-placeholder\">C<\/span>Commvault<\/a>  <\/li>\n  <li class=\"compare-item\">    <a class=\"compare-link\" href=\"https:\/\/www.ninjaone.com\/fr\/comparer\/comodo-comparaison\/\">      <span class=\"icon-placeholder\">C<\/span>Comodo<\/a>  <\/li>\n  <li class=\"compare-item\">    <a class=\"compare-link\" href=\"https:\/\/www.ninjaone.com\/fr\/comparer\/alternative-a-connectwise\/\">      <span class=\"icon-placeholder\">C<\/span>ConnectWise<\/a>  <\/li>\n  <li class=\"compare-item\">    <a class=\"compare-link\" href=\"https:\/\/www.ninjaone.com\/fr\/comparer\/alternative-a-cove\/\">      <span class=\"icon-placeholder\">C<\/span>Cove Data Protection<\/a>  <\/li>\n  <li class=\"compare-item\">    <a class=\"compare-link\" href=\"https:\/\/www.ninjaone.com\/fr\/comparer\/dameware-comparaison\/\">      <span class=\"icon-placeholder\">D<\/span>Dameware<\/a>  <\/li>\n  <li class=\"compare-item\">    <a class=\"compare-link\" href=\"https:\/\/www.ninjaone.com\/fr\/comparer\/alternative-a-deeploi\/\">      <span class=\"icon-placeholder\">d<\/span>deeploi<\/a>  <\/li>\n  <li class=\"compare-item\">    <a class=\"compare-link\" href=\"https:\/\/www.ninjaone.com\/fr\/comparer\/eset-comparaison\/\">      <span class=\"icon-placeholder\">E<\/span>ESET<\/a>  <\/li>\n  <li class=\"compare-item\">    <a class=\"compare-link\" href=\"https:\/\/www.ninjaone.com\/fr\/comparer\/alternative-a-fixme-it\/\">      <span class=\"icon-placeholder\">F<\/span>FixMe.IT<\/a>  <\/li>\n  <li class=\"compare-item\">    <a class=\"compare-link\" href=\"https:\/\/www.ninjaone.com\/fr\/comparer\/goverlan-comparaison\/\">      <span class=\"icon-placeholder\">G<\/span>Goverlan<\/a>  <\/li>\n  <li class=\"compare-item\">    <a class=\"compare-link\" href=\"https:\/\/www.ninjaone.com\/fr\/comparer\/alternative-a-hexnode\/\">      <span class=\"icon-placeholder\">H<\/span>Hexnode<\/a>  <\/li>\n  <li class=\"compare-item\">    <a class=\"compare-link\" href=\"https:\/\/www.ninjaone.com\/fr\/comparer\/hycu\/\">      <span class=\"icon-placeholder\">H<\/span>HYCU<\/a>  <\/li>\n  <li class=\"compare-item\">    <a class=\"compare-link\" href=\"https:\/\/www.ninjaone.com\/fr\/comparer\/alternative-a-ibm-security-maas360\/\">      <span class=\"icon-placeholder\">I<\/span>IBM Security MaaS360<\/a>  <\/li>\n  <li class=\"compare-item\">    <a class=\"compare-link\" href=\"https:\/\/www.ninjaone.com\/fr\/comparer\/alternative-a-ivanti\/\">      <span class=\"icon-placeholder\">I<\/span>Ivanti<\/a>  <\/li>\n  <li class=\"compare-item\">    <a class=\"compare-link\" href=\"https:\/\/www.ninjaone.com\/fr\/comparer\/alternative-a-jamf-pro\/\">      <span class=\"icon-placeholder\">J<\/span>Jamf Pro<\/a>  <\/li>\n  <li class=\"compare-item\">    <a class=\"compare-link\" href=\"https:\/\/www.ninjaone.com\/fr\/comparer\/kaseya-alternative\/\"><img loading=\"lazy\" decoding=\"async\" width=\"100\" height=\"100\" src=\"https:\/\/www.ninjaone.com\/wp-content\/uploads\/2025\/10\/Kaseya.png\" class=\"attachment-full size-full\" alt=\"\" title=\"Kaseya\" \/>Kaseya<\/a>  <\/li>\n  <li class=\"compare-item\">    <a class=\"compare-link\" href=\"https:\/\/www.ninjaone.com\/fr\/comparer\/alternative-a-keepit\/\">      <span class=\"icon-placeholder\">K<\/span>Keepit<\/a>  <\/li>\n  <li class=\"compare-item\">    <a class=\"compare-link\" href=\"https:\/\/www.ninjaone.com\/fr\/comparer\/alternative-lansweeper\/\">      <span class=\"icon-placeholder\">L<\/span>Lansweeper<\/a>  <\/li>\n  <li class=\"compare-item\">    <a class=\"compare-link\" href=\"https:\/\/www.ninjaone.com\/fr\/comparer\/logicmonitor-comparaison\/\">      <span class=\"icon-placeholder\">L<\/span>LogicMonitor<\/a>  <\/li>\n  <li class=\"compare-item\">    <a class=\"compare-link\" href=\"https:\/\/www.ninjaone.com\/fr\/comparer\/comparaison-logmein\/\">      <span class=\"icon-placeholder\">L<\/span>LogMeIn<\/a>  <\/li>\n  <li class=\"compare-item\">    <a class=\"compare-link\" href=\"https:\/\/www.ninjaone.com\/fr\/comparer\/alternative-a-manageengine\/\"><img loading=\"lazy\" decoding=\"async\" width=\"100\" height=\"100\" src=\"https:\/\/www.ninjaone.com\/wp-content\/uploads\/2025\/10\/ManageEngine.png\" class=\"attachment-full size-full\" alt=\"\" title=\"ManageEngine\" \/>ManageEngine<\/a>  <\/li>\n  <li class=\"compare-item\">    <a class=\"compare-link\" href=\"https:\/\/www.ninjaone.com\/fr\/comparer\/microsoft-intune\/\">      <span class=\"icon-placeholder\">M<\/span>Microsoft Intune<\/a>  <\/li>\n  <li class=\"compare-item\">    <a class=\"compare-link\" href=\"https:\/\/www.ninjaone.com\/fr\/comparer\/mosyle\/\">      <span class=\"icon-placeholder\">M<\/span>Mosyle<\/a>  <\/li>\n  <li class=\"compare-item\">    <a class=\"compare-link\" href=\"https:\/\/www.ninjaone.com\/fr\/comparer\/alternative-a-n-able-n-central-solarwinds\/\"><img loading=\"lazy\" decoding=\"async\" width=\"100\" height=\"100\" src=\"https:\/\/www.ninjaone.com\/wp-content\/uploads\/2025\/10\/N-able-N-central-RMM.png\" class=\"attachment-full size-full\" alt=\"\" title=\"N-able N-central RMM\" \/>N-able N-central<\/a>  <\/li>\n  <li class=\"compare-item\">    <a class=\"compare-link\" href=\"https:\/\/www.ninjaone.com\/fr\/comparer\/n-able-solarwinds-comparaison\/\"><img loading=\"lazy\" decoding=\"async\" width=\"100\" height=\"100\" src=\"https:\/\/www.ninjaone.com\/wp-content\/uploads\/2025\/10\/N-able-N-central-RMM.png\" class=\"attachment-full size-full\" alt=\"\" title=\"N-able N-central RMM\" \/>N-able N-sight<\/a>  <\/li>\n  <li class=\"compare-item\">    <a class=\"compare-link\" href=\"https:\/\/www.ninjaone.com\/fr\/comparer\/alternative-a-take-control\/\"><img loading=\"lazy\" decoding=\"async\" width=\"100\" height=\"100\" src=\"https:\/\/www.ninjaone.com\/wp-content\/uploads\/2025\/10\/N-able-N-central-RMM.png\" class=\"attachment-full size-full\" alt=\"\" title=\"N-able N-central RMM\" \/>N-Able Take Control<\/a>  <\/li>\n  <li class=\"compare-item\">    <a class=\"compare-link\" href=\"https:\/\/www.ninjaone.com\/fr\/comparer\/naverisk-comparaison\/\">      <span class=\"icon-placeholder\">N<\/span>Naverisk<\/a>  <\/li>\n  <li class=\"compare-item\">    <a class=\"compare-link\" href=\"https:\/\/www.ninjaone.com\/fr\/comparer\/ninjaone-vs-pdq\/\">      <span class=\"icon-placeholder\">N<\/span>NinjaOne Backup<\/a>  <\/li>\n  <li class=\"compare-item\">    <a class=\"compare-link\" href=\"https:\/\/www.ninjaone.com\/fr\/comparer\/asigra\/\">      <span class=\"icon-placeholder\">A<\/span>Asigra<\/a>  <\/li>\n  <li class=\"compare-item\">    <a class=\"compare-link\" href=\"https:\/\/www.ninjaone.com\/fr\/comparer\/alternative-cisco-meraki\/\">      <span class=\"icon-placeholder\">C<\/span>Cisco Meraki<\/a>  <\/li>\n  <li class=\"compare-item\">    <a class=\"compare-link\" href=\"https:\/\/www.ninjaone.com\/fr\/comparer\/alternative-a-datto\/\"><img loading=\"lazy\" decoding=\"async\" width=\"100\" height=\"100\" src=\"https:\/\/www.ninjaone.com\/wp-content\/uploads\/2025\/10\/Datto.png\" class=\"attachment-full size-full\" alt=\"\" title=\"Datto\" \/>Datto<\/a>  <\/li>\n  <li class=\"compare-item\">    <a class=\"compare-link\" href=\"https:\/\/www.ninjaone.com\/fr\/comparer\/alternative-a-druva\/\">      <span class=\"icon-placeholder\">D<\/span>Druva<\/a>  <\/li>\n  <li class=\"compare-item\">    <a class=\"compare-link\" href=\"https:\/\/www.ninjaone.com\/fr\/comparer\/alternative-kandji\/\">      <span class=\"icon-placeholder\">K<\/span>Kandji<\/a>  <\/li>\n  <li class=\"compare-item\">    <a class=\"compare-link\" href=\"https:\/\/www.ninjaone.com\/fr\/comparer\/alternative-sysaid\/\">      <span class=\"icon-placeholder\">S<\/span>SysAid<\/a>  <\/li>\n  <li class=\"compare-item\">    <a class=\"compare-link\" href=\"https:\/\/www.ninjaone.com\/fr\/comparer\/alternative-syxsense\/\">      <span class=\"icon-placeholder\">S<\/span>Syxsense<\/a>  <\/li>\n  <li class=\"compare-item\">    <a class=\"compare-link\" href=\"https:\/\/www.ninjaone.com\/fr\/comparer\/alternative-tanium\/\">      <span class=\"icon-placeholder\">T<\/span>Tanium<\/a>  <\/li>\n  <li class=\"compare-item\">    <a class=\"compare-link\" href=\"https:\/\/www.ninjaone.com\/fr\/comparer\/alternative-a-gfi-languard\/\">      <span class=\"icon-placeholder\">G<\/span>GFI Languard<\/a>  <\/li>\n  <li class=\"compare-item\">    <a class=\"compare-link\" href=\"https:\/\/www.ninjaone.com\/fr\/comparer\/optitune-comparaison\/\">      <span class=\"icon-placeholder\">O<\/span>OptiTune<\/a>  <\/li>\n  <li class=\"compare-item\">    <a class=\"compare-link\" href=\"https:\/\/www.ninjaone.com\/fr\/comparer\/alternative-a-scalefusion\/\">      <span class=\"icon-placeholder\">S<\/span>Scalefusion<\/a>  <\/li>\n  <li class=\"compare-item\">    <a class=\"compare-link\" href=\"https:\/\/www.ninjaone.com\/fr\/comparer\/alternative-a-superops\/\">      <span class=\"icon-placeholder\">S<\/span>SuperOps<\/a>  <\/li>\n  <li class=\"compare-item\">    <a class=\"compare-link\" href=\"https:\/\/www.ninjaone.com\/fr\/comparer\/synchromsp-comparaison\/\">      <span class=\"icon-placeholder\">S<\/span>SyncroMSP<\/a>  <\/li>\n  <li class=\"compare-item\">    <a class=\"compare-link\" href=\"https:\/\/www.ninjaone.com\/fr\/comparer\/alternative-a-pandora-fms\/\">      <span class=\"icon-placeholder\">P<\/span>PandoraFMS<\/a>  <\/li>\n  <li class=\"compare-item\">    <a class=\"compare-link\" href=\"https:\/\/www.ninjaone.com\/fr\/comparer\/panorama9-comparaison\/\">      <span class=\"icon-placeholder\">P<\/span>Panorama9<\/a>  <\/li>\n  <li class=\"compare-item\">    <a class=\"compare-link\" href=\"https:\/\/www.ninjaone.com\/fr\/comparer\/pulseway-comparaison\/\"><img loading=\"lazy\" decoding=\"async\" width=\"100\" height=\"100\" src=\"https:\/\/www.ninjaone.com\/wp-content\/uploads\/2025\/10\/Pulseway.png\" class=\"attachment-full size-full\" alt=\"\" title=\"Pulseway\" \/>Pulseway<\/a>  <\/li>\n  <li class=\"compare-item\">    <a class=\"compare-link\" href=\"https:\/\/www.ninjaone.com\/fr\/comparer\/alternative-a-redstor\/\">      <span class=\"icon-placeholder\">R<\/span>Redstor<\/a>  <\/li>\n  <li class=\"compare-item\">    <a class=\"compare-link\" href=\"https:\/\/www.ninjaone.com\/fr\/comparer\/alternative-a-remotepc\/\">      <span class=\"icon-placeholder\">R<\/span>RemotePC<\/a>  <\/li>\n  <li class=\"compare-item\">    <a class=\"compare-link\" href=\"https:\/\/www.ninjaone.com\/fr\/comparer\/rg-system-vs-ninjaone-compare-an-alternative-to-rg-system\/\">      <span class=\"icon-placeholder\">R<\/span>RG System<\/a>  <\/li>\n  <li class=\"compare-item\">    <a class=\"compare-link\" href=\"https:\/\/www.ninjaone.com\/fr\/comparer\/alternative-rubrik\/\">      <span class=\"icon-placeholder\">R<\/span>Rubrik<\/a>  <\/li>\n  <li class=\"compare-item\">    <a class=\"compare-link\" href=\"https:\/\/www.ninjaone.com\/fr\/comparer\/alternative-a-screenconnect\/\">      <span class=\"icon-placeholder\">S<\/span>ScreenConnect<\/a>  <\/li>\n  <li class=\"compare-item\">    <a class=\"compare-link\" href=\"https:\/\/www.ninjaone.com\/fr\/comparer\/alternative-a-soti-mobicontrol\/\">      <span class=\"icon-placeholder\">S<\/span>SOTI MobiControl<\/a>  <\/li>\n  <li class=\"compare-item\">    <a class=\"compare-link\" href=\"https:\/\/www.ninjaone.com\/fr\/comparer\/alternative-a-spinone\/\">      <span class=\"icon-placeholder\">S<\/span>SpinOne<\/a>  <\/li>\n  <li class=\"compare-item\">    <a class=\"compare-link\" href=\"https:\/\/www.ninjaone.com\/fr\/comparer\/alternative-a-syscloud\/\">      <span class=\"icon-placeholder\">S<\/span>SysCloud<\/a>  <\/li>\n  <li class=\"compare-item\">    <a class=\"compare-link\" href=\"https:\/\/www.ninjaone.com\/fr\/comparer\/alternative-a-teamviewer-one\/\">      <span class=\"icon-placeholder\">T<\/span>TeamViewer ONE<\/a>  <\/li>\n  <li class=\"compare-item\">    <a class=\"compare-link\" href=\"https:\/\/www.ninjaone.com\/fr\/comparer\/alternative-a-teamviewer-remote-access\/\">      <span class=\"icon-placeholder\">T<\/span>TeamViewer Remote Access<\/a>  <\/li>\n  <li class=\"compare-item\">    <a class=\"compare-link\" href=\"https:\/\/www.ninjaone.com\/fr\/comparer\/alternative-a-unitrends\/\">      <span class=\"icon-placeholder\">U<\/span>Unitrends<\/a>  <\/li>\n  <li class=\"compare-item\">    <a class=\"compare-link\" href=\"https:\/\/www.ninjaone.com\/fr\/comparer\/alternative-a-veeam\/\">      <span class=\"icon-placeholder\">V<\/span>Veeam<\/a>  <\/li>\n  <li class=\"compare-item\">    <a class=\"compare-link\" href=\"https:\/\/www.ninjaone.com\/fr\/comparer\/alternative-a-veritas\/\">      <span class=\"icon-placeholder\">V<\/span>Veritas<\/a>  <\/li>\n  <li class=\"compare-item\">    <a class=\"compare-link\" href=\"https:\/\/www.ninjaone.com\/fr\/comparer\/alternative-a-zoho-assist\/\">      <span class=\"icon-placeholder\">Z<\/span>Zoho Assist<\/a>  <\/li>\n<\/ul>\n<\/div>\n\t\t\t\t\t\t<\/div>\n\t\t\t\t<\/div>\n\t\t\t\t\t<\/div>\n\t\t\t\t<\/div>\n\t\t\t\t<\/main>\n\t\t<div class=\"elementor-element elementor-element-02a20c9 e-con-full e-flex e-con e-parent\" data-id=\"02a20c9\" data-element_type=\"container\" data-e-type=\"container\">\n\t\t\t\t<div class=\"elementor-element elementor-element-0a883d4 elementor-widget elementor-widget-template\" data-id=\"0a883d4\" data-element_type=\"widget\" data-e-type=\"widget\" data-widget_type=\"template.default\">\n\t\t\t\t<div class=\"elementor-widget-container\">\n\t\t\t\t\t\t\t<div class=\"elementor-template\">\n\t\t\t\t\t<div data-elementor-type=\"container\" data-elementor-id=\"5032\" class=\"elementor elementor-5032 elementor-4752 elementor-4752\" data-elementor-post-type=\"elementor_library\">\n\t\t\t\t<div class=\"elementor-element elementor-element-bbf5527 e-flex e-con-boxed e-con e-parent\" data-id=\"bbf5527\" data-element_type=\"container\" data-e-type=\"container\">\n\t\t\t\t\t<div class=\"e-con-inner\">\n\t\t<div class=\"elementor-element elementor-element-41bcb56 e-flex e-con-boxed e-con e-child\" data-id=\"41bcb56\" data-element_type=\"container\" data-e-type=\"container\" data-settings=\"{&quot;background_background&quot;:&quot;classic&quot;}\">\n\t\t\t\t\t<div class=\"e-con-inner\">\n\t\t<div class=\"elementor-element elementor-element-11b93dd e-con-full e-flex e-con e-child\" data-id=\"11b93dd\" data-element_type=\"container\" data-e-type=\"container\">\n\t\t\t\t<div class=\"elementor-element elementor-element-b7c54dc elementor-widget elementor-widget-heading\" data-id=\"b7c54dc\" data-element_type=\"widget\" data-e-type=\"widget\" data-widget_type=\"heading.default\">\n\t\t\t\t<div class=\"elementor-widget-container\">\n\t\t\t\t\t<span class=\"elementor-heading-title elementor-size-default\">Pr\u00eat \u00e0 simplifier les aspects les plus complexes de l'informatique et de la s\u00e9curit\u00e9 ?<\/span>\t\t\t\t<\/div>\n\t\t\t\t<\/div>\n\t\t<div class=\"elementor-element elementor-element-cdc9c2d e-con-full e-flex e-con e-child\" data-id=\"cdc9c2d\" data-element_type=\"container\" data-e-type=\"container\">\n\t\t\t\t<div class=\"elementor-element elementor-element-ac2acda elementor-align-justify elementor-mobile-align-justify elementor-widget__width-initial elementor-widget-mobile__width-inherit elementor-button-default elementor-widget elementor-widget-button\" data-id=\"ac2acda\" data-element_type=\"widget\" data-e-type=\"widget\" data-widget_type=\"button.default\">\n\t\t\t\t<div class=\"elementor-widget-container\">\n\t\t\t\t\t\t\t\t\t<div class=\"elementor-button-wrapper\">\n\t\t\t\t\t<a class=\"elementor-button elementor-button-link elementor-size-sm\" href=\"https:\/\/www.ninjaone.com\/fr\/phase-de-test-gratuit\/\" aria-label=\"Try NinjaOne free bottom CTA\">\n\t\t\t\t\t\t<span class=\"elementor-button-content-wrapper\">\n\t\t\t\t\t\t\t\t\t<span class=\"elementor-button-text\">Essayez NinjaOne gratuitement<\/span>\n\t\t\t\t\t<\/span>\n\t\t\t\t\t<\/a>\n\t\t\t\t<\/div>\n\t\t\t\t\t\t\t\t<\/div>\n\t\t\t\t<\/div>\n\t\t\t\t<div class=\"elementor-element elementor-element-7306102 elementor-align-justify elementor-mobile-align-justify elementor-widget__width-initial elementor-widget-mobile__width-inherit elementor-button-navigation elementor-widget elementor-widget-button\" data-id=\"7306102\" data-element_type=\"widget\" data-e-type=\"widget\" data-widget_type=\"button.default\">\n\t\t\t\t<div class=\"elementor-widget-container\">\n\t\t\t\t\t\t\t\t\t<div class=\"elementor-button-wrapper\">\n\t\t\t\t\t<a class=\"elementor-button elementor-button-link elementor-size-sm\" href=\"https:\/\/www.ninjaone.com\/fr\/planifiez-une-demo-gratuite-fr\/\" aria-label=\"Try NinjaOne free bottom CTA\">\n\t\t\t\t\t\t<span class=\"elementor-button-content-wrapper\">\n\t\t\t\t\t\t\t\t\t<span class=\"elementor-button-text\">Voir une d\u00e9monstration<\/span>\n\t\t\t\t\t<\/span>\n\t\t\t\t\t<\/a>\n\t\t\t\t<\/div>\n\t\t\t\t\t\t\t\t<\/div>\n\t\t\t\t<\/div>\n\t\t\t\t<\/div>\n\t\t\t\t<\/div>\n\t\t\t\t\t<\/div>\n\t\t\t\t<\/div>\n\t\t\t\t\t<\/div>\n\t\t\t\t<\/div>\n\t\t\t\t<\/div>\n\t\t\t\t<\/div>\n\t\t\t\t\t\t<\/div>\n\t\t\t\t<\/div>\n\t\t\t\t<\/div>\n\t\t\t\t<\/div>\n\t\t","protected":false},"excerpt":{"rendered":"<p>Comparaison avec les concurrents de NinjaOne D\u00e9couvrez comment NinjaOne rend vos techniciens plus rapides et plus efficaces gr\u00e2ce \u00e0 des outils faciles \u00e0 utiliser, une automatisation puissante et des flux de travail rapides et intuitifs. Regardez une d\u00e9mo gratuite<\/p>\n","protected":false},"author":35,"featured_media":0,"parent":82091,"menu_order":133,"comment_status":"closed","ping_status":"closed","template":"","meta":{"_acf_changed":false,"_relevanssi_hide_post":"","_relevanssi_hide_content":"","_relevanssi_pin_for_all":"","_relevanssi_pin_keywords":"","_relevanssi_unpin_keywords":"","_relevanssi_related_keywords":"","_relevanssi_related_include_ids":"","_relevanssi_related_exclude_ids":"","_relevanssi_related_no_append":"","_relevanssi_related_not_related":"","_relevanssi_related_posts":"","_relevanssi_noindex_reason":"","_lmt_disableupdate":"no","_lmt_disable":"","footnotes":""},"class_list":["post-83166","page","type-page","status-publish","hentry"],"acf":[],"_links":{"self":[{"href":"https:\/\/www.ninjaone.com\/fr\/wp-json\/wp\/v2\/pages\/83166","targetHints":{"allow":["GET"]}}],"collection":[{"href":"https:\/\/www.ninjaone.com\/fr\/wp-json\/wp\/v2\/pages"}],"about":[{"href":"https:\/\/www.ninjaone.com\/fr\/wp-json\/wp\/v2\/types\/page"}],"author":[{"embeddable":true,"href":"https:\/\/www.ninjaone.com\/fr\/wp-json\/wp\/v2\/users\/35"}],"replies":[{"embeddable":true,"href":"https:\/\/www.ninjaone.com\/fr\/wp-json\/wp\/v2\/comments?post=83166"}],"version-history":[{"count":0,"href":"https:\/\/www.ninjaone.com\/fr\/wp-json\/wp\/v2\/pages\/83166\/revisions"}],"up":[{"embeddable":true,"href":"https:\/\/www.ninjaone.com\/fr\/wp-json\/wp\/v2\/pages\/82091"}],"wp:attachment":[{"href":"https:\/\/www.ninjaone.com\/fr\/wp-json\/wp\/v2\/media?parent=83166"}],"curies":[{"name":"wp","href":"https:\/\/api.w.org\/{rel}","templated":true}]}}