{"id":82257,"date":"2023-08-21T17:40:39","date_gmt":"2023-08-21T17:40:39","guid":{"rendered":"https:\/\/www.ninjaone.com\/?page_id=82257"},"modified":"2025-02-25T09:18:25","modified_gmt":"2025-02-25T09:18:25","slug":"newsletter","status":"publish","type":"page","link":"https:\/\/www.ninjaone.com\/fr\/newsletter\/","title":{"rendered":"Newsletter"},"content":{"rendered":"\t\t<div data-elementor-type=\"wp-page\" data-elementor-id=\"82257\" class=\"elementor elementor-82257 elementor-33111\" data-elementor-post-type=\"page\">\n\t\t\t\t<div class=\"elementor-element elementor-element-7a796fb e-flex e-con-boxed e-con e-parent\" data-id=\"7a796fb\" data-element_type=\"container\" data-e-type=\"container\" data-settings=\"{&quot;background_background&quot;:&quot;gradient&quot;}\">\n\t\t\t\t\t<div class=\"e-con-inner\">\n\t\t<div class=\"elementor-element elementor-element-ceb3198 e-con-full e-flex e-con e-child\" data-id=\"ceb3198\" data-element_type=\"container\" data-e-type=\"container\">\n\t\t\t\t<div class=\"elementor-element elementor-element-1611db4 elementor-widget elementor-widget-heading\" data-id=\"1611db4\" data-element_type=\"widget\" data-e-type=\"widget\" data-widget_type=\"heading.default\">\n\t\t\t\t<div class=\"elementor-widget-container\">\n\t\t\t\t\t<h1 class=\"elementor-heading-title elementor-size-default\">Renforcez votre expertise IT avec des conseils hebdomadaires !<\/h1>\t\t\t\t<\/div>\n\t\t\t\t<\/div>\n\t\t\t\t<div class=\"elementor-element elementor-element-2ac845e elementor-widget elementor-widget-heading\" data-id=\"2ac845e\" data-element_type=\"widget\" data-e-type=\"widget\" data-widget_type=\"heading.default\">\n\t\t\t\t<div class=\"elementor-widget-container\">\n\t\t\t\t\t<p class=\"elementor-heading-title elementor-size-default\">Restez en contact avec NinjaOne et explorez des id\u00e9es, outils et strat\u00e9gies essentiels qui aident les professionnels de l\u2019informatique comme vous \u00e0 r\u00e9ussir.<\/p>\t\t\t\t<\/div>\n\t\t\t\t<\/div>\n\t\t\t\t<\/div>\n\t\t\t\t<div class=\"elementor-element elementor-element-cb0be5e elementor-widget elementor-widget-spacer\" data-id=\"cb0be5e\" data-element_type=\"widget\" data-e-type=\"widget\" data-widget_type=\"spacer.default\">\n\t\t\t\t<div class=\"elementor-widget-container\">\n\t\t\t\t\t\t\t<div class=\"elementor-spacer\">\n\t\t\t<div class=\"elementor-spacer-inner\"><\/div>\n\t\t<\/div>\n\t\t\t\t\t\t<\/div>\n\t\t\t\t<\/div>\n\t\t\t\t<div class=\"elementor-element elementor-element-f774542 elementor-widget elementor-widget-heading\" data-id=\"f774542\" data-element_type=\"widget\" data-e-type=\"widget\" data-widget_type=\"heading.default\">\n\t\t\t\t<div class=\"elementor-widget-container\">\n\t\t\t\t\t<p class=\"elementor-heading-title elementor-size-default\">Consult\u00e9 par des professionnels de l'informatique de<\/p>\t\t\t\t<\/div>\n\t\t\t\t<\/div>\n\t\t\t\t<div class=\"elementor-element elementor-element-682f34a elementor-widget elementor-widget-spacer\" data-id=\"682f34a\" data-element_type=\"widget\" data-e-type=\"widget\" data-widget_type=\"spacer.default\">\n\t\t\t\t<div class=\"elementor-widget-container\">\n\t\t\t\t\t\t\t<div class=\"elementor-spacer\">\n\t\t\t<div class=\"elementor-spacer-inner\"><\/div>\n\t\t<\/div>\n\t\t\t\t\t\t<\/div>\n\t\t\t\t<\/div>\n\t\t<section class=\"elementor-element elementor-element-c81f1aa e-flex e-con-boxed e-con e-child\" data-id=\"c81f1aa\" data-element_type=\"container\" data-e-type=\"container\" data-settings=\"{&quot;background_background&quot;:&quot;classic&quot;}\">\n\t\t\t\t\t<div class=\"e-con-inner\">\n\t\t<div class=\"elementor-element elementor-element-e4bcb88 e-flex e-con-boxed e-con e-child\" data-id=\"e4bcb88\" data-element_type=\"container\" data-e-type=\"container\">\n\t\t\t\t\t<div class=\"e-con-inner\">\n\t\t\t\t<div class=\"elementor-element elementor-element-f3f483b elementor-widget elementor-widget-html\" data-id=\"f3f483b\" data-element_type=\"widget\" data-e-type=\"widget\" data-widget_type=\"html.default\">\n\t\t\t\t<div class=\"elementor-widget-container\">\n\t\t\t\t\t  <div class=\"slider-container\">\n    <ul class=\"slider\">\n      <li class=\"slider__slide\">\n        <div class=\"slide__content\"><img loading=\"lazy\" loading=\"lazy\" decoding=\"async\" width=\"107\" height=\"17\" src=\"https:\/\/www.ninjaone.com\/wp-content\/uploads\/2024\/08\/siriusxm-logo.svg\" alt=\"Logo SiriusXM\"><\/div>\n      <\/li>\n      <li class=\"slider__slide\">\n        <div class=\"slide__content\"><img loading=\"lazy\" loading=\"lazy\" decoding=\"async\" width=\"179\" height=\"44\" src=\"https:\/\/www.ninjaone.com\/wp-content\/uploads\/2024\/08\/csu-logo.svg\" alt=\"Logo Colorado State University\"><\/div>\n      <\/li>\n      <li class=\"slider__slide\">\n        <div class=\"slide__content\"><img loading=\"lazy\" loading=\"lazy\" decoding=\"async\" width=\"71\" height=\"54\" src=\"https:\/\/www.ninjaone.com\/wp-content\/uploads\/2024\/08\/pwc-logo.svg\" alt=\"Logo pwc\"><\/div>\n      <\/li>\n     <li class=\"slider__slide\">\n        <div class=\"slide__content\"><img loading=\"lazy\" loading=\"lazy\" decoding=\"async\" width=\"203\" height=\"27\" src=\"https:\/\/www.ninjaone.com\/wp-content\/uploads\/2024\/08\/konica-logo.svg\" alt=\"Logo Konica Minolta\"><\/div>\n      <\/li>\n      <li class=\"slider__slide\">\n        <div class=\"slide__content\"><img loading=\"lazy\" loading=\"lazy\" decoding=\"async\" width=\"42\" height=\"59\" src=\"https:\/\/www.ninjaone.com\/wp-content\/uploads\/2024\/08\/pga-logo.svg\" alt=\"Logo PGA\"><\/div>\n      <\/li>\n      <li class=\"slider__slide\">\n        <div class=\"slide__content\"><img loading=\"lazy\" loading=\"lazy\" decoding=\"async\" width=\"114\" height=\"22\" src=\"https:\/\/www.ninjaone.com\/wp-content\/uploads\/2024\/08\/nvidia-logo-2.svg\" alt=\"Logo NVIDIA\"><\/div>\n      <\/li>\n      <li class=\"slider__slide\">\n        <div class=\"slide__content\"><img loading=\"lazy\" loading=\"lazy\" decoding=\"async\" width=\"62\" height=\"62\" src=\"https:\/\/www.ninjaone.com\/wp-content\/uploads\/2024\/08\/pistons-logo.svg\" alt=\"Logo Detroit Pistons\"><\/div>\n      <\/li>\n      <li class=\"slider__slide\">\n        <div class=\"slide__content\"><img loading=\"lazy\" loading=\"lazy\" decoding=\"async\" width=\"107\" height=\"17\" src=\"https:\/\/www.ninjaone.com\/wp-content\/uploads\/2024\/08\/kawasaki-logo.svg\" alt=\"Logo Kawasaki\"><\/div>\n      <\/li>\n      <li class=\"slider__slide\">\n        <div class=\"slide__content\"><img loading=\"lazy\" loading=\"lazy\" decoding=\"async\" width=\"62\" height=\"52\" src=\"https:\/\/www.ninjaone.com\/wp-content\/uploads\/2024\/08\/nissan-logo-2.svg\" alt=\"Logo Nissan\"><\/div>\n      <\/li>\n      <li class=\"slider__slide\">\n        <div class=\"slide__content\"><img loading=\"lazy\" loading=\"lazy\" decoding=\"async\" width=\"145\" height=\"30\" src=\"https:\/\/www.ninjaone.com\/wp-content\/uploads\/2024\/08\/teamlogic-logo.svg\" alt=\"Logo TeamLogicIT\"><\/div>\n      <\/li>\n     <li class=\"slider__slide\">\n        <div class=\"slide__content\"><img loading=\"lazy\" loading=\"lazy\" decoding=\"async\" width=\"274\" height=\"39\" src=\"https:\/\/www.ninjaone.com\/wp-content\/uploads\/2024\/08\/ohio-state-logo.svg\" alt=\"Logo Ohio State University\"><\/div>\n      <\/li>\n      <li class=\"slider__slide\">\n        <div class=\"slide__content\"><img loading=\"lazy\" loading=\"lazy\" decoding=\"async\" width=\"112\" height=\"22\" src=\"https:\/\/www.ninjaone.com\/wp-content\/uploads\/2024\/08\/about-you-logo.svg\" alt=\"Logo About You\"><\/div>\n      <\/li>\n      <li class=\"slider__slide\">\n        <div class=\"slide__content\"><img loading=\"lazy\" loading=\"lazy\" decoding=\"async\" width=\"52\" height=\"18\" src=\"https:\/\/www.ninjaone.com\/wp-content\/uploads\/2024\/08\/huel-logo.svg\" alt=\"Logo Huel\"><\/div>\n      <\/li>\n      <li class=\"slider__slide\">\n        <div class=\"slide__content\"><img loading=\"lazy\" loading=\"lazy\" decoding=\"async\" width=\"121\" height=\"44\" src=\"https:\/\/www.ninjaone.com\/wp-content\/uploads\/2024\/08\/covered-ca-logo.svg\" alt=\"Logo Covered California\"><\/div>\n      <\/li>\n     <\/ul>\n     <ul class=\"slider\" aria-hidden=\"true\">\n      <li class=\"slider__slide\">\n        <div class=\"slide__content\"><img loading=\"lazy\" loading=\"lazy\" decoding=\"async\" width=\"107\" height=\"17\" src=\"https:\/\/www.ninjaone.com\/wp-content\/uploads\/2024\/08\/siriusxm-logo.svg\" alt=\"Logo SiriusXM\"><\/div>\n      <\/li>\n      <li class=\"slider__slide\">\n        <div class=\"slide__content\"><img loading=\"lazy\" loading=\"lazy\" decoding=\"async\" width=\"179\" height=\"44\" src=\"https:\/\/www.ninjaone.com\/wp-content\/uploads\/2024\/08\/csu-logo.svg\" alt=\"Logo Colorado State University\"><\/div>\n      <\/li>\n      <li class=\"slider__slide\">\n        <div class=\"slide__content\"><img loading=\"lazy\" loading=\"lazy\" decoding=\"async\" width=\"71\" height=\"54\" src=\"https:\/\/www.ninjaone.com\/wp-content\/uploads\/2024\/08\/pwc-logo.svg\" alt=\"Logo pwc\"><\/div>\n      <\/li>\n     <li class=\"slider__slide\">\n        <div class=\"slide__content\"><img loading=\"lazy\" loading=\"lazy\" decoding=\"async\" width=\"203\" height=\"27\" src=\"https:\/\/www.ninjaone.com\/wp-content\/uploads\/2024\/08\/konica-logo.svg\" alt=\"Logo Konica Minolta\"><\/div>\n      <\/li>\n      <li class=\"slider__slide\">\n        <div class=\"slide__content\"><img loading=\"lazy\" loading=\"lazy\" decoding=\"async\" width=\"42\" height=\"59\" src=\"https:\/\/www.ninjaone.com\/wp-content\/uploads\/2024\/08\/pga-logo.svg\" alt=\"Logo PGA\"><\/div>\n      <\/li>\n      <li class=\"slider__slide\">\n        <div class=\"slide__content\"><img loading=\"lazy\" loading=\"lazy\" decoding=\"async\" width=\"114\" height=\"22\" src=\"https:\/\/www.ninjaone.com\/wp-content\/uploads\/2024\/08\/nvidia-logo-2.svg\" alt=\"Logo NVIDIA\"><\/div>\n      <\/li>\n      <li class=\"slider__slide\">\n        <div class=\"slide__content\"><img loading=\"lazy\" loading=\"lazy\" decoding=\"async\" width=\"62\" height=\"62\" src=\"https:\/\/www.ninjaone.com\/wp-content\/uploads\/2024\/08\/pistons-logo.svg\" alt=\"Logo Detroit Pistons\"><\/div>\n      <\/li>\n      <li class=\"slider__slide\">\n        <div class=\"slide__content\"><img loading=\"lazy\" loading=\"lazy\" decoding=\"async\" width=\"107\" height=\"17\" src=\"https:\/\/www.ninjaone.com\/wp-content\/uploads\/2024\/08\/kawasaki-logo.svg\" alt=\"Logo Kawasaki\"><\/div>\n      <\/li>\n      <li class=\"slider__slide\">\n        <div class=\"slide__content\"><img loading=\"lazy\" loading=\"lazy\" decoding=\"async\" width=\"62\" height=\"52\" src=\"https:\/\/www.ninjaone.com\/wp-content\/uploads\/2024\/08\/nissan-logo-2.svg\" alt=\"Logo Nissan\"><\/div>\n      <\/li>\n      <li class=\"slider__slide\">\n        <div class=\"slide__content\"><img loading=\"lazy\" loading=\"lazy\" decoding=\"async\" width=\"145\" height=\"30\" src=\"https:\/\/www.ninjaone.com\/wp-content\/uploads\/2024\/08\/teamlogic-logo.svg\" alt=\"Logo TeamLogicIT\"><\/div>\n      <\/li>\n     <li class=\"slider__slide\">\n        <div class=\"slide__content\"><img loading=\"lazy\" loading=\"lazy\" decoding=\"async\" width=\"274\" height=\"39\" src=\"https:\/\/www.ninjaone.com\/wp-content\/uploads\/2024\/08\/ohio-state-logo.svg\" alt=\"Logo Ohio State University\"><\/div>\n      <\/li>\n      <li class=\"slider__slide\">\n        <div class=\"slide__content\"><img loading=\"lazy\" loading=\"lazy\" decoding=\"async\" width=\"112\" height=\"22\" src=\"https:\/\/www.ninjaone.com\/wp-content\/uploads\/2024\/08\/about-you-logo.svg\" alt=\"Logo About You\"><\/div>\n      <\/li>\n      <li class=\"slider__slide\">\n        <div class=\"slide__content\"><img loading=\"lazy\" loading=\"lazy\" decoding=\"async\" width=\"52\" height=\"18\" src=\"https:\/\/www.ninjaone.com\/wp-content\/uploads\/2024\/08\/huel-logo.svg\" alt=\"Logo Huel\"><\/div>\n      <\/li>\n      <li class=\"slider__slide\">\n        <div class=\"slide__content\"><img loading=\"lazy\" loading=\"lazy\" decoding=\"async\" width=\"121\" height=\"44\" src=\"https:\/\/www.ninjaone.com\/wp-content\/uploads\/2024\/08\/covered-ca-logo.svg\" alt=\"Logo Covered California\"><\/div>\n      <\/li>\n     <\/ul>\n  <\/div>\t\t\t\t<\/div>\n\t\t\t\t<\/div>\n\t\t\t\t\t<\/div>\n\t\t\t\t<\/div>\n\t\t\t\t\t<\/div>\n\t\t\t\t<\/section>\n\t\t\t\t<div class=\"elementor-element elementor-element-3b387a5 elementor-widget elementor-widget-spacer\" data-id=\"3b387a5\" data-element_type=\"widget\" data-e-type=\"widget\" data-widget_type=\"spacer.default\">\n\t\t\t\t<div class=\"elementor-widget-container\">\n\t\t\t\t\t\t\t<div class=\"elementor-spacer\">\n\t\t\t<div class=\"elementor-spacer-inner\"><\/div>\n\t\t<\/div>\n\t\t\t\t\t\t<\/div>\n\t\t\t\t<\/div>\n\t\t<div class=\"elementor-element elementor-element-f0dd8c7 e-flex e-con-boxed e-con e-child\" data-id=\"f0dd8c7\" data-element_type=\"container\" data-e-type=\"container\">\n\t\t\t\t\t<div class=\"e-con-inner\">\n\t\t<div class=\"elementor-element elementor-element-bcd240e e-con-full e-flex e-con e-child\" data-id=\"bcd240e\" data-element_type=\"container\" data-e-type=\"container\">\n\t\t\t\t<div class=\"elementor-element elementor-element-b3790df elementor-widget elementor-widget-heading\" data-id=\"b3790df\" data-element_type=\"widget\" data-e-type=\"widget\" data-widget_type=\"heading.default\">\n\t\t\t\t<div class=\"elementor-widget-container\">\n\t\t\t\t\t<h2 class=\"elementor-heading-title elementor-size-default\">Pour une gestion IT plus intelligente<\/h2>\t\t\t\t<\/div>\n\t\t\t\t<\/div>\n\t\t\t\t<div class=\"elementor-element elementor-element-bb8be56 elementor-widget elementor-widget-text-editor\" data-id=\"bb8be56\" data-element_type=\"widget\" data-e-type=\"widget\" data-widget_type=\"text-editor.default\">\n\t\t\t\t<div class=\"elementor-widget-container\">\n\t\t\t\t\t\t\t\t\t<p>Inscrivez-vous \u00e0 la newsletter hebdomadaire de NinjaOne et rejoignez une communaut\u00e9 florissante de passionn\u00e9s d\u2019informatique qui automatisent les aspects les plus complexes de l\u2019informatique.<\/p>\t\t\t\t\t\t\t\t<\/div>\n\t\t\t\t<\/div>\n\t\t\t\t<div class=\"elementor-element elementor-element-7d0728e elementor-widget elementor-widget-text-editor\" data-id=\"7d0728e\" data-element_type=\"widget\" data-e-type=\"widget\" data-widget_type=\"text-editor.default\">\n\t\t\t\t<div class=\"elementor-widget-container\">\n\t\t\t\t\t\t\t\t\t<ul><li><strong>Des aper\u00e7us en avant-premi\u00e8re de notre produit <\/strong>: Soyez parmi les premiers \u00e0 conna\u00eetre les nouvelles fonctionnalit\u00e9s et outils de NinjaOne.<\/li><li><strong>Expertise pratique :<\/strong> Conseils concrets et bonnes pratiques pour la gestion des terminaux.<\/li><li><strong>Veille sectorielle :<\/strong> Gardez une longueur d\u2019avance avec des infos sur les tendances, d\u00e9fis et opportunit\u00e9s du secteur informatique.<\/li><li><strong>Acc\u00e8s exclusif :<\/strong> Recevez des invitations \u00e0 des webinaires, \u00e9v\u00e9nements locaux et formations.<\/li><\/ul>\t\t\t\t\t\t\t\t<\/div>\n\t\t\t\t<\/div>\n\t\t\t\t<\/div>\n\t\t<div class=\"elementor-element elementor-element-a757d6c e-con-full e-flex e-con e-child\" data-id=\"a757d6c\" data-element_type=\"container\" data-e-type=\"container\">\n\t\t<div class=\"elementor-element elementor-element-0344dfb e-con-full e-flex e-con e-child\" data-id=\"0344dfb\" data-element_type=\"container\" data-e-type=\"container\" data-settings=\"{&quot;background_background&quot;:&quot;classic&quot;}\">\n\t\t\t\t<div class=\"elementor-element elementor-element-be6d6a3 elementor-widget elementor-widget-html\" data-id=\"be6d6a3\" data-element_type=\"widget\" data-e-type=\"widget\" data-widget_type=\"html.default\">\n\t\t\t\t<div class=\"elementor-widget-container\">\n\t\t\t\t\t<iframe style=\"border: 0;\" src=\"https:\/\/go.ninjaone.com\/l\/652283\/2022-01-21\/463rwp\" width=\"100%\" height=\"160\" frameborder=\"0\" data-mce-fragment=\"1\"><\/iframe>\t\t\t\t<\/div>\n\t\t\t\t<\/div>\n\t\t\t\t<\/div>\n\t\t\t\t<div class=\"elementor-element elementor-element-dc0774c elementor-widget elementor-widget-heading\" data-id=\"dc0774c\" data-element_type=\"widget\" data-e-type=\"widget\" data-widget_type=\"heading.default\">\n\t\t\t\t<div class=\"elementor-widget-container\">\n\t\t\t\t\t<p class=\"elementor-heading-title elementor-size-default\">Rejoignez les plus de 65 000 professionnels de l'informatique qui font confiance \u00e0 NinjaOne pour rester inform\u00e9s, s\u00e9curis\u00e9s et aux commandes.\n<\/p>\t\t\t\t<\/div>\n\t\t\t\t<\/div>\n\t\t\t\t<\/div>\n\t\t\t\t\t<\/div>\n\t\t\t\t<\/div>\n\t\t\t\t\t<\/div>\n\t\t\t\t<\/div>\n\t\t\t\t<\/div>\n\t\t","protected":false},"excerpt":{"rendered":"<p>Renforcez votre expertise IT avec des conseils hebdomadaires ! Restez en contact avec NinjaOne et explorez des id\u00e9es, outils et strat\u00e9gies essentiels qui aident les professionnels de l\u2019informatique comme vous \u00e0 r\u00e9ussir. Consult\u00e9 par des professionnels de l&rsquo;informatique de Pour une gestion IT plus intelligente Inscrivez-vous \u00e0 la newsletter hebdomadaire de NinjaOne et rejoignez une [&hellip;]<\/p>\n","protected":false},"author":35,"featured_media":425710,"parent":0,"menu_order":3554,"comment_status":"closed","ping_status":"closed","template":"","meta":{"_acf_changed":false,"_relevanssi_hide_post":"","_relevanssi_hide_content":"","_relevanssi_pin_for_all":"","_relevanssi_pin_keywords":"","_relevanssi_unpin_keywords":"","_relevanssi_related_keywords":"","_relevanssi_related_include_ids":"","_relevanssi_related_exclude_ids":"","_relevanssi_related_no_append":"","_relevanssi_related_not_related":"","_relevanssi_related_posts":"","_relevanssi_noindex_reason":"","_lmt_disableupdate":"no","_lmt_disable":"","footnotes":""},"class_list":["post-82257","page","type-page","status-publish","has-post-thumbnail","hentry"],"acf":[],"_links":{"self":[{"href":"https:\/\/www.ninjaone.com\/fr\/wp-json\/wp\/v2\/pages\/82257","targetHints":{"allow":["GET"]}}],"collection":[{"href":"https:\/\/www.ninjaone.com\/fr\/wp-json\/wp\/v2\/pages"}],"about":[{"href":"https:\/\/www.ninjaone.com\/fr\/wp-json\/wp\/v2\/types\/page"}],"author":[{"embeddable":true,"href":"https:\/\/www.ninjaone.com\/fr\/wp-json\/wp\/v2\/users\/35"}],"replies":[{"embeddable":true,"href":"https:\/\/www.ninjaone.com\/fr\/wp-json\/wp\/v2\/comments?post=82257"}],"version-history":[{"count":0,"href":"https:\/\/www.ninjaone.com\/fr\/wp-json\/wp\/v2\/pages\/82257\/revisions"}],"wp:featuredmedia":[{"embeddable":true,"href":"https:\/\/www.ninjaone.com\/fr\/wp-json\/wp\/v2\/media\/425710"}],"wp:attachment":[{"href":"https:\/\/www.ninjaone.com\/fr\/wp-json\/wp\/v2\/media?parent=82257"}],"curies":[{"name":"wp","href":"https:\/\/api.w.org\/{rel}","templated":true}]}}