{"id":82044,"date":"2023-08-18T18:32:00","date_gmt":"2023-08-18T18:32:00","guid":{"rendered":"https:\/\/www.ninjaone.com\/?page_id=82044"},"modified":"2025-02-05T13:40:49","modified_gmt":"2025-02-05T13:40:49","slug":"business-case-toolkit","status":"publish","type":"page","link":"https:\/\/www.ninjaone.com\/fr\/business-case-toolkit\/","title":{"rendered":"D\u00e9monstration de la n\u00e9cessit\u00e9 d&rsquo;une gestion unifi\u00e9e de l&rsquo;IT"},"content":{"rendered":"\t\t<div data-elementor-type=\"wp-page\" data-elementor-id=\"82044\" class=\"elementor elementor-82044 elementor-33527\" data-elementor-post-type=\"page\">\n\t\t\t\t<main class=\"elementor-element elementor-element-5eff24e6 e-flex e-con-boxed e-con e-parent\" data-id=\"5eff24e6\" data-element_type=\"container\" data-e-type=\"container\" data-settings=\"{&quot;background_background&quot;:&quot;classic&quot;}\">\n\t\t\t\t\t<div class=\"e-con-inner\">\n\t\t<div class=\"elementor-element elementor-element-3d2da1f1 e-con-full e-flex e-con e-child\" data-id=\"3d2da1f1\" data-element_type=\"container\" data-e-type=\"container\">\n\t\t\t\t<div class=\"elementor-element elementor-element-64bcb137 elementor-widget__width-auto no-lazyload elementor-widget elementor-widget-image\" data-id=\"64bcb137\" data-element_type=\"widget\" data-e-type=\"widget\" data-widget_type=\"image.default\">\n\t\t\t\t<div class=\"elementor-widget-container\">\n\t\t\t\t\t\t\t\t\t\t\t\t\t\t\t\t<a href=\"https:\/\/www.ninjaone.com\/fr\/\">\n\t\t\t\t\t\t\t<img fetchpriority=\"high\" decoding=\"async\" width=\"1056\" height=\"228\" src=\"https:\/\/www.ninjaone.com\/wp-content\/uploads\/2022\/09\/ninjaone-white-logo.svg\" class=\" attachment-full size-full wp-image-391\" alt=\"NinjaOne white logo\" title=\"ninjaone-white-logo\" \/>\t\t\t\t\t\t\t\t<\/a>\n\t\t\t\t\t\t\t\t\t\t\t\t\t\t\t<\/div>\n\t\t\t\t<\/div>\n\t\t\t\t<div class=\"elementor-element elementor-element-20f5a6d7 elementor-widget__width-initial elementor-widget elementor-widget-heading\" data-id=\"20f5a6d7\" data-element_type=\"widget\" data-e-type=\"widget\" data-widget_type=\"heading.default\">\n\t\t\t\t<div class=\"elementor-widget-container\">\n\t\t\t\t\t<h1 class=\"elementor-heading-title elementor-size-default\">Argumentez en faveur d'une gestion unifi\u00e9e de l'informatique<\/h1>\t\t\t\t<\/div>\n\t\t\t\t<\/div>\n\t\t\t\t<div class=\"elementor-element elementor-element-ef12c21 elementor-widget elementor-widget-text-editor\" data-id=\"ef12c21\" data-element_type=\"widget\" data-e-type=\"widget\" data-widget_type=\"text-editor.default\">\n\t\t\t\t<div class=\"elementor-widget-container\">\n\t\t\t\t\t\t\t\t\tGagnez du temps avec une pr\u00e9sentation qui va \u00e0 l&rsquo;essentiel de ce que les d\u00e9cisionnaires ont besoin de savoir.\t\t\t\t\t\t\t\t<\/div>\n\t\t\t\t<\/div>\n\t\t\t\t<div class=\"elementor-element elementor-element-646436a8 elementor-button-default elementor-widget elementor-widget-button\" data-id=\"646436a8\" data-element_type=\"widget\" data-e-type=\"widget\" data-widget_type=\"button.default\">\n\t\t\t\t<div class=\"elementor-widget-container\">\n\t\t\t\t\t\t\t\t\t<div class=\"elementor-button-wrapper\">\n\t\t\t\t\t<a class=\"elementor-button elementor-button-link elementor-size-sm\" href=\"#scroll-form-section\">\n\t\t\t\t\t\t<span class=\"elementor-button-content-wrapper\">\n\t\t\t\t\t\t\t\t\t<span class=\"elementor-button-text\">T\u00e9l\u00e9charger maintenant<\/span>\n\t\t\t\t\t<\/span>\n\t\t\t\t\t<\/a>\n\t\t\t\t<\/div>\n\t\t\t\t\t\t\t\t<\/div>\n\t\t\t\t<\/div>\n\t\t\t\t<\/div>\n\t\t<div class=\"elementor-element elementor-element-7814033 e-con-full e-flex e-con e-child\" data-id=\"7814033\" data-element_type=\"container\" data-e-type=\"container\">\n\t\t\t\t<div class=\"elementor-element elementor-element-cf5ec53 elementor-widget elementor-widget-shortcode\" data-id=\"cf5ec53\" data-element_type=\"widget\" data-e-type=\"widget\" data-widget_type=\"shortcode.default\">\n\t\t\t\t<div class=\"elementor-widget-container\">\n\t\t\t\t\t\t\t<div class=\"elementor-shortcode\">\n<div\n\t class=\"wpml-ls-statics-shortcode_actions wpml-ls wpml-ls-legacy-dropdown js-wpml-ls-legacy-dropdown\">\n\t<ul>\n\n\t\t<li tabindex=\"0\" class=\"wpml-ls-slot-shortcode_actions wpml-ls-item wpml-ls-item-fr wpml-ls-current-language wpml-ls-item-legacy-dropdown\">\n\t\t\t<a href=\"#\" class=\"js-wpml-ls-item-toggle wpml-ls-item-toggle\">\n                <span class=\"wpml-ls-native\">FR<\/span><\/a>\n\n\t\t\t<ul class=\"wpml-ls-sub-menu\">\n\t\t\t\t\n\t\t\t\t\t<li class=\"wpml-ls-slot-shortcode_actions wpml-ls-item wpml-ls-item-en wpml-ls-first-item\" data-ls-lang=\"en\">\n\t\t\t\t\t\t<a href=\"https:\/\/www.ninjaone.com\/\" class=\"wpml-ls-link\">\n                            <span class=\"wpml-ls-native\" lang=\"en\">English<\/span><\/a>\n\t\t\t\t\t<\/li>\n\n\t\t\t\t\n\t\t\t\t\t<li class=\"wpml-ls-slot-shortcode_actions wpml-ls-item wpml-ls-item-de\" data-ls-lang=\"de\">\n\t\t\t\t\t\t<a href=\"https:\/\/www.ninjaone.com\/de\/\" class=\"wpml-ls-link\">\n                            <span class=\"wpml-ls-native\" lang=\"de\">Deutsch<\/span><\/a>\n\t\t\t\t\t<\/li>\n\n\t\t\t\t\n\t\t\t\t\t<li class=\"wpml-ls-slot-shortcode_actions wpml-ls-item wpml-ls-item-es\" data-ls-lang=\"es\">\n\t\t\t\t\t\t<a href=\"https:\/\/www.ninjaone.com\/es\/\" class=\"wpml-ls-link\">\n                            <span class=\"wpml-ls-native\" lang=\"es\">Espa\u00f1ol<\/span><\/a>\n\t\t\t\t\t<\/li>\n\n\t\t\t\t\n\t\t\t\t\t<li class=\"wpml-ls-slot-shortcode_actions wpml-ls-item wpml-ls-item-it\" data-ls-lang=\"it\">\n\t\t\t\t\t\t<a href=\"https:\/\/www.ninjaone.com\/it\/\" class=\"wpml-ls-link\">\n                            <span class=\"wpml-ls-native\" lang=\"it\">Italiano<\/span><\/a>\n\t\t\t\t\t<\/li>\n\n\t\t\t\t\n\t\t\t\t\t<li class=\"wpml-ls-slot-shortcode_actions wpml-ls-item wpml-ls-item-nl\" data-ls-lang=\"nl\">\n\t\t\t\t\t\t<a href=\"https:\/\/www.ninjaone.com\/nl\/\" class=\"wpml-ls-link\">\n                            <span class=\"wpml-ls-native\" lang=\"nl\">Nederlands<\/span><\/a>\n\t\t\t\t\t<\/li>\n\n\t\t\t\t\n\t\t\t\t\t<li class=\"wpml-ls-slot-shortcode_actions wpml-ls-item wpml-ls-item-sv\" data-ls-lang=\"sv\">\n\t\t\t\t\t\t<a href=\"https:\/\/www.ninjaone.com\/sv\/\" class=\"wpml-ls-link\">\n                            <span class=\"wpml-ls-native\" lang=\"sv\">Svenska<\/span><\/a>\n\t\t\t\t\t<\/li>\n\n\t\t\t\t\n\t\t\t\t\t<li class=\"wpml-ls-slot-shortcode_actions wpml-ls-item wpml-ls-item-pt-br\" data-ls-lang=\"pt-br\">\n\t\t\t\t\t\t<a href=\"https:\/\/www.ninjaone.com\/pt-br\/\" class=\"wpml-ls-link\">\n                            <span class=\"wpml-ls-native\" lang=\"pt-br\">Portugu\u00eas<\/span><\/a>\n\t\t\t\t\t<\/li>\n\n\t\t\t\t\n\t\t\t\t\t<li class=\"wpml-ls-slot-shortcode_actions wpml-ls-item wpml-ls-item-ja wpml-ls-last-item\" data-ls-lang=\"ja\">\n\t\t\t\t\t\t<a href=\"https:\/\/www.ninjaone.com\/ja\/\" class=\"wpml-ls-link\">\n                            <span class=\"wpml-ls-native\" lang=\"ja\">\u65e5\u672c\u8a9e<\/span><\/a>\n\t\t\t\t\t<\/li>\n\n\t\t\t\t\t\t\t<\/ul>\n\n\t\t<\/li>\n\n\t<\/ul>\n<\/div>\n<\/div>\n\t\t\t\t\t\t<\/div>\n\t\t\t\t<\/div>\n\t\t\t\t<div class=\"elementor-element elementor-element-373de40e elementor-widget__width-auto no-lazyload elementor-widget elementor-widget-image\" data-id=\"373de40e\" data-element_type=\"widget\" data-e-type=\"widget\" data-widget_type=\"image.default\">\n\t\t\t\t<div class=\"elementor-widget-container\">\n\t\t\t\t\t\t\t\t\t\t\t\t\t\t\t<img decoding=\"async\" width=\"1200\" height=\"774\" src=\"https:\/\/www.ninjaone.com\/wp-content\/uploads\/2022\/10\/A4-Flyer-Mockup-v2.png\" class=\" attachment-full size-full wp-image-27884\" alt=\"A4 Flyer Mockup\" srcset=\"https:\/\/www.ninjaone.com\/wp-content\/uploads\/2022\/10\/A4-Flyer-Mockup-v2.png 1200w, https:\/\/www.ninjaone.com\/wp-content\/uploads\/2022\/10\/A4-Flyer-Mockup-v2-300x194.png 300w, https:\/\/www.ninjaone.com\/wp-content\/uploads\/2022\/10\/A4-Flyer-Mockup-v2-1024x660.png 1024w, https:\/\/www.ninjaone.com\/wp-content\/uploads\/2022\/10\/A4-Flyer-Mockup-v2-768x495.png 768w\" sizes=\"(max-width: 1200px) 100vw, 1200px\" title=\"A4-Flyer-Mockup-v2\" \/>\t\t\t\t\t\t\t\t\t\t\t\t\t\t\t<\/div>\n\t\t\t\t<\/div>\n\t\t\t\t<\/div>\n\t\t\t\t\t<\/div>\n\t\t\t\t<\/main>\n\t\t<section class=\"elementor-element elementor-element-61061e36 e-flex e-con-boxed e-con e-parent\" data-id=\"61061e36\" data-element_type=\"container\" data-e-type=\"container\">\n\t\t\t\t\t<div class=\"e-con-inner\">\n\t\t<div class=\"elementor-element elementor-element-75ab7069 e-con-full e-flex e-con e-child\" data-id=\"75ab7069\" data-element_type=\"container\" data-e-type=\"container\">\n\t\t\t\t<div class=\"elementor-element elementor-element-362de620 elementor-widget elementor-widget-text-editor\" data-id=\"362de620\" data-element_type=\"widget\" data-e-type=\"widget\" data-widget_type=\"text-editor.default\">\n\t\t\t\t<div class=\"elementor-widget-container\">\n\t\t\t\t\t\t\t\t\t<p>Vous \u00eates donc pr\u00eat \u00e0 rationaliser votre gestion informatique et \u00e0 moderniser vos op\u00e9rations ! Vous avez fait vos recherches, analys\u00e9 vos options, et vous \u00eates impatient d\u2019impl\u00e9menter NinjaOne. La derni\u00e8re \u00e9tape consiste \u00e0 obtenir l&rsquo;accord des acteurs cl\u00e9s, et nous comprenons que prouver une valeur commerciale peut parfois ressembler \u00e0 une t\u00e2che difficile. Pour vous aider, nous avons \u00e9labor\u00e9 ce kit d&rsquo;\u00e9tude d\u2019opportunit\u00e9 NinjaOne, qui comprend :<\/p>\n<ul>\n<li>Une check-list d&rsquo;auto-\u00e9valuation r\u00e9v\u00e9latrice pour votre entreprise<\/li>\n<li>Deux briefings \u00e0 l&rsquo;intention des dirigeants soulignant le retour sur investissement et l&rsquo;impact commercial (pour les DSI et les directeurs financiers)<\/li>\n<li>Une pr\u00e9sentation personnalisable des produits NinjaOne qui vous aidera \u00e0 attirer l&rsquo;attention<\/li>\n<li>Un calculateur de retour sur investissement pour vous aider \u00e0 mettre en avant les \u00e9conomies de co\u00fbts et la valeur ajout\u00e9e<\/li>\n<\/ul>\n<h2><\/h2>\n\t\t\t\t\t\t\t\t<\/div>\n\t\t\t\t<\/div>\n\t\t\t\t<\/div>\n\t\t<div class=\"elementor-element elementor-element-4edd2269 e-con-full e-flex e-con e-child\" data-id=\"4edd2269\" data-element_type=\"container\" data-e-type=\"container\" id=\"scroll-form-section\">\n\t\t\t\t<div class=\"elementor-element elementor-element-549bc4ac elementor-widget elementor-widget-heading\" data-id=\"549bc4ac\" data-element_type=\"widget\" data-e-type=\"widget\" data-widget_type=\"heading.default\">\n\t\t\t\t<div class=\"elementor-widget-container\">\n\t\t\t\t\t<h3 class=\"elementor-heading-title elementor-size-default\">Get your free kit<\/h3>\t\t\t\t<\/div>\n\t\t\t\t<\/div>\n\t\t\t\t<div class=\"elementor-element elementor-element-38fc9d3 elementor-widget elementor-widget-html\" data-id=\"38fc9d3\" data-element_type=\"widget\" data-e-type=\"widget\" data-widget_type=\"html.default\">\n\t\t\t\t<div class=\"elementor-widget-container\">\n\t\t\t\t\t<iframe class=\"iframe-form iframe-resize\" style=\"border: 0;\" src=\"https:\/\/go.ninjaone.com\/l\/652283\/2022-08-05\/47f5h4\" width=\"100%\" height=\"560\" frameborder=\"0\"><\/iframe>\t\t\t\t<\/div>\n\t\t\t\t<\/div>\n\t\t\t\t<\/div>\n\t\t\t\t\t<\/div>\n\t\t\t\t<\/section>\n\t\t<div class=\"elementor-element elementor-element-8224768 e-con-full e-flex e-con e-parent\" data-id=\"8224768\" data-element_type=\"container\" data-e-type=\"container\">\n\t\t\t\t<\/div>\n\t\t\t\t<\/div>\n\t\t","protected":false},"excerpt":{"rendered":"<p>Argumentez en faveur d&rsquo;une gestion unifi\u00e9e de l&rsquo;informatique Gagnez du temps avec une pr\u00e9sentation qui va \u00e0 l&rsquo;essentiel de ce que les d\u00e9cisionnaires ont besoin de savoir. T\u00e9l\u00e9charger maintenant Vous \u00eates donc pr\u00eat \u00e0 rationaliser votre gestion informatique et \u00e0 moderniser vos op\u00e9rations ! Vous avez fait vos recherches, analys\u00e9 vos options, et vous \u00eates [&hellip;]<\/p>\n","protected":false},"author":35,"featured_media":0,"parent":0,"menu_order":3594,"comment_status":"closed","ping_status":"closed","template":"elementor_canvas","meta":{"_acf_changed":false,"_relevanssi_hide_post":"","_relevanssi_hide_content":"","_relevanssi_pin_for_all":"","_relevanssi_pin_keywords":"","_relevanssi_unpin_keywords":"","_relevanssi_related_keywords":"","_relevanssi_related_include_ids":"","_relevanssi_related_exclude_ids":"","_relevanssi_related_no_append":"","_relevanssi_related_not_related":"","_relevanssi_related_posts":"","_relevanssi_noindex_reason":"","_lmt_disableupdate":"no","_lmt_disable":"","footnotes":""},"class_list":["post-82044","page","type-page","status-publish","hentry"],"acf":[],"_links":{"self":[{"href":"https:\/\/www.ninjaone.com\/fr\/wp-json\/wp\/v2\/pages\/82044","targetHints":{"allow":["GET"]}}],"collection":[{"href":"https:\/\/www.ninjaone.com\/fr\/wp-json\/wp\/v2\/pages"}],"about":[{"href":"https:\/\/www.ninjaone.com\/fr\/wp-json\/wp\/v2\/types\/page"}],"author":[{"embeddable":true,"href":"https:\/\/www.ninjaone.com\/fr\/wp-json\/wp\/v2\/users\/35"}],"replies":[{"embeddable":true,"href":"https:\/\/www.ninjaone.com\/fr\/wp-json\/wp\/v2\/comments?post=82044"}],"version-history":[{"count":0,"href":"https:\/\/www.ninjaone.com\/fr\/wp-json\/wp\/v2\/pages\/82044\/revisions"}],"wp:attachment":[{"href":"https:\/\/www.ninjaone.com\/fr\/wp-json\/wp\/v2\/media?parent=82044"}],"curies":[{"name":"wp","href":"https:\/\/api.w.org\/{rel}","templated":true}]}}