{"id":792854,"date":"2026-04-09T08:46:38","date_gmt":"2026-04-09T08:46:38","guid":{"rendered":"https:\/\/www.ninjaone.com\/?page_id=792854"},"modified":"2026-04-14T07:08:06","modified_gmt":"2026-04-14T07:08:06","slug":"politique-dutilisation-equitable-saas-backup","status":"publish","type":"page","link":"https:\/\/www.ninjaone.com\/fr\/politique-dutilisation-equitable-saas-backup\/","title":{"rendered":"Politique d\u2019utilisation \u00e9quitable de NinjaOne SaaS Backup"},"content":{"rendered":"\t\t<div data-elementor-type=\"wp-page\" data-elementor-id=\"792854\" class=\"elementor elementor-792854 elementor-775301\" data-elementor-post-type=\"page\">\n\t\t\t\t<main class=\"elementor-element elementor-element-914eec1 e-flex e-con-boxed e-con e-parent\" data-id=\"914eec1\" data-element_type=\"container\" data-e-type=\"container\">\n\t\t\t\t\t<div class=\"e-con-inner\">\n\t\t\t\t<div class=\"elementor-element elementor-element-9096c96 elementor-widget elementor-widget-heading\" data-id=\"9096c96\" data-element_type=\"widget\" data-e-type=\"widget\" data-widget_type=\"heading.default\">\n\t\t\t\t<div class=\"elementor-widget-container\">\n\t\t\t\t\t<h1 class=\"elementor-heading-title elementor-size-default\">Politique d\u2019utilisation \u00e9quitable de NinjaOne SaaS Backup<\/h1>\t\t\t\t<\/div>\n\t\t\t\t<\/div>\n\t\t\t\t<div class=\"elementor-element elementor-element-68bef8f elementor-widget elementor-widget-heading\" data-id=\"68bef8f\" data-element_type=\"widget\" data-e-type=\"widget\" data-widget_type=\"heading.default\">\n\t\t\t\t<div class=\"elementor-widget-container\">\n\t\t\t\t\t<p class=\"elementor-heading-title elementor-size-default\">Derni\u00e8re mise \u00e0 jour\u00a0: 26 mars 2026\n<\/br><\/br>\nAvertissement :<\/br>\nCette page a \u00e9t\u00e9 traduite \u00e0 titre indicatif.<\/br>\nEn cas de divergences ou d'incoh\u00e9rences entre le contenu traduit et la version anglaise, la version anglaise pr\u00e9vaudra et sera la seule version l\u00e9galement valable.<\/p>\t\t\t\t<\/div>\n\t\t\t\t<\/div>\n\t\t\t\t<div class=\"elementor-element elementor-element-1a959e8 elementor-widget elementor-widget-heading\" data-id=\"1a959e8\" data-element_type=\"widget\" data-e-type=\"widget\" data-widget_type=\"heading.default\">\n\t\t\t\t<div class=\"elementor-widget-container\">\n\t\t\t\t\t<h3 class=\"elementor-heading-title elementor-size-default\">1. Objet<\/h3>\t\t\t\t<\/div>\n\t\t\t\t<\/div>\n\t\t\t\t<div class=\"elementor-element elementor-element-531edf5 elementor-widget elementor-widget-text-editor\" data-id=\"531edf5\" data-element_type=\"widget\" data-e-type=\"widget\" id=\"information-we-collect\" data-widget_type=\"text-editor.default\">\n\t\t\t\t<div class=\"elementor-widget-container\">\n\t\t\t\t\t\t\t\t\t<p>La pr\u00e9sente Politique d\u2019utilisation \u00e9quitable (\u00ab\u00a0Politique\u00a0\u00bb) r\u00e9git les services de sauvegarde SaaS propos\u00e9s, distribu\u00e9s ou revendus par NinjaOne et ses soci\u00e9t\u00e9s affili\u00e9es, y compris les services commercialis\u00e9s sous les marques NinjaOne, Dropsuite, en marque blanche, co-marqu\u00e9s ou sous toute autre marque successeur ou associ\u00e9e (collectivement, les \u00ab\u00a0Services\u00a0\u00bb).<\/p><p>Aux fins de la pr\u00e9sente Politique, \u00ab\u00a0NinjaOne\u00a0\u00bb d\u00e9signe l\u2019entit\u00e9 fournissant les Services conform\u00e9ment au contrat client applicable.<\/p><p>Les Services sont propos\u00e9s selon un mod\u00e8le commercial bas\u00e9 sur le nombre de licences. Bien que le stockage ne soit pas limit\u00e9 au niveau d\u2019une organisation ou d\u2019un tenant individuel, l\u2019utilisation totale du stockage est soumise \u00e0 un quota global au niveau du Client, li\u00e9 au nombre de licences payantes achet\u00e9es.<\/p><p>La pr\u00e9sente Politique explique comment les quotas de stockage sont calcul\u00e9s, agr\u00e9g\u00e9s et appliqu\u00e9s afin de garantir un acc\u00e8s \u00e9quitable \u00e0 une infrastructure partag\u00e9e et un alignement entre les licences achet\u00e9es et la consommation globale de stockage.<\/p>\t\t\t\t\t\t\t\t<\/div>\n\t\t\t\t<\/div>\n\t\t\t\t<div class=\"elementor-element elementor-element-a5d480a elementor-widget elementor-widget-heading\" data-id=\"a5d480a\" data-element_type=\"widget\" data-e-type=\"widget\" data-widget_type=\"heading.default\">\n\t\t\t\t<div class=\"elementor-widget-container\">\n\t\t\t\t\t<h3 class=\"elementor-heading-title elementor-size-default\">2. Champ d\u2019application<\/h3>\t\t\t\t<\/div>\n\t\t\t\t<\/div>\n\t\t\t\t<div class=\"elementor-element elementor-element-81ecddc elementor-widget elementor-widget-text-editor\" data-id=\"81ecddc\" data-element_type=\"widget\" data-e-type=\"widget\" data-widget_type=\"text-editor.default\">\n\t\t\t\t<div class=\"elementor-widget-container\">\n\t\t\t\t\t\t\t\t\t<p>Aux fins de la pr\u00e9sente Politique, \u00ab\u00a0Client\u00a0\u00bb d\u00e9signe\u00a0:<\/p><ul><li>Un client informatique interne achetant les Services pour sa propre organisation ; ou<\/li><li>Un fournisseur de services g\u00e9r\u00e9s (MSP) achetant ou g\u00e9rant les Services pour le compte d\u2019une ou plusieurs organisations utilisatrices finales, que l\u2019achat soit effectu\u00e9 directement aupr\u00e8s de NinjaOne ou via un distributeur autoris\u00e9.<\/li><\/ul><p>Dans le cadre des MSP, le MSP est consid\u00e9r\u00e9 comme le Client aux fins du calcul du stockage, de la conformit\u00e9 et de l\u2019application de la pr\u00e9sente Politique.<\/p><p>Lorsqu\u2019un client informatique interne direct exploite plusieurs organisations, tenants, instances, environnements ou unit\u00e9s commerciales au sein des Services, toutes ces entit\u00e9s et environnements sont agr\u00e9g\u00e9s et trait\u00e9s comme un seul Client aux fins du nombre de licences, de l\u2019utilisation du stockage et de la conformit\u00e9 \u00e0 la pr\u00e9sente Politique.<\/p><p>Aux fins de l\u2019agr\u00e9gation du stockage et du calcul des quotas, \u00ab\u00a0Client\u00a0\u00bb inclut l\u2019entit\u00e9 juridique contractante ainsi que toute soci\u00e9t\u00e9 affili\u00e9e, filiale, soci\u00e9t\u00e9 m\u00e8re ou autre entit\u00e9 contr\u00f4l\u00e9e acc\u00e9dant aux Services ou les utilisant dans le cadre de la m\u00eame relation commerciale ou du m\u00eame dispositif de facturation.<\/p>\t\t\t\t\t\t\t\t<\/div>\n\t\t\t\t<\/div>\n\t\t\t\t<div class=\"elementor-element elementor-element-b83db4f elementor-widget elementor-widget-heading\" data-id=\"b83db4f\" data-element_type=\"widget\" data-e-type=\"widget\" data-widget_type=\"heading.default\">\n\t\t\t\t<div class=\"elementor-widget-container\">\n\t\t\t\t\t<h3 class=\"elementor-heading-title elementor-size-default\">3. Mod\u00e8le de stockage et m\u00e9thodologie d\u2019agr\u00e9gation<\/h3>\t\t\t\t<\/div>\n\t\t\t\t<\/div>\n\t\t\t\t<div class=\"elementor-element elementor-element-47ac48e elementor-widget elementor-widget-heading\" data-id=\"47ac48e\" data-element_type=\"widget\" data-e-type=\"widget\" data-widget_type=\"heading.default\">\n\t\t\t\t<div class=\"elementor-widget-container\">\n\t\t\t\t\t<h4 class=\"elementor-heading-title elementor-size-default\">3.1 Stockage illimit\u00e9 au niveau de l\u2019organisation<\/h4>\t\t\t\t<\/div>\n\t\t\t\t<\/div>\n\t\t\t\t<div class=\"elementor-element elementor-element-022f187 elementor-widget elementor-widget-text-editor\" data-id=\"022f187\" data-element_type=\"widget\" data-e-type=\"widget\" data-widget_type=\"text-editor.default\">\n\t\t\t\t<div class=\"elementor-widget-container\">\n\t\t\t\t\t\t\t\t\t<p>NinjaOne n\u2019impose pas de limites fixes de stockage au niveau de l\u2019utilisateur individuel, de l\u2019organisation, du tenant ou de l\u2019environnement. Le stockage n\u2019est pas plafonn\u00e9 par organisation.<\/p>\t\t\t\t\t\t\t\t<\/div>\n\t\t\t\t<\/div>\n\t\t\t\t<div class=\"elementor-element elementor-element-caf215a elementor-widget elementor-widget-heading\" data-id=\"caf215a\" data-element_type=\"widget\" data-e-type=\"widget\" data-widget_type=\"heading.default\">\n\t\t\t\t<div class=\"elementor-widget-container\">\n\t\t\t\t\t<h4 class=\"elementor-heading-title elementor-size-default\">3.2 Quota global de stockage au niveau du Client<\/h4>\t\t\t\t<\/div>\n\t\t\t\t<\/div>\n\t\t\t\t<div class=\"elementor-element elementor-element-eacf500 elementor-widget elementor-widget-text-editor\" data-id=\"eacf500\" data-element_type=\"widget\" data-e-type=\"widget\" data-widget_type=\"text-editor.default\">\n\t\t\t\t<div class=\"elementor-widget-container\">\n\t\t\t\t\t\t\t\t\t<p>L\u2019utilisation totale du stockage est r\u00e9gie au niveau global du Client.<\/p><p>Chaque licence payante inclut un quota pouvant aller jusqu\u2019\u00e0 250 Go de stockage.<\/p><p>Le quota total de stockage du Client est calcul\u00e9 comme suit\u00a0: <strong>Nombre total de licences payantes \u00d7 250 Go<\/strong><\/p><p>Aux fins de l\u2019\u00e9valuation de la conformit\u00e9\u00a0:<\/p><ul><li><strong>Nombre total de licences payantes<\/strong> d\u00e9signe l\u2019ensemble des licences payantes achet\u00e9es par le Client ;<\/li><li><strong>Utilisation totale du stockage<\/strong> d\u00e9signe l\u2019ensemble des donn\u00e9es stock\u00e9es dans toutes les organisations, tenants, instances, environnements et charges de travail du Client.<\/li><\/ul><p>Si l\u2019utilisation totale du stockage d\u00e9passe le quota global calcul\u00e9, le Client est consid\u00e9r\u00e9 comme non conforme \u00e0 la pr\u00e9sente Politique.<\/p><p>Exemple\u00a0:<\/p><p>Si un Client ach\u00e8te 100 licences payantes, le quota global de stockage est\u00a0:<\/p><p>100\u00a0\u00d7\u00a0250\u00a0Go\u00a0=\u00a025\u00a0000\u00a0Go\u00a0(25\u00a0To)<\/p><p>Si l\u2019utilisation totale du stockage d\u00e9passe 25 To, le Client est en situation de non-conformit\u00e9.<\/p>\t\t\t\t\t\t\t\t<\/div>\n\t\t\t\t<\/div>\n\t\t\t\t<div class=\"elementor-element elementor-element-ed7b0e6 elementor-widget elementor-widget-heading\" data-id=\"ed7b0e6\" data-element_type=\"widget\" data-e-type=\"widget\" data-widget_type=\"heading.default\">\n\t\t\t\t<div class=\"elementor-widget-container\">\n\t\t\t\t\t<h3 class=\"elementor-heading-title elementor-size-default\">4. Utilisation raisonnable et surveillance<\/h3>\t\t\t\t<\/div>\n\t\t\t\t<\/div>\n\t\t\t\t<div class=\"elementor-element elementor-element-88e4606 elementor-widget elementor-widget-text-editor\" data-id=\"88e4606\" data-element_type=\"widget\" data-e-type=\"widget\" data-widget_type=\"text-editor.default\">\n\t\t\t\t<div class=\"elementor-widget-container\">\n\t\t\t\t\t\t\t\t\t<p>NinjaOne peut surveiller le nombre de licences, la consommation de stockage et les sch\u00e9mas d\u2019utilisation, et peut s\u2019appuyer sur les m\u00e9triques syst\u00e8me pour d\u00e9terminer et calculer la conformit\u00e9 \u00e0 la pr\u00e9sente Politique.<br \/><br \/>Les Clients ne peuvent pas manipuler les achats, annulations, r\u00e9affectations de licences, la structuration organisationnelle ou la configuration des comptes afin d\u2019augmenter artificiellement leur quota de stockage ou d\u2019\u00e9viter la conformit\u00e9. NinjaOne peut ignorer les fluctuations temporaires, artificielles ou inhabituelles de licences lors du calcul du quota global.<\/p>\t\t\t\t\t\t\t\t<\/div>\n\t\t\t\t<\/div>\n\t\t\t\t<div class=\"elementor-element elementor-element-38e147f elementor-widget elementor-widget-heading\" data-id=\"38e147f\" data-element_type=\"widget\" data-e-type=\"widget\" data-widget_type=\"heading.default\">\n\t\t\t\t<div class=\"elementor-widget-container\">\n\t\t\t\t\t<h3 class=\"elementor-heading-title elementor-size-default\">5. Non-conformit\u00e9<\/h3>\t\t\t\t<\/div>\n\t\t\t\t<\/div>\n\t\t\t\t<div class=\"elementor-element elementor-element-267aa6f elementor-widget elementor-widget-text-editor\" data-id=\"267aa6f\" data-element_type=\"widget\" data-e-type=\"widget\" data-widget_type=\"text-editor.default\">\n\t\t\t\t<div class=\"elementor-widget-container\">\n\t\t\t\t\t\t\t\t\t<p>Si un Client est en situation de non-conformit\u00e9 ou adopte une utilisation d\u00e9raisonnable, abusive ou inhabituelle, NinjaOne peut, \u00e0 sa seule discr\u00e9tion\u00a0:<\/p><ol><li>Exiger des mesures correctives, y compris l\u2019achat de licences suppl\u00e9mentaires ou la r\u00e9duction des donn\u00e9es stock\u00e9es\u00a0;<\/li><li>Exiger une migration vers un autre mod\u00e8le tarifaire, de packaging ou de stockage\u00a0;<\/li><li>Limiter ou restreindre l\u2019utilisation du stockage\u00a0;<\/li><li>Suspendre l\u2019acc\u00e8s aux Services\u00a0; ou<\/li><li>R\u00e9silier les Services conform\u00e9ment au contrat applicable.<\/li><\/ol><p>NinjaOne peut facturer au Client des licences suppl\u00e9mentaires correspondant \u00e0 une utilisation historique exc\u00e9dentaire du stockage lorsque la consommation d\u00e9passe le quota global applicable.<\/p><p>NinjaOne ne pourra \u00eatre tenue responsable de toute perte de donn\u00e9es, interruption d\u2019activit\u00e9 ou autres dommages r\u00e9sultant d\u2019actions entreprises de bonne foi pour faire respecter la pr\u00e9sente Politique.<\/p>\t\t\t\t\t\t\t\t<\/div>\n\t\t\t\t<\/div>\n\t\t\t\t<div class=\"elementor-element elementor-element-ddca205 elementor-widget elementor-widget-heading\" data-id=\"ddca205\" data-element_type=\"widget\" data-e-type=\"widget\" data-widget_type=\"heading.default\">\n\t\t\t\t<div class=\"elementor-widget-container\">\n\t\t\t\t\t<h3 class=\"elementor-heading-title elementor-size-default\">6. Mise \u00e0 jour de la Politique<\/h3>\t\t\t\t<\/div>\n\t\t\t\t<\/div>\n\t\t\t\t<div class=\"elementor-element elementor-element-a4cc07e elementor-widget elementor-widget-text-editor\" data-id=\"a4cc07e\" data-element_type=\"widget\" data-e-type=\"widget\" data-widget_type=\"text-editor.default\">\n\t\t\t\t<div class=\"elementor-widget-container\">\n\t\t\t\t\t\t\t\t\t<p>NinjaOne peut modifier la pr\u00e9sente Politique d\u2019utilisation \u00e9quitable \u00e0 tout moment, \u00e0 sa discr\u00e9tion. Les versions mises \u00e0 jour seront publi\u00e9es sur le site web des Services concern\u00e9s et entreront en vigueur \u00e0 la date indiqu\u00e9e. La poursuite de l\u2019acc\u00e8s ou de l\u2019utilisation des Services apr\u00e8s cette date constitue une acceptation de la Politique mise \u00e0 jour.<br \/><br \/>Si le Client n\u2019accepte pas une version mise \u00e0 jour, son seul recours est de cesser d\u2019utiliser les Services concern\u00e9s. Pour plus de clart\u00e9, les mises \u00e0 jour de la pr\u00e9sente Politique ne conf\u00e8rent aucun droit de r\u00e9siliation du contrat sous-jacent r\u00e9gissant les Services.<\/p>\t\t\t\t\t\t\t\t<\/div>\n\t\t\t\t<\/div>\n\t\t\t\t\t<\/div>\n\t\t\t\t<\/main>\n\t\t\t\t<\/div>\n\t\t","protected":false},"excerpt":{"rendered":"<p>Derni\u00e8re mise \u00e0 jour\u00a0: 26 mars 2026 Avertissement : Cette page a \u00e9t\u00e9 traduite \u00e0 titre indicatif. En cas de divergences ou d&rsquo;incoh\u00e9rences entre le contenu traduit et la version anglaise, la version anglaise pr\u00e9vaudra et sera la seule version l\u00e9galement valable. 1. Objet La pr\u00e9sente Politique d\u2019utilisation \u00e9quitable (\u00ab\u00a0Politique\u00a0\u00bb) r\u00e9git les services de sauvegarde [&hellip;]<\/p>\n","protected":false},"author":231,"featured_media":0,"parent":0,"menu_order":2974,"comment_status":"closed","ping_status":"closed","template":"elementor_header_footer","meta":{"_acf_changed":false,"_relevanssi_hide_post":"","_relevanssi_hide_content":"","_relevanssi_pin_for_all":"","_relevanssi_pin_keywords":"","_relevanssi_unpin_keywords":"","_relevanssi_related_keywords":"","_relevanssi_related_include_ids":"","_relevanssi_related_exclude_ids":"","_relevanssi_related_no_append":"","_relevanssi_related_not_related":"","_relevanssi_related_posts":"","_relevanssi_noindex_reason":"","_lmt_disableupdate":"no","_lmt_disable":"","footnotes":""},"class_list":["post-792854","page","type-page","status-publish","hentry"],"acf":[],"_links":{"self":[{"href":"https:\/\/www.ninjaone.com\/fr\/wp-json\/wp\/v2\/pages\/792854","targetHints":{"allow":["GET"]}}],"collection":[{"href":"https:\/\/www.ninjaone.com\/fr\/wp-json\/wp\/v2\/pages"}],"about":[{"href":"https:\/\/www.ninjaone.com\/fr\/wp-json\/wp\/v2\/types\/page"}],"author":[{"embeddable":true,"href":"https:\/\/www.ninjaone.com\/fr\/wp-json\/wp\/v2\/users\/231"}],"replies":[{"embeddable":true,"href":"https:\/\/www.ninjaone.com\/fr\/wp-json\/wp\/v2\/comments?post=792854"}],"version-history":[{"count":0,"href":"https:\/\/www.ninjaone.com\/fr\/wp-json\/wp\/v2\/pages\/792854\/revisions"}],"wp:attachment":[{"href":"https:\/\/www.ninjaone.com\/fr\/wp-json\/wp\/v2\/media?parent=792854"}],"curies":[{"name":"wp","href":"https:\/\/api.w.org\/{rel}","templated":true}]}}