{"id":76520,"date":"2023-07-08T02:00:09","date_gmt":"2023-07-08T02:00:09","guid":{"rendered":"https:\/\/www.ninjaone.com\/?page_id=76520"},"modified":"2025-08-05T11:25:11","modified_gmt":"2025-08-05T11:25:11","slug":"conditions-dutilisation","status":"publish","type":"page","link":"https:\/\/www.ninjaone.com\/fr\/conditions-dutilisation\/","title":{"rendered":"Conditions d&rsquo;utilisation"},"content":{"rendered":"<p><strong>Derni\u00e8re mise \u00e0 jour :<\/strong>&nbsp;24 Juillet 2025<\/p>\n<p>Bienvenue sur le site web de NinjaOne (le \u00ab\u00a0site\u00a0\u00bb). Le site est con\u00e7u pour \u00eatre utilis\u00e9 par les clients, prospects, partenaires, vendeurs, fournisseurs et employ\u00e9s de NinjaOne, ainsi que par les repr\u00e9sentants des m\u00e9dias. Les pr\u00e9sentes conditions d&rsquo;utilisation (les \u00ab\u00a0conditions\u00a0\u00bb) r\u00e9gissent votre acc\u00e8s et votre utilisation du site et constituent un accord juridiquement contraignant entre vous et NinjaOne. En acc\u00e9dant au site ou en l&rsquo;utilisant, vous reconnaissez avoir lu, compris et accept\u00e9 d&rsquo;\u00eatre li\u00e9 par les pr\u00e9sentes conditions.<\/p>\n<p>Nous pouvons r\u00e9viser ces conditions \u00e0 tout moment sans pr\u00e9avis. En continuant \u00e0 utiliser le site, vous acceptez ces r\u00e9visions. Veuillez consulter r\u00e9guli\u00e8rement cette page.<\/p>\n<ol>\n<li><strong> D\u00e9finitions<\/strong><\/li>\n<\/ol>\n<p>Outre les termes d\u00e9finis ailleurs dans les pr\u00e9sentes conditions, les termes suivants ont la signification indiqu\u00e9e ci-dessous lorsqu&rsquo;ils sont utilis\u00e9s dans les pr\u00e9sentes conditions :<\/p>\n<ul>\n<li>les termes \u00ab\u00a0utilisateur\u00a0\u00bb, \u00ab\u00a0vous\u00a0\u00bb ou \u00ab\u00a0votre\u00a0\u00bb d\u00e9signent toute personne physique ou morale qui acc\u00e8de au site ou l&rsquo;utilise.<\/li>\n<li>les termes \u00ab\u00a0NinjaOne\u00a0\u00bb, \u00ab\u00a0nous\u00a0\u00bb, \u00ab\u00a0notre\u00a0\u00bb ou \u00ab\u00a0nos\u00a0\u00bb font r\u00e9f\u00e9rence \u00e0 NinjaOne, LLC.<\/li>\n<\/ul>\n<ol start=\"2\">\n<li><strong> Acc\u00e8s au site et utilisation<\/strong><\/li>\n<\/ol>\n<p>Vous pouvez consulter, t\u00e9l\u00e9charger, copier et imprimer des documents et des graphiques (les \u00ab\u00a0documents\u00a0\u00bb) \u00e0 partir du site dans les conditions suivantes :<\/p>\n<ul>\n<li>Les documents ne peuvent \u00eatre utilis\u00e9s qu&rsquo;\u00e0 des fins personnelles, informatives et non commerciales;<\/li>\n<li>Les documents ne peuvent \u00eatre modifi\u00e9s, alt\u00e9r\u00e9s ou republi\u00e9s sans l&rsquo;accord \u00e9crit pr\u00e9alable de NinjaOne;<\/li>\n<li>Toute autre utilisation doit \u00eatre conforme aux lois applicables en mati\u00e8re de droits d&rsquo;auteur et de propri\u00e9t\u00e9 intellectuelle.<\/li>\n<\/ul>\n<p>L&rsquo;utilisation au-del\u00e0 de \u00ab\u00a0l&rsquo;utilisation raisonnable\u00a0\u00bb en vertu de la loi sur les droits d&rsquo;auteur n\u00e9cessite l&rsquo;autorisation expresse de NinjaOne.<\/p>\n<ol start=\"3\">\n<li><strong> Utilisation du logiciel<\/strong><\/li>\n<\/ol>\n<p>Si vous acc\u00e9dez au logiciel NinjaOne en tant que service et\/ou t\u00e9l\u00e9chargez le logiciel NinjaOne \u00e0 partir du site ou par son interm\u00e9diaire, votre utilisation est r\u00e9gie par le <a href=\"https:\/\/www.ninjaone.com\/fr\/contrat-de-licence\/\" target=\"_blank\" rel=\"noopener\">contrat de licence d&rsquo;utilisateur final (EULA &#8211; End User License Agreement) de NinjaOne<\/a>. Aucune disposition des pr\u00e9sentes conditions n&rsquo;est destin\u00e9e \u00e0 limiter vos obligations ou \u00e0 \u00e9tendre vos droits en vertu du EULA, ni ne doit \u00eatre interpr\u00e9t\u00e9e comme telle. Tous les droits non express\u00e9ment accord\u00e9s sont r\u00e9serv\u00e9s par NinjaOne.<\/p>\n<ol start=\"4\">\n<li><strong> Comptes d&rsquo;utilisateurs<\/strong><\/li>\n<\/ol>\n<p>Si le site vous permet de cr\u00e9er un compte, vous acceptez de :<\/p>\n<ul>\n<li>Fournir des informations exactes, actuelles et compl\u00e8tes;<\/li>\n<li>Pr\u00e9server la confidentialit\u00e9 de vos identifiants de connexion;<\/li>\n<li>Porter la responsabilit\u00e9 de toutes les activit\u00e9s effectu\u00e9es sur votre compte.<\/li>\n<\/ul>\n<p>Nous nous r\u00e9servons le droit de suspendre ou de r\u00e9silier votre compte si les informations fournies sont fausses ou trompeuses, si vous \u00eates en violation des pr\u00e9sentes conditions, ou si cela s&rsquo;av\u00e8re appropri\u00e9 ou n\u00e9cessaire \u00e0 la seule discr\u00e9tion de NinjaOne.<\/p>\n<ol start=\"5\">\n<li><strong> Conduite interdite<\/strong><\/li>\n<\/ol>\n<p>Vous vous engagez \u00e0 ne pas :<\/p>\n<ul>\n<li>Interf\u00e9rer ou perturber le site et les serveurs;<\/li>\n<li>Tenter d&rsquo;obtenir un acc\u00e8s non autoris\u00e9 \u00e0 toute partie du site;<\/li>\n<li>Utiliser le site pour transmettre des logiciels malveillants, du spam ou tout autre code nuisible;<\/li>\n<li>Faire de la r\u00e9tro-ing\u00e9nierie, du scrape ou de la reproduction de toute partie du site sans autorisation.<\/li>\n<\/ul>\n<ol start=\"6\">\n<li><strong> Liens et contenus de tiers<\/strong><\/li>\n<\/ol>\n<p>Le site peut contenir des liens vers des sites web et des contenus de tiers. Nous ne sommes pas responsables de :<\/p>\n<ul>\n<li>La disponibilit\u00e9, l&rsquo;exactitude ou le contenu des sites externes;<\/li>\n<li>Conditions des tiers, y compris les politiques de confidentialit\u00e9 et les pratiques de s\u00e9curit\u00e9;<\/li>\n<li>Toute transaction entre vous et un tiers.<\/li>\n<\/ul>\n<p>L&rsquo;utilisation de sites web, de contenus et d&rsquo;autres ressources tierces se fait \u00e0 vos risques et p\u00e9rils.<\/p>\n<ol start=\"7\">\n<li><strong> Vie priv\u00e9e et cookies<\/strong><\/li>\n<\/ol>\n<p>Votre utilisation du site est \u00e9galement soumise \u00e0 notre <a href=\"https:\/\/www.ninjaone.com\/fr\/politique-de-respect-de-la-vie-privee\/\" target=\"_blank\" rel=\"noopener\">avis de confidentialit\u00e9<\/a>, qui explique comment nous collectons, utilisons et partageons les informations, y compris les donn\u00e9es \u00e0 caract\u00e8re personnel. Le site utilise des cookies et des technologies de suivi similaires pour am\u00e9liorer votre exp\u00e9rience d&rsquo;utilisateur et analyser les performances du site. Pour plus d&rsquo;informations sur nos pratiques en mati\u00e8re de donn\u00e9es et d&rsquo;utilisation des cookies, veuillez consulter notre <a href=\"https:\/\/www.ninjaone.com\/fr\/politique-de-respect-de-la-vie-privee\/\" target=\"_blank\" rel=\"noopener\">avis de confidentialit\u00e9<\/a>.<\/p>\n<ol start=\"8\">\n<li><strong> Retour d&rsquo;information<\/strong><\/li>\n<\/ol>\n<p>Si vous soumettez des commentaires ou des suggestions concernant le Site (\u00ab\u00a0Avis\u00a0\u00bb), vous accordez \u00e0 NinjaOne une licence non exclusive, perp\u00e9tuelle, irr\u00e9vocable et libre de redevance pour utiliser, reproduire ou distribuer cet Avis dans n&rsquo;importe quel but. NinjaOne d\u00e9tient exclusivement tous les droits sur le contenu ou les modifications apport\u00e9es \u00e0 cet Avis.<\/p>\n<ol start=\"9\">\n<li><strong> Clause de non-responsabilit\u00e9<\/strong><\/li>\n<\/ol>\n<p>LE SITE ET SON CONTENU SONT FOURNIS \u00ab\u00a0EN L&rsquo;\u00c9TAT\u00a0\u00bb ET \u00ab\u00a0SELON LES DISPONIBILIT\u00c9S\u00a0\u00bb NINJAONE D\u00c9CLINE TOUTE RESPONSABILIT\u00c9, EXPRESSE OU IMPLICITE, Y COMPRIS EN MATI\u00c8RE DE QUALIT\u00c9 MARCHANDE, D&rsquo;AD\u00c9QUATION \u00c0 UN USAGE PARTICULIER ET DE NON-CONTREFA\u00c7ON. NOUS NE GARANTISSONS PAS QUE :<\/p>\n<ul>\n<li>LE SITE SERA ININTERROMPU OU EXEMPT D&rsquo;ERREURS;<\/li>\n<li>LE SITE OU SON CONTENU SOIT EXACT OU FIABLE;<\/li>\n<li>VOTRE UTILISATION DU SITE R\u00c9PONDRA \u00c0 VOS ATTENTES.<\/li>\n<\/ul>\n<p>VOUS UTILISEZ LE SITE \u00c0 VOS PROPRES RISQUES.<\/p>\n<ol start=\"10\">\n<li><strong> Limitation de la responsabilit\u00e9<\/strong><\/li>\n<\/ol>\n<p>DANS TOUTE LA MESURE PERMISE PAR LA LOI, NINJAONE NE PEUT \u00caTRE TENU RESPONSABLE DES DOMMAGES DIRECTS, COMPENSATOIRES, INDIRECTS, ACCESSOIRES, SP\u00c9CIAUX, CONS\u00c9CUTIFS OU PUNITIFS, OU DE TOUTE PERTE DE PROFITS, DE DONN\u00c9ES OU D&rsquo;UTILISATION D\u00c9COULANT DE L&rsquo;UTILISATION DU SITE OU LI\u00c9E \u00c0 CETTE UTILISATION.<\/p>\n<p>CERTAINES JURIDICTIONS N&rsquo;AUTORISENT PAS DE TELLES LIMITATIONS DE RESPONSABILIT\u00c9 ; DANS CE CAS, NOTRE RESPONSABILIT\u00c9 EST LIMIT\u00c9E AU MAXIMUM AUTORIS\u00c9 PAR LA LOI.<\/p>\n<ol start=\"11\">\n<li><strong> Indemnisation<\/strong><\/li>\n<\/ol>\n<p>Vous devez indemniser et d\u00e9gager de toute responsabilit\u00e9 NinjaOne et ses affili\u00e9s, directeurs, cadres, employ\u00e9s, contractants, agents et successeurs contre toute r\u00e9clamation, tout dommage ou toute d\u00e9pense (y compris les frais d&rsquo;avocat raisonnables) r\u00e9sultant de votre utilisation du site ou de votre violation des pr\u00e9sentes conditions.<\/p>\n<ol start=\"12\">\n<li><strong> Rupture<\/strong><\/li>\n<\/ol>\n<p>Nous nous r\u00e9servons le droit de suspendre ou de r\u00e9silier votre acc\u00e8s au site \u00e0 notre discr\u00e9tion, avec ou sans pr\u00e9avis, pour toute violation des pr\u00e9sentes conditions ou des lois applicables, ou si cela s&rsquo;av\u00e8re appropri\u00e9 ou n\u00e9cessaire \u00e0 la seule discr\u00e9tion de NinjaOne.<\/p>\n<ol start=\"13\">\n<li><strong> Conformit\u00e9 des exportations<\/strong><\/li>\n<\/ol>\n<p>Vous ne pouvez pas utiliser ou exporter le Site ou son contenu de mani\u00e8re contraire aux lois am\u00e9ricaines ou autres lois applicables en mati\u00e8re d&rsquo;exportation ou de restrictions commerciales. Vous d\u00e9clarez et garantissez que vous n&rsquo;\u00eates pas situ\u00e9 dans, sous le contr\u00f4le de, ou un ressortissant ou r\u00e9sident d&rsquo;un pays ou d&rsquo;une personne soumis(e) \u00e0 des restrictions en mati\u00e8re de contr\u00f4le des exportations.<\/p>\n<ol start=\"14\">\n<li><strong> Droit applicable et juridiction<\/strong><\/li>\n<\/ol>\n<p>Les pr\u00e9sentes conditions sont r\u00e9gies par le droit f\u00e9d\u00e9ral am\u00e9ricain et les lois de l&rsquo;\u00c9tat du Texas. Toute proc\u00e9dure judiciaire d\u00e9coulant des pr\u00e9sentes conditions sera port\u00e9e devant les tribunaux d&rsquo;\u00c9tat ou f\u00e9d\u00e9raux situ\u00e9s dans le comt\u00e9 de Travis, au Texas. Vous acceptez la juridiction et la comp\u00e9tence de ces tribunaux.<\/p>\n<ol start=\"15\">\n<li><strong> Marques d\u00e9pos\u00e9es<\/strong><\/li>\n<\/ol>\n<p>NinjaOne, LLC est le propri\u00e9taire exclusif de la marque NinjaOne, ainsi que des marques d\u00e9pos\u00e9es pour d&rsquo;autres produits et services NinjaOne. Les autres noms de produits et d&rsquo;entreprises figurant sur le site peuvent \u00eatre des marques d\u00e9pos\u00e9es par leurs propri\u00e9taires respectifs.<\/p>\n<ol start=\"16\">\n<li><strong> Vie priv\u00e9e des enfants<\/strong><\/li>\n<\/ol>\n<p>Le site n&rsquo;est pas destin\u00e9 aux enfants de moins de 18 ans. Nous ne collectons pas sciemment d&rsquo;informations personnelles aupr\u00e8s de mineurs. Si vous avez moins de 18 ans, n&rsquo;utilisez pas le site et n&rsquo;y soumettez pas d&rsquo;informations.<\/p>\n<ol start=\"17\">\n<li><strong> Informations de contact<\/strong><\/li>\n<\/ol>\n<p>Si vous avez des questions concernant ces conditions, veuillez <a href=\"https:\/\/www.ninjaone.com\/fr\/contacter-ninjaone\/\" target=\"_blank\" rel=\"noopener\">nous contacter<\/a>.<\/p>\n","protected":false},"excerpt":{"rendered":"<p>Derni\u00e8re mise \u00e0 jour :&nbsp;24 Juillet 2025 Bienvenue sur le site web de NinjaOne (le \u00ab\u00a0site\u00a0\u00bb). Le site est con\u00e7u pour \u00eatre utilis\u00e9 par les clients, prospects, partenaires, vendeurs, fournisseurs et employ\u00e9s de NinjaOne, ainsi que par les repr\u00e9sentants des m\u00e9dias. Les pr\u00e9sentes conditions d&rsquo;utilisation (les \u00ab\u00a0conditions\u00a0\u00bb) r\u00e9gissent votre acc\u00e8s et votre utilisation du site [&hellip;]<\/p>\n","protected":false},"author":35,"featured_media":0,"parent":0,"menu_order":3350,"comment_status":"closed","ping_status":"closed","template":"","meta":{"_acf_changed":false,"_relevanssi_hide_post":"","_relevanssi_hide_content":"","_relevanssi_pin_for_all":"","_relevanssi_pin_keywords":"","_relevanssi_unpin_keywords":"","_relevanssi_related_keywords":"","_relevanssi_related_include_ids":"","_relevanssi_related_exclude_ids":"","_relevanssi_related_no_append":"","_relevanssi_related_not_related":"","_relevanssi_related_posts":"","_relevanssi_noindex_reason":"","_lmt_disableupdate":"no","_lmt_disable":"","footnotes":""},"class_list":["post-76520","page","type-page","status-publish","hentry"],"acf":[],"_links":{"self":[{"href":"https:\/\/www.ninjaone.com\/fr\/wp-json\/wp\/v2\/pages\/76520","targetHints":{"allow":["GET"]}}],"collection":[{"href":"https:\/\/www.ninjaone.com\/fr\/wp-json\/wp\/v2\/pages"}],"about":[{"href":"https:\/\/www.ninjaone.com\/fr\/wp-json\/wp\/v2\/types\/page"}],"author":[{"embeddable":true,"href":"https:\/\/www.ninjaone.com\/fr\/wp-json\/wp\/v2\/users\/35"}],"replies":[{"embeddable":true,"href":"https:\/\/www.ninjaone.com\/fr\/wp-json\/wp\/v2\/comments?post=76520"}],"version-history":[{"count":0,"href":"https:\/\/www.ninjaone.com\/fr\/wp-json\/wp\/v2\/pages\/76520\/revisions"}],"wp:attachment":[{"href":"https:\/\/www.ninjaone.com\/fr\/wp-json\/wp\/v2\/media?parent=76520"}],"curies":[{"name":"wp","href":"https:\/\/api.w.org\/{rel}","templated":true}]}}