{"id":392600,"date":"2024-12-16T15:06:40","date_gmt":"2024-12-16T15:06:40","guid":{"rendered":"https:\/\/www.ninjaone.com\/?page_id=392600"},"modified":"2024-12-17T05:46:40","modified_gmt":"2024-12-17T05:46:40","slug":"iso-27001","status":"publish","type":"page","link":"https:\/\/www.ninjaone.com\/fr\/iso-27001\/","title":{"rendered":"NinjaOne est conforme \u00e0 la norme ISO 27001"},"content":{"rendered":"\t\t<div data-elementor-type=\"wp-page\" data-elementor-id=\"392600\" class=\"elementor elementor-392600 elementor-391169\" data-elementor-post-type=\"page\">\n\t\t\t\t<main class=\"elementor-element elementor-element-914eec1 e-flex e-con-boxed e-con e-parent\" data-id=\"914eec1\" data-element_type=\"container\" data-e-type=\"container\">\n\t\t\t\t\t<div class=\"e-con-inner\">\n\t\t\t\t<div class=\"elementor-element elementor-element-9096c96 elementor-widget__width-inherit elementor-widget elementor-widget-heading\" data-id=\"9096c96\" data-element_type=\"widget\" data-e-type=\"widget\" data-widget_type=\"heading.default\">\n\t\t\t\t<div class=\"elementor-widget-container\">\n\t\t\t\t\t<h1 class=\"elementor-heading-title elementor-size-default\">NinjaOne est conforme \u00e0 la norme ISO 27001<\/h1>\t\t\t\t<\/div>\n\t\t\t\t<\/div>\n\t\t\t\t<div class=\"elementor-element elementor-element-e7269df elementor-widget elementor-widget-text-editor\" data-id=\"e7269df\" data-element_type=\"widget\" data-e-type=\"widget\" data-widget_type=\"text-editor.default\">\n\t\t\t\t<div class=\"elementor-widget-container\">\n\t\t\t\t\t\t\t\t\t<h2>Qu&rsquo;est-ce que la norme ISO 27001\u00a0?<\/h2><p>La norme ISO 27001 est une norme internationale ax\u00e9e sur la s\u00e9curit\u00e9 de l&rsquo;information. Elle pr\u00e9voit des contr\u00f4les rigoureux pour prot\u00e9ger la confidentialit\u00e9, l&rsquo;int\u00e9grit\u00e9 et la disponibilit\u00e9 des donn\u00e9es. La norme ISO 27001 garantit que les entreprises comme NinjaOne maintiennent les plus hauts niveaux de s\u00e9curit\u00e9 dans tous les domaines, de la protection des donn\u00e9es \u00e0 la gestion des menaces.<\/p><h2>Comment NinjaOne peut-il vous aider\u00a0?<\/h2><p>Quel que soit votre secteur d&rsquo;activit\u00e9, le logiciel que vous utilisez est important pour maintenir la s\u00e9curit\u00e9 et l&rsquo;int\u00e9grit\u00e9 des donn\u00e9es. La plateforme compl\u00e8te de gestion des terminaux de NinjaOne propose plusieurs solutions bas\u00e9es sur le cloud pour aider les MSP et les \u00e9quipes informatiques \u00e0 am\u00e9liorer leurs efforts de conformit\u00e9 tout en contribuant \u00e0 faire avancer leur entreprise.<\/p><p>En tant que fournisseur certifi\u00e9 ISO 27001, NinjaOne s&rsquo;engage \u00e0 assurer le succ\u00e8s de ses clients, en commen\u00e7ant par prot\u00e9ger leurs donn\u00e9es. Cette certification garantit que des normes internationalement reconnues prot\u00e8gent vos donn\u00e9es. Que vous soyez une entreprise MSP ou une \u00e9quipe informatique interne, notre certification ISO 27001 signifie que votre entreprise peut compter sur NinjaOne pour prot\u00e9ger ses donn\u00e9es les plus cruciales.<\/p><h2>Des solutions pour prot\u00e9ger vos donn\u00e9es<\/h2><p><strong>Gestion des terminaux<\/strong>\u00a0: la solution tout-en-un et facile \u00e0 utiliser de NinjaOne permet de surveiller, d&rsquo;assister et de contr\u00f4ler vos terminaux, quel que soit le syst\u00e8me d&rsquo;exploitation, des smartphones aux serveurs. Minimisez les p\u00e9riodes d&rsquo;inactivit\u00e9 et stimulez la productivit\u00e9 des employ\u00e9s.<\/p><p><strong>Gestion des correctifs<\/strong> : s\u00e9curisez les terminaux distants et hybrides gr\u00e2ce \u00e0 une gestion automatis\u00e9e des correctifs pour tous les syst\u00e8mes d&rsquo;exploitation. Am\u00e9liorez la gestion des correctifs de vuln\u00e9rabilit\u00e9 de type \u00ab\u00a0zero-day\u00a0\u00bb et des probl\u00e8mes gr\u00e2ce \u00e0 un contr\u00f4le pr\u00e9cis et soutenu par des alertes et des scores CVE\/CVSS. Fournissez des correctifs \u00e0 tout terminal connect\u00e9, quel que soit l&rsquo;endroit o\u00f9 il se trouve.<\/p><p><strong>Gestion des appareils mobiles<\/strong>\u00a0: g\u00e9rez les appareils mobiles Android et Apple \u00e0 travers tous vos syst\u00e8mes d&rsquo;exploitation, le tout dans une console unique et intuitive. Veillez \u00e0 ce que les utilisateurs restent en s\u00e9curit\u00e9 et productifs gr\u00e2ce au suivi de l&rsquo;inventaire, au provisionnement facile, \u00e0 la gestion de la configuration et au d\u00e9pannage \u00e0 distance.<\/p><p><strong>Sauvegarde<\/strong> : con\u00e7ues pour la r\u00e9cup\u00e9ration en cas d&rsquo;attaques par ransomware, les sauvegardes sont chiffr\u00e9es dans le cloud, localement et en transit, ce qui n\u00e9cessite une r\u00e9authentification, une MFA et une confirmation pour toute suppression. Utilisez-les pour tous les syst\u00e8mes d&rsquo;exploitation Windows ou Mac, pour les sauvegardes de fichiers et de dossiers et\/ou pour les sauvegarde d&rsquo;image syst\u00e8me.<\/p><h2>Principaux aspects de la conformit\u00e9 \u00e0 la norme ISO 27001<\/h2><p>L&rsquo;un des principaux objectifs de la norme ISO 27001 est de mettre en place un SGSI (syst\u00e8me de gestion de la s\u00e9curit\u00e9 de l&rsquo;information). Les solutions NinjaOne et les produits de s\u00e9curit\u00e9 int\u00e9gr\u00e9s tels que la d\u00e9tection et la r\u00e9ponse aux terminaux ainsi que la d\u00e9tection et la r\u00e9ponse g\u00e9r\u00e9es sont des outils puissants pour soutenir les MSP et les \u00e9quipes informatiques dans la construction et la maintenance de leur SGSI. Les solutions NinjaOne permettent aux MSP et aux \u00e9quipes informatiques de travailler sur les aspects cl\u00e9s suivants de la conformit\u00e9 ISO 27001\u00a0:<\/p><ul><li><strong>Gestion des risques\u00a0:<\/strong>\u202fidentifiez, \u00e9valuez et att\u00e9nuez les risques qui p\u00e8sent sur les actifs informationnels de votre entreprise.<\/li><li><strong>Politiques de s\u00e9curit\u00e9 de l&rsquo;information\u00a0:<\/strong>\u202fd\u00e9veloppez et impl\u00e9mentez des politiques qui guident la protection de l&rsquo;information au sein de l&rsquo;entreprise.<\/li><li><strong>R\u00e9ponse aux incidents\u00a0:<\/strong>\u202f\u00e9tablissez des proc\u00e9dures pour d\u00e9tecter les incidents li\u00e9s \u00e0 la s\u00e9curit\u00e9 de l&rsquo;information, r\u00e9pondez-y et rem\u00e9diez-y de mani\u00e8re efficace.<\/li><li><strong>Am\u00e9lioration continue\u00a0:<\/strong>\u202fexaminez et mettez \u00e0 jour r\u00e9guli\u00e8rement le SGSI afin de faire face aux nouvelles menaces et de garantir une conformit\u00e9 permanente.<\/li><\/ul>\t\t\t\t\t\t\t\t<\/div>\n\t\t\t\t<\/div>\n\t\t\t\t\t<\/div>\n\t\t\t\t<\/main>\n\t\t\t\t<\/div>\n\t\t","protected":false},"excerpt":{"rendered":"<p>Qu&rsquo;est-ce que la norme ISO 27001\u00a0? La norme ISO 27001 est une norme internationale ax\u00e9e sur la s\u00e9curit\u00e9 de l&rsquo;information. Elle pr\u00e9voit des contr\u00f4les rigoureux pour prot\u00e9ger la confidentialit\u00e9, l&rsquo;int\u00e9grit\u00e9 et la disponibilit\u00e9 des donn\u00e9es. La norme ISO 27001 garantit que les entreprises comme NinjaOne maintiennent les plus hauts niveaux de s\u00e9curit\u00e9 dans tous les [&hellip;]<\/p>\n","protected":false},"author":47,"featured_media":0,"parent":0,"menu_order":3679,"comment_status":"closed","ping_status":"closed","template":"elementor_header_footer","meta":{"_acf_changed":false,"_relevanssi_hide_post":"","_relevanssi_hide_content":"","_relevanssi_pin_for_all":"","_relevanssi_pin_keywords":"","_relevanssi_unpin_keywords":"","_relevanssi_related_keywords":"","_relevanssi_related_include_ids":"","_relevanssi_related_exclude_ids":"","_relevanssi_related_no_append":"","_relevanssi_related_not_related":"","_relevanssi_related_posts":"","_relevanssi_noindex_reason":"Rank Math Relevanssi index exclude","_lmt_disableupdate":"","_lmt_disable":"","footnotes":""},"class_list":["post-392600","page","type-page","status-publish","hentry"],"acf":[],"_links":{"self":[{"href":"https:\/\/www.ninjaone.com\/fr\/wp-json\/wp\/v2\/pages\/392600","targetHints":{"allow":["GET"]}}],"collection":[{"href":"https:\/\/www.ninjaone.com\/fr\/wp-json\/wp\/v2\/pages"}],"about":[{"href":"https:\/\/www.ninjaone.com\/fr\/wp-json\/wp\/v2\/types\/page"}],"author":[{"embeddable":true,"href":"https:\/\/www.ninjaone.com\/fr\/wp-json\/wp\/v2\/users\/47"}],"replies":[{"embeddable":true,"href":"https:\/\/www.ninjaone.com\/fr\/wp-json\/wp\/v2\/comments?post=392600"}],"version-history":[{"count":0,"href":"https:\/\/www.ninjaone.com\/fr\/wp-json\/wp\/v2\/pages\/392600\/revisions"}],"wp:attachment":[{"href":"https:\/\/www.ninjaone.com\/fr\/wp-json\/wp\/v2\/media?parent=392600"}],"curies":[{"name":"wp","href":"https:\/\/api.w.org\/{rel}","templated":true}]}}