{"id":311984,"date":"2024-07-31T11:27:42","date_gmt":"2024-07-31T11:27:42","guid":{"rendered":"https:\/\/www.ninjaone.com\/?page_id=311984"},"modified":"2024-07-31T11:27:47","modified_gmt":"2024-07-31T11:27:47","slug":"webinaire-prenez-soin-de-vos-donnees","status":"publish","type":"page","link":"https:\/\/www.ninjaone.com\/fr\/webinaire-prenez-soin-de-vos-donnees\/","title":{"rendered":"Webinaire\u00a0: Prenez soin de vos donn\u00e9es"},"content":{"rendered":"\t\t<div data-elementor-type=\"wp-page\" data-elementor-id=\"311984\" class=\"elementor elementor-311984 elementor-297752\" data-elementor-post-type=\"page\">\n\t\t\t\t<section class=\"elementor-element elementor-element-7105182 e-flex e-con-boxed e-con e-parent\" data-id=\"7105182\" data-element_type=\"container\" data-e-type=\"container\">\n\t\t\t\t\t<div class=\"e-con-inner\">\n\t\t\t\t<div class=\"elementor-element elementor-element-6d448df elementor-widget__width-initial elementor-widget-tablet__width-inherit elementor-widget elementor-widget-heading\" data-id=\"6d448df\" data-element_type=\"widget\" data-e-type=\"widget\" data-widget_type=\"heading.default\">\n\t\t\t\t<div class=\"elementor-widget-container\">\n\t\t\t\t\t<h1 class=\"elementor-heading-title elementor-size-default\">Prenez soin de vos donn\u00e9es\u00a0!<\/h1>\t\t\t\t<\/div>\n\t\t\t\t<\/div>\n\t\t\t\t<div class=\"elementor-element elementor-element-3bba3cc elementor-widget elementor-widget-text-editor\" data-id=\"3bba3cc\" data-element_type=\"widget\" data-e-type=\"widget\" data-widget_type=\"text-editor.default\">\n\t\t\t\t<div class=\"elementor-widget-container\">\n\t\t\t\t\t\t\t\t\t<p>(Webinaire \u00e0 la demande)<\/p>\n\t\t\t\t\t\t\t\t<\/div>\n\t\t\t\t<\/div>\n\t\t<div class=\"elementor-element elementor-element-e00f97d e-flex e-con-boxed e-con e-child\" data-id=\"e00f97d\" data-element_type=\"container\" data-e-type=\"container\">\n\t\t\t\t\t<div class=\"e-con-inner\">\n\t\t<div class=\"elementor-element elementor-element-9b1440d e-con-full e-flex e-con e-child\" data-id=\"9b1440d\" data-element_type=\"container\" data-e-type=\"container\">\n\t\t\t\t<div class=\"elementor-element elementor-element-d6ca89d elementor-widget elementor-widget-heading\" data-id=\"d6ca89d\" data-element_type=\"widget\" data-e-type=\"widget\" data-widget_type=\"heading.default\">\n\t\t\t\t<div class=\"elementor-widget-container\">\n\t\t\t\t\t<h2 class=\"elementor-heading-title elementor-size-default\">Regarder le webinaire<\/h2>\t\t\t\t<\/div>\n\t\t\t\t<\/div>\n\t\t\t\t<div class=\"elementor-element elementor-element-e5a7e00 elementor-widget__width-inherit elementor-widget elementor-widget-html\" data-id=\"e5a7e00\" data-element_type=\"widget\" data-e-type=\"widget\" data-widget_type=\"html.default\">\n\t\t\t\t<div class=\"elementor-widget-container\">\n\t\t\t\t\t<div id=\"video-thumbnail\" class=\"video-thumbnail iframe-toggle video-thumbnail-shadow\"><img fetchpriority=\"high\" decoding=\"async\" decoding=async  data-opt-src=\"https:\/\/mlfk3cv5yvnx.i.optimole.com\/cb:k-rC.2fd1d\/w:auto\/h:auto\/q:mauto\/f:best\/https:\/\/www.ninjaone.com\/wp-content\/uploads\/2024\/07\/N1-1134-Dont-lose-your-data-zoom-1920x1080-2.png\"  src=\"data:image\/svg+xml,%3Csvg%20viewBox%3D%220%200%20100%%20100%%22%20width%3D%22100%%22%20height%3D%22100%%22%20xmlns%3D%22http%3A%2F%2Fwww.w3.org%2F2000%2Fsvg%22%3E%3Crect%20width%3D%22100%%22%20height%3D%22100%%22%20fill%3D%22transparent%22%2F%3E%3C%2Fsvg%3E\" alt=\"Une console pour tout g\u00e9rer, des appareils mobiles aux serveurs\" width=\"560\" height=\"315\"\/><noscript><img decoding=\"async\" decoding=async  src=\"https:\/\/mlfk3cv5yvnx.i.optimole.com\/cb:k-rC.2fd1d\/w:auto\/h:auto\/q:mauto\/f:best\/https:\/\/www.ninjaone.com\/wp-content\/uploads\/2024\/07\/N1-1134-Dont-lose-your-data-zoom-1920x1080-2.png\" alt=\"Une console pour tout g\u00e9rer, des appareils mobiles aux serveurs\" width=\"560\" height=\"315\"\/><\/noscript><span class=\"play-button-overlay\"><\/span><span class=\"play-button\"><\/span><\/div>\n<iframe id=\"iframe-form\" class=\"iframe-form iframe-resize\" style=\"display: none;\" src=\"https:\/\/go.ninjaone.com\/l\/652283\/2024-07-31\/4hxvwp\" width=\"100%\" height=\"600\" frameborder=\"0\"><\/iframe>\t\t\t\t<\/div>\n\t\t\t\t<\/div>\n\t\t\t\t<\/div>\n\t\t<div class=\"elementor-element elementor-element-56a9f54 e-con-full e-flex e-con e-child\" data-id=\"56a9f54\" data-element_type=\"container\" data-e-type=\"container\">\n\t\t\t\t<div class=\"elementor-element elementor-element-fbbae73 elementor-widget__width-inherit elementor-widget elementor-widget-heading\" data-id=\"fbbae73\" data-element_type=\"widget\" data-e-type=\"widget\" data-widget_type=\"heading.default\">\n\t\t\t\t<div class=\"elementor-widget-container\">\n\t\t\t\t\t<h2 class=\"elementor-heading-title elementor-size-default\">\u00c0 propos du webinaire<\/h2>\t\t\t\t<\/div>\n\t\t\t\t<\/div>\n\t\t\t\t<div class=\"elementor-element elementor-element-2dfd8e8 elementor-widget__width-inherit elementor-widget elementor-widget-text-editor\" data-id=\"2dfd8e8\" data-element_type=\"widget\" data-e-type=\"widget\" data-widget_type=\"text-editor.default\">\n\t\t\t\t<div class=\"elementor-widget-container\">\n\t\t\t\t\t\t\t\t\t<p>Perdre ses donn\u00e9es est un sc\u00e9nario qu&rsquo;on ne voudrait jamais subir. Les attaques par ransomware ? Une vraie catastrophe. Notre webinaire \u00ab Real-World Backup Strategies with NinjaOne: Hear from the Pros who use it!\u00bb (Strat\u00e9gies de sauvegardes concr\u00e8tes avec NinjaOne : t\u00e9moignages des professionnels qui l&rsquo;utilisent) explore l&rsquo;importance d&rsquo;une strat\u00e9gie de sauvegarde efficace et comment en impl\u00e9menter une au niveau de votre entreprise.<\/p><p>Dans ce webinaire (en anglais uniquement), vous pourrez \u00e9couter Raffi Kajberouni (Pr\u00e9sident et Directeur g\u00e9n\u00e9ral chez H.E.R.O.S) nous parler de son exp\u00e9rience lors d&rsquo;une attaque par ransomware, l&rsquo;impact que cette derni\u00e8re a eu sur son entreprise, et comment la solution NinjaOne Backup lui a permis d&rsquo;\u00e9viter une p\u00e9riode d&rsquo;inactivit\u00e9 et un d\u00e9sastre financier.<\/p><p>NinjaOne Backup est int\u00e9gr\u00e9 de mani\u00e8re naturelle au tableau de bord Gestion des terminaux de NinjaOne et enti\u00e8rement g\u00e9r\u00e9 par ce dernier, ce qui permet une rem\u00e9diation rapide et des alertes proactives en cas de probl\u00e8me.<\/p><p>Devenez un champion de la sauvegarde en vous plongeant dans les fonctionnalit\u00e9s de NinjaOne Backup, qui comprennent\u00a0:<\/p><ul><li>Des plans de sauvegarde flexibles et personnalisables, con\u00e7us pour r\u00e9pondre \u00e0 tous les besoins des entreprises.<\/li><li>Des options de sauvegardes polyvalentes pour prot\u00e9ger vos donn\u00e9es, comme des sauvegardes immuables sur le cloud, des sauvegardes macOS et Windows, des sauvegardes compl\u00e8tes d&rsquo;images syst\u00e8me et bien plus encore.<\/li><li>Des options de r\u00e9cup\u00e9ration, comme la restauration des fichiers des utilisateurs finaux et les restaurations de type bare-metal.<\/li><\/ul><p>Laissez-vous guider \u00e0 travers notre webinaire sur la protection des donn\u00e9es par le duo dynamique que forment Nick DeStefano, chef de marketing produit senior chez NinjaOne, et Dan Myers, chef de produit chez NinjaOne.<\/p><p>N&rsquo;attendez pas que le pire se produise pour d\u00e9couvrir comment NinjaOne peut prot\u00e9ger vos donn\u00e9es et vous permettre d&rsquo;avoir l&rsquo;esprit tranquille.<\/p>\t\t\t\t\t\t\t\t<\/div>\n\t\t\t\t<\/div>\n\t\t\t\t<\/div>\n\t\t\t\t\t<\/div>\n\t\t\t\t<\/div>\n\t\t\t\t<div class=\"elementor-element elementor-element-33cda62 elementor-widget__width-initial elementor-widget-mobile__width-inherit elementor-widget elementor-widget-template\" data-id=\"33cda62\" data-element_type=\"widget\" data-e-type=\"widget\" data-widget_type=\"template.default\">\n\t\t\t\t<div class=\"elementor-widget-container\">\n\t\t\t\t\t\t\t<div class=\"elementor-template\">\n\t\t\t\t\t<div data-elementor-type=\"section\" data-elementor-id=\"470687\" class=\"elementor elementor-470687 elementor-53252 elementor-53252\" data-elementor-post-type=\"elementor_library\">\n\t\t\t<div class=\"elementor-element elementor-element-118f865 badges expand e-flex e-con-boxed e-con e-parent\" data-id=\"118f865\" data-element_type=\"container\" data-e-type=\"container\">\n\t\t\t\t\t<div class=\"e-con-inner\">\n\t\t\t\t<div class=\"elementor-element elementor-element-0a2450f elementor-widget elementor-widget-shortcode\" data-id=\"0a2450f\" data-element_type=\"widget\" data-e-type=\"widget\" data-widget_type=\"shortcode.default\">\n\t\t\t\t<div class=\"elementor-widget-container\">\n\t\t\t\t\t\t\t<div class=\"elementor-shortcode\"><img decoding=\"async\" width=\"92\" height=\"106\" src=\"https:\/\/www.ninjaone.com\/wp-content\/uploads\/2026\/03\/g2-leader-spring-2026.svg\" class=\"attachment-full size-full\" alt=\"G2 Leader - Spring 2026\" title=\"g2-leader-spring-2026\" \/><\/div>\n\t\t\t\t\t\t<\/div>\n\t\t\t\t<\/div>\n\t\t\t\t<div class=\"elementor-element elementor-element-530c0a6 elementor-widget elementor-widget-shortcode\" data-id=\"530c0a6\" data-element_type=\"widget\" data-e-type=\"widget\" data-widget_type=\"shortcode.default\">\n\t\t\t\t<div class=\"elementor-widget-container\">\n\t\t\t\t\t\t\t<div class=\"elementor-shortcode\"><img loading=\"lazy\" decoding=\"async\" width=\"92\" height=\"106\" src=\"https:\/\/www.ninjaone.com\/wp-content\/uploads\/2026\/03\/g2-best-results-spring-2026.svg\" class=\"attachment-full size-full\" alt=\"G2 Best Results - Spring 2026\" title=\"g2-best-results-spring-2026\" \/><\/div>\n\t\t\t\t\t\t<\/div>\n\t\t\t\t<\/div>\n\t\t\t\t<div class=\"elementor-element elementor-element-3696d1f elementor-widget elementor-widget-shortcode\" data-id=\"3696d1f\" data-element_type=\"widget\" data-e-type=\"widget\" data-widget_type=\"shortcode.default\">\n\t\t\t\t<div class=\"elementor-widget-container\">\n\t\t\t\t\t\t\t<div class=\"elementor-shortcode\"><img loading=\"lazy\" decoding=\"async\" width=\"92\" height=\"106\" src=\"https:\/\/www.ninjaone.com\/wp-content\/uploads\/2026\/03\/g2-most-implementable-spring-2026.svg\" class=\"attachment-full size-full\" alt=\"G2 Most Implementable - Spring 2026\" title=\"g2-most-implementable-spring-2026\" \/><\/div>\n\t\t\t\t\t\t<\/div>\n\t\t\t\t<\/div>\n\t\t\t\t<div class=\"elementor-element elementor-element-5f0b520 elementor-widget elementor-widget-shortcode\" data-id=\"5f0b520\" data-element_type=\"widget\" data-e-type=\"widget\" data-widget_type=\"shortcode.default\">\n\t\t\t\t<div class=\"elementor-widget-container\">\n\t\t\t\t\t\t\t<div class=\"elementor-shortcode\"><img loading=\"lazy\" decoding=\"async\" width=\"92\" height=\"106\" src=\"https:\/\/www.ninjaone.com\/wp-content\/uploads\/2026\/03\/g2-best-relationship-spring-2026.svg\" class=\"attachment-full size-full\" alt=\"G2\" title=\"g2-best-relationship-spring-2026\" \/><\/div>\n\t\t\t\t\t\t<\/div>\n\t\t\t\t<\/div>\n\t\t\t\t<div class=\"elementor-element elementor-element-c1aea07 elementor-widget elementor-widget-shortcode\" data-id=\"c1aea07\" data-element_type=\"widget\" data-e-type=\"widget\" data-widget_type=\"shortcode.default\">\n\t\t\t\t<div class=\"elementor-widget-container\">\n\t\t\t\t\t\t\t<div class=\"elementor-shortcode\"><img loading=\"lazy\" decoding=\"async\" width=\"92\" height=\"106\" src=\"https:\/\/www.ninjaone.com\/wp-content\/uploads\/2026\/03\/g2-momentum-leader-spring-2026.svg\" class=\"attachment-full size-full\" alt=\"G2 Momentum Leader - Spring 2026\" title=\"g2-momentum-leader-spring-2026\" \/><\/div>\n\t\t\t\t\t\t<\/div>\n\t\t\t\t<\/div>\n\t\t\t\t<div class=\"elementor-element elementor-element-5a2591a elementor-widget elementor-widget-shortcode\" data-id=\"5a2591a\" data-element_type=\"widget\" data-e-type=\"widget\" data-widget_type=\"shortcode.default\">\n\t\t\t\t<div class=\"elementor-widget-container\">\n\t\t\t\t\t\t\t<div class=\"elementor-shortcode\"><img loading=\"lazy\" decoding=\"async\" width=\"92\" height=\"106\" src=\"https:\/\/www.ninjaone.com\/wp-content\/uploads\/2026\/03\/g2-best-usability-enterprise-spring-2026.svg\" class=\"attachment-full size-full\" alt=\"G2 Best Usability - Enterprise - Spring 2026\" title=\"g2-best-usability-enterprise-spring-2026\" \/><\/div>\n\t\t\t\t\t\t<\/div>\n\t\t\t\t<\/div>\n\t\t\t\t<div class=\"elementor-element elementor-element-78fac10 elementor-widget elementor-widget-shortcode\" data-id=\"78fac10\" data-element_type=\"widget\" data-e-type=\"widget\" data-widget_type=\"shortcode.default\">\n\t\t\t\t<div class=\"elementor-widget-container\">\n\t\t\t\t\t\t\t<div class=\"elementor-shortcode\"><img loading=\"lazy\" decoding=\"async\" width=\"92\" height=\"106\" src=\"https:\/\/www.ninjaone.com\/wp-content\/uploads\/2026\/03\/g2-high-performer-enterprise-spring-2026.svg\" class=\"attachment-full size-full\" alt=\"G2 High Performer - Enterprise - Spring 2026\" title=\"g2-high-performer-enterprise-spring-2026\" \/><\/div>\n\t\t\t\t\t\t<\/div>\n\t\t\t\t<\/div>\n\t\t\t\t\t<\/div>\n\t\t\t\t<\/div>\n\t\t\t\t<\/div>\n\t\t\t\t<\/div>\n\t\t\t\t\t\t<\/div>\n\t\t\t\t<\/div>\n\t\t\t\t\t<\/div>\n\t\t\t\t<\/section>\n\t\t\t\t<\/div>\n\t\t","protected":false},"excerpt":{"rendered":"<p>Prenez soin de vos donn\u00e9es\u00a0! (Webinaire \u00e0 la demande) Regarder le webinaire \u00c0 propos du webinaire Perdre ses donn\u00e9es est un sc\u00e9nario qu&rsquo;on ne voudrait jamais subir. Les attaques par ransomware ? Une vraie catastrophe. Notre webinaire \u00ab Real-World Backup Strategies with NinjaOne: Hear from the Pros who use it!\u00bb (Strat\u00e9gies de sauvegardes concr\u00e8tes avec [&hellip;]<\/p>\n","protected":false},"author":47,"featured_media":310385,"parent":0,"menu_order":3963,"comment_status":"closed","ping_status":"closed","template":"","meta":{"_acf_changed":false,"_relevanssi_hide_post":"","_relevanssi_hide_content":"","_relevanssi_pin_for_all":"","_relevanssi_pin_keywords":"","_relevanssi_unpin_keywords":"","_relevanssi_related_keywords":"","_relevanssi_related_include_ids":"","_relevanssi_related_exclude_ids":"","_relevanssi_related_no_append":"","_relevanssi_related_not_related":"","_relevanssi_related_posts":"","_relevanssi_noindex_reason":"Rank Math Relevanssi index exclude","_lmt_disableupdate":"","_lmt_disable":"","footnotes":""},"class_list":["post-311984","page","type-page","status-publish","has-post-thumbnail","hentry"],"acf":[],"_links":{"self":[{"href":"https:\/\/www.ninjaone.com\/fr\/wp-json\/wp\/v2\/pages\/311984","targetHints":{"allow":["GET"]}}],"collection":[{"href":"https:\/\/www.ninjaone.com\/fr\/wp-json\/wp\/v2\/pages"}],"about":[{"href":"https:\/\/www.ninjaone.com\/fr\/wp-json\/wp\/v2\/types\/page"}],"author":[{"embeddable":true,"href":"https:\/\/www.ninjaone.com\/fr\/wp-json\/wp\/v2\/users\/47"}],"replies":[{"embeddable":true,"href":"https:\/\/www.ninjaone.com\/fr\/wp-json\/wp\/v2\/comments?post=311984"}],"version-history":[{"count":0,"href":"https:\/\/www.ninjaone.com\/fr\/wp-json\/wp\/v2\/pages\/311984\/revisions"}],"wp:featuredmedia":[{"embeddable":true,"href":"https:\/\/www.ninjaone.com\/fr\/wp-json\/wp\/v2\/media\/310385"}],"wp:attachment":[{"href":"https:\/\/www.ninjaone.com\/fr\/wp-json\/wp\/v2\/media?parent=311984"}],"curies":[{"name":"wp","href":"https:\/\/api.w.org\/{rel}","templated":true}]}}