{"id":311425,"date":"2024-07-26T13:41:56","date_gmt":"2024-07-26T13:41:56","guid":{"rendered":"https:\/\/www.ninjaone.com\/?page_id=311425"},"modified":"2024-08-14T17:44:15","modified_gmt":"2024-08-14T17:44:15","slug":"vulnerabilite-de-securite-produit","status":"publish","type":"page","link":"https:\/\/www.ninjaone.com\/fr\/vulnerabilite-de-securite-produit\/","title":{"rendered":"Signalez une vuln\u00e9rabilit\u00e9 de s\u00e9curit\u00e9"},"content":{"rendered":"\t\t<div data-elementor-type=\"wp-page\" data-elementor-id=\"311425\" class=\"elementor elementor-311425 elementor-30083\" data-elementor-post-type=\"page\">\n\t\t\t\t<main class=\"elementor-element elementor-element-f029456 e-flex e-con-boxed e-con e-parent\" data-id=\"f029456\" data-element_type=\"container\" data-e-type=\"container\" data-settings=\"{&quot;background_background&quot;:&quot;classic&quot;}\">\n\t\t\t\t\t<div class=\"e-con-inner\">\n\t\t\t\t<div class=\"elementor-element elementor-element-738bc06 elementor-widget__width-initial elementor-widget-mobile__width-inherit elementor-widget elementor-widget-heading\" data-id=\"738bc06\" data-element_type=\"widget\" data-e-type=\"widget\" data-widget_type=\"heading.default\">\n\t\t\t\t<div class=\"elementor-widget-container\">\n\t\t\t\t\t<h2 class=\"elementor-heading-title elementor-size-default\">Signalez une vuln\u00e9rabilit\u00e9 de s\u00e9curit\u00e9<\/h2>\t\t\t\t<\/div>\n\t\t\t\t<\/div>\n\t\t\t\t\t<\/div>\n\t\t\t\t<\/main>\n\t\t<article class=\"elementor-element elementor-element-e77b0d4 e-flex e-con-boxed e-con e-parent\" data-id=\"e77b0d4\" data-element_type=\"container\" data-e-type=\"container\">\n\t\t\t\t\t<div class=\"e-con-inner\">\n\t\t\t\t<div class=\"elementor-element elementor-element-25e5a1a elementor-widget elementor-widget-text-editor\" data-id=\"25e5a1a\" data-element_type=\"widget\" data-e-type=\"widget\" data-widget_type=\"text-editor.default\">\n\t\t\t\t<div class=\"elementor-widget-container\">\n\t\t\t\t\t\t\t\t\t<p>Nos clients comptent sur NinjaOne pour faire de la s\u00e9curit\u00e9 une priorit\u00e9 absolue et nous nous engageons \u00e0 garantir la s\u00e9curit\u00e9 et la confidentialit\u00e9 de nos produits et des donn\u00e9es de nos clients. Nous nous engageons \u00e9galement \u00e0 respecter les normes internationales et du secteur en mati\u00e8re de conformit\u00e9. Nous nous pr\u00e9munissons contre les incidents et nous vous aidons \u00e0 vous pr\u00e9parer, \u00e0 r\u00e9agir et \u00e0 rem\u00e9dier aux cons\u00e9quences de tout incident.<\/p>\n<p>Si vous d\u00e9couvrez une faille de s\u00e9curit\u00e9 dans un produit NinjaOne, nous voulons le savoir. Pour nous aider \u00e0 vous guider au mieux, veuillez s\u00e9lectionner l&rsquo;une des deux options ci-dessous.<\/p>\n\t\t\t\t\t\t\t\t<\/div>\n\t\t\t\t<\/div>\n\t\t\t\t<div class=\"elementor-element elementor-element-6f44618 elementor-widget elementor-widget-heading\" data-id=\"6f44618\" data-element_type=\"widget\" data-e-type=\"widget\" data-widget_type=\"heading.default\">\n\t\t\t\t<div class=\"elementor-widget-container\">\n\t\t\t\t\t<h2 class=\"elementor-heading-title elementor-size-default\">Clients\/clients potentiels<\/h2>\t\t\t\t<\/div>\n\t\t\t\t<\/div>\n\t\t\t\t<div class=\"elementor-element elementor-element-18b36b9 elementor-widget elementor-widget-text-editor\" data-id=\"18b36b9\" data-element_type=\"widget\" data-e-type=\"widget\" data-widget_type=\"text-editor.default\">\n\t\t\t\t<div class=\"elementor-widget-container\">\n\t\t\t\t\t\t\t\t\t<p>Si vous \u00eates un client ou un client potentiel de NinjaOne et que vous pensez avoir trouv\u00e9 une faille de s\u00e9curit\u00e9 concernant NinjaOne, veuillez nous contacter : <a href=\"mailto:vulnerability@ninjaone.com\">vulnerability@ninjaone.com<\/a>. Si vous avez d\u00e9j\u00e0 signal\u00e9 une vuln\u00e9rabilit\u00e9, nous vous contacterons via le ticket cr\u00e9\u00e9.<\/p>\n<p>Pour en savoir plus sur la mani\u00e8re dont nous continuons \u00e0 renforcer notre posture de s\u00e9curit\u00e9 gr\u00e2ce \u00e0 la certification SOC-2 et \u00e0 la mise en place d&rsquo;une \u00ab \u00e9quipe rouge \u00bb interne, veuillez&nbsp;<a href=\"https:\/\/www.ninjaone.com\/fr\/blog\/ninjarmm-red-team\/\">cliquer ici<\/a>.<\/p>\n\t\t\t\t\t\t\t\t<\/div>\n\t\t\t\t<\/div>\n\t\t\t\t<div class=\"elementor-element elementor-element-0062552 elementor-widget elementor-widget-heading\" data-id=\"0062552\" data-element_type=\"widget\" data-e-type=\"widget\" data-widget_type=\"heading.default\">\n\t\t\t\t<div class=\"elementor-widget-container\">\n\t\t\t\t\t<h2 class=\"elementor-heading-title elementor-size-default\">Chercheurs en s\u00e9curit\u00e9<\/h2>\t\t\t\t<\/div>\n\t\t\t\t<\/div>\n\t\t\t\t<div class=\"elementor-element elementor-element-ec0c323 elementor-widget elementor-widget-text-editor\" data-id=\"ec0c323\" data-element_type=\"widget\" data-e-type=\"widget\" data-widget_type=\"text-editor.default\">\n\t\t\t\t<div class=\"elementor-widget-container\">\n\t\t\t\t\t\t\t\t\t<p>NinjaOne utilise Hacker1 pour son programme de r\u00e9compense des bugs signal\u00e9s. Si vous souhaitez recevoir une invitation \u00e0 notre programme, veuillez envoyer un e-mail \u00e0&nbsp;<a class=\"c-link\" href=\"mailto:vulnerability@ninjaone.com\" target=\"_blank\" rel=\"noopener noreferrer\" data-stringify-link=\"mailto:vulnerability@ninjaone.com\" data-sk=\"tooltip_parent\" aria-haspopup=\"menu\">vulnerability@ninjaone.com<\/a>&nbsp; avec les d\u00e9tails de la vuln\u00e9rabilit\u00e9.<\/p>\n\t\t\t\t\t\t\t\t<\/div>\n\t\t\t\t<\/div>\n\t\t\t\t\t<\/div>\n\t\t\t\t<\/article>\n\t\t<div class=\"elementor-element elementor-element-3ca828e e-con-full e-flex e-con e-parent\" data-id=\"3ca828e\" data-element_type=\"container\" data-e-type=\"container\">\n\t\t\t\t<\/div>\n\t\t\t\t<\/div>\n\t\t","protected":false},"excerpt":{"rendered":"<p>Signalez une vuln\u00e9rabilit\u00e9 de s\u00e9curit\u00e9 Nos clients comptent sur NinjaOne pour faire de la s\u00e9curit\u00e9 une priorit\u00e9 absolue et nous nous engageons \u00e0 garantir la s\u00e9curit\u00e9 et la confidentialit\u00e9 de nos produits et des donn\u00e9es de nos clients. Nous nous engageons \u00e9galement \u00e0 respecter les normes internationales et du secteur en mati\u00e8re de conformit\u00e9. Nous [&hellip;]<\/p>\n","protected":false},"author":35,"featured_media":0,"parent":0,"menu_order":3494,"comment_status":"closed","ping_status":"closed","template":"","meta":{"_acf_changed":false,"_relevanssi_hide_post":"","_relevanssi_hide_content":"","_relevanssi_pin_for_all":"","_relevanssi_pin_keywords":"","_relevanssi_unpin_keywords":"","_relevanssi_related_keywords":"","_relevanssi_related_include_ids":"","_relevanssi_related_exclude_ids":"","_relevanssi_related_no_append":"","_relevanssi_related_not_related":"","_relevanssi_related_posts":"","_relevanssi_noindex_reason":"","_lmt_disableupdate":"no","_lmt_disable":"","footnotes":""},"class_list":["post-311425","page","type-page","status-publish","hentry"],"acf":[],"_links":{"self":[{"href":"https:\/\/www.ninjaone.com\/fr\/wp-json\/wp\/v2\/pages\/311425","targetHints":{"allow":["GET"]}}],"collection":[{"href":"https:\/\/www.ninjaone.com\/fr\/wp-json\/wp\/v2\/pages"}],"about":[{"href":"https:\/\/www.ninjaone.com\/fr\/wp-json\/wp\/v2\/types\/page"}],"author":[{"embeddable":true,"href":"https:\/\/www.ninjaone.com\/fr\/wp-json\/wp\/v2\/users\/35"}],"replies":[{"embeddable":true,"href":"https:\/\/www.ninjaone.com\/fr\/wp-json\/wp\/v2\/comments?post=311425"}],"version-history":[{"count":0,"href":"https:\/\/www.ninjaone.com\/fr\/wp-json\/wp\/v2\/pages\/311425\/revisions"}],"wp:attachment":[{"href":"https:\/\/www.ninjaone.com\/fr\/wp-json\/wp\/v2\/media?parent=311425"}],"curies":[{"name":"wp","href":"https:\/\/api.w.org\/{rel}","templated":true}]}}