{"id":217847,"date":"2024-03-19T18:46:51","date_gmt":"2024-03-19T18:46:51","guid":{"rendered":"https:\/\/www.ninjaone.com\/?page_id=217847"},"modified":"2024-05-23T08:20:14","modified_gmt":"2024-05-23T08:20:14","slug":"ninjaones-cio-dinner-emea-merci","status":"publish","type":"page","link":"https:\/\/www.ninjaone.com\/fr\/ninjaones-cio-dinner-emea-merci\/","title":{"rendered":"D\u00eener des DSI de NinjaOne EMEA : merci !"},"content":{"rendered":"\t\t<div data-elementor-type=\"wp-page\" data-elementor-id=\"217847\" class=\"elementor elementor-217847 elementor-210697\" data-elementor-post-type=\"page\">\n\t\t\t\t<div class=\"elementor-element elementor-element-bfadeba e-flex e-con-boxed e-con e-parent\" data-id=\"bfadeba\" data-element_type=\"container\" data-e-type=\"container\" data-settings=\"{&quot;background_background&quot;:&quot;video&quot;,&quot;background_video_link&quot;:&quot;https:\\\/\\\/www.ninjaone.com\\\/wp-content\\\/uploads\\\/2024\\\/03\\\/orb1-2.mp4&quot;}\">\n\t\t\t\t\t<div class=\"e-con-inner\">\n\t\t<div class=\"elementor-background-video-container elementor-hidden-mobile\">\n\t\t\t\t\t\t\t<video class=\"elementor-background-video-hosted\" role=\"presentation\" autoplay muted playsinline loop><\/video>\n\t\t\t\t\t<\/div><div class=\"elementor-element elementor-element-124647f e-flex e-con-boxed e-con e-child\" data-id=\"124647f\" data-element_type=\"container\" data-e-type=\"container\">\n\t\t\t\t\t<div class=\"e-con-inner\">\n\t\t\t\t<div class=\"elementor-element elementor-element-1330d32 elementor-widget elementor-widget-heading\" data-id=\"1330d32\" data-element_type=\"widget\" data-e-type=\"widget\" data-widget_type=\"heading.default\">\n\t\t\t\t<div class=\"elementor-widget-container\">\n\t\t\t\t\t<h1 class=\"elementor-heading-title elementor-size-default\">Merci !<\/h1>\t\t\t\t<\/div>\n\t\t\t\t<\/div>\n\t\t\t\t<div class=\"elementor-element elementor-element-bc792d3 elementor-widget__width-initial elementor-widget-mobile__width-inherit elementor-widget elementor-widget-text-editor\" data-id=\"bc792d3\" data-element_type=\"widget\" data-e-type=\"widget\" data-widget_type=\"text-editor.default\">\n\t\t\t\t<div class=\"elementor-widget-container\">\n\t\t\t\t\t\t\t\t\t<p>Nous vous remercions de l\u2019int\u00e9r\u00eat que vous avez manifest\u00e9 pour le d\u00eener des DSI NinjaOne. Le nombre de places \u00e9tant limit\u00e9, toutes les candidatures ne pourront cependant pas \u00eatre retenues. Vous recevrez une r\u00e9ponse par e-mail, ainsi qu\u2019une invitation officielle si votre participation est confirm\u00e9e.<\/p>\t\t\t\t\t\t\t\t<\/div>\n\t\t\t\t<\/div>\n\t\t\t\t\t<\/div>\n\t\t\t\t<\/div>\n\t\t\t\t\t<\/div>\n\t\t\t\t<\/div>\n\t\t\t\t<\/div>\n\t\t","protected":false},"excerpt":{"rendered":"<p>Merci ! Nous vous remercions de l\u2019int\u00e9r\u00eat que vous avez manifest\u00e9 pour le d\u00eener des DSI NinjaOne. Le nombre de places \u00e9tant limit\u00e9, toutes les candidatures ne pourront cependant pas \u00eatre retenues. Vous recevrez une r\u00e9ponse par e-mail, ainsi qu\u2019une invitation officielle si votre participation est confirm\u00e9e.<\/p>\n","protected":false},"author":35,"featured_media":0,"parent":0,"menu_order":3992,"comment_status":"closed","ping_status":"closed","template":"","meta":{"_acf_changed":false,"_relevanssi_hide_post":"","_relevanssi_hide_content":"","_relevanssi_pin_for_all":"","_relevanssi_pin_keywords":"","_relevanssi_unpin_keywords":"","_relevanssi_related_keywords":"","_relevanssi_related_include_ids":"","_relevanssi_related_exclude_ids":"","_relevanssi_related_no_append":"","_relevanssi_related_not_related":"","_relevanssi_related_posts":"","_relevanssi_noindex_reason":"","_lmt_disableupdate":"","_lmt_disable":"","footnotes":""},"class_list":["post-217847","page","type-page","status-publish","hentry"],"acf":[],"_links":{"self":[{"href":"https:\/\/www.ninjaone.com\/fr\/wp-json\/wp\/v2\/pages\/217847","targetHints":{"allow":["GET"]}}],"collection":[{"href":"https:\/\/www.ninjaone.com\/fr\/wp-json\/wp\/v2\/pages"}],"about":[{"href":"https:\/\/www.ninjaone.com\/fr\/wp-json\/wp\/v2\/types\/page"}],"author":[{"embeddable":true,"href":"https:\/\/www.ninjaone.com\/fr\/wp-json\/wp\/v2\/users\/35"}],"replies":[{"embeddable":true,"href":"https:\/\/www.ninjaone.com\/fr\/wp-json\/wp\/v2\/comments?post=217847"}],"version-history":[{"count":0,"href":"https:\/\/www.ninjaone.com\/fr\/wp-json\/wp\/v2\/pages\/217847\/revisions"}],"wp:attachment":[{"href":"https:\/\/www.ninjaone.com\/fr\/wp-json\/wp\/v2\/media?parent=217847"}],"curies":[{"name":"wp","href":"https:\/\/api.w.org\/{rel}","templated":true}]}}