{"id":157860,"date":"2023-11-09T08:13:31","date_gmt":"2023-11-09T08:13:31","guid":{"rendered":"https:\/\/www.ninjaone.com\/ninjarmm-revues-decouvrez-le-service-de-premiere-classe-de-ninjarmm\/"},"modified":"2026-01-13T10:52:37","modified_gmt":"2026-01-13T10:52:37","slug":"experience-client","status":"publish","type":"page","link":"https:\/\/www.ninjaone.com\/fr\/experience-client\/","title":{"rendered":"Exp\u00e9rience client"},"content":{"rendered":"\t\t<div data-elementor-type=\"wp-page\" data-elementor-id=\"157860\" class=\"elementor elementor-157860 elementor-34217\" data-elementor-post-type=\"page\">\n\t\t\t\t<main class=\"elementor-element elementor-element-0f46327 e-flex e-con-boxed e-con e-parent\" data-id=\"0f46327\" data-element_type=\"container\" data-e-type=\"container\">\n\t\t\t\t\t<div class=\"e-con-inner\">\n\t\t\t\t<div class=\"elementor-element elementor-element-45b2b3c elementor-widget elementor-widget-heading\" data-id=\"45b2b3c\" data-element_type=\"widget\" data-e-type=\"widget\" data-widget_type=\"heading.default\">\n\t\t\t\t<div class=\"elementor-widget-container\">\n\t\t\t\t\t<h1 class=\"elementor-heading-title elementor-size-default\">Services de r\u00e9ussite et d'assistance<\/h1>\t\t\t\t<\/div>\n\t\t\t\t<\/div>\n\t\t\t\t<div class=\"elementor-element elementor-element-07abf29 p-no-margin elementor-widget elementor-widget-text-editor\" data-id=\"07abf29\" data-element_type=\"widget\" data-e-type=\"widget\" data-widget_type=\"text-editor.default\">\n\t\t\t\t<div class=\"elementor-widget-container\">\n\t\t\t\t\t\t\t\t\t<p>La r\u00e9ussite des clients est au c\u0153ur de nos d\u00e9cisions NinjaOne offre \u00e0 votre \u00e9quipe l&rsquo;automatisation et l&rsquo;efficacit\u00e9 n\u00e9cessaires pour simplifier l&rsquo;informatique, en s&rsquo;appuyant \u00e0 chaque \u00e9tape sur l&rsquo;expertise rapide et fiable de NinjaOne.<\/p>\t\t\t\t\t\t\t\t<\/div>\n\t\t\t\t<\/div>\n\t\t<div class=\"elementor-element elementor-element-187b3cb e-con-full e-flex e-con e-child\" data-id=\"187b3cb\" data-element_type=\"container\" data-e-type=\"container\">\n\t\t\t\t<div class=\"elementor-element elementor-element-64495cf elementor-mobile-align-justify elementor-widget-mobile__width-inherit elementor-button-default elementor-widget elementor-widget-button\" data-id=\"64495cf\" data-element_type=\"widget\" data-e-type=\"widget\" data-js=\"free-trial-hero\" data-widget_type=\"button.default\">\n\t\t\t\t<div class=\"elementor-widget-container\">\n\t\t\t\t\t\t\t\t\t<div class=\"elementor-button-wrapper\">\n\t\t\t\t\t<a class=\"elementor-button elementor-button-link elementor-size-sm\" href=\"https:\/\/www.ninjaone.com\/fr\/phase-de-test-gratuit\/\" aria-label=\"Free Trial\" id=\"free-trial-hero\">\n\t\t\t\t\t\t<span class=\"elementor-button-content-wrapper\">\n\t\t\t\t\t\t\t\t\t<span class=\"elementor-button-text\">Essai gratuit<\/span>\n\t\t\t\t\t<\/span>\n\t\t\t\t\t<\/a>\n\t\t\t\t<\/div>\n\t\t\t\t\t\t\t\t<\/div>\n\t\t\t\t<\/div>\n\t\t\t\t<div class=\"elementor-element elementor-element-00cd24f elementor-align-justify elementor-widget-mobile__width-inherit elementor-tablet-align-left elementor-mobile-align-justify button-wrap elementor-button-secondary elementor-widget elementor-widget-button\" data-id=\"00cd24f\" data-element_type=\"widget\" data-e-type=\"widget\" data-js=\"free-demo-hero\" data-widget_type=\"button.default\">\n\t\t\t\t<div class=\"elementor-widget-container\">\n\t\t\t\t\t\t\t\t\t<div class=\"elementor-button-wrapper\">\n\t\t\t\t\t<a class=\"elementor-button elementor-button-link elementor-size-md\" href=\"https:\/\/www.ninjaone.com\/fr\/planifiez-une-demo-gratuite-fr\/\" aria-label=\"Watch a Demo\" id=\"free-demo-hero\">\n\t\t\t\t\t\t<span class=\"elementor-button-content-wrapper\">\n\t\t\t\t\t\t\t\t\t<span class=\"elementor-button-text\">Regarder une d\u00e9mo<\/span>\n\t\t\t\t\t<\/span>\n\t\t\t\t\t<\/a>\n\t\t\t\t<\/div>\n\t\t\t\t\t\t\t\t<\/div>\n\t\t\t\t<\/div>\n\t\t\t\t<\/div>\n\t\t\t\t\t<\/div>\n\t\t\t\t<\/main>\n\t\t<section class=\"elementor-element elementor-element-bfad2fd e-flex e-con-boxed e-con e-child\" data-id=\"bfad2fd\" data-element_type=\"container\" data-e-type=\"container\" data-settings=\"{&quot;background_background&quot;:&quot;classic&quot;}\">\n\t\t\t\t\t<div class=\"e-con-inner\">\n\t\t<div class=\"elementor-element elementor-element-55e4cd7 e-con-full e-flex e-con e-child\" data-id=\"55e4cd7\" data-element_type=\"container\" data-e-type=\"container\">\n\t\t<div class=\"elementor-element elementor-element-8f179ec e-con-full e-flex e-con e-child\" data-id=\"8f179ec\" data-element_type=\"container\" data-e-type=\"container\" data-settings=\"{&quot;animation_tablet&quot;:&quot;none&quot;}\">\n\t\t\t\t<div class=\"elementor-element elementor-element-ff77324 elementor-widget elementor-widget-heading\" data-id=\"ff77324\" data-element_type=\"widget\" data-e-type=\"widget\" data-widget_type=\"heading.default\">\n\t\t\t\t<div class=\"elementor-widget-container\">\n\t\t\t\t\t<h3 class=\"elementor-heading-title elementor-size-default\">Onboarding<\/h3>\t\t\t\t<\/div>\n\t\t\t\t<\/div>\n\t\t\t\t<div class=\"elementor-element elementor-element-282214b elementor-widget elementor-widget-text-editor\" data-id=\"282214b\" data-element_type=\"widget\" data-e-type=\"widget\" data-widget_type=\"text-editor.default\">\n\t\t\t\t<div class=\"elementor-widget-container\">\n\t\t\t\t\t\t\t\t\t<p>Nous voulons assurer votre succ\u00e8s d\u00e8s le premier jour. Soyez op\u00e9rationnel en un rien de temps gr\u00e2ce \u00e0 l&rsquo;onboarding gratuit et illimit\u00e9.<\/p>\t\t\t\t\t\t\t\t<\/div>\n\t\t\t\t<\/div>\n\t\t\t\t<\/div>\n\t\t<div class=\"elementor-element elementor-element-1dc4d59 e-con-full e-flex e-con e-child\" data-id=\"1dc4d59\" data-element_type=\"container\" data-e-type=\"container\" data-settings=\"{&quot;animation_tablet&quot;:&quot;none&quot;}\">\n\t\t\t\t<div class=\"elementor-element elementor-element-cb676df elementor-widget elementor-widget-heading\" data-id=\"cb676df\" data-element_type=\"widget\" data-e-type=\"widget\" data-widget_type=\"heading.default\">\n\t\t\t\t<div class=\"elementor-widget-container\">\n\t\t\t\t\t<h3 class=\"elementor-heading-title elementor-size-default\">Assistance<\/h3>\t\t\t\t<\/div>\n\t\t\t\t<\/div>\n\t\t\t\t<div class=\"elementor-element elementor-element-9fa7529 elementor-widget elementor-widget-text-editor\" data-id=\"9fa7529\" data-element_type=\"widget\" data-e-type=\"widget\" data-widget_type=\"text-editor.default\">\n\t\t\t\t<div class=\"elementor-widget-container\">\n\t\t\t\t\t\t\t\t\t<p>Vous n&rsquo;\u00eates pas un ticket ou un num\u00e9ro sur un \u00e9cran. Consid\u00e9rez notre \u00e9quipe d&rsquo;assistance comme une extension de votre entreprise, sans frais suppl\u00e9mentaires.<\/p>\t\t\t\t\t\t\t\t<\/div>\n\t\t\t\t<\/div>\n\t\t\t\t<\/div>\n\t\t<div class=\"elementor-element elementor-element-2e6182f e-con-full e-flex e-con e-child\" data-id=\"2e6182f\" data-element_type=\"container\" data-e-type=\"container\" data-settings=\"{&quot;animation_tablet&quot;:&quot;none&quot;}\">\n\t\t\t\t<div class=\"elementor-element elementor-element-09c14d7 elementor-widget elementor-widget-heading\" data-id=\"09c14d7\" data-element_type=\"widget\" data-e-type=\"widget\" data-widget_type=\"heading.default\">\n\t\t\t\t<div class=\"elementor-widget-container\">\n\t\t\t\t\t<h3 class=\"elementor-heading-title elementor-size-default\">Formation\u00a0<\/h3>\t\t\t\t<\/div>\n\t\t\t\t<\/div>\n\t\t\t\t<div class=\"elementor-element elementor-element-204b320 elementor-widget elementor-widget-text-editor\" data-id=\"204b320\" data-element_type=\"widget\" data-e-type=\"widget\" data-widget_type=\"text-editor.default\">\n\t\t\t\t<div class=\"elementor-widget-container\">\n\t\t\t\t\t\t\t\t\t<p>Devenez un ninja certifi\u00e9 de l&rsquo;informatique. Faites progresser votre carri\u00e8re et formez votre \u00e9quipe gr\u00e2ce \u00e0 <a href=\"https:\/\/www.ninjaone.com\/fr\/ninjaone-academy\/\">NinjaOne Academy<\/a>.<\/p>\t\t\t\t\t\t\t\t<\/div>\n\t\t\t\t<\/div>\n\t\t\t\t<\/div>\n\t\t\t\t<\/div>\n\t\t\t\t\t<\/div>\n\t\t\t\t<\/section>\n\t\t<div class=\"elementor-element elementor-element-1a7a20c e-flex e-con-boxed e-con e-parent\" data-id=\"1a7a20c\" data-element_type=\"container\" data-e-type=\"container\" data-settings=\"{&quot;background_background&quot;:&quot;classic&quot;}\">\n\t\t\t\t\t<div class=\"e-con-inner\">\n\t\t<div class=\"elementor-element elementor-element-10bcc0a e-con-full e-flex e-con e-child\" data-id=\"10bcc0a\" data-element_type=\"container\" data-e-type=\"container\" data-settings=\"{&quot;background_background&quot;:&quot;classic&quot;}\">\n\t\t\t\t<div class=\"elementor-element elementor-element-80c5931 elementor-widget elementor-widget-image\" data-id=\"80c5931\" data-element_type=\"widget\" data-e-type=\"widget\" data-widget_type=\"image.default\">\n\t\t\t\t<div class=\"elementor-widget-container\">\n\t\t\t\t\t\t\t\t\t\t\t\t\t\t\t<img decoding=\"async\" width=\"33\" height=\"25\" src=\"https:\/\/www.ninjaone.com\/wp-content\/uploads\/2024\/09\/left-quote-icon.svg\" class=\" attachment-large size-large wp-image-330250\" alt=\"Ic\u00f4ne de guillemet\" title=\"ic\u00f4ne-de-guillemet-gauche\" \/>\t\t\t\t\t\t\t\t\t\t\t\t\t\t\t<\/div>\n\t\t\t\t<\/div>\n\t\t\t\t<div class=\"elementor-element elementor-element-04b17f2 p-no-margin elementor-widget elementor-widget-text-editor\" data-id=\"04b17f2\" data-element_type=\"widget\" data-e-type=\"widget\" data-widget_type=\"text-editor.default\">\n\t\t\t\t<div class=\"elementor-widget-container\">\n\t\t\t\t\t\t\t\t\t<p>Chez NinjaOne, notre relation commence d\u00e8s le premier contact. Nous faisons en sorte que chaque interaction soit facile, agr\u00e9able et r\u00e9ussie, pour que vous ayez la certitude que votre d\u00e9cision de devenir un ninja de l&rsquo;informatique est la bonne.\u00a0\u00bb<\/p>\t\t\t\t\t\t\t\t<\/div>\n\t\t\t\t<\/div>\n\t\t\t\t<div class=\"elementor-element elementor-element-e75352c p-no-margin elementor-widget elementor-widget-text-editor\" data-id=\"e75352c\" data-element_type=\"widget\" data-e-type=\"widget\" data-widget_type=\"text-editor.default\">\n\t\t\t\t<div class=\"elementor-widget-container\">\n\t\t\t\t\t\t\t\t\t<p>Michael Shelton,<br \/>Vice-pr\u00e9sident de vice-pr\u00e9sident de l\u2019assistance produit,<br \/>NinjaOne<\/p>\t\t\t\t\t\t\t\t<\/div>\n\t\t\t\t<\/div>\n\t\t\t\t<\/div>\n\t\t<div class=\"elementor-element elementor-element-1ec6e7f e-con-full e-flex e-con e-child\" data-id=\"1ec6e7f\" data-element_type=\"container\" data-e-type=\"container\" data-settings=\"{&quot;background_background&quot;:&quot;classic&quot;}\">\n\t\t\t\t<div class=\"elementor-element elementor-element-6882f13 elementor-widget elementor-widget-html\" data-id=\"6882f13\" data-element_type=\"widget\" data-e-type=\"widget\" data-widget_type=\"html.default\">\n\t\t\t\t<div class=\"elementor-widget-container\">\n\t\t\t\t\t<iframe width=\"560\" height=\"315\" src=\"https:\/\/www.youtube.com\/embed\/videoseries?si=3nZdy6bSMqN4PXac&amp;list=PLlbgxPOaUMCB5H4HVTD1RVjw1nD2EBOSb&rel=0&modestbranding=1&controls=1\" title=\"Vid\u00e9o YouTube\" frameborder=\"0\" allow=\"accelerometer; autoplay; clipboard-write; encrypted-media; gyroscope; picture-in-picture; web-share\" referrerpolicy=\"strict-origin-when-cross-origin\" allowfullscreen><\/iframe>\t\t\t\t<\/div>\n\t\t\t\t<\/div>\n\t\t\t\t<\/div>\n\t\t\t\t\t<\/div>\n\t\t\t\t<\/div>\n\t\t<div class=\"elementor-element elementor-element-93b940a e-flex e-con-boxed e-con e-parent\" data-id=\"93b940a\" data-element_type=\"container\" data-e-type=\"container\">\n\t\t\t\t\t<div class=\"e-con-inner\">\n\t\t<div class=\"elementor-element elementor-element-64696a5 e-con-full e-flex e-con e-child\" data-id=\"64696a5\" data-element_type=\"container\" data-e-type=\"container\" data-settings=\"{&quot;background_background&quot;:&quot;gradient&quot;}\">\n\t\t\t\t<div class=\"elementor-element elementor-element-dbc8b65 elementor-widget elementor-widget-heading\" data-id=\"dbc8b65\" data-element_type=\"widget\" data-e-type=\"widget\" data-widget_type=\"heading.default\">\n\t\t\t\t<div class=\"elementor-widget-container\">\n\t\t\t\t\t<h2 class=\"elementor-heading-title elementor-size-default\">Temps de r\u00e9ponse<\/h2>\t\t\t\t<\/div>\n\t\t\t\t<\/div>\n\t\t\t\t<div class=\"elementor-element elementor-element-17886b5 elementor-widget elementor-widget-shortcode\" data-id=\"17886b5\" data-element_type=\"widget\" data-e-type=\"widget\" data-widget_type=\"shortcode.default\">\n\t\t\t\t<div class=\"elementor-widget-container\">\n\t\t\t\t\t\t\t<div class=\"elementor-shortcode\">\t\n\t<div class=\"ce-chart-wrapper\">\n\t\t<h3 class=\"step-5-strong\">31m<\/h3>\n\t\t<p class=\"step--1-strong\">Moyenne annuelle<\/p>\n\t    <div id=\"response-time\" class=\"chart\"><\/div>\n\t<\/div>\n\t<script>\n\t\tfunction chartKickResponseTimeInit(event) {\n\t\t\tnew Chartkick.LineChart(\"response-time\", {\"Jan\":25,\"F\\u00e9v\":28,\"Mar\":23,\"Avr\":21,\"Mai\":34,\"Juin\":36,\"Juil\":38,\"Ao\\u00fbt\":37,\"Sep\":31,\"Oct\":34,\"Nov\":37,\"D\\u00e9c\":33}, {download: false, suffix: \" minutes\", height: \"392px\", \"colors\": [\"#04FF88\", \"#17E685\"]});\n\t\t}\n\t\tdocument.addEventListener(\"DOMContentLoaded\", function() { \n\t\t\tchartKickResponseTimeInit();\n\t\t}, { once: true });\n\t<\/script>\n<\/div>\n\t\t\t\t\t\t<\/div>\n\t\t\t\t<\/div>\n\t\t\t\t<\/div>\n\t\t\t\t\t<\/div>\n\t\t\t\t<\/div>\n\t\t<div class=\"elementor-element elementor-element-eb74557 e-flex e-con-boxed e-con e-parent\" data-id=\"eb74557\" data-element_type=\"container\" data-e-type=\"container\">\n\t\t\t\t\t<div class=\"e-con-inner\">\n\t\t<div class=\"elementor-element elementor-element-aba84e3 e-con-full e-flex e-con e-child\" data-id=\"aba84e3\" data-element_type=\"container\" data-e-type=\"container\" data-settings=\"{&quot;background_background&quot;:&quot;gradient&quot;}\">\n\t\t\t\t<div class=\"elementor-element elementor-element-1069aca elementor-widget elementor-widget-heading\" data-id=\"1069aca\" data-element_type=\"widget\" data-e-type=\"widget\" data-widget_type=\"heading.default\">\n\t\t\t\t<div class=\"elementor-widget-container\">\n\t\t\t\t\t<h2 class=\"elementor-heading-title elementor-size-default\">Score CSAT<\/h2>\t\t\t\t<\/div>\n\t\t\t\t<\/div>\n\t\t\t\t<div class=\"elementor-element elementor-element-7d7c6d8 elementor-widget elementor-widget-shortcode\" data-id=\"7d7c6d8\" data-element_type=\"widget\" data-e-type=\"widget\" data-widget_type=\"shortcode.default\">\n\t\t\t\t<div class=\"elementor-widget-container\">\n\t\t\t\t\t\t\t<div class=\"elementor-shortcode\">\t\n\t<div class=\"ce-chart-wrapper\">\n\t\t<h3 class=\"step-5-strong\">98.4 CSAT<\/h3>\n\t\t<p class=\"step--1-strong\">Moyenne annuelle<\/p>\n\t    <div id=\"csat\" class=\"chart\"><\/div>\n\t<\/div>\n\t<script>\n\tfunction chartKickCsatInit() {\n\t\tnew Chartkick.LineChart(\"csat\", {\"Jan\":\"98.1\",\"F\\u00e9v\":\"98.8\",\"Mar\":\"98.1\",\"Avr\":\"98.1\",\"Mai\":\"98.7\",\"Juin\":\"98.5\",\"Juil\":\"97.6\",\"Ao\\u00fbt\":\"98.7\",\"Sep\":\"98.0\",\"Oct\":\"99.1\",\"Nov\":\"98.3\"}, {download: false, suffix: \" CSAT\", height: \"392px\", \"colors\": [\"#04FF88\", \"#17E685\"]});\n\t}\n\tdocument.addEventListener(\"DOMContentLoaded\", function() {\n\t\tchartKickCsatInit();\n\t}, { once: true });\t\n\t<\/script>\n<\/div>\n\t\t\t\t\t\t<\/div>\n\t\t\t\t<\/div>\n\t\t\t\t<\/div>\n\t\t\t\t\t<\/div>\n\t\t\t\t<\/div>\n\t\t<div class=\"elementor-element elementor-element-64d39fd e-flex e-con-boxed e-con e-parent\" data-id=\"64d39fd\" data-element_type=\"container\" data-e-type=\"container\" data-settings=\"{&quot;background_background&quot;:&quot;classic&quot;}\">\n\t\t\t\t\t<div class=\"e-con-inner\">\n\t\t<div class=\"elementor-element elementor-element-ff9d74d e-con-full elementor-hidden-mobile e-flex e-con e-child\" data-id=\"ff9d74d\" data-element_type=\"container\" data-e-type=\"container\" data-settings=\"{&quot;background_background&quot;:&quot;classic&quot;}\">\n\t\t\t\t<div class=\"elementor-element elementor-element-e7f83af elementor-widget elementor-widget-image\" data-id=\"e7f83af\" data-element_type=\"widget\" data-e-type=\"widget\" data-widget_type=\"image.default\">\n\t\t\t\t<div class=\"elementor-widget-container\">\n\t\t\t\t\t\t\t\t\t\t\t\t\t\t\t<img decoding=\"async\" width=\"33\" height=\"25\" src=\"https:\/\/www.ninjaone.com\/wp-content\/uploads\/2024\/09\/left-quote-icon.svg\" class=\" attachment-large size-large wp-image-330250\" alt=\"Ic\u00f4ne de guillemet\" title=\"ic\u00f4ne-de-guillemet-gauche\" \/>\t\t\t\t\t\t\t\t\t\t\t\t\t\t\t<\/div>\n\t\t\t\t<\/div>\n\t\t\t\t<div class=\"elementor-element elementor-element-25de207 p-no-margin elementor-widget elementor-widget-text-editor\" data-id=\"25de207\" data-element_type=\"widget\" data-e-type=\"widget\" data-widget_type=\"text-editor.default\">\n\t\t\t\t<div class=\"elementor-widget-container\">\n\t\t\t\t\t\t\t\t\t<p>D\u00e9placer 100\u00a0000 appareils en 90 jours n&rsquo;est pas une mince affaire&#8230; Avant la migration, NinjaOne a pr\u00e9par\u00e9 les actifs dont nous avions besoin pour r\u00e9ussir\u00a0: la documentation, le Dojo et le support technique. NinjaOne a \u00e9t\u00e9 \u00e0 nos c\u00f4t\u00e9s tout au long du processus.\u00a0\u00bb<\/p>\t\t\t\t\t\t\t\t<\/div>\n\t\t\t\t<\/div>\n\t\t\t\t<div class=\"elementor-element elementor-element-1b5a67b p-no-margin elementor-widget elementor-widget-text-editor\" data-id=\"1b5a67b\" data-element_type=\"widget\" data-e-type=\"widget\" data-widget_type=\"text-editor.default\">\n\t\t\t\t<div class=\"elementor-widget-container\">\n\t\t\t\t\t\t\t\t\t<p>Dan Shapero,<br \/>Pr\u00e9sident\/COO,<br \/>TeamLogic IT<\/p>\t\t\t\t\t\t\t\t<\/div>\n\t\t\t\t<\/div>\n\t\t\t\t<\/div>\n\t\t<div class=\"elementor-element elementor-element-9218495 e-con-full e-flex e-con e-child\" data-id=\"9218495\" data-element_type=\"container\" data-e-type=\"container\" data-settings=\"{&quot;background_background&quot;:&quot;classic&quot;}\">\n\t\t\t\t<div class=\"elementor-element elementor-element-1afd752 elementor-widget elementor-widget-image\" data-id=\"1afd752\" data-element_type=\"widget\" data-e-type=\"widget\" data-widget_type=\"image.default\">\n\t\t\t\t<div class=\"elementor-widget-container\">\n\t\t\t\t\t\t\t\t\t\t\t\t\t\t\t<img decoding=\"async\" width=\"33\" height=\"25\" src=\"https:\/\/www.ninjaone.com\/wp-content\/uploads\/2024\/09\/left-quote-icon.svg\" class=\" attachment-large size-large wp-image-330250\" alt=\"Ic\u00f4ne de guillemet\" title=\"ic\u00f4ne-de-guillemet-gauche\" \/>\t\t\t\t\t\t\t\t\t\t\t\t\t\t\t<\/div>\n\t\t\t\t<\/div>\n\t\t\t\t<div class=\"elementor-element elementor-element-d9b81aa p-no-margin elementor-widget elementor-widget-text-editor\" data-id=\"d9b81aa\" data-element_type=\"widget\" data-e-type=\"widget\" data-widget_type=\"text-editor.default\">\n\t\t\t\t<div class=\"elementor-widget-container\">\n\t\t\t\t\t\t\t\t\t<p>L&rsquo;\u00e9quipe support a \u00e9t\u00e9 d&rsquo;une aide pr\u00e9cieuse et les articles du Dojo NinjaOne nous ont grandement facilit\u00e9 la t\u00e2che et permis de faire quasiment tout ce que nous voulions. Et quand nous avions des questions, NinjaOne nous r\u00e9pondait presque dans l\u2019imm\u00e9diat. Ce niveau de support nous a permis de d\u00e9ployer NinjaOne sur tous nos terminaux en 30\u00a0jours.\u00a0\u00bb<\/p>\t\t\t\t\t\t\t\t<\/div>\n\t\t\t\t<\/div>\n\t\t\t\t<div class=\"elementor-element elementor-element-b4bfb4e p-no-margin elementor-widget elementor-widget-text-editor\" data-id=\"b4bfb4e\" data-element_type=\"widget\" data-e-type=\"widget\" data-widget_type=\"text-editor.default\">\n\t\t\t\t<div class=\"elementor-widget-container\">\n\t\t\t\t\t\t\t\t\t<p>Kyle Thompson, <br \/>Responsable des op\u00e9rations globales,<br \/>Patra<\/p>\t\t\t\t\t\t\t\t<\/div>\n\t\t\t\t<\/div>\n\t\t\t\t<\/div>\n\t\t\t\t\t<\/div>\n\t\t\t\t<\/div>\n\t\t\t\t<\/div>\n\t\t","protected":false},"excerpt":{"rendered":"<p>Services de r\u00e9ussite et d&rsquo;assistance La r\u00e9ussite des clients est au c\u0153ur de nos d\u00e9cisions NinjaOne offre \u00e0 votre \u00e9quipe l&rsquo;automatisation et l&rsquo;efficacit\u00e9 n\u00e9cessaires pour simplifier l&rsquo;informatique, en s&rsquo;appuyant \u00e0 chaque \u00e9tape sur l&rsquo;expertise rapide et fiable de NinjaOne. Essai gratuit Regarder une d\u00e9mo Onboarding Nous voulons assurer votre succ\u00e8s d\u00e8s le premier jour. Soyez [&hellip;]<\/p>\n","protected":false},"author":35,"featured_media":0,"parent":0,"menu_order":2495,"comment_status":"closed","ping_status":"closed","template":"","meta":{"_acf_changed":false,"_relevanssi_hide_post":"","_relevanssi_hide_content":"","_relevanssi_pin_for_all":"","_relevanssi_pin_keywords":"","_relevanssi_unpin_keywords":"","_relevanssi_related_keywords":"","_relevanssi_related_include_ids":"","_relevanssi_related_exclude_ids":"","_relevanssi_related_no_append":"","_relevanssi_related_not_related":"","_relevanssi_related_posts":"","_relevanssi_noindex_reason":"","_lmt_disableupdate":"no","_lmt_disable":"","footnotes":""},"class_list":["post-157860","page","type-page","status-publish","hentry"],"acf":[],"_links":{"self":[{"href":"https:\/\/www.ninjaone.com\/fr\/wp-json\/wp\/v2\/pages\/157860","targetHints":{"allow":["GET"]}}],"collection":[{"href":"https:\/\/www.ninjaone.com\/fr\/wp-json\/wp\/v2\/pages"}],"about":[{"href":"https:\/\/www.ninjaone.com\/fr\/wp-json\/wp\/v2\/types\/page"}],"author":[{"embeddable":true,"href":"https:\/\/www.ninjaone.com\/fr\/wp-json\/wp\/v2\/users\/35"}],"replies":[{"embeddable":true,"href":"https:\/\/www.ninjaone.com\/fr\/wp-json\/wp\/v2\/comments?post=157860"}],"version-history":[{"count":0,"href":"https:\/\/www.ninjaone.com\/fr\/wp-json\/wp\/v2\/pages\/157860\/revisions"}],"wp:attachment":[{"href":"https:\/\/www.ninjaone.com\/fr\/wp-json\/wp\/v2\/media?parent=157860"}],"curies":[{"name":"wp","href":"https:\/\/api.w.org\/{rel}","templated":true}]}}