{"id":154428,"date":"2023-11-02T07:43:50","date_gmt":"2023-11-02T07:43:50","guid":{"rendered":"https:\/\/www.ninjaone.com\/canaux-de-notification\/"},"modified":"2023-11-22T21:49:41","modified_gmt":"2023-11-22T21:49:41","slug":"canaux-de-notification","status":"publish","type":"page","link":"https:\/\/www.ninjaone.com\/fr\/canaux-de-notification\/","title":{"rendered":"Canaux de notification"},"content":{"rendered":"\t\t<div data-elementor-type=\"wp-page\" data-elementor-id=\"154428\" class=\"elementor elementor-154428 elementor-31580\" data-elementor-post-type=\"page\">\n\t\t\t\t<main class=\"elementor-element elementor-element-7feca71 e-flex e-con-boxed e-con e-parent\" data-id=\"7feca71\" data-element_type=\"container\" data-e-type=\"container\" data-settings=\"{&quot;background_background&quot;:&quot;classic&quot;}\">\n\t\t\t\t\t<div class=\"e-con-inner\">\n\t\t<div class=\"elementor-element elementor-element-4e6009e e-flex e-con-boxed e-con e-child\" data-id=\"4e6009e\" data-element_type=\"container\" data-e-type=\"container\">\n\t\t\t\t\t<div class=\"e-con-inner\">\n\t\t<div class=\"elementor-element elementor-element-135c6d2 e-con-full e-flex e-con e-child\" data-id=\"135c6d2\" data-element_type=\"container\" data-e-type=\"container\">\n\t\t\t\t<div class=\"elementor-element elementor-element-14167af elementor-widget__width-initial elementor-widget-mobile__width-inherit elementor-widget elementor-widget-heading\" data-id=\"14167af\" data-element_type=\"widget\" data-e-type=\"widget\" data-widget_type=\"heading.default\">\n\t\t\t\t<div class=\"elementor-widget-container\">\n\t\t\t\t\t<h1 class=\"elementor-heading-title elementor-size-default\">Rem\u00e9dier aux probl\u00e8mes avant qu'ils ne surviennent gr\u00e2ce \u00e0 des canaux de notification personnalisables<\/h1>\t\t\t\t<\/div>\n\t\t\t\t<\/div>\n\t\t\t\t<div class=\"elementor-element elementor-element-619536c elementor-widget-tablet__width-inherit elementor-widget elementor-widget-text-editor\" data-id=\"619536c\" data-element_type=\"widget\" data-e-type=\"widget\" data-widget_type=\"text-editor.default\">\n\t\t\t\t<div class=\"elementor-widget-container\">\n\t\t\t\t\t\t\t\t\t<p>G\u00e9rez de fa\u00e7on proactive vos terminaux gr\u00e2ce \u00e0 des canaux de notification qui transmettent des alertes critiques \u00e0 vos techniciens, o\u00f9 qu&rsquo;ils soient et quels que soient les outils qu&rsquo;ils utilisent.<\/p>\n\t\t\t\t\t\t\t\t<\/div>\n\t\t\t\t<\/div>\n\t\t<div class=\"elementor-element elementor-element-dd018d5 e-con-full e-flex e-con e-child\" data-id=\"dd018d5\" data-element_type=\"container\" data-e-type=\"container\">\n\t\t\t\t<div class=\"elementor-element elementor-element-2afaf52 elementor-widget__width-auto elementor-button-default elementor-widget elementor-widget-button\" data-id=\"2afaf52\" data-element_type=\"widget\" data-e-type=\"widget\" data-widget_type=\"button.default\">\n\t\t\t\t<div class=\"elementor-widget-container\">\n\t\t\t\t\t\t\t\t\t<div class=\"elementor-button-wrapper\">\n\t\t\t\t\t<a class=\"elementor-button elementor-button-link elementor-size-md\" href=\"https:\/\/www.ninjaone.com\/fr\/sauvegarde-essai-gratuit\/\">\n\t\t\t\t\t\t<span class=\"elementor-button-content-wrapper\">\n\t\t\t\t\t\t\t\t\t<span class=\"elementor-button-text\">Essai gratuit<\/span>\n\t\t\t\t\t<\/span>\n\t\t\t\t\t<\/a>\n\t\t\t\t<\/div>\n\t\t\t\t\t\t\t\t<\/div>\n\t\t\t\t<\/div>\n\t\t\t\t<div class=\"elementor-element elementor-element-802e94e elementor-widget__width-auto elementor-button-default elementor-widget elementor-widget-button\" data-id=\"802e94e\" data-element_type=\"widget\" data-e-type=\"widget\" data-widget_type=\"button.default\">\n\t\t\t\t<div class=\"elementor-widget-container\">\n\t\t\t\t\t\t\t\t\t<div class=\"elementor-button-wrapper\">\n\t\t\t\t\t<a class=\"elementor-button elementor-button-link elementor-size-md\" href=\"https:\/\/www.ninjaone.com\/fr\/demo-de-sauvegarde-gratuite\/\">\n\t\t\t\t\t\t<span class=\"elementor-button-content-wrapper\">\n\t\t\t\t\t\t\t\t\t<span class=\"elementor-button-text\">Regardez la d\u00e9mo<\/span>\n\t\t\t\t\t<\/span>\n\t\t\t\t\t<\/a>\n\t\t\t\t<\/div>\n\t\t\t\t\t\t\t\t<\/div>\n\t\t\t\t<\/div>\n\t\t\t\t<\/div>\n\t\t\t\t<\/div>\n\t\t\t\t<div class=\"elementor-element elementor-element-ab73559 elementor-widget__width-initial elementor-widget-mobile__width-inherit elementor-widget elementor-widget-video\" data-id=\"ab73559\" data-element_type=\"widget\" data-e-type=\"widget\" data-settings=\"{&quot;video_type&quot;:&quot;hosted&quot;,&quot;autoplay&quot;:&quot;yes&quot;,&quot;controls&quot;:&quot;yes&quot;}\" data-widget_type=\"video.default\">\n\t\t\t\t<div class=\"elementor-widget-container\">\n\t\t\t\t\t\t\t<div class=\"e-hosted-video elementor-wrapper elementor-open-inline\">\n\t\t\t\t\t<video class=\"elementor-video\" src=\"https:\/\/www.ninjaone.com\/wp-content\/uploads\/2022\/11\/Notifications-Channels-animation.mp4\" autoplay=\"\" controls=\"\" controlsList=\"nodownload\" poster=\"https:\/\/mlfk3cv5yvnx.i.optimole.com\/cb:k-rC.2fd1d\/w:auto\/h:auto\/q:mauto\/f:best\/https:\/\/www.ninjaone.com\/wp-content\/uploads\/2023\/05\/notifications-channels-video-poster.png\"><\/video>\n\t\t\t\t<\/div>\n\t\t\t\t\t\t<\/div>\n\t\t\t\t<\/div>\n\t\t\t\t\t<\/div>\n\t\t\t\t<\/div>\n\t\t\t\t<div class=\"elementor-element elementor-element-13d31a6 elementor-widget elementor-widget-template\" data-id=\"13d31a6\" data-element_type=\"widget\" data-e-type=\"widget\" data-widget_type=\"template.default\">\n\t\t\t\t<div class=\"elementor-widget-container\">\n\t\t\t\t\t\t\t<div class=\"elementor-template\">\n\t\t\t\t\t<div data-elementor-type=\"section\" data-elementor-id=\"53597\" class=\"elementor elementor-53597\" data-elementor-post-type=\"elementor_library\">\n\t\t\t<section class=\"elementor-element elementor-element-9b2e1be e-flex e-con-boxed e-con e-parent\" data-id=\"9b2e1be\" data-element_type=\"container\" data-e-type=\"container\">\n\t\t\t\t\t<div class=\"e-con-inner\">\n\t\t\t\t<div class=\"elementor-element elementor-element-0fcb222 elementor-widget elementor-widget-shortcode\" data-id=\"0fcb222\" data-element_type=\"widget\" data-e-type=\"widget\" data-widget_type=\"shortcode.default\">\n\t\t\t\t<div class=\"elementor-widget-container\">\n\t\t\t\t\t\t\t<div class=\"elementor-shortcode\"><img decoding=\"async\" class=\"\"  src=\"https:\/\/www.ninjaone.com\/wp-content\/uploads\/2026\/04\/leader-spring-white.svg\" alt=\"SourceForge Leader - Spring 2026\" width=\"125\" height=\"125\" \/><\/div>\n\t\t\t\t\t\t<\/div>\n\t\t\t\t<\/div>\n\t\t\t\t<div class=\"elementor-element elementor-element-a054ee0 elementor-widget elementor-widget-shortcode\" data-id=\"a054ee0\" data-element_type=\"widget\" data-e-type=\"widget\" data-widget_type=\"shortcode.default\">\n\t\t\t\t<div class=\"elementor-widget-container\">\n\t\t\t\t\t\t\t<div class=\"elementor-shortcode\"><img decoding=\"async\" class=\"\"  src=\"https:\/\/www.ninjaone.com\/wp-content\/uploads\/2026\/03\/g2-best-relationship-spring-2026.svg\" alt=\"G2 \" width=\"125\" height=\"125\" \/><\/div>\n\t\t\t\t\t\t<\/div>\n\t\t\t\t<\/div>\n\t\t\t\t<div class=\"elementor-element elementor-element-b7dafe8 elementor-widget elementor-widget-shortcode\" data-id=\"b7dafe8\" data-element_type=\"widget\" data-e-type=\"widget\" data-widget_type=\"shortcode.default\">\n\t\t\t\t<div class=\"elementor-widget-container\">\n\t\t\t\t\t\t\t<div class=\"elementor-shortcode\"><img decoding=\"async\" class=\"\"  src=\"https:\/\/www.ninjaone.com\/wp-content\/uploads\/2026\/03\/g2-best-usability-enterprise-spring-2026.svg\" alt=\"G2 Best Usability - Enterprise - Spring 2026\" width=\"125\" height=\"125\" \/><\/div>\n\t\t\t\t\t\t<\/div>\n\t\t\t\t<\/div>\n\t\t\t\t<div class=\"elementor-element elementor-element-505967e elementor-widget elementor-widget-shortcode\" data-id=\"505967e\" data-element_type=\"widget\" data-e-type=\"widget\" data-widget_type=\"shortcode.default\">\n\t\t\t\t<div class=\"elementor-widget-container\">\n\t\t\t\t\t\t\t<div class=\"elementor-shortcode\"><img loading=\"lazy\" decoding=\"async\" class=\"\"  src=\"https:\/\/www.ninjaone.com\/wp-content\/uploads\/2025\/05\/getapp-category-leaders-2025.svg\" alt=\"GetApp Category Leaders 2025\" width=\"125\" height=\"125\" \/><\/div>\n\t\t\t\t\t\t<\/div>\n\t\t\t\t<\/div>\n\t\t\t\t<div class=\"elementor-element elementor-element-3703fc9 elementor-widget elementor-widget-shortcode\" data-id=\"3703fc9\" data-element_type=\"widget\" data-e-type=\"widget\" data-widget_type=\"shortcode.default\">\n\t\t\t\t<div class=\"elementor-widget-container\">\n\t\t\t\t\t\t\t<div class=\"elementor-shortcode\"><img loading=\"lazy\" decoding=\"async\" class=\"\"  src=\"https:\/\/www.ninjaone.com\/wp-content\/uploads\/2025\/04\/capterra-shortlist-2024.svg\" alt=\"Capterra Shortlist 2024\" width=\"125\" height=\"125\" \/><\/div>\n\t\t\t\t\t\t<\/div>\n\t\t\t\t<\/div>\n\t\t\t\t<div class=\"elementor-element elementor-element-56d8f73 elementor-widget elementor-widget-shortcode\" data-id=\"56d8f73\" data-element_type=\"widget\" data-e-type=\"widget\" data-widget_type=\"shortcode.default\">\n\t\t\t\t<div class=\"elementor-widget-container\">\n\t\t\t\t\t\t\t<div class=\"elementor-shortcode\"><img loading=\"lazy\" decoding=\"async\" class=\"\"  src=\"https:\/\/www.ninjaone.com\/wp-content\/uploads\/2023\/06\/WP_6.svg\" alt=\"Software Advice Best Customer Support 2022 badge\" width=\"125\" height=\"125\" \/><\/div>\n\t\t\t\t\t\t<\/div>\n\t\t\t\t<\/div>\n\t\t\t\t\t<\/div>\n\t\t\t\t<\/section>\n\t\t\t\t<\/div>\n\t\t\t\t<\/div>\n\t\t\t\t\t\t<\/div>\n\t\t\t\t<\/div>\n\t\t\t\t\t<\/div>\n\t\t\t\t<\/main>\n\t\t<section class=\"elementor-element elementor-element-6dd40b1 e-flex e-con-boxed e-con e-parent\" data-id=\"6dd40b1\" data-element_type=\"container\" data-e-type=\"container\" data-settings=\"{&quot;background_background&quot;:&quot;classic&quot;}\">\n\t\t\t\t\t<div class=\"e-con-inner\">\n\t\t\t\t<div class=\"elementor-element elementor-element-dbda280 elementor-widget elementor-widget-heading\" data-id=\"dbda280\" data-element_type=\"widget\" data-e-type=\"widget\" data-widget_type=\"heading.default\">\n\t\t\t\t<div class=\"elementor-widget-container\">\n\t\t\t\t\t<h2 class=\"elementor-heading-title elementor-size-default\">Caract\u00e9ristiques cl\u00e9s<\/h2>\t\t\t\t<\/div>\n\t\t\t\t<\/div>\n\t\t\t\t<div class=\"elementor-element elementor-element-901b2ca elementor-widget elementor-widget-shortcode\" data-id=\"901b2ca\" data-element_type=\"widget\" data-e-type=\"widget\" data-widget_type=\"shortcode.default\">\n\t\t\t\t<div class=\"elementor-widget-container\">\n\t\t\t\t\t\t\t<div class=\"elementor-shortcode\"><div class=\"key-features key_features\"><div data-js=\"key-feature\" data-js-state=\" active\" class=\"key-feature  active\"><div data-js=\"toggle-bar\" class=\"toggle-bar integration-de-slack\"><h3>Int\u00e9gration de Slack<\/h3><div class=\"toggle-icon\"><span class=\"show-for-small\">+<\/span><span class=\"hide-for-small\"><svg width=\"20\" height=\"13\" viewBox=\"0 0 20 13\" fill=\"none\" xmlns=\"http:\/\/www.w3.org\/2000\/svg\"><path d=\"M18.5 6.31152H1M18.5 6.31152L14 11.3115M18.5 6.31152L14 1.31152\" stroke=\"#068444\" stroke-width=\"1.5\" stroke-linecap=\"round\" stroke-linejoin=\"round\"\/>\n<\/svg><\/span><\/div><\/div><div data-js=\"key-feature-screenshot\" data-js-state=\" active\" class=\"key-feature-screenshot bottom-to-top cta-  active\"><div class=\"key-feature-desc\"><p>Les notifications de NinjaOne peuvent \u00eatre transmises directement vers Slack, ce qui permet \u00e0 vos techniciens d&rsquo;\u00eatre alert\u00e9s directement dans Slack si un probl\u00e8me survient. Les utilisateurs peuvent d\u00e9finir les noms et les descriptions de chaque nouveau moyen de communication et s\u00e9lectionner les alertes qu&rsquo;ils souhaitent transmettre aux canaux Slack de leur choix. Gr\u00e2ce \u00e0 la possibilit\u00e9 d&rsquo;acc\u00e9der directement \u00e0 l&rsquo;appareil ou de r\u00e9initialiser l&rsquo;alerte directement depuis Slack, il y a une communication bidirectionnelle entre NinjaOne et Slack.<\/p>\n<\/div><img loading=\"lazy\" decoding=\"async\" width=\"668\" height=\"375\" src=\"https:\/\/www.ninjaone.com\/wp-content\/uploads\/2022\/10\/slack-integration-screenshot.png\" class=\"attachment-large size-large\" alt=\"\" srcset=\"https:\/\/www.ninjaone.com\/wp-content\/uploads\/2022\/10\/slack-integration-screenshot.png 668w, https:\/\/www.ninjaone.com\/wp-content\/uploads\/2022\/10\/slack-integration-screenshot-300x168.png 300w\" sizes=\"(max-width: 668px) 100vw, 668px\" title=\"slack-integration-screenshot\" \/><\/div><\/div><div data-js=\"key-feature\" data-js-state=\"\" class=\"key-feature \"><div data-js=\"toggle-bar\" class=\"toggle-bar integration-de-teams\"><h3>Int\u00e9gration de Teams<\/h3><div class=\"toggle-icon\"><span class=\"show-for-small\">+<\/span><span class=\"hide-for-small\"><svg width=\"20\" height=\"13\" viewBox=\"0 0 20 13\" fill=\"none\" xmlns=\"http:\/\/www.w3.org\/2000\/svg\"><path d=\"M18.5 6.31152H1M18.5 6.31152L14 11.3115M18.5 6.31152L14 1.31152\" stroke=\"#068444\" stroke-width=\"1.5\" stroke-linecap=\"round\" stroke-linejoin=\"round\"\/>\n<\/svg><\/span><\/div><\/div><div data-js=\"key-feature-screenshot\" data-js-state=\"\" class=\"key-feature-screenshot bottom-to-top cta- \"><div class=\"key-feature-desc\"><p>NinjaOne est int\u00e9gr\u00e9 \u00e0 Microsoft Teams via un webhook. Les utilisateurs peuvent envoyer des notifications personnalis\u00e9es \u00e0 leurs techniciens dans les canaux via Teams. Ces notifications garantissent que les techniciens ont un \u0153il sur les probl\u00e8mes et peuvent alerter les Ninjas dans les outils qu&rsquo;ils utilisent pour la communication afin d&rsquo;obtenir une r\u00e9action et une coordination rapides.<\/p>\n<\/div><img loading=\"lazy\" decoding=\"async\" width=\"544\" height=\"256\" src=\"https:\/\/www.ninjaone.com\/wp-content\/uploads\/2022\/10\/teams-integration-screenshot.png\" class=\"attachment-large size-large\" alt=\"\" srcset=\"https:\/\/www.ninjaone.com\/wp-content\/uploads\/2022\/10\/teams-integration-screenshot.png 544w, https:\/\/www.ninjaone.com\/wp-content\/uploads\/2022\/10\/teams-integration-screenshot-300x141.png 300w\" sizes=\"(max-width: 544px) 100vw, 544px\" title=\"teams-integration-screenshot\" \/><\/div><\/div><div data-js=\"key-feature\" data-js-state=\"\" class=\"key-feature \"><div data-js=\"toggle-bar\" class=\"toggle-bar integration-de-pagerduty\"><h3>Int\u00e9gration de PagerDuty<\/h3><div class=\"toggle-icon\"><span class=\"show-for-small\">+<\/span><span class=\"hide-for-small\"><svg width=\"20\" height=\"13\" viewBox=\"0 0 20 13\" fill=\"none\" xmlns=\"http:\/\/www.w3.org\/2000\/svg\"><path d=\"M18.5 6.31152H1M18.5 6.31152L14 11.3115M18.5 6.31152L14 1.31152\" stroke=\"#068444\" stroke-width=\"1.5\" stroke-linecap=\"round\" stroke-linejoin=\"round\"\/>\n<\/svg><\/span><\/div><\/div><div data-js=\"key-feature-screenshot\" data-js-state=\"\" class=\"key-feature-screenshot bottom-to-top cta- \"><div class=\"key-feature-desc\"><p>L&rsquo;int\u00e9gration de NinjaOne \u00e0 PagerDuty vous permet d&rsquo;envoyer des notifications aux flux de travail de PagerDuty. Les notifications qui sont envoy\u00e9es \u00e0 PagerDuty d\u00e9clenchent des notifications d&rsquo;urgence et des flux de travail de r\u00e9ponse aux incidents. Cette fonctionnalit\u00e9 permet aux techniciens de recevoir des notifications urgentes en dehors des heures de travail.<\/p>\n<\/div><img loading=\"lazy\" decoding=\"async\" width=\"800\" height=\"191\" src=\"https:\/\/www.ninjaone.com\/wp-content\/uploads\/2022\/10\/pagerduty-integration-screenshot-1024x244.jpg\" class=\"attachment-large size-large\" alt=\"\" srcset=\"https:\/\/www.ninjaone.com\/wp-content\/uploads\/2022\/10\/pagerduty-integration-screenshot-1024x244.jpg 1024w, https:\/\/www.ninjaone.com\/wp-content\/uploads\/2022\/10\/pagerduty-integration-screenshot-300x72.jpg 300w, https:\/\/www.ninjaone.com\/wp-content\/uploads\/2022\/10\/pagerduty-integration-screenshot-768x183.jpg 768w, https:\/\/www.ninjaone.com\/wp-content\/uploads\/2022\/10\/pagerduty-integration-screenshot.jpg 1376w\" sizes=\"(max-width: 800px) 100vw, 800px\" title=\"pagerduty-integration-screenshot\" \/><\/div><\/div><div data-js=\"key-feature\" data-js-state=\"\" class=\"key-feature \"><div data-js=\"toggle-bar\" class=\"toggle-bar webhook-sms-et-e-mail\"><h3>Webhook, SMS, et E-mail<\/h3><div class=\"toggle-icon\"><span class=\"show-for-small\">+<\/span><span class=\"hide-for-small\"><svg width=\"20\" height=\"13\" viewBox=\"0 0 20 13\" fill=\"none\" xmlns=\"http:\/\/www.w3.org\/2000\/svg\"><path d=\"M18.5 6.31152H1M18.5 6.31152L14 11.3115M18.5 6.31152L14 1.31152\" stroke=\"#068444\" stroke-width=\"1.5\" stroke-linecap=\"round\" stroke-linejoin=\"round\"\/>\n<\/svg><\/span><\/div><\/div><div data-js=\"key-feature-screenshot\" data-js-state=\"\" class=\"key-feature-screenshot bottom-to-top cta- \"><div class=\"key-feature-desc\"><p>NinjaOne offre \u00e9galement aux utilisateurs la possibilit\u00e9 d&rsquo;envoyer des notifications par SMS, par e-mail et par webhooks, ce qui vous donne la possibilit\u00e9 d&rsquo;informer les techniciens par presque tous les moyens et de garantir que les notifications urgentes parviennent aux techniciens o\u00f9 qu&rsquo;ils se trouvent.<\/p>\n<\/div><img loading=\"lazy\" decoding=\"async\" width=\"461\" height=\"302\" src=\"https:\/\/www.ninjaone.com\/wp-content\/uploads\/2022\/10\/webhooks-sms-email-screenshot.png\" class=\"attachment-large size-large\" alt=\"\" srcset=\"https:\/\/www.ninjaone.com\/wp-content\/uploads\/2022\/10\/webhooks-sms-email-screenshot.png 461w, https:\/\/www.ninjaone.com\/wp-content\/uploads\/2022\/10\/webhooks-sms-email-screenshot-300x197.png 300w\" sizes=\"(max-width: 461px) 100vw, 461px\" title=\"webhooks-sms-email-screenshot\" \/><\/div><\/div><a class=\"button rmm-feature-watch-demo\" href=\"https:\/\/www.ninjaone.com\/fr\/planifiez-une-demo-gratuite-fr\/\">Voir le produit<\/a><\/div><\/div>\n\t\t\t\t\t\t<\/div>\n\t\t\t\t<\/div>\n\t\t\t\t\t<\/div>\n\t\t\t\t<\/section>\n\t\t<section class=\"elementor-element elementor-element-fd6a52e e-flex e-con-boxed e-con e-parent\" data-id=\"fd6a52e\" data-element_type=\"container\" data-e-type=\"container\">\n\t\t\t\t\t<div class=\"e-con-inner\">\n\t\t<div class=\"elementor-element elementor-element-d14710e e-flex e-con-boxed e-con e-child\" data-id=\"d14710e\" data-element_type=\"container\" data-e-type=\"container\">\n\t\t\t\t\t<div class=\"e-con-inner\">\n\t\t\t\t<div class=\"elementor-element elementor-element-af37fa4 elementor-widget__width-initial elementor-widget-mobile__width-inherit elementor-widget-tablet__width-inherit elementor-blockquote--skin-border elementor-widget elementor-widget-blockquote\" data-id=\"af37fa4\" data-element_type=\"widget\" data-e-type=\"widget\" data-widget_type=\"blockquote.default\">\n\t\t\t\t<div class=\"elementor-widget-container\">\n\t\t\t\t\t\t\t<blockquote class=\"elementor-blockquote\">\n\t\t\t<p class=\"elementor-blockquote__content\">\n\t\t\t\t<p class=\"testimonial-title\">NinjaOne est un outil RMM fantastique.<\/p>\n<p class=\"testimonial-text\">La gestion de centaines, voire de milliers de machines par les administrateurs r\u00e9seau est une t\u00e2che r\u00e9alisable. C'est rapide, c'est simple et \u00e7a marche.\u00a0\u00bb<\/p>\t\t\t<\/p>\n\t\t\t\t\t\t\t<div class=\"e-q-footer\">\n\t\t\t\t\t\t\t\t\t\t\t<cite class=\"elementor-blockquote__author\"><b>Jarom West,<\/b> Director of Operations, SureTec<\/cite>\n\t\t\t\t\t\t\t\t\t\t\t\t\t\t<\/div>\n\t\t\t\t\t<\/blockquote>\n\t\t\t\t\t\t<\/div>\n\t\t\t\t<\/div>\n\t\t\t\t<div class=\"elementor-element elementor-element-9272363 elementor-widget__width-initial elementor-widget-mobile__width-inherit elementor-widget-tablet__width-inherit elementor-blockquote--skin-border elementor-widget elementor-widget-blockquote\" data-id=\"9272363\" data-element_type=\"widget\" data-e-type=\"widget\" data-widget_type=\"blockquote.default\">\n\t\t\t\t<div class=\"elementor-widget-container\">\n\t\t\t\t\t\t\t<blockquote class=\"elementor-blockquote\">\n\t\t\t<p class=\"elementor-blockquote__content\">\n\t\t\t\t<p class=\"testimonial-title\">Enfin\u00a0! Une gestion efficace du r\u00e9seau !<\/p>\n<p class=\"testimonial-text\">Un acc\u00e8s rapide aux appareils et aux donn\u00e9es des appareils de mes clients; une excellente VUE D'ENSEMBLE de mes clients et de leurs parcs informatiques. Je gagne du temps \u00e9tant donn\u00e9 que je n'ai pas besoin de demander d'informations aux clients, ni d'en chercher.\u00a0\u00bb<\/p>\t\t\t<\/p>\n\t\t\t\t\t\t\t<div class=\"e-q-footer\">\n\t\t\t\t\t\t\t\t\t\t\t<cite class=\"elementor-blockquote__author\"><b>Greg Smith,<\/b> IT Consultant, Cobblestone Networks<\/cite>\n\t\t\t\t\t\t\t\t\t\t\t\t\t\t<\/div>\n\t\t\t\t\t<\/blockquote>\n\t\t\t\t\t\t<\/div>\n\t\t\t\t<\/div>\n\t\t\t\t\t<\/div>\n\t\t\t\t<\/div>\n\t\t\t\t\t<\/div>\n\t\t\t\t<\/section>\n\t\t<div class=\"elementor-element elementor-element-741a0fc e-con-full e-flex e-con e-parent\" data-id=\"741a0fc\" data-element_type=\"container\" data-e-type=\"container\">\n\t\t\t\t<div class=\"elementor-element elementor-element-a638125 elementor-widget elementor-widget-template\" data-id=\"a638125\" data-element_type=\"widget\" data-e-type=\"widget\" data-widget_type=\"template.default\">\n\t\t\t\t<div class=\"elementor-widget-container\">\n\t\t\t\t\t\t\t<div class=\"elementor-template\">\n\t\t\t\t\t<div data-elementor-type=\"container\" data-elementor-id=\"84080\" class=\"elementor elementor-84080 elementor-1374 elementor-1374\" data-elementor-post-type=\"elementor_library\">\n\t\t\t\t<div class=\"elementor-element elementor-element-5f4aa7f e-flex e-con-boxed e-con e-parent\" data-id=\"5f4aa7f\" data-element_type=\"container\" data-e-type=\"container\">\n\t\t\t\t\t<div class=\"e-con-inner\">\n\t\t<div class=\"elementor-element elementor-element-6767161 e-flex e-con-boxed e-con e-child\" data-id=\"6767161\" data-element_type=\"container\" data-e-type=\"container\" data-settings=\"{&quot;background_background&quot;:&quot;classic&quot;}\">\n\t\t\t\t\t<div class=\"e-con-inner\">\n\t\t<div class=\"elementor-element elementor-element-af49032 e-con-full e-flex e-con e-child\" data-id=\"af49032\" data-element_type=\"container\" data-e-type=\"container\">\n\t\t\t\t<div class=\"elementor-element elementor-element-cfc7860 elementor-widget elementor-widget-heading\" data-id=\"cfc7860\" data-element_type=\"widget\" data-e-type=\"widget\" data-widget_type=\"heading.default\">\n\t\t\t\t<div class=\"elementor-widget-container\">\n\t\t\t\t\t<span class=\"elementor-heading-title elementor-size-default\">Pr\u00eat \u00e0 simplifier les aspects les plus complexes de l'informatique et de la s\u00e9curit\u00e9 ?<\/span>\t\t\t\t<\/div>\n\t\t\t\t<\/div>\n\t\t<div class=\"elementor-element elementor-element-f8dd493 e-con-full e-flex e-con e-child\" data-id=\"f8dd493\" data-element_type=\"container\" data-e-type=\"container\">\n\t\t\t\t<div class=\"elementor-element elementor-element-d5d1d5c elementor-align-justify elementor-mobile-align-justify elementor-widget__width-initial elementor-widget-mobile__width-inherit elementor-button-default elementor-widget elementor-widget-button\" data-id=\"d5d1d5c\" data-element_type=\"widget\" data-e-type=\"widget\" data-widget_type=\"button.default\">\n\t\t\t\t<div class=\"elementor-widget-container\">\n\t\t\t\t\t\t\t\t\t<div class=\"elementor-button-wrapper\">\n\t\t\t\t\t<a class=\"elementor-button elementor-button-link elementor-size-sm\" href=\"https:\/\/www.ninjaone.com\/fr\/phase-de-test-gratuit\/\" aria-label=\"Try NinjaOne free bottom CTA\">\n\t\t\t\t\t\t<span class=\"elementor-button-content-wrapper\">\n\t\t\t\t\t\t\t\t\t<span class=\"elementor-button-text\">Commencez votre essai gratuit<\/span>\n\t\t\t\t\t<\/span>\n\t\t\t\t\t<\/a>\n\t\t\t\t<\/div>\n\t\t\t\t\t\t\t\t<\/div>\n\t\t\t\t<\/div>\n\t\t\t\t<div class=\"elementor-element elementor-element-04149c5 elementor-align-justify elementor-mobile-align-justify elementor-widget__width-initial elementor-widget-mobile__width-inherit elementor-button-navigation elementor-widget elementor-widget-button\" data-id=\"04149c5\" data-element_type=\"widget\" data-e-type=\"widget\" data-widget_type=\"button.default\">\n\t\t\t\t<div class=\"elementor-widget-container\">\n\t\t\t\t\t\t\t\t\t<div class=\"elementor-button-wrapper\">\n\t\t\t\t\t<a class=\"elementor-button elementor-button-link elementor-size-sm\" href=\"https:\/\/www.ninjaone.com\/fr\/planifiez-une-demo-gratuite-fr\/\" aria-label=\"Try NinjaOne free bottom CTA\">\n\t\t\t\t\t\t<span class=\"elementor-button-content-wrapper\">\n\t\t\t\t\t\t\t\t\t<span class=\"elementor-button-text\">Demandez une d\u00e9mo<\/span>\n\t\t\t\t\t<\/span>\n\t\t\t\t\t<\/a>\n\t\t\t\t<\/div>\n\t\t\t\t\t\t\t\t<\/div>\n\t\t\t\t<\/div>\n\t\t\t\t<\/div>\n\t\t\t\t<\/div>\n\t\t\t\t\t<\/div>\n\t\t\t\t<\/div>\n\t\t\t\t\t<\/div>\n\t\t\t\t<\/div>\n\t\t\t\t<\/div>\n\t\t\t\t<\/div>\n\t\t\t\t\t\t<\/div>\n\t\t\t\t<\/div>\n\t\t\t\t<\/div>\n\t\t\t\t<\/div>\n\t\t","protected":false},"excerpt":{"rendered":"<p>Rem\u00e9dier aux probl\u00e8mes avant qu&rsquo;ils ne surviennent gr\u00e2ce \u00e0 des canaux de notification personnalisables G\u00e9rez de fa\u00e7on proactive vos terminaux gr\u00e2ce \u00e0 des canaux de notification qui transmettent des alertes critiques \u00e0 vos techniciens, o\u00f9 qu&rsquo;ils soient et quels que soient les outils qu&rsquo;ils utilisent. Essai gratuit Regardez la d\u00e9mo https:\/\/www.ninjaone.com\/wp-content\/uploads\/2022\/11\/Notifications-Channels-animation.mp4 Caract\u00e9ristiques cl\u00e9s NinjaOne est [&hellip;]<\/p>\n","protected":false},"author":35,"featured_media":31584,"parent":0,"menu_order":3088,"comment_status":"closed","ping_status":"closed","template":"","meta":{"_acf_changed":false,"_relevanssi_hide_post":"","_relevanssi_hide_content":"","_relevanssi_pin_for_all":"","_relevanssi_pin_keywords":"","_relevanssi_unpin_keywords":"","_relevanssi_related_keywords":"","_relevanssi_related_include_ids":"","_relevanssi_related_exclude_ids":"","_relevanssi_related_no_append":"","_relevanssi_related_not_related":"","_relevanssi_related_posts":"","_relevanssi_noindex_reason":"","_lmt_disableupdate":"no","_lmt_disable":"","footnotes":""},"class_list":["post-154428","page","type-page","status-publish","has-post-thumbnail","hentry"],"acf":[],"_links":{"self":[{"href":"https:\/\/www.ninjaone.com\/fr\/wp-json\/wp\/v2\/pages\/154428","targetHints":{"allow":["GET"]}}],"collection":[{"href":"https:\/\/www.ninjaone.com\/fr\/wp-json\/wp\/v2\/pages"}],"about":[{"href":"https:\/\/www.ninjaone.com\/fr\/wp-json\/wp\/v2\/types\/page"}],"author":[{"embeddable":true,"href":"https:\/\/www.ninjaone.com\/fr\/wp-json\/wp\/v2\/users\/35"}],"replies":[{"embeddable":true,"href":"https:\/\/www.ninjaone.com\/fr\/wp-json\/wp\/v2\/comments?post=154428"}],"version-history":[{"count":0,"href":"https:\/\/www.ninjaone.com\/fr\/wp-json\/wp\/v2\/pages\/154428\/revisions"}],"wp:featuredmedia":[{"embeddable":true,"href":"https:\/\/www.ninjaone.com\/fr\/wp-json\/wp\/v2\/media\/31584"}],"wp:attachment":[{"href":"https:\/\/www.ninjaone.com\/fr\/wp-json\/wp\/v2\/media?parent=154428"}],"curies":[{"name":"wp","href":"https:\/\/api.w.org\/{rel}","templated":true}]}}