{"id":123709,"date":"2023-10-25T17:21:38","date_gmt":"2023-10-25T17:21:38","guid":{"rendered":"https:\/\/www.ninjaone.com\/?page_id=123709"},"modified":"2024-04-17T22:45:57","modified_gmt":"2024-04-17T22:45:57","slug":"backup-for-a-changing-workplace-thank-you","status":"publish","type":"page","link":"https:\/\/www.ninjaone.com\/fr\/backup-for-a-changing-workplace-thank-you\/","title":{"rendered":"Backup for a Changing Workplace: Thank You"},"content":{"rendered":"\t\t<div data-elementor-type=\"wp-page\" data-elementor-id=\"123709\" class=\"elementor elementor-123709 elementor-123652\" data-elementor-post-type=\"page\">\n\t\t\t\t<main class=\"elementor-element elementor-element-5ee3fe0 e-flex e-con-boxed e-con e-parent\" data-id=\"5ee3fe0\" data-element_type=\"container\" data-e-type=\"container\">\n\t\t\t\t\t<div class=\"e-con-inner\">\n\t\t\t\t<div class=\"elementor-element elementor-element-c95e625 elementor-widget elementor-widget-heading\" data-id=\"c95e625\" data-element_type=\"widget\" data-e-type=\"widget\" data-widget_type=\"heading.default\">\n\t\t\t\t<div class=\"elementor-widget-container\">\n\t\t\t\t\t<h1 class=\"elementor-heading-title elementor-size-default\">Merci !\n<\/h1>\t\t\t\t<\/div>\n\t\t\t\t<\/div>\n\t\t\t\t<div class=\"elementor-element elementor-element-4fd571b elementor-widget__width-initial elementor-widget-mobile__width-inherit elementor-widget elementor-widget-text-editor\" data-id=\"4fd571b\" data-element_type=\"widget\" data-e-type=\"widget\" data-widget_type=\"text-editor.default\">\n\t\t\t\t<div class=\"elementor-widget-container\">\n\t\t\t\t\t\t\t\t\t<p>Merci d&rsquo;avoir demand\u00e9 notre <strong>\u00ab\u00a0guide des Solutions de Sauvegarde pour un Lieu de Travail qui se Transforme\u00a0\u00bb<\/strong>.<\/p><p>Vous allez recevoir un e-mail avec les instructions pour recevoir votre document.<\/p>\t\t\t\t\t\t\t\t<\/div>\n\t\t\t\t<\/div>\n\t\t\t\t\t<\/div>\n\t\t\t\t<\/main>\n\t\t<section class=\"elementor-element elementor-element-0dc82c1 e-flex e-con-boxed e-con e-parent\" data-id=\"0dc82c1\" data-element_type=\"container\" data-e-type=\"container\">\n\t\t\t\t\t<div class=\"e-con-inner\">\n\t\t\t\t<div class=\"elementor-element elementor-element-9406ffa elementor-widget elementor-widget-heading\" data-id=\"9406ffa\" data-element_type=\"widget\" data-e-type=\"widget\" data-widget_type=\"heading.default\">\n\t\t\t\t<div class=\"elementor-widget-container\">\n\t\t\t\t\t<h2 class=\"elementor-heading-title elementor-size-default\">Ce que nos MSP disent de nous :\n<\/h2>\t\t\t\t<\/div>\n\t\t\t\t<\/div>\n\t\t\t\t<div class=\"elementor-element elementor-element-e10972f elementor-widget elementor-widget-template\" data-id=\"e10972f\" data-element_type=\"widget\" data-e-type=\"widget\" data-widget_type=\"template.default\">\n\t\t\t\t<div class=\"elementor-widget-container\">\n\t\t\t\t\t\t\t<div class=\"elementor-template\">\n\t\t\t\t\t<div data-elementor-type=\"section\" data-elementor-id=\"73830\" class=\"elementor elementor-73830 elementor-51647 elementor-51647\" data-elementor-post-type=\"elementor_library\">\n\t\t\t<div class=\"elementor-element elementor-element-c4c0191 e-grid e-con-boxed e-con e-parent\" data-id=\"c4c0191\" data-element_type=\"container\" data-e-type=\"container\">\n\t\t\t\t\t<div class=\"e-con-inner\">\n\t\t<div class=\"elementor-element elementor-element-2f84541 e-con-full e-flex e-con e-child\" data-id=\"2f84541\" data-element_type=\"container\" data-e-type=\"container\">\n\t\t\t\t<div class=\"elementor-element elementor-element-3b17ce3 elementor-widget elementor-widget-text-editor\" data-id=\"3b17ce3\" data-element_type=\"widget\" data-e-type=\"widget\" data-widget_type=\"text-editor.default\">\n\t\t\t\t<div class=\"elementor-widget-container\">\n\t\t\t\t\t\t\t\t\t<p>Un produit fiable qui fonctionne parfaitement, sans chercher \u00e0 faire sophistiqu\u00e9 ou compliqu\u00e9.\u00bb<\/p>\n\t\t\t\t\t\t\t\t<\/div>\n\t\t\t\t<\/div>\n\t\t\t\t<div class=\"elementor-element elementor-element-9f170db author-info elementor-widget elementor-widget-text-editor\" data-id=\"9f170db\" data-element_type=\"widget\" data-e-type=\"widget\" data-widget_type=\"text-editor.default\">\n\t\t\t\t<div class=\"elementor-widget-container\">\n\t\t\t\t\t\t\t\t\t<p><strong>Adam C<\/strong><\/p>\n<p>Houston Networks<\/p>\n\t\t\t\t\t\t\t\t<\/div>\n\t\t\t\t<\/div>\n\t\t\t\t<\/div>\n\t\t<div class=\"elementor-element elementor-element-3d5420a e-con-full e-flex e-con e-child\" data-id=\"3d5420a\" data-element_type=\"container\" data-e-type=\"container\">\n\t\t\t\t<div class=\"elementor-element elementor-element-8a04786 elementor-widget elementor-widget-text-editor\" data-id=\"8a04786\" data-element_type=\"widget\" data-e-type=\"widget\" data-widget_type=\"text-editor.default\">\n\t\t\t\t<div class=\"elementor-widget-container\">\n\t\t\t\t\t\t\t\t\t<p>NinjaOne est le logiciel incontournable pour mon entreprise\u00a0! Je l&rsquo;utilise tous les jours et j&rsquo;en suis fan\u00a0!\u00bb<\/p>\t\t\t\t\t\t\t\t<\/div>\n\t\t\t\t<\/div>\n\t\t\t\t<div class=\"elementor-element elementor-element-c6336de author-info elementor-widget elementor-widget-text-editor\" data-id=\"c6336de\" data-element_type=\"widget\" data-e-type=\"widget\" data-widget_type=\"text-editor.default\">\n\t\t\t\t<div class=\"elementor-widget-container\">\n\t\t\t\t\t\t\t\t\t<p><strong>Andre M<\/strong><\/p>\n<p>Johnson Publishing Company<\/p>\n\t\t\t\t\t\t\t\t<\/div>\n\t\t\t\t<\/div>\n\t\t\t\t<\/div>\n\t\t<div class=\"elementor-element elementor-element-f63fb92 e-con-full e-flex e-con e-child\" data-id=\"f63fb92\" data-element_type=\"container\" data-e-type=\"container\">\n\t\t\t\t<div class=\"elementor-element elementor-element-6196100 elementor-widget elementor-widget-text-editor\" data-id=\"6196100\" data-element_type=\"widget\" data-e-type=\"widget\" data-widget_type=\"text-editor.default\">\n\t\t\t\t<div class=\"elementor-widget-container\">\n\t\t\t\t\t\t\t\t\t<p>Une tr\u00e8s grand simplicit\u00e9 d&rsquo;utilisation. Une \u00e9quipe d&rsquo;assistance au top. Des tonnes de d\u00e9veloppement et de mises \u00e0 jour. Rationalis\u00e9.\u00bb<\/p>\t\t\t\t\t\t\t\t<\/div>\n\t\t\t\t<\/div>\n\t\t\t\t<div class=\"elementor-element elementor-element-2a2caca author-info elementor-widget elementor-widget-text-editor\" data-id=\"2a2caca\" data-element_type=\"widget\" data-e-type=\"widget\" data-widget_type=\"text-editor.default\">\n\t\t\t\t<div class=\"elementor-widget-container\">\n\t\t\t\t\t\t\t\t\t<p><strong>David S<\/strong><\/p>\n<p>Innomecha<\/p>\n\t\t\t\t\t\t\t\t<\/div>\n\t\t\t\t<\/div>\n\t\t\t\t<\/div>\n\t\t\t\t\t<\/div>\n\t\t\t\t<\/div>\n\t\t\t\t<\/div>\n\t\t\t\t<\/div>\n\t\t\t\t\t\t<\/div>\n\t\t\t\t<\/div>\n\t\t\t\t\t<\/div>\n\t\t\t\t<\/section>\n\t\t<section class=\"elementor-element elementor-element-4c92ec2 e-flex e-con-boxed e-con e-parent\" data-id=\"4c92ec2\" data-element_type=\"container\" data-e-type=\"container\" data-settings=\"{&quot;background_background&quot;:&quot;classic&quot;}\">\n\t\t\t\t\t<div class=\"e-con-inner\">\n\t\t\t\t<div class=\"elementor-element elementor-element-7deea91 elementor-widget elementor-widget-heading\" data-id=\"7deea91\" data-element_type=\"widget\" data-e-type=\"widget\" data-widget_type=\"heading.default\">\n\t\t\t\t<div class=\"elementor-widget-container\">\n\t\t\t\t\t<h2 class=\"elementor-heading-title elementor-size-default\">Class\u00e9 5 \u00e9toiles par les fournisseurs de services g\u00e9r\u00e9s et les professionnels de l\u2019informatique\n<\/h2>\t\t\t\t<\/div>\n\t\t\t\t<\/div>\n\t\t<div class=\"elementor-element elementor-element-f7fb638 e-flex e-con-boxed e-con e-child\" data-id=\"f7fb638\" data-element_type=\"container\" data-e-type=\"container\">\n\t\t\t\t\t<div class=\"e-con-inner\">\n\t\t\t\t<div class=\"elementor-element elementor-element-0956fb0 elementor-widget__width-auto elementor-widget elementor-widget-image\" data-id=\"0956fb0\" data-element_type=\"widget\" data-e-type=\"widget\" data-widget_type=\"image.default\">\n\t\t\t\t<div class=\"elementor-widget-container\">\n\t\t\t\t\t\t\t\t\t\t\t\t\t\t\t<img decoding=\"async\" width=\"151\" height=\"70\" src=\"https:\/\/www.ninjaone.com\/wp-content\/uploads\/2022\/11\/5stars-capterra.svg\" class=\" attachment-full size-full wp-image-31554\" alt=\"Capterra 5 stars\" title=\"5stars-capterra\" \/>\t\t\t\t\t\t\t\t\t\t\t\t\t\t\t<\/div>\n\t\t\t\t<\/div>\n\t\t\t\t<div class=\"elementor-element elementor-element-181505c elementor-widget__width-auto elementor-widget elementor-widget-image\" data-id=\"181505c\" data-element_type=\"widget\" data-e-type=\"widget\" data-widget_type=\"image.default\">\n\t\t\t\t<div class=\"elementor-widget-container\">\n\t\t\t\t\t\t\t\t\t\t\t\t\t\t\t<img decoding=\"async\" width=\"148\" height=\"69\" src=\"https:\/\/www.ninjaone.com\/wp-content\/uploads\/2022\/11\/5stars-getapp.svg\" class=\" attachment-full size-full wp-image-31542\" alt=\"GetApp 5 stars\" title=\"5stars-getapp\" \/>\t\t\t\t\t\t\t\t\t\t\t\t\t\t\t<\/div>\n\t\t\t\t<\/div>\n\t\t\t\t<div class=\"elementor-element elementor-element-a5c1db6 elementor-widget__width-auto elementor-widget elementor-widget-image\" data-id=\"a5c1db6\" data-element_type=\"widget\" data-e-type=\"widget\" data-widget_type=\"image.default\">\n\t\t\t\t<div class=\"elementor-widget-container\">\n\t\t\t\t\t\t\t\t\t\t\t\t\t\t\t<img decoding=\"async\" width=\"148\" height=\"70\" src=\"https:\/\/www.ninjaone.com\/wp-content\/uploads\/2022\/11\/5stars-g2crowd.svg\" class=\" attachment-full size-full wp-image-31530\" alt=\"G2 Crowd 5 stars\" title=\"5stars-g2crowd\" \/>\t\t\t\t\t\t\t\t\t\t\t\t\t\t\t<\/div>\n\t\t\t\t<\/div>\n\t\t\t\t<div class=\"elementor-element elementor-element-5bf46dc elementor-widget__width-auto elementor-widget elementor-widget-image\" data-id=\"5bf46dc\" data-element_type=\"widget\" data-e-type=\"widget\" data-widget_type=\"image.default\">\n\t\t\t\t<div class=\"elementor-widget-container\">\n\t\t\t\t\t\t\t\t\t\t\t\t\t\t\t<img loading=\"lazy\" decoding=\"async\" width=\"194\" height=\"64\" src=\"https:\/\/www.ninjaone.com\/wp-content\/uploads\/2022\/11\/5stars-softwareadvice.svg\" class=\" attachment-full size-full wp-image-31566\" alt=\"Software Advice 5 Stars\" title=\"5stars-softwareadvice\" \/>\t\t\t\t\t\t\t\t\t\t\t\t\t\t\t<\/div>\n\t\t\t\t<\/div>\n\t\t\t\t\t<\/div>\n\t\t\t\t<\/div>\n\t\t\t\t\t<\/div>\n\t\t\t\t<\/section>\n\t\t<section class=\"elementor-element elementor-element-0d8891b e-flex e-con-boxed e-con e-parent\" data-id=\"0d8891b\" data-element_type=\"container\" data-e-type=\"container\">\n\t\t\t\t\t<div class=\"e-con-inner\">\n\t\t\t\t<div class=\"elementor-element elementor-element-8ca48c1 elementor-widget elementor-widget-heading\" data-id=\"8ca48c1\" data-element_type=\"widget\" data-e-type=\"widget\" data-widget_type=\"heading.default\">\n\t\t\t\t<div class=\"elementor-widget-container\">\n\t\t\t\t\t<h2 class=\"elementor-heading-title elementor-size-default\">Surveillance en temps r\u00e9el des terminaux\n<\/h2>\t\t\t\t<\/div>\n\t\t\t\t<\/div>\n\t\t\t\t<div class=\"elementor-element elementor-element-db4740b elementor-widget__width-initial elementor-widget-mobile__width-inherit elementor-widget elementor-widget-text-editor\" data-id=\"db4740b\" data-element_type=\"widget\" data-e-type=\"widget\" data-widget_type=\"text-editor.default\">\n\t\t\t\t<div class=\"elementor-widget-container\">\n\t\t\t\t\t\t\t\t\tObtenez des informations en temps r\u00e9el pour vos terminaux Windows, Mac et Linux. Tirez parti de plus de 100 conditions pr\u00eates \u00e0 l&#8217;emploi pour obtenir des alertes d&rsquo;utilisation du stockage, des alertes d&rsquo;utilisation de la bande passante et plus encore !\n\n\t\t\t\t\t\t\t\t<\/div>\n\t\t\t\t<\/div>\n\t\t\t\t<div class=\"elementor-element elementor-element-ccbcfb3 elementor-widget__width-auto elementor-widget elementor-widget-image\" data-id=\"ccbcfb3\" data-element_type=\"widget\" data-e-type=\"widget\" data-widget_type=\"image.default\">\n\t\t\t\t<div class=\"elementor-widget-container\">\n\t\t\t\t\t\t\t\t\t\t\t\t\t\t\t<img loading=\"lazy\" decoding=\"async\" width=\"968\" height=\"389\" src=\"https:\/\/www.ninjaone.com\/wp-content\/uploads\/2022\/11\/network-management-w-mac-@1x.png\" class=\" attachment-full size-full wp-image-35294\" alt=\"\" srcset=\"https:\/\/www.ninjaone.com\/wp-content\/uploads\/2022\/11\/network-management-w-mac-@1x.png 968w, https:\/\/www.ninjaone.com\/wp-content\/uploads\/2022\/11\/network-management-w-mac-@1x-300x121.png 300w, https:\/\/www.ninjaone.com\/wp-content\/uploads\/2022\/11\/network-management-w-mac-@1x-768x309.png 768w\" sizes=\"(max-width: 968px) 100vw, 968px\" title=\"network-management-w-mac-@1x\" \/>\t\t\t\t\t\t\t\t\t\t\t\t\t\t\t<\/div>\n\t\t\t\t<\/div>\n\t\t\t\t\t<\/div>\n\t\t\t\t<\/section>\n\t\t<section class=\"elementor-element elementor-element-34493a2 e-flex e-con-boxed e-con e-parent\" data-id=\"34493a2\" data-element_type=\"container\" data-e-type=\"container\" data-settings=\"{&quot;background_background&quot;:&quot;classic&quot;}\">\n\t\t\t\t\t<div class=\"e-con-inner\">\n\t\t\t\t<div class=\"elementor-element elementor-element-192aeb8 elementor-widget elementor-widget-heading\" data-id=\"192aeb8\" data-element_type=\"widget\" data-e-type=\"widget\" data-widget_type=\"heading.default\">\n\t\t\t\t<div class=\"elementor-widget-container\">\n\t\t\t\t\t<h2 class=\"elementor-heading-title elementor-size-default\">T\u00e9l\u00e9maintenance transparente\n<\/h2>\t\t\t\t<\/div>\n\t\t\t\t<\/div>\n\t\t\t\t<div class=\"elementor-element elementor-element-f43571b elementor-widget__width-initial elementor-widget-mobile__width-inherit elementor-widget elementor-widget-text-editor\" data-id=\"f43571b\" data-element_type=\"widget\" data-e-type=\"widget\" data-widget_type=\"text-editor.default\">\n\t\t\t\t<div class=\"elementor-widget-container\">\n\t\t\t\t\t\t\t\t\tConnectez-vous \u00e0 vos appareils \u00e0 l&rsquo;aide d&rsquo;une recherche d\u00e9roulante intuitive et d&rsquo;une connexion d&rsquo;acc\u00e8s \u00e0 distance en un clic. Le support \u00e0 distance et l&rsquo;acc\u00e8s \u00e0 distance sont pris en charge.\n\n\t\t\t\t\t\t\t\t<\/div>\n\t\t\t\t<\/div>\n\t\t\t\t<div class=\"elementor-element elementor-element-88f994c elementor-widget__width-auto elementor-widget elementor-widget-image\" data-id=\"88f994c\" data-element_type=\"widget\" data-e-type=\"widget\" data-widget_type=\"image.default\">\n\t\t\t\t<div class=\"elementor-widget-container\">\n\t\t\t\t\t\t\t\t\t\t\t\t\t\t\t<img decoding=\"async\" class=\"\" src=\"https:\/\/mlfk3cv5yvnx.i.optimole.com\/cb:k-rC.2fd1d\/w:auto\/h:auto\/q:mauto\/f:best\/https:\/\/www.ninjaone.com\/wp-content\/uploads\/2022\/11\/Remote@2x.webp\" title=\"\" alt=\"\" loading=\"lazy\" \/>\t\t\t\t\t\t\t\t\t\t\t\t\t\t\t<\/div>\n\t\t\t\t<\/div>\n\t\t\t\t\t<\/div>\n\t\t\t\t<\/section>\n\t\t<section class=\"elementor-element elementor-element-8d303af e-flex e-con-boxed e-con e-parent\" data-id=\"8d303af\" data-element_type=\"container\" data-e-type=\"container\">\n\t\t\t\t\t<div class=\"e-con-inner\">\n\t\t\t\t<div class=\"elementor-element elementor-element-e7b7e82 elementor-widget elementor-widget-heading\" data-id=\"e7b7e82\" data-element_type=\"widget\" data-e-type=\"widget\" data-widget_type=\"heading.default\">\n\t\t\t\t<div class=\"elementor-widget-container\">\n\t\t\t\t\t<h2 class=\"elementor-heading-title elementor-size-default\">Patchs automatis\u00e9s\n<\/h2>\t\t\t\t<\/div>\n\t\t\t\t<\/div>\n\t\t\t\t<div class=\"elementor-element elementor-element-b1a00db elementor-widget__width-initial elementor-widget-mobile__width-inherit elementor-widget elementor-widget-text-editor\" data-id=\"b1a00db\" data-element_type=\"widget\" data-e-type=\"widget\" data-widget_type=\"text-editor.default\">\n\t\t\t\t<div class=\"elementor-widget-container\">\n\t\t\t\t\t\t\t\t\tSupporte plus de 120 applications courantes telles que Dropbox, Chrome, Java et plus. Obtenez des rapports de conformit\u00e9 des correctifs pour plusieurs groupes de p\u00e9riph\u00e9riques et organisations. Assurez-vous que chaque environnement informatique est s\u00e9curis\u00e9.\n\n\t\t\t\t\t\t\t\t<\/div>\n\t\t\t\t<\/div>\n\t\t\t\t<div class=\"elementor-element elementor-element-71bd484 elementor-widget__width-auto elementor-widget elementor-widget-image\" data-id=\"71bd484\" data-element_type=\"widget\" data-e-type=\"widget\" data-widget_type=\"image.default\">\n\t\t\t\t<div class=\"elementor-widget-container\">\n\t\t\t\t\t\t\t\t\t\t\t\t\t\t\t<img decoding=\"async\" class=\"\" src=\"https:\/\/www.ninjaone.com\/wp-content\/uploads\/elementor\/thumbs\/automated-patching-r6p4t5hobd6sop0n9q48b4g907rdvzb9uezt2ll8ee.png\" title=\"automated-patching\" alt=\"Automated Patching\" loading=\"lazy\" \/>\t\t\t\t\t\t\t\t\t\t\t\t\t\t\t<\/div>\n\t\t\t\t<\/div>\n\t\t\t\t\t<\/div>\n\t\t\t\t<\/section>\n\t\t<section class=\"elementor-element elementor-element-be4014e e-flex e-con-boxed e-con e-parent\" data-id=\"be4014e\" data-element_type=\"container\" data-e-type=\"container\" data-settings=\"{&quot;background_background&quot;:&quot;classic&quot;}\">\n\t\t\t\t\t<div class=\"e-con-inner\">\n\t\t\t\t<div class=\"elementor-element elementor-element-eba765d elementor-widget elementor-widget-heading\" data-id=\"eba765d\" data-element_type=\"widget\" data-e-type=\"widget\" data-widget_type=\"heading.default\">\n\t\t\t\t<div class=\"elementor-widget-container\">\n\t\t\t\t\t<h2 class=\"elementor-heading-title elementor-size-default\">Rapports \u00e9tendus\n<\/h2>\t\t\t\t<\/div>\n\t\t\t\t<\/div>\n\t\t\t\t<div class=\"elementor-element elementor-element-6ca1427 elementor-widget__width-initial elementor-widget-mobile__width-inherit elementor-widget elementor-widget-text-editor\" data-id=\"6ca1427\" data-element_type=\"widget\" data-e-type=\"widget\" data-widget_type=\"text-editor.default\">\n\t\t\t\t<div class=\"elementor-widget-container\">\n\t\t\t\t\t\t\t\t\tUtilisez le cadre de reporting robuste de NinjaOne pour ex\u00e9cuter des r\u00e9sum\u00e9s ex\u00e9cutifs, des inventaires, des rapports de connexion, et plus encore. Montrez \u00e0 vos clients la valeur de votre gestion informatique tout-en-un.\n\n\t\t\t\t\t\t\t\t<\/div>\n\t\t\t\t<\/div>\n\t\t\t\t<div class=\"elementor-element elementor-element-31a5f16 elementor-widget__width-auto elementor-widget elementor-widget-image\" data-id=\"31a5f16\" data-element_type=\"widget\" data-e-type=\"widget\" data-widget_type=\"image.default\">\n\t\t\t\t<div class=\"elementor-widget-container\">\n\t\t\t\t\t\t\t\t\t\t\t\t\t\t\t<img decoding=\"async\" class=\"\" src=\"https:\/\/mlfk3cv5yvnx.i.optimole.com\/cb:k-rC.2fd1d\/w:auto\/h:auto\/q:mauto\/f:best\/https:\/\/www.ninjaone.com\/wp-content\/uploads\/2022\/11\/Reporting@1x.webp\" title=\"\" alt=\"\" loading=\"lazy\" \/>\t\t\t\t\t\t\t\t\t\t\t\t\t\t\t<\/div>\n\t\t\t\t<\/div>\n\t\t\t\t\t<\/div>\n\t\t\t\t<\/section>\n\t\t<div class=\"elementor-element elementor-element-27ca5f8 e-flex e-con-boxed e-con e-parent\" data-id=\"27ca5f8\" data-element_type=\"container\" data-e-type=\"container\">\n\t\t\t\t\t<div class=\"e-con-inner\">\n\t\t\t\t<div class=\"elementor-element elementor-element-eb05223 elementor-widget elementor-widget-heading\" data-id=\"eb05223\" data-element_type=\"widget\" data-e-type=\"widget\" data-widget_type=\"heading.default\">\n\t\t\t\t<div class=\"elementor-widget-container\">\n\t\t\t\t\t<h2 class=\"elementor-heading-title elementor-size-default\">S\u00e9curit\u00e9 des terminaux\n<\/h2>\t\t\t\t<\/div>\n\t\t\t\t<\/div>\n\t\t\t\t<div class=\"elementor-element elementor-element-3fa1840 elementor-widget__width-initial elementor-widget-mobile__width-inherit elementor-widget elementor-widget-text-editor\" data-id=\"3fa1840\" data-element_type=\"widget\" data-e-type=\"widget\" data-widget_type=\"text-editor.default\">\n\t\t\t\t<div class=\"elementor-widget-container\">\n\t\t\t\t\t\t\t\t\tQuel que soit le produit de s\u00e9curit\u00e9 que vous utilisez, vous pouvez configurer toutes les options du tableau de bord NinjaOne. Planifiez des analyses \u00e0 la demande ou hebdomadaires, d\u00e9finissez des exclusions ou prenez des mesures correctives &#8211; le tout \u00e0 partir de l&rsquo;interface facile \u00e0 naviguer.\n\n\t\t\t\t\t\t\t\t<\/div>\n\t\t\t\t<\/div>\n\t\t\t\t<div class=\"elementor-element elementor-element-10f1d8d elementor-widget__width-auto elementor-widget elementor-widget-image\" data-id=\"10f1d8d\" data-element_type=\"widget\" data-e-type=\"widget\" data-widget_type=\"image.default\">\n\t\t\t\t<div class=\"elementor-widget-container\">\n\t\t\t\t\t\t\t\t\t\t\t\t\t\t\t<img decoding=\"async\" class=\"\" src=\"https:\/\/mlfk3cv5yvnx.i.optimole.com\/cb:k-rC.2fd1d\/w:auto\/h:auto\/q:mauto\/f:best\/https:\/\/www.ninjaone.com\/wp-content\/uploads\/2022\/11\/Security@1x.webp\" title=\"\" alt=\"\" loading=\"lazy\" \/>\t\t\t\t\t\t\t\t\t\t\t\t\t\t\t<\/div>\n\t\t\t\t<\/div>\n\t\t\t\t\t<\/div>\n\t\t\t\t<\/div>\n\t\t\t\t<\/div>\n\t\t","protected":false},"excerpt":{"rendered":"<p>Merci ! Merci d&rsquo;avoir demand\u00e9 notre \u00ab\u00a0guide des Solutions de Sauvegarde pour un Lieu de Travail qui se Transforme\u00a0\u00bb. Vous allez recevoir un e-mail avec les instructions pour recevoir votre document. Ce que nos MSP disent de nous : Class\u00e9 5 \u00e9toiles par les fournisseurs de services g\u00e9r\u00e9s et les professionnels de l\u2019informatique Surveillance en [&hellip;]<\/p>\n","protected":false},"author":35,"featured_media":0,"parent":0,"menu_order":4026,"comment_status":"closed","ping_status":"closed","template":"","meta":{"_acf_changed":false,"_relevanssi_hide_post":"","_relevanssi_hide_content":"","_relevanssi_pin_for_all":"","_relevanssi_pin_keywords":"","_relevanssi_unpin_keywords":"","_relevanssi_related_keywords":"","_relevanssi_related_include_ids":"","_relevanssi_related_exclude_ids":"","_relevanssi_related_no_append":"","_relevanssi_related_not_related":"","_relevanssi_related_posts":"","_relevanssi_noindex_reason":"Rank Math Relevanssi index exclude","_lmt_disableupdate":"no","_lmt_disable":"","footnotes":""},"class_list":["post-123709","page","type-page","status-publish","hentry"],"acf":[],"_links":{"self":[{"href":"https:\/\/www.ninjaone.com\/fr\/wp-json\/wp\/v2\/pages\/123709","targetHints":{"allow":["GET"]}}],"collection":[{"href":"https:\/\/www.ninjaone.com\/fr\/wp-json\/wp\/v2\/pages"}],"about":[{"href":"https:\/\/www.ninjaone.com\/fr\/wp-json\/wp\/v2\/types\/page"}],"author":[{"embeddable":true,"href":"https:\/\/www.ninjaone.com\/fr\/wp-json\/wp\/v2\/users\/35"}],"replies":[{"embeddable":true,"href":"https:\/\/www.ninjaone.com\/fr\/wp-json\/wp\/v2\/comments?post=123709"}],"version-history":[{"count":0,"href":"https:\/\/www.ninjaone.com\/fr\/wp-json\/wp\/v2\/pages\/123709\/revisions"}],"wp:attachment":[{"href":"https:\/\/www.ninjaone.com\/fr\/wp-json\/wp\/v2\/media?parent=123709"}],"curies":[{"name":"wp","href":"https:\/\/api.w.org\/{rel}","templated":true}]}}