{"id":81992,"date":"2023-08-18T17:51:33","date_gmt":"2023-08-18T17:51:33","guid":{"rendered":"https:\/\/www.ninjaone.com\/?page_id=81992"},"modified":"2024-10-09T19:58:52","modified_gmt":"2024-10-09T19:58:52","slug":"compare-patch-management","status":"publish","type":"page","link":"https:\/\/www.ninjaone.com\/es\/compare-patch-management\/","title":{"rendered":"Compare Patch Management"},"content":{"rendered":"\t\t<div data-elementor-type=\"wp-page\" data-elementor-id=\"81992\" class=\"elementor elementor-81992 elementor-43414\" data-elementor-post-type=\"page\">\n\t\t\t\t<main class=\"elementor-element elementor-element-867c386 e-flex e-con-boxed e-con e-parent\" data-id=\"867c386\" data-element_type=\"container\" data-e-type=\"container\" data-settings=\"{&quot;background_background&quot;:&quot;classic&quot;}\">\n\t\t\t\t\t<div class=\"e-con-inner\">\n\t\t\t\t<div class=\"elementor-element elementor-element-561f421 elementor-widget elementor-widget-heading\" data-id=\"561f421\" data-element_type=\"widget\" data-e-type=\"widget\" data-widget_type=\"heading.default\">\n\t\t\t\t<div class=\"elementor-widget-container\">\n\t\t\t\t\t<h1 class=\"elementor-heading-title elementor-size-default\">Hemos investigado para que t\u00fa no tengas que hacerlo.\n<\/h1>\t\t\t\t<\/div>\n\t\t\t\t<\/div>\n\t\t\t\t<div class=\"elementor-element elementor-element-764f730 elementor-widget elementor-widget-text-editor\" data-id=\"764f730\" data-element_type=\"widget\" data-e-type=\"widget\" data-widget_type=\"text-editor.default\">\n\t\t\t\t<div class=\"elementor-widget-container\">\n\t\t\t\t\t\t\t\t\tCompare la gesti\u00f3n de parches de Ninja con la de nuestros competidores para ver c\u00f3mo NinjaOne permite a sus t\u00e9cnicos identificar y remediar las vulnerabilidades en toda su cartera de TI a velocidad y a gran escala.\n\t\t\t\t\t\t\t\t<\/div>\n\t\t\t\t<\/div>\n\t\t\t\t<div class=\"elementor-element elementor-element-b271995 elementor-widget__width-auto elementor-button-default elementor-widget elementor-widget-button\" data-id=\"b271995\" data-element_type=\"widget\" data-e-type=\"widget\" data-widget_type=\"button.default\">\n\t\t\t\t<div class=\"elementor-widget-container\">\n\t\t\t\t\t\t\t\t\t<div class=\"elementor-button-wrapper\">\n\t\t\t\t\t<a class=\"elementor-button elementor-button-link elementor-size-md\" href=\"https:\/\/www.ninjaone.com\/es\/free-demo\/\" id=\"watchfreedemo\">\n\t\t\t\t\t\t<span class=\"elementor-button-content-wrapper\">\n\t\t\t\t\t\t\t\t\t<span class=\"elementor-button-text\">VER UNA DEMO<\/span>\n\t\t\t\t\t<\/span>\n\t\t\t\t\t<\/a>\n\t\t\t\t<\/div>\n\t\t\t\t\t\t\t\t<\/div>\n\t\t\t\t<\/div>\n\t\t<div class=\"elementor-element elementor-element-6c4c67b e-grid e-con-full e-con e-child\" data-id=\"6c4c67b\" data-element_type=\"container\" data-e-type=\"container\">\n\t\t<a class=\"elementor-element elementor-element-636ed78 e-con-full competitor-card e-flex e-con e-child\" data-id=\"636ed78\" data-element_type=\"container\" data-e-type=\"container\" href=\"\/es\/compare-patch-management\/automox\/\">\n\t\t\t\t<div class=\"elementor-element elementor-element-5d3ccea elementor-widget elementor-widget-html\" data-id=\"5d3ccea\" data-element_type=\"widget\" data-e-type=\"widget\" data-widget_type=\"html.default\">\n\t\t\t\t<div class=\"elementor-widget-container\">\n\t\t\t\t\t<div>Automox<\/div>\t\t\t\t<\/div>\n\t\t\t\t<\/div>\n\t\t\t\t<\/a>\n\t\t<a class=\"elementor-element elementor-element-16c6425 e-con-full competitor-card e-flex e-con e-child\" data-id=\"16c6425\" data-element_type=\"container\" data-e-type=\"container\" href=\"\/es\/compare-patch-management\/sccm\/\">\n\t\t\t\t<div class=\"elementor-element elementor-element-fd261f6 elementor-widget elementor-widget-html\" data-id=\"fd261f6\" data-element_type=\"widget\" data-e-type=\"widget\" data-widget_type=\"html.default\">\n\t\t\t\t<div class=\"elementor-widget-container\">\n\t\t\t\t\t<div>SCCM<\/div>\t\t\t\t<\/div>\n\t\t\t\t<\/div>\n\t\t\t\t<\/a>\n\t\t<a class=\"elementor-element elementor-element-087a25c e-con-full competitor-card e-flex e-con e-child\" data-id=\"087a25c\" data-element_type=\"container\" data-e-type=\"container\" href=\"\/es\/compare-patch-management\/wsus\/\">\n\t\t\t\t<div class=\"elementor-element elementor-element-d6517e4 elementor-widget elementor-widget-html\" data-id=\"d6517e4\" data-element_type=\"widget\" data-e-type=\"widget\" data-widget_type=\"html.default\">\n\t\t\t\t<div class=\"elementor-widget-container\">\n\t\t\t\t\t<div>WSUS<\/div>\t\t\t\t<\/div>\n\t\t\t\t<\/div>\n\t\t\t\t<\/a>\n\t\t\t\t<\/div>\n\t\t\t\t\t<\/div>\n\t\t\t\t<\/main>\n\t\t<div class=\"elementor-element elementor-element-5b649ce e-con-full e-flex e-con e-parent\" data-id=\"5b649ce\" data-element_type=\"container\" data-e-type=\"container\">\n\t\t\t\t<div class=\"elementor-element elementor-element-f165942 elementor-widget elementor-widget-template\" data-id=\"f165942\" data-element_type=\"widget\" data-e-type=\"widget\" data-widget_type=\"template.default\">\n\t\t\t\t<div class=\"elementor-widget-container\">\n\t\t\t\t\t\t\t<div class=\"elementor-template\">\n\t\t\t\t\t<div data-elementor-type=\"container\" data-elementor-id=\"4973\" class=\"elementor elementor-4973 elementor-4752\" data-elementor-post-type=\"elementor_library\">\n\t\t\t\t<div class=\"elementor-element elementor-element-bbf5527 e-flex e-con-boxed e-con e-parent\" data-id=\"bbf5527\" data-element_type=\"container\" data-e-type=\"container\">\n\t\t\t\t\t<div class=\"e-con-inner\">\n\t\t<div class=\"elementor-element elementor-element-41bcb56 e-flex e-con-boxed e-con e-child\" data-id=\"41bcb56\" data-element_type=\"container\" data-e-type=\"container\" data-settings=\"{&quot;background_background&quot;:&quot;classic&quot;}\">\n\t\t\t\t\t<div class=\"e-con-inner\">\n\t\t<div class=\"elementor-element elementor-element-11b93dd e-con-full e-flex e-con e-child\" data-id=\"11b93dd\" data-element_type=\"container\" data-e-type=\"container\">\n\t\t\t\t<div class=\"elementor-element elementor-element-b7c54dc elementor-widget elementor-widget-heading\" data-id=\"b7c54dc\" data-element_type=\"widget\" data-e-type=\"widget\" data-widget_type=\"heading.default\">\n\t\t\t\t<div class=\"elementor-widget-container\">\n\t\t\t\t\t<span class=\"elementor-heading-title elementor-size-default\">\u00bfListo para simplificar los aspectos m\u00e1s complejos de la TI?<\/span>\t\t\t\t<\/div>\n\t\t\t\t<\/div>\n\t\t<div class=\"elementor-element elementor-element-cdc9c2d e-con-full e-flex e-con e-child\" data-id=\"cdc9c2d\" data-element_type=\"container\" data-e-type=\"container\">\n\t\t\t\t<div class=\"elementor-element elementor-element-ac2acda elementor-align-justify elementor-mobile-align-justify elementor-widget__width-initial elementor-widget-mobile__width-inherit elementor-button-default elementor-widget elementor-widget-button\" data-id=\"ac2acda\" data-element_type=\"widget\" data-e-type=\"widget\" data-widget_type=\"button.default\">\n\t\t\t\t<div class=\"elementor-widget-container\">\n\t\t\t\t\t\t\t\t\t<div class=\"elementor-button-wrapper\">\n\t\t\t\t\t<a class=\"elementor-button elementor-button-link elementor-size-sm\" href=\"https:\/\/www.ninjaone.com\/es\/prueba-gratuita-formulario\/\" aria-label=\"Try NinjaOne free bottom CTA\">\n\t\t\t\t\t\t<span class=\"elementor-button-content-wrapper\">\n\t\t\t\t\t\t\t\t\t<span class=\"elementor-button-text\">Prueba NinjaOne gratis<\/span>\n\t\t\t\t\t<\/span>\n\t\t\t\t\t<\/a>\n\t\t\t\t<\/div>\n\t\t\t\t\t\t\t\t<\/div>\n\t\t\t\t<\/div>\n\t\t\t\t<div class=\"elementor-element elementor-element-7306102 elementor-align-justify elementor-mobile-align-justify elementor-widget__width-initial elementor-widget-mobile__width-inherit elementor-button-navigation elementor-widget elementor-widget-button\" data-id=\"7306102\" data-element_type=\"widget\" data-e-type=\"widget\" data-widget_type=\"button.default\">\n\t\t\t\t<div class=\"elementor-widget-container\">\n\t\t\t\t\t\t\t\t\t<div class=\"elementor-button-wrapper\">\n\t\t\t\t\t<a class=\"elementor-button elementor-button-link elementor-size-sm\" href=\"https:\/\/www.ninjaone.com\/es\/free-demo\/\" aria-label=\"Try NinjaOne free bottom CTA\">\n\t\t\t\t\t\t<span class=\"elementor-button-content-wrapper\">\n\t\t\t\t\t\t\t\t\t<span class=\"elementor-button-text\">Ver una demo<\/span>\n\t\t\t\t\t<\/span>\n\t\t\t\t\t<\/a>\n\t\t\t\t<\/div>\n\t\t\t\t\t\t\t\t<\/div>\n\t\t\t\t<\/div>\n\t\t\t\t<\/div>\n\t\t\t\t<\/div>\n\t\t\t\t\t<\/div>\n\t\t\t\t<\/div>\n\t\t\t\t\t<\/div>\n\t\t\t\t<\/div>\n\t\t\t\t<\/div>\n\t\t\t\t<\/div>\n\t\t\t\t\t\t<\/div>\n\t\t\t\t<\/div>\n\t\t\t\t<\/div>\n\t\t\t\t<\/div>\n\t\t","protected":false},"excerpt":{"rendered":"<p>Hemos investigado para que t\u00fa no tengas que hacerlo. Compare la gesti\u00f3n de parches de Ninja con la de nuestros competidores para ver c\u00f3mo NinjaOne permite a sus t\u00e9cnicos identificar y remediar las vulnerabilidades en toda su cartera de TI a velocidad y a gran escala. VER UNA DEMO Automox SCCM WSUS<\/p>\n","protected":false},"author":35,"featured_media":0,"parent":0,"menu_order":3723,"comment_status":"closed","ping_status":"closed","template":"","meta":{"_acf_changed":false,"_relevanssi_hide_post":"","_relevanssi_hide_content":"","_relevanssi_pin_for_all":"","_relevanssi_pin_keywords":"","_relevanssi_unpin_keywords":"","_relevanssi_related_keywords":"","_relevanssi_related_include_ids":"","_relevanssi_related_exclude_ids":"","_relevanssi_related_no_append":"","_relevanssi_related_not_related":"","_relevanssi_related_posts":"","_relevanssi_noindex_reason":"","_lmt_disableupdate":"","_lmt_disable":"","footnotes":""},"class_list":["post-81992","page","type-page","status-publish","hentry"],"acf":[],"_links":{"self":[{"href":"https:\/\/www.ninjaone.com\/es\/wp-json\/wp\/v2\/pages\/81992","targetHints":{"allow":["GET"]}}],"collection":[{"href":"https:\/\/www.ninjaone.com\/es\/wp-json\/wp\/v2\/pages"}],"about":[{"href":"https:\/\/www.ninjaone.com\/es\/wp-json\/wp\/v2\/types\/page"}],"author":[{"embeddable":true,"href":"https:\/\/www.ninjaone.com\/es\/wp-json\/wp\/v2\/users\/35"}],"replies":[{"embeddable":true,"href":"https:\/\/www.ninjaone.com\/es\/wp-json\/wp\/v2\/comments?post=81992"}],"version-history":[{"count":0,"href":"https:\/\/www.ninjaone.com\/es\/wp-json\/wp\/v2\/pages\/81992\/revisions"}],"wp:attachment":[{"href":"https:\/\/www.ninjaone.com\/es\/wp-json\/wp\/v2\/media?parent=81992"}],"curies":[{"name":"wp","href":"https:\/\/api.w.org\/{rel}","templated":true}]}}