{"id":776424,"date":"2026-03-30T15:11:41","date_gmt":"2026-03-30T15:11:41","guid":{"rendered":"https:\/\/www.ninjaone.com\/?page_id=776424"},"modified":"2026-04-14T07:42:15","modified_gmt":"2026-04-14T07:42:15","slug":"politica-de-uso-razonable-ninjaone-saas-backup","status":"publish","type":"page","link":"https:\/\/www.ninjaone.com\/es\/politica-de-uso-razonable-ninjaone-saas-backup\/","title":{"rendered":"Pol\u00edtica de uso razonable de NinjaOne SaaS Backup"},"content":{"rendered":"\t\t<div data-elementor-type=\"wp-page\" data-elementor-id=\"776424\" class=\"elementor elementor-776424 elementor-775301\" data-elementor-post-type=\"page\">\n\t\t\t\t<main class=\"elementor-element elementor-element-914eec1 e-flex e-con-boxed e-con e-parent\" data-id=\"914eec1\" data-element_type=\"container\" data-e-type=\"container\">\n\t\t\t\t\t<div class=\"e-con-inner\">\n\t\t\t\t<div class=\"elementor-element elementor-element-9096c96 elementor-widget elementor-widget-heading\" data-id=\"9096c96\" data-element_type=\"widget\" data-e-type=\"widget\" data-widget_type=\"heading.default\">\n\t\t\t\t<div class=\"elementor-widget-container\">\n\t\t\t\t\t<h1 class=\"elementor-heading-title elementor-size-default\">Pol\u00edtica de uso razonable de NinjaOne SaaS Backup<\/h1>\t\t\t\t<\/div>\n\t\t\t\t<\/div>\n\t\t\t\t<div class=\"elementor-element elementor-element-68bef8f elementor-widget elementor-widget-heading\" data-id=\"68bef8f\" data-element_type=\"widget\" data-e-type=\"widget\" data-widget_type=\"heading.default\">\n\t\t\t\t<div class=\"elementor-widget-container\">\n\t\t\t\t\t<p class=\"elementor-heading-title elementor-size-default\">\u00daltima actualizaci\u00f3n: 26 de marzo de 2026\n<\/br><\/br>\nAviso legal:<\/br>\nEsta p\u00e1gina ha sido traducida \u00fanicamente para facilitar su comprensi\u00f3n.<\/br>\nEn caso de discrepancias o inconsistencias entre el contenido traducido y la versi\u00f3n en ingl\u00e9s, prevalecer\u00e1 la versi\u00f3n en ingl\u00e9s, que ser\u00e1 la \u00fanica legalmente vinculante.<\/p>\t\t\t\t<\/div>\n\t\t\t\t<\/div>\n\t\t\t\t<div class=\"elementor-element elementor-element-1a959e8 elementor-widget elementor-widget-heading\" data-id=\"1a959e8\" data-element_type=\"widget\" data-e-type=\"widget\" data-widget_type=\"heading.default\">\n\t\t\t\t<div class=\"elementor-widget-container\">\n\t\t\t\t\t<h3 class=\"elementor-heading-title elementor-size-default\">1. Prop\u00f3sito<\/h3>\t\t\t\t<\/div>\n\t\t\t\t<\/div>\n\t\t\t\t<div class=\"elementor-element elementor-element-531edf5 elementor-widget elementor-widget-text-editor\" data-id=\"531edf5\" data-element_type=\"widget\" data-e-type=\"widget\" id=\"information-we-collect\" data-widget_type=\"text-editor.default\">\n\t\t\t\t<div class=\"elementor-widget-container\">\n\t\t\t\t\t\t\t\t\t<p>La presente Pol\u00edtica de uso razonable (\u00abPol\u00edtica\u00bb) rige los servicios de copia de seguridad SaaS ofrecidos, distribuidos o revendidos por NinjaOne y sus entidades afiliadas, incluidos los servicios comercializados bajo las marcas NinjaOne, Dropsuite, en marca blanca, co-branding o cualquier otra marca sucesora o relacionada (conjuntamente, los \u00abServicios\u00bb).<\/p><p>A efectos de esta Pol\u00edtica, \u00abNinjaOne\u00bb se refiere a la entidad que presta los Servicios en virtud del contrato de cliente aplicable.<\/p><p>Los Servicios se ofrecen con arreglo a un modelo comercial basado en las licencias. Aunque el almacenamiento no est\u00e1 limitado a nivel de organizaci\u00f3n individual o de tenant, el uso total de almacenamiento est\u00e1 sujeto a una asignaci\u00f3n agregada a nivel de cliente vinculada al n\u00famero de licencias de pago adquiridas.<\/p><p>Esta Pol\u00edtica explica c\u00f3mo se calculan, agregan y aplican los derechos de almacenamiento para garantizar un acceso equitativo a la infraestructura compartida y la correspondencia entre las licencias adquiridas y el consumo global de almacenamiento.<\/p>\t\t\t\t\t\t\t\t<\/div>\n\t\t\t\t<\/div>\n\t\t\t\t<div class=\"elementor-element elementor-element-a5d480a elementor-widget elementor-widget-heading\" data-id=\"a5d480a\" data-element_type=\"widget\" data-e-type=\"widget\" data-widget_type=\"heading.default\">\n\t\t\t\t<div class=\"elementor-widget-container\">\n\t\t\t\t\t<h3 class=\"elementor-heading-title elementor-size-default\">2. \u00c1mbito de aplicaci\u00f3n y aplicabilidad<\/h3>\t\t\t\t<\/div>\n\t\t\t\t<\/div>\n\t\t\t\t<div class=\"elementor-element elementor-element-81ecddc elementor-widget elementor-widget-text-editor\" data-id=\"81ecddc\" data-element_type=\"widget\" data-e-type=\"widget\" data-widget_type=\"text-editor.default\">\n\t\t\t\t<div class=\"elementor-widget-container\">\n\t\t\t\t\t\t\t\t\t<p>A efectos de la presente Pol\u00edtica, se entender\u00e1 por \u00abCliente\u00bb:<\/p><ul><li>Un cliente interno de TI directo que adquiere los Servicios para su propia organizaci\u00f3n; o<\/li><li>Un Proveedor de Servicios Gestionados (MSP) que compra o gestiona los Servicios en nombre de una o m\u00e1s organizaciones de usuarios finales, ya sea comprado directamente a NinjaOne o a trav\u00e9s de un distribuidor autorizado.<\/li><\/ul><p>En el caso de los acuerdos MSP, el MSP es el Cliente a efectos del c\u00e1lculo del almacenamiento, el cumplimiento y la aplicaci\u00f3n de la presente Pol\u00edtica.<\/p><p>Cuando un cliente interno de TI directo mantiene varias organizaciones, tenants, instancias, entornos o unidades de negocio dentro de los Servicios, todas estas entidades y entornos se agregan y tratan como un \u00fanico Cliente a efectos de recuento de licencias, uso de almacenamiento y cumplimiento de esta Pol\u00edtica.<\/p><p>A efectos de la agregaci\u00f3n de almacenamiento y del c\u00e1lculo de los l\u00edmites aplicables, el \u00abCliente\u00bb incluye a la entidad jur\u00eddica contratante y a cualquiera de sus filiales, subsidiarias, entidades matrices u otras entidades bajo su control que accedan o utilicen los Servicios en virtud de la misma relaci\u00f3n comercial o acuerdo de facturaci\u00f3n.<\/p>\t\t\t\t\t\t\t\t<\/div>\n\t\t\t\t<\/div>\n\t\t\t\t<div class=\"elementor-element elementor-element-b83db4f elementor-widget elementor-widget-heading\" data-id=\"b83db4f\" data-element_type=\"widget\" data-e-type=\"widget\" data-widget_type=\"heading.default\">\n\t\t\t\t<div class=\"elementor-widget-container\">\n\t\t\t\t\t<h3 class=\"elementor-heading-title elementor-size-default\">3. Modelo de almacenamiento y metodolog\u00eda de agregaci\u00f3n<\/h3>\t\t\t\t<\/div>\n\t\t\t\t<\/div>\n\t\t\t\t<div class=\"elementor-element elementor-element-47ac48e elementor-widget elementor-widget-heading\" data-id=\"47ac48e\" data-element_type=\"widget\" data-e-type=\"widget\" data-widget_type=\"heading.default\">\n\t\t\t\t<div class=\"elementor-widget-container\">\n\t\t\t\t\t<h4 class=\"elementor-heading-title elementor-size-default\">3.1 Almacenamiento ilimitado a nivel de organizaci\u00f3n<\/h4>\t\t\t\t<\/div>\n\t\t\t\t<\/div>\n\t\t\t\t<div class=\"elementor-element elementor-element-022f187 elementor-widget elementor-widget-text-editor\" data-id=\"022f187\" data-element_type=\"widget\" data-e-type=\"widget\" data-widget_type=\"text-editor.default\">\n\t\t\t\t<div class=\"elementor-widget-container\">\n\t\t\t\t\t\t\t\t\t<p>NinjaOne no impone l\u00edmites fijos de almacenamiento a nivel de usuario individual, organizaci\u00f3n, tenant o entorno. El almacenamiento no est\u00e1 limitado por organizaci\u00f3n.<\/p>\t\t\t\t\t\t\t\t<\/div>\n\t\t\t\t<\/div>\n\t\t\t\t<div class=\"elementor-element elementor-element-caf215a elementor-widget elementor-widget-heading\" data-id=\"caf215a\" data-element_type=\"widget\" data-e-type=\"widget\" data-widget_type=\"heading.default\">\n\t\t\t\t<div class=\"elementor-widget-container\">\n\t\t\t\t\t<h4 class=\"elementor-heading-title elementor-size-default\">3.2 Asignaci\u00f3n global de almacenamiento a nivel de cliente<\/h4>\t\t\t\t<\/div>\n\t\t\t\t<\/div>\n\t\t\t\t<div class=\"elementor-element elementor-element-eacf500 elementor-widget elementor-widget-text-editor\" data-id=\"eacf500\" data-element_type=\"widget\" data-e-type=\"widget\" data-widget_type=\"text-editor.default\">\n\t\t\t\t<div class=\"elementor-widget-container\">\n\t\t\t\t\t\t\t\t\t<p>El uso total de almacenamiento se rige a nivel de Cliente agregado.<\/p><p>Cada licencia de pago incluye una asignaci\u00f3n de hasta 250 GB de almacenamiento.<\/p><p>La asignaci\u00f3n total de almacenamiento del Cliente se calcula como se explica a continuaci\u00f3n: <strong>Total de licencias de pago \u00d7 250 GB<\/strong><\/p><p>A efectos del c\u00e1lculo del cumplimiento:<\/p><ul><li><strong>Total de licencias de pago<\/strong> se refiere al total de licencias de pago adquiridas por el Cliente.<\/li><li><strong>Uso total de almacenamiento<\/strong> se refiere a todos los datos almacenados en todas las organizaciones, tenants, instancias, entornos y cargas de trabajo del Cliente.<\/li><\/ul><p>Si el Uso total de almacenamiento supera la asignaci\u00f3n total calculada, el Cliente estar\u00e1 incumpliendo esta Pol\u00edtica.<\/p><p>Por ejemplo:<\/p><p>Si un Cliente adquiere 100 licencias de pago, la asignaci\u00f3n total de almacenamiento ser\u00e1 de:<\/p><p>100 \u00d7 250 GB = 25.000 GB (25 TB)<\/p><p>Si el Uso total de almacenamiento del Cliente supera los 25 TB, el Cliente estar\u00e1 incumpliendo esta Pol\u00edtica.<\/p>\t\t\t\t\t\t\t\t<\/div>\n\t\t\t\t<\/div>\n\t\t\t\t<div class=\"elementor-element elementor-element-ed7b0e6 elementor-widget elementor-widget-heading\" data-id=\"ed7b0e6\" data-element_type=\"widget\" data-e-type=\"widget\" data-widget_type=\"heading.default\">\n\t\t\t\t<div class=\"elementor-widget-container\">\n\t\t\t\t\t<h3 class=\"elementor-heading-title elementor-size-default\">4. Uso razonable y control<\/h3>\t\t\t\t<\/div>\n\t\t\t\t<\/div>\n\t\t\t\t<div class=\"elementor-element elementor-element-88e4606 elementor-widget elementor-widget-text-editor\" data-id=\"88e4606\" data-element_type=\"widget\" data-e-type=\"widget\" data-widget_type=\"text-editor.default\">\n\t\t\t\t<div class=\"elementor-widget-container\">\n\t\t\t\t\t\t\t\t\t<p>NinjaOne puede supervisar los recuentos de licencias, el consumo de almacenamiento y los patrones de uso y puede basarse en las m\u00e9tricas informadas por el sistema para determinar y calcular el cumplimiento de esta Pol\u00edtica.<br \/><br \/>Los Clientes no podr\u00e1n manipular la compra de licencias, cancelaciones, reasignaciones, la estructura organizativa ni la configuraci\u00f3n de cuentas con el fin de aumentar artificialmente los l\u00edmites de almacenamiento o eludir el cumplimiento. NinjaOne podr\u00e1 no tener en cuenta las fluctuaciones temporales, artificiales o no ordinarias de las licencias a la hora de calcular la asignaci\u00f3n de almacenamiento agregado.<\/p>\t\t\t\t\t\t\t\t<\/div>\n\t\t\t\t<\/div>\n\t\t\t\t<div class=\"elementor-element elementor-element-38e147f elementor-widget elementor-widget-heading\" data-id=\"38e147f\" data-element_type=\"widget\" data-e-type=\"widget\" data-widget_type=\"heading.default\">\n\t\t\t\t<div class=\"elementor-widget-container\">\n\t\t\t\t\t<h3 class=\"elementor-heading-title elementor-size-default\">5. Incumplimiento<\/h3>\t\t\t\t<\/div>\n\t\t\t\t<\/div>\n\t\t\t\t<div class=\"elementor-element elementor-element-267aa6f elementor-widget elementor-widget-text-editor\" data-id=\"267aa6f\" data-element_type=\"widget\" data-e-type=\"widget\" data-widget_type=\"text-editor.default\">\n\t\t\t\t<div class=\"elementor-widget-container\">\n\t\t\t\t\t\t\t\t\t<p>Si un Cliente incumple o realiza un uso no razonable, abusivo o fuera de lo habitual, NinjaOne podr\u00e1, a su entera discreci\u00f3n:<\/p><ol><li>Exigir medidas correctivas, incluida la compra de licencias adicionales o la reducci\u00f3n de los datos almacenados;<\/li><li>Exigir la migraci\u00f3n a un modelo alternativo de precios, modalidades de servicio o almacenamiento;<\/li><li>Limitar o restringir el uso del almacenamiento;<\/li><li>Suspender el acceso a los Servicios; o<\/li><li>Rescindir los Servicios de conformidad con el acuerdo aplicable.<\/li><\/ol><p>NinjaOne podr\u00e1 facturar al Cliente licencias adicionales correspondientes al exceso hist\u00f3rico de uso de almacenamiento cuando el consumo haya superado los l\u00edmites agregados aplicables.<\/p><p>NinjaOne no ser\u00e1 responsable de ninguna p\u00e9rdida de datos, interrupci\u00f3n del negocio u otros da\u00f1os derivados de las acciones tomadas de buena fe para hacer cumplir esta Pol\u00edtica.<\/p>\t\t\t\t\t\t\t\t<\/div>\n\t\t\t\t<\/div>\n\t\t\t\t<div class=\"elementor-element elementor-element-ddca205 elementor-widget elementor-widget-heading\" data-id=\"ddca205\" data-element_type=\"widget\" data-e-type=\"widget\" data-widget_type=\"heading.default\">\n\t\t\t\t<div class=\"elementor-widget-container\">\n\t\t\t\t\t<h3 class=\"elementor-heading-title elementor-size-default\">6. Actualizaciones en la Pol\u00edtica<\/h3>\t\t\t\t<\/div>\n\t\t\t\t<\/div>\n\t\t\t\t<div class=\"elementor-element elementor-element-a4cc07e elementor-widget elementor-widget-text-editor\" data-id=\"a4cc07e\" data-element_type=\"widget\" data-e-type=\"widget\" data-widget_type=\"text-editor.default\">\n\t\t\t\t<div class=\"elementor-widget-container\">\n\t\t\t\t\t\t\t\t\t<p>NinjaOne puede modificar esta Pol\u00edtica de uso razonable de vez en cuando, a su sola discreci\u00f3n. Las versiones actualizadas se publicar\u00e1n en el sitio web de los servicios aplicables y entrar\u00e1n en vigor en la fecha que en ellas se especifique. El acceso o uso continuado de los Servicios despu\u00e9s de la fecha de entrada en vigor constituye la aceptaci\u00f3n de la Pol\u00edtica actualizada.<br \/><br \/>Si el Cliente no est\u00e1 de acuerdo con una Pol\u00edtica actualizada, su \u00fanico recurso ser\u00e1 dejar de utilizar los Servicios afectados. Para mayor claridad, las actualizaciones de esta Pol\u00edtica no otorgan al Cliente ning\u00fan derecho a rescindir el acuerdo subyacente que rige los Servicios.<\/p>\t\t\t\t\t\t\t\t<\/div>\n\t\t\t\t<\/div>\n\t\t\t\t\t<\/div>\n\t\t\t\t<\/main>\n\t\t\t\t<\/div>\n\t\t","protected":false},"excerpt":{"rendered":"<p>\u00daltima actualizaci\u00f3n: 26 de marzo de 2026 Aviso legal: Esta p\u00e1gina ha sido traducida \u00fanicamente para facilitar su comprensi\u00f3n. En caso de discrepancias o inconsistencias entre el contenido traducido y la versi\u00f3n en ingl\u00e9s, prevalecer\u00e1 la versi\u00f3n en ingl\u00e9s, que ser\u00e1 la \u00fanica legalmente vinculante. 1. Prop\u00f3sito La presente Pol\u00edtica de uso razonable (\u00abPol\u00edtica\u00bb) rige [&hellip;]<\/p>\n","protected":false},"author":231,"featured_media":0,"parent":0,"menu_order":2972,"comment_status":"closed","ping_status":"closed","template":"elementor_header_footer","meta":{"_acf_changed":false,"_relevanssi_hide_post":"","_relevanssi_hide_content":"","_relevanssi_pin_for_all":"","_relevanssi_pin_keywords":"","_relevanssi_unpin_keywords":"","_relevanssi_related_keywords":"","_relevanssi_related_include_ids":"","_relevanssi_related_exclude_ids":"","_relevanssi_related_no_append":"","_relevanssi_related_not_related":"","_relevanssi_related_posts":"","_relevanssi_noindex_reason":"","_lmt_disableupdate":"no","_lmt_disable":"","footnotes":""},"class_list":["post-776424","page","type-page","status-publish","hentry"],"acf":[],"_links":{"self":[{"href":"https:\/\/www.ninjaone.com\/es\/wp-json\/wp\/v2\/pages\/776424","targetHints":{"allow":["GET"]}}],"collection":[{"href":"https:\/\/www.ninjaone.com\/es\/wp-json\/wp\/v2\/pages"}],"about":[{"href":"https:\/\/www.ninjaone.com\/es\/wp-json\/wp\/v2\/types\/page"}],"author":[{"embeddable":true,"href":"https:\/\/www.ninjaone.com\/es\/wp-json\/wp\/v2\/users\/231"}],"replies":[{"embeddable":true,"href":"https:\/\/www.ninjaone.com\/es\/wp-json\/wp\/v2\/comments?post=776424"}],"version-history":[{"count":0,"href":"https:\/\/www.ninjaone.com\/es\/wp-json\/wp\/v2\/pages\/776424\/revisions"}],"wp:attachment":[{"href":"https:\/\/www.ninjaone.com\/es\/wp-json\/wp\/v2\/media?parent=776424"}],"curies":[{"name":"wp","href":"https:\/\/api.w.org\/{rel}","templated":true}]}}