{"id":300321,"date":"2024-07-12T09:51:05","date_gmt":"2024-07-12T09:51:05","guid":{"rendered":"https:\/\/www.ninjaone.com\/?page_id=300321"},"modified":"2024-07-31T07:58:53","modified_gmt":"2024-07-31T07:58:53","slug":"webinar-bajo-demanda-mdm-una-consola-para-todo","status":"publish","type":"page","link":"https:\/\/www.ninjaone.com\/es\/webinar-bajo-demanda-mdm-una-consola-para-todo\/","title":{"rendered":"Webinar: Una consola para todo"},"content":{"rendered":"\t\t<div data-elementor-type=\"wp-page\" data-elementor-id=\"300321\" class=\"elementor elementor-300321 elementor-295820\" data-elementor-post-type=\"page\">\n\t\t\t\t<section class=\"elementor-element elementor-element-7105182 e-flex e-con-boxed e-con e-parent\" data-id=\"7105182\" data-element_type=\"container\" data-e-type=\"container\">\n\t\t\t\t\t<div class=\"e-con-inner\">\n\t\t\t\t<div class=\"elementor-element elementor-element-6d448df elementor-widget__width-initial elementor-widget-tablet__width-inherit elementor-widget elementor-widget-heading\" data-id=\"6d448df\" data-element_type=\"widget\" data-e-type=\"widget\" data-widget_type=\"heading.default\">\n\t\t\t\t<div class=\"elementor-widget-container\">\n\t\t\t\t\t<h1 class=\"elementor-heading-title elementor-size-default\">Una consola para todo, desde dispositivos m\u00f3viles a servidores<\/h1>\t\t\t\t<\/div>\n\t\t\t\t<\/div>\n\t\t\t\t<div class=\"elementor-element elementor-element-3bba3cc elementor-widget elementor-widget-text-editor\" data-id=\"3bba3cc\" data-element_type=\"widget\" data-e-type=\"widget\" data-widget_type=\"text-editor.default\">\n\t\t\t\t<div class=\"elementor-widget-container\">\n\t\t\t\t\t\t\t\t\t<p>(Webinar on-demand)<\/p>\t\t\t\t\t\t\t\t<\/div>\n\t\t\t\t<\/div>\n\t\t<div class=\"elementor-element elementor-element-e00f97d e-flex e-con-boxed e-con e-child\" data-id=\"e00f97d\" data-element_type=\"container\" data-e-type=\"container\">\n\t\t\t\t\t<div class=\"e-con-inner\">\n\t\t<div class=\"elementor-element elementor-element-9b1440d e-con-full e-flex e-con e-child\" data-id=\"9b1440d\" data-element_type=\"container\" data-e-type=\"container\">\n\t\t\t\t<div class=\"elementor-element elementor-element-d6ca89d elementor-widget elementor-widget-heading\" data-id=\"d6ca89d\" data-element_type=\"widget\" data-e-type=\"widget\" data-widget_type=\"heading.default\">\n\t\t\t\t<div class=\"elementor-widget-container\">\n\t\t\t\t\t<h2 class=\"elementor-heading-title elementor-size-default\">Ver el webinar<\/h2>\t\t\t\t<\/div>\n\t\t\t\t<\/div>\n\t\t\t\t<div class=\"elementor-element elementor-element-e5a7e00 elementor-widget__width-inherit elementor-widget elementor-widget-html\" data-id=\"e5a7e00\" data-element_type=\"widget\" data-e-type=\"widget\" data-widget_type=\"html.default\">\n\t\t\t\t<div class=\"elementor-widget-container\">\n\t\t\t\t\t<div id=\"video-thumbnail\" class=\"video-thumbnail iframe-toggle video-thumbnail-shadow\"><img fetchpriority=\"high\" decoding=\"async\" decoding=async  data-opt-src=\"https:\/\/mlfk3cv5yvnx.i.optimole.com\/cb:k-rC.2fd1d\/w:auto\/h:auto\/q:mauto\/f:best\/https:\/\/www.ninjaone.com\/wp-content\/uploads\/2024\/07\/N1-1126-1920x1080-ES.png\"  src=\"data:image\/svg+xml,%3Csvg%20viewBox%3D%220%200%20100%%20100%%22%20width%3D%22100%%22%20height%3D%22100%%22%20xmlns%3D%22http%3A%2F%2Fwww.w3.org%2F2000%2Fsvg%22%3E%3Crect%20width%3D%22100%%22%20height%3D%22100%%22%20fill%3D%22transparent%22%2F%3E%3C%2Fsvg%3E\" alt=\"Una consola para todo, desde dispositivos m\u00f3viles a servidores\" width=\"560\" height=\"315\"\/><noscript><img decoding=\"async\" decoding=async  src=\"https:\/\/mlfk3cv5yvnx.i.optimole.com\/cb:k-rC.2fd1d\/w:auto\/h:auto\/q:mauto\/f:best\/https:\/\/www.ninjaone.com\/wp-content\/uploads\/2024\/07\/N1-1126-1920x1080-ES.png\" alt=\"Una consola para todo, desde dispositivos m\u00f3viles a servidores\" width=\"560\" height=\"315\"\/><\/noscript><span class=\"play-button-overlay\"><\/span><span class=\"play-button\"><\/span><\/div>\n<iframe id=\"iframe-form\" class=\"iframe-form iframe-resize\" style=\"display: none;\" src=\"https:\/\/go.ninjaone.com\/l\/652283\/2024-07-30\/4hxr3z\" width=\"100%\" height=\"600\" frameborder=\"0\"><\/iframe>\t\t\t\t<\/div>\n\t\t\t\t<\/div>\n\t\t\t\t<\/div>\n\t\t<div class=\"elementor-element elementor-element-56a9f54 e-con-full e-flex e-con e-child\" data-id=\"56a9f54\" data-element_type=\"container\" data-e-type=\"container\">\n\t\t\t\t<div class=\"elementor-element elementor-element-fbbae73 elementor-widget__width-inherit elementor-widget elementor-widget-heading\" data-id=\"fbbae73\" data-element_type=\"widget\" data-e-type=\"widget\" data-widget_type=\"heading.default\">\n\t\t\t\t<div class=\"elementor-widget-container\">\n\t\t\t\t\t<h2 class=\"elementor-heading-title elementor-size-default\">Acerca del webinar<\/h2>\t\t\t\t<\/div>\n\t\t\t\t<\/div>\n\t\t\t\t<div class=\"elementor-element elementor-element-2dfd8e8 elementor-widget__width-inherit elementor-widget elementor-widget-text-editor\" data-id=\"2dfd8e8\" data-element_type=\"widget\" data-e-type=\"widget\" data-widget_type=\"text-editor.default\">\n\t\t\t\t<div class=\"elementor-widget-container\">\n\t\t\t\t\t\t\t\t\t<p>El uso de dispositivos m\u00f3viles se ha convertido en algo habitual en los lugares de trabajo modernos y dispersos, ya que ofrecen una gran conectividad, potencia inform\u00e1tica y facilidad de uso. Sin embargo, una gesti\u00f3n inadecuada puede causar frustraci\u00f3n en los usuarios y aumentar la superficie de ataque de una empresa. Afortunadamente, NinjaOne resuelve este problema.<\/p>\n<p>Tenemos el placer de anunciar el lanzamiento de <strong>NinjaOne MDM<\/strong>. Como una extensi\u00f3n natural de nuestra plataforma de gesti\u00f3n de endpoints, considerada la mejor del sector, NinjaOne MDM permite a los equipos de TI reducir los costes y la complejidad, al tiempo que refuerzan la seguridad. Ofrece una gesti\u00f3n eficiente de los dispositivos m\u00f3viles Android y Apple, as\u00ed como Windows, macOS, Linux, m\u00e1quinas virtuales y dispositivos de red, todo desde una \u00fanica consola de uso intuitivo.<\/p>\n<p>Descubre c\u00f3mo NinjaOne MDM permite a los equipos de TI de todos los tama\u00f1os y niveles de experiencia:<\/p>\n<ul>\n<li>Gestionar, brindar asistencia y proteger los dispositivos m\u00f3viles.<\/li>\n<li>Centralizar la tecnolog\u00eda para reducir costes y complejidad.<\/li>\n<li>Mejorar la eficiencia de TI y la calidad del servicio con una plataforma intuitiva y f\u00e1cil de usar.<\/li>\n<\/ul>\n<p>Descubre en primera persona el potencial de NinjaOne MDM para la gesti\u00f3n de dispositivos, aplicaciones y acciones remotas para Apple y Android. Si te encuentras lidiando con la gesti\u00f3n de los dispositivos m\u00f3viles o est\u00e1s pensando en optimizar tu conjunto de herramientas de TI, esta es una sesi\u00f3n que no puedes perderte.<\/p>\t\t\t\t\t\t\t\t<\/div>\n\t\t\t\t<\/div>\n\t\t\t\t<\/div>\n\t\t\t\t\t<\/div>\n\t\t\t\t<\/div>\n\t\t\t\t<div class=\"elementor-element elementor-element-33cda62 elementor-widget__width-initial elementor-widget-mobile__width-inherit elementor-widget elementor-widget-template\" data-id=\"33cda62\" data-element_type=\"widget\" data-e-type=\"widget\" data-widget_type=\"template.default\">\n\t\t\t\t<div class=\"elementor-widget-container\">\n\t\t\t\t\t\t\t<div class=\"elementor-template\">\n\t\t\t\t\t<div data-elementor-type=\"section\" data-elementor-id=\"530596\" class=\"elementor elementor-530596 elementor-53252 elementor-53252\" data-elementor-post-type=\"elementor_library\">\n\t\t\t<div class=\"elementor-element elementor-element-118f865 badges expand e-flex e-con-boxed e-con e-parent\" data-id=\"118f865\" data-element_type=\"container\" data-e-type=\"container\">\n\t\t\t\t\t<div class=\"e-con-inner\">\n\t\t\t\t<div class=\"elementor-element elementor-element-0a2450f elementor-widget elementor-widget-shortcode\" data-id=\"0a2450f\" data-element_type=\"widget\" data-e-type=\"widget\" data-widget_type=\"shortcode.default\">\n\t\t\t\t<div class=\"elementor-widget-container\">\n\t\t\t\t\t\t\t<div class=\"elementor-shortcode\"><img decoding=\"async\" width=\"92\" height=\"106\" src=\"https:\/\/www.ninjaone.com\/wp-content\/uploads\/2026\/03\/g2-leader-spring-2026.svg\" class=\"attachment-full size-full\" alt=\"G2 Leader - Spring 2026\" title=\"g2-leader-spring-2026\" \/><\/div>\n\t\t\t\t\t\t<\/div>\n\t\t\t\t<\/div>\n\t\t\t\t<div class=\"elementor-element elementor-element-530c0a6 elementor-widget elementor-widget-shortcode\" data-id=\"530c0a6\" data-element_type=\"widget\" data-e-type=\"widget\" data-widget_type=\"shortcode.default\">\n\t\t\t\t<div class=\"elementor-widget-container\">\n\t\t\t\t\t\t\t<div class=\"elementor-shortcode\"><img loading=\"lazy\" decoding=\"async\" width=\"92\" height=\"106\" src=\"https:\/\/www.ninjaone.com\/wp-content\/uploads\/2026\/03\/g2-best-results-spring-2026.svg\" class=\"attachment-full size-full\" alt=\"G2 Best Results - Spring 2026\" title=\"g2-best-results-spring-2026\" \/><\/div>\n\t\t\t\t\t\t<\/div>\n\t\t\t\t<\/div>\n\t\t\t\t<div class=\"elementor-element elementor-element-3696d1f elementor-widget elementor-widget-shortcode\" data-id=\"3696d1f\" data-element_type=\"widget\" data-e-type=\"widget\" data-widget_type=\"shortcode.default\">\n\t\t\t\t<div class=\"elementor-widget-container\">\n\t\t\t\t\t\t\t<div class=\"elementor-shortcode\"><img loading=\"lazy\" decoding=\"async\" width=\"92\" height=\"106\" src=\"https:\/\/www.ninjaone.com\/wp-content\/uploads\/2026\/03\/g2-most-implementable-spring-2026.svg\" class=\"attachment-full size-full\" alt=\"G2 Most Implementable - Spring 2026\" title=\"g2-most-implementable-spring-2026\" \/><\/div>\n\t\t\t\t\t\t<\/div>\n\t\t\t\t<\/div>\n\t\t\t\t<div class=\"elementor-element elementor-element-5f0b520 elementor-widget elementor-widget-shortcode\" data-id=\"5f0b520\" data-element_type=\"widget\" data-e-type=\"widget\" data-widget_type=\"shortcode.default\">\n\t\t\t\t<div class=\"elementor-widget-container\">\n\t\t\t\t\t\t\t<div class=\"elementor-shortcode\"><img loading=\"lazy\" decoding=\"async\" width=\"92\" height=\"106\" src=\"https:\/\/www.ninjaone.com\/wp-content\/uploads\/2026\/03\/g2-best-relationship-spring-2026.svg\" class=\"attachment-full size-full\" alt=\"G2\" title=\"g2-best-relationship-spring-2026\" \/><\/div>\n\t\t\t\t\t\t<\/div>\n\t\t\t\t<\/div>\n\t\t\t\t<div class=\"elementor-element elementor-element-c1aea07 elementor-widget elementor-widget-shortcode\" data-id=\"c1aea07\" data-element_type=\"widget\" data-e-type=\"widget\" data-widget_type=\"shortcode.default\">\n\t\t\t\t<div class=\"elementor-widget-container\">\n\t\t\t\t\t\t\t<div class=\"elementor-shortcode\"><img loading=\"lazy\" decoding=\"async\" width=\"92\" height=\"106\" src=\"https:\/\/www.ninjaone.com\/wp-content\/uploads\/2026\/03\/g2-momentum-leader-spring-2026.svg\" class=\"attachment-full size-full\" alt=\"G2 Momentum Leader - Spring 2026\" title=\"g2-momentum-leader-spring-2026\" \/><\/div>\n\t\t\t\t\t\t<\/div>\n\t\t\t\t<\/div>\n\t\t\t\t<div class=\"elementor-element elementor-element-5a2591a elementor-widget elementor-widget-shortcode\" data-id=\"5a2591a\" data-element_type=\"widget\" data-e-type=\"widget\" data-widget_type=\"shortcode.default\">\n\t\t\t\t<div class=\"elementor-widget-container\">\n\t\t\t\t\t\t\t<div class=\"elementor-shortcode\"><img loading=\"lazy\" decoding=\"async\" width=\"92\" height=\"106\" src=\"https:\/\/www.ninjaone.com\/wp-content\/uploads\/2026\/03\/g2-best-usability-enterprise-spring-2026.svg\" class=\"attachment-full size-full\" alt=\"G2 Best Usability - Enterprise - Spring 2026\" title=\"g2-best-usability-enterprise-spring-2026\" \/><\/div>\n\t\t\t\t\t\t<\/div>\n\t\t\t\t<\/div>\n\t\t\t\t<div class=\"elementor-element elementor-element-78fac10 elementor-widget elementor-widget-shortcode\" data-id=\"78fac10\" data-element_type=\"widget\" data-e-type=\"widget\" data-widget_type=\"shortcode.default\">\n\t\t\t\t<div class=\"elementor-widget-container\">\n\t\t\t\t\t\t\t<div class=\"elementor-shortcode\"><img loading=\"lazy\" decoding=\"async\" width=\"92\" height=\"106\" src=\"https:\/\/www.ninjaone.com\/wp-content\/uploads\/2026\/03\/g2-high-performer-enterprise-spring-2026.svg\" class=\"attachment-full size-full\" alt=\"G2 High Performer - Enterprise - Spring 2026\" title=\"g2-high-performer-enterprise-spring-2026\" \/><\/div>\n\t\t\t\t\t\t<\/div>\n\t\t\t\t<\/div>\n\t\t\t\t\t<\/div>\n\t\t\t\t<\/div>\n\t\t\t\t<\/div>\n\t\t\t\t<\/div>\n\t\t\t\t\t\t<\/div>\n\t\t\t\t<\/div>\n\t\t\t\t\t<\/div>\n\t\t\t\t<\/section>\n\t\t\t\t<\/div>\n\t\t","protected":false},"excerpt":{"rendered":"<p>Una consola para todo, desde dispositivos m\u00f3viles a servidores (Webinar on-demand) Ver el webinar Acerca del webinar El uso de dispositivos m\u00f3viles se ha convertido en algo habitual en los lugares de trabajo modernos y dispersos, ya que ofrecen una gran conectividad, potencia inform\u00e1tica y facilidad de uso. Sin embargo, una gesti\u00f3n inadecuada puede causar [&hellip;]<\/p>\n","protected":false},"author":47,"featured_media":297996,"parent":0,"menu_order":3934,"comment_status":"closed","ping_status":"closed","template":"","meta":{"_acf_changed":false,"_relevanssi_hide_post":"","_relevanssi_hide_content":"","_relevanssi_pin_for_all":"","_relevanssi_pin_keywords":"","_relevanssi_unpin_keywords":"","_relevanssi_related_keywords":"","_relevanssi_related_include_ids":"","_relevanssi_related_exclude_ids":"","_relevanssi_related_no_append":"","_relevanssi_related_not_related":"","_relevanssi_related_posts":"","_relevanssi_noindex_reason":"","_lmt_disableupdate":"","_lmt_disable":"","footnotes":""},"class_list":["post-300321","page","type-page","status-publish","has-post-thumbnail","hentry"],"acf":[],"_links":{"self":[{"href":"https:\/\/www.ninjaone.com\/es\/wp-json\/wp\/v2\/pages\/300321","targetHints":{"allow":["GET"]}}],"collection":[{"href":"https:\/\/www.ninjaone.com\/es\/wp-json\/wp\/v2\/pages"}],"about":[{"href":"https:\/\/www.ninjaone.com\/es\/wp-json\/wp\/v2\/types\/page"}],"author":[{"embeddable":true,"href":"https:\/\/www.ninjaone.com\/es\/wp-json\/wp\/v2\/users\/47"}],"replies":[{"embeddable":true,"href":"https:\/\/www.ninjaone.com\/es\/wp-json\/wp\/v2\/comments?post=300321"}],"version-history":[{"count":0,"href":"https:\/\/www.ninjaone.com\/es\/wp-json\/wp\/v2\/pages\/300321\/revisions"}],"wp:featuredmedia":[{"embeddable":true,"href":"https:\/\/www.ninjaone.com\/es\/wp-json\/wp\/v2\/media\/297996"}],"wp:attachment":[{"href":"https:\/\/www.ninjaone.com\/es\/wp-json\/wp\/v2\/media?parent=300321"}],"curies":[{"name":"wp","href":"https:\/\/api.w.org\/{rel}","templated":true}]}}