{"id":278232,"date":"2024-06-21T15:26:30","date_gmt":"2024-06-21T15:26:30","guid":{"rendered":"https:\/\/www.ninjaone.com\/?page_id=278232"},"modified":"2024-08-29T17:17:56","modified_gmt":"2024-08-29T17:17:56","slug":"webinar-mdm-una-consola-para-todo","status":"publish","type":"page","link":"https:\/\/www.ninjaone.com\/es\/webinar-mdm-una-consola-para-todo\/","title":{"rendered":"Webinar sobre MDM"},"content":{"rendered":"\t\t<div data-elementor-type=\"wp-page\" data-elementor-id=\"278232\" class=\"elementor elementor-278232 elementor-276061\" data-elementor-post-type=\"page\">\n\t\t\t\t<div class=\"elementor-element elementor-element-e29f889 e-flex e-con-boxed e-con e-parent\" data-id=\"e29f889\" data-element_type=\"container\" data-e-type=\"container\">\n\t\t\t\t\t<div class=\"e-con-inner\">\n\t\t<div class=\"elementor-element elementor-element-76f1303 e-con-full e-flex e-con e-child\" data-id=\"76f1303\" data-element_type=\"container\" data-e-type=\"container\">\n\t\t\t\t<div class=\"elementor-element elementor-element-e3df82b elementor-widget elementor-widget-heading\" data-id=\"e3df82b\" data-element_type=\"widget\" data-e-type=\"widget\" data-widget_type=\"heading.default\">\n\t\t\t\t<div class=\"elementor-widget-container\">\n\t\t\t\t\t<h1 class=\"elementor-heading-title elementor-size-default\">Una consola para todo, desde dispositivos m\u00f3viles a servidores<\/h1>\t\t\t\t<\/div>\n\t\t\t\t<\/div>\n\t\t\t\t<div class=\"elementor-element elementor-element-badcab7 elementor-widget__width-inherit elementor-widget elementor-widget-text-editor\" data-id=\"badcab7\" data-element_type=\"widget\" data-e-type=\"widget\" data-widget_type=\"text-editor.default\">\n\t\t\t\t<div class=\"elementor-widget-container\">\n\t\t\t\t\t\t\t\t\t<p>(Webinar en espa\u00f1ol &#8211; 9 de julio a las 13:00)<\/p>\t\t\t\t\t\t\t\t<\/div>\n\t\t\t\t<\/div>\n\t\t\t\t<\/div>\n\t\t<div class=\"elementor-element elementor-element-ce8c432 e-con-full e-flex e-con e-child\" data-id=\"ce8c432\" data-element_type=\"container\" data-e-type=\"container\">\n\t\t\t\t<div class=\"elementor-element elementor-element-dd366d5 elementor-widget elementor-widget-heading\" data-id=\"dd366d5\" data-element_type=\"widget\" data-e-type=\"widget\" data-widget_type=\"heading.default\">\n\t\t\t\t<div class=\"elementor-widget-container\">\n\t\t\t\t\t<h2 class=\"elementor-heading-title elementor-size-default\">Reg\u00edstrate aqu\u00ed<\/h2>\t\t\t\t<\/div>\n\t\t\t\t<\/div>\n\t\t\t\t<div class=\"elementor-element elementor-element-aed41dc elementor-widget elementor-widget-image\" data-id=\"aed41dc\" data-element_type=\"widget\" data-e-type=\"widget\" data-widget_type=\"image.default\">\n\t\t\t\t<div class=\"elementor-widget-container\">\n\t\t\t\t\t\t\t\t\t\t\t\t\t\t\t\t<a href=\"https:\/\/ninjarmm.zoom.us\/webinar\/register\/1017192346772\/WN_XkPkWDR2RMe-IqoCEshMcQ\" target=\"_blank\" rel=\"noopener\">\n\t\t\t\t\t\t\t<img fetchpriority=\"high\" decoding=\"async\" width=\"1920\" height=\"1080\" src=\"https:\/\/www.ninjaone.com\/wp-content\/uploads\/2024\/06\/N1-1126-1920x1080-ES-1.png\" class=\" attachment-full size-full wp-image-280457\" alt=\"NinjaOne MDM webinar: una consola para todo, desde dispositivos m\u00f3viles a servidores\" srcset=\"https:\/\/www.ninjaone.com\/wp-content\/uploads\/2024\/06\/N1-1126-1920x1080-ES-1.png 1920w, https:\/\/www.ninjaone.com\/wp-content\/uploads\/2024\/06\/N1-1126-1920x1080-ES-1-300x169.png 300w, https:\/\/www.ninjaone.com\/wp-content\/uploads\/2024\/06\/N1-1126-1920x1080-ES-1-1024x576.png 1024w, https:\/\/www.ninjaone.com\/wp-content\/uploads\/2024\/06\/N1-1126-1920x1080-ES-1-768x432.png 768w, https:\/\/www.ninjaone.com\/wp-content\/uploads\/2024\/06\/N1-1126-1920x1080-ES-1-1536x864.png 1536w\" sizes=\"(max-width: 1920px) 100vw, 1920px\" title=\"N1-1126 1920x1080 ES\" \/>\t\t\t\t\t\t\t\t<\/a>\n\t\t\t\t\t\t\t\t\t\t\t\t\t\t\t<\/div>\n\t\t\t\t<\/div>\n\t\t<div class=\"elementor-element elementor-element-97b92d0 e-grid e-con-boxed e-con e-child\" data-id=\"97b92d0\" data-element_type=\"container\" data-e-type=\"container\">\n\t\t\t\t\t<div class=\"e-con-inner\">\n\t\t\t\t<div class=\"elementor-element elementor-element-75951bc elementor-widget__width-auto elementor-button-default elementor-widget elementor-widget-button\" data-id=\"75951bc\" data-element_type=\"widget\" data-e-type=\"widget\" data-widget_type=\"button.default\">\n\t\t\t\t<div class=\"elementor-widget-container\">\n\t\t\t\t\t\t\t\t\t<div class=\"elementor-button-wrapper\">\n\t\t\t\t\t<a class=\"elementor-button elementor-button-link elementor-size-md\" href=\"https:\/\/events.zoom.us\/ev\/AqDfK7izRe_3xyDIqpRfyYHywYLjY0ItE1ev9u-KbKOTmBOdOm8n~An_91pzzOD_QMSkk5awDHjD3RWotiAx9PQ6kJTVHZrf-16FLbFR-vM6SRtdx4Vfyi-FDUOv6Lk6A0tWdPCBMtVEHYA\" target=\"_blank\" rel=\"noopener\">\n\t\t\t\t\t\t<span class=\"elementor-button-content-wrapper\">\n\t\t\t\t\t\t\t\t\t<span class=\"elementor-button-text\">Reg\u00edstrate - 9 de julio a las 10:00 EST (ingl\u00e9s)<\/span>\n\t\t\t\t\t<\/span>\n\t\t\t\t\t<\/a>\n\t\t\t\t<\/div>\n\t\t\t\t\t\t\t\t<\/div>\n\t\t\t\t<\/div>\n\t\t\t\t<div class=\"elementor-element elementor-element-7041894 elementor-widget__width-auto elementor-button-secondary elementor-widget elementor-widget-button\" data-id=\"7041894\" data-element_type=\"widget\" data-e-type=\"widget\" data-widget_type=\"button.default\">\n\t\t\t\t<div class=\"elementor-widget-container\">\n\t\t\t\t\t\t\t\t\t<div class=\"elementor-button-wrapper\">\n\t\t\t\t\t<a class=\"elementor-button elementor-button-link elementor-size-md\" href=\"https:\/\/events.zoom.us\/ev\/AmvWIrj8Uz3ltrG4tWem8n4o9XuD8uYVXaqt1uJzP1ObQS9bQEbW~AkPM3BcxFB8QsP-RVG08b1pJRHCqlbXXiHjISwxrnUJS1O2tqrMdQodOAXsGV4JfFefhbNKrabqAz5i97DZIk11xdg\" target=\"_blank\" rel=\"noopener\">\n\t\t\t\t\t\t<span class=\"elementor-button-content-wrapper\">\n\t\t\t\t\t\t\t\t\t<span class=\"elementor-button-text\">Reg\u00edstrate - 9 de julio a las 19:00 EST (ingl\u00e9s)<\/span>\n\t\t\t\t\t<\/span>\n\t\t\t\t\t<\/a>\n\t\t\t\t<\/div>\n\t\t\t\t\t\t\t\t<\/div>\n\t\t\t\t<\/div>\n\t\t\t\t<div class=\"elementor-element elementor-element-2e19d08 elementor-widget__width-auto elementor-button-default elementor-widget elementor-widget-button\" data-id=\"2e19d08\" data-element_type=\"widget\" data-e-type=\"widget\" data-widget_type=\"button.default\">\n\t\t\t\t<div class=\"elementor-widget-container\">\n\t\t\t\t\t\t\t\t\t<div class=\"elementor-button-wrapper\">\n\t\t\t\t\t<a class=\"elementor-button elementor-button-link elementor-size-md\" href=\"https:\/\/ninjarmm.zoom.us\/webinar\/register\/1017192346772\/WN_XkPkWDR2RMe-IqoCEshMcQ\" target=\"_blank\" rel=\"noopener\">\n\t\t\t\t\t\t<span class=\"elementor-button-content-wrapper\">\n\t\t\t\t\t\t\t\t\t<span class=\"elementor-button-text\">Reg\u00edstrate - 9 de julio a las 13:00 CEST (espa\u00f1ol)<\/span>\n\t\t\t\t\t<\/span>\n\t\t\t\t\t<\/a>\n\t\t\t\t<\/div>\n\t\t\t\t\t\t\t\t<\/div>\n\t\t\t\t<\/div>\n\t\t\t\t<div class=\"elementor-element elementor-element-35421c8 elementor-widget__width-auto elementor-button-secondary elementor-widget elementor-widget-button\" data-id=\"35421c8\" data-element_type=\"widget\" data-e-type=\"widget\" data-widget_type=\"button.default\">\n\t\t\t\t<div class=\"elementor-widget-container\">\n\t\t\t\t\t\t\t\t\t<div class=\"elementor-button-wrapper\">\n\t\t\t\t\t<a class=\"elementor-button elementor-button-link elementor-size-md\" href=\"https:\/\/ninjarmm.zoom.us\/webinar\/register\/WN_rNqYjcBARmSNidr5EcBsxA#\/registration\" target=\"_blank\" rel=\"noopener\">\n\t\t\t\t\t\t<span class=\"elementor-button-content-wrapper\">\n\t\t\t\t\t\t\t\t\t<span class=\"elementor-button-text\">Reg\u00edstrate - 9 de julio a las 15:00 CEST (alem\u00e1n)<\/span>\n\t\t\t\t\t<\/span>\n\t\t\t\t\t<\/a>\n\t\t\t\t<\/div>\n\t\t\t\t\t\t\t\t<\/div>\n\t\t\t\t<\/div>\n\t\t\t\t<div class=\"elementor-element elementor-element-a34d9b6 elementor-widget__width-auto elementor-button-default elementor-widget elementor-widget-button\" data-id=\"a34d9b6\" data-element_type=\"widget\" data-e-type=\"widget\" data-widget_type=\"button.default\">\n\t\t\t\t<div class=\"elementor-widget-container\">\n\t\t\t\t\t\t\t\t\t<div class=\"elementor-button-wrapper\">\n\t\t\t\t\t<a class=\"elementor-button elementor-button-link elementor-size-md\" href=\"https:\/\/ninjarmm.zoom.us\/webinar\/register\/3017028920445\/WN_avKnSYiDTTu25NTEpsbpGA#\/registration\" target=\"_blank\" rel=\"noopener\">\n\t\t\t\t\t\t<span class=\"elementor-button-content-wrapper\">\n\t\t\t\t\t\t\t\t\t<span class=\"elementor-button-text\">Reg\u00edstrate - 10 de julio a las 16:30 CEST (franc\u00e9s)<\/span>\n\t\t\t\t\t<\/span>\n\t\t\t\t\t<\/a>\n\t\t\t\t<\/div>\n\t\t\t\t\t\t\t\t<\/div>\n\t\t\t\t<\/div>\n\t\t\t\t<div class=\"elementor-element elementor-element-5efe784 elementor-widget__width-auto elementor-button-secondary elementor-widget elementor-widget-button\" data-id=\"5efe784\" data-element_type=\"widget\" data-e-type=\"widget\" data-widget_type=\"button.default\">\n\t\t\t\t<div class=\"elementor-widget-container\">\n\t\t\t\t\t\t\t\t\t<div class=\"elementor-button-wrapper\">\n\t\t\t\t\t<a class=\"elementor-button elementor-button-link elementor-size-md\" href=\"https:\/\/ninjarmm.zoom.us\/webinar\/register\/WN_paRLYfuETK6fUkd-UuUkGQ#\/registration\" target=\"_blank\" rel=\"noopener\">\n\t\t\t\t\t\t<span class=\"elementor-button-content-wrapper\">\n\t\t\t\t\t\t\t\t\t<span class=\"elementor-button-text\">Reg\u00edstrate - 11 de julio a las 12:00 CEST (italiano)<\/span>\n\t\t\t\t\t<\/span>\n\t\t\t\t\t<\/a>\n\t\t\t\t<\/div>\n\t\t\t\t\t\t\t\t<\/div>\n\t\t\t\t<\/div>\n\t\t\t\t\t<\/div>\n\t\t\t\t<\/div>\n\t\t\t\t<\/div>\n\t\t<div class=\"elementor-element elementor-element-0069e71 e-con-full e-flex e-con e-child\" data-id=\"0069e71\" data-element_type=\"container\" data-e-type=\"container\">\n\t\t\t\t<div class=\"elementor-element elementor-element-6c88287 elementor-widget__width-inherit elementor-widget elementor-widget-heading\" data-id=\"6c88287\" data-element_type=\"widget\" data-e-type=\"widget\" data-widget_type=\"heading.default\">\n\t\t\t\t<div class=\"elementor-widget-container\">\n\t\t\t\t\t<h2 class=\"elementor-heading-title elementor-size-default\">Acerca del webinar<\/h2>\t\t\t\t<\/div>\n\t\t\t\t<\/div>\n\t\t\t\t<div class=\"elementor-element elementor-element-b26595b elementor-widget__width-inherit elementor-widget elementor-widget-text-editor\" data-id=\"b26595b\" data-element_type=\"widget\" data-e-type=\"widget\" data-widget_type=\"text-editor.default\">\n\t\t\t\t<div class=\"elementor-widget-container\">\n\t\t\t\t\t\t\t\t\t<p>El uso de dispositivos m\u00f3viles se ha convertido en algo habitual en los lugares de trabajo modernos y dispersos, ya que ofrecen una gran conectividad, potencia inform\u00e1tica y facilidad de uso. Sin embargo, una gesti\u00f3n inadecuada puede causar frustraci\u00f3n en los usuarios y aumentar la superficie de ataque de una empresa. Por suerte, NinjaOne resuelve este problema.<\/p><p>Tenemos el placer de anunciar el lanzamiento oficial de <strong>NinjaOne MDM<\/strong>. Como una extensi\u00f3n natural de nuestra plataforma de gesti\u00f3n de endpoints, considerada la mejor del sector, NinjaOne MDM ayuda a los equipos de TI a reducir los costes y la complejidad al tiempo que mejora la seguridad. Permite una gesti\u00f3n eficiente de los dispositivos m\u00f3viles Android y Apple, as\u00ed como Windows, macOS, Linux, m\u00e1quinas virtuales y dispositivos de red, todo desde una \u00fanica consola f\u00e1cil de usar. \u00bfSuena interesante?<\/p><p>\u00danete a Jos\u00e9 Correa, nuestro Solutions Engineer, para descubrir c\u00f3mo NinjaOne MDM permite a los equipos de TI de todos los tama\u00f1os y niveles de experiencia:<\/p><ul><li>Gestionar, brindar asistencia y proteger los dispositivos m\u00f3viles<\/li><li>Centralizar la tecnolog\u00eda para reducir costes y simplificar la gesti\u00f3n<\/li><li>Mejorar la eficiencia de TI y la calidad del servicio con una plataforma intuitiva y f\u00e1cil de usar<\/li><\/ul><p>Descubre de primera mano el valor de NinjaOne MDM para la gesti\u00f3n de dispositivos, aplicaciones y acciones remotas para dispositivos m\u00f3viles Apple y Android. Si te est\u00e1 costando administrar tus dispositivos m\u00f3viles gestionados o est\u00e1s pensando en optimizar tu pila tecnol\u00f3gica, \u00a1no te pierdas esta sesi\u00f3n!<\/p>\t\t\t\t\t\t\t\t<\/div>\n\t\t\t\t<\/div>\n\t\t\t\t<\/div>\n\t\t\t\t\t<\/div>\n\t\t\t\t<\/div>\n\t\t<div class=\"elementor-element elementor-element-11a8ec5 e-con-full e-flex e-con e-parent\" data-id=\"11a8ec5\" data-element_type=\"container\" data-e-type=\"container\">\n\t\t\t\t<div class=\"elementor-element elementor-element-cbb45f1 elementor-widget elementor-widget-template\" data-id=\"cbb45f1\" data-element_type=\"widget\" data-e-type=\"widget\" data-widget_type=\"template.default\">\n\t\t\t\t<div class=\"elementor-widget-container\">\n\t\t\t\t\t\t\t<div class=\"elementor-template\">\n\t\t\t\t\t<div data-elementor-type=\"section\" data-elementor-id=\"530596\" class=\"elementor elementor-530596 elementor-53252 elementor-53252\" data-elementor-post-type=\"elementor_library\">\n\t\t\t<div class=\"elementor-element elementor-element-118f865 badges expand e-flex e-con-boxed e-con e-parent\" data-id=\"118f865\" data-element_type=\"container\" data-e-type=\"container\">\n\t\t\t\t\t<div class=\"e-con-inner\">\n\t\t\t\t<div class=\"elementor-element elementor-element-0a2450f elementor-widget elementor-widget-shortcode\" data-id=\"0a2450f\" data-element_type=\"widget\" data-e-type=\"widget\" data-widget_type=\"shortcode.default\">\n\t\t\t\t<div class=\"elementor-widget-container\">\n\t\t\t\t\t\t\t<div class=\"elementor-shortcode\"><img decoding=\"async\" width=\"92\" height=\"106\" src=\"https:\/\/www.ninjaone.com\/wp-content\/uploads\/2026\/03\/g2-leader-spring-2026.svg\" class=\"attachment-full size-full\" alt=\"G2 Leader - Spring 2026\" title=\"g2-leader-spring-2026\" \/><\/div>\n\t\t\t\t\t\t<\/div>\n\t\t\t\t<\/div>\n\t\t\t\t<div class=\"elementor-element elementor-element-530c0a6 elementor-widget elementor-widget-shortcode\" data-id=\"530c0a6\" data-element_type=\"widget\" data-e-type=\"widget\" data-widget_type=\"shortcode.default\">\n\t\t\t\t<div class=\"elementor-widget-container\">\n\t\t\t\t\t\t\t<div class=\"elementor-shortcode\"><img decoding=\"async\" width=\"92\" height=\"106\" src=\"https:\/\/www.ninjaone.com\/wp-content\/uploads\/2026\/03\/g2-best-results-spring-2026.svg\" class=\"attachment-full size-full\" alt=\"G2 Best Results - Spring 2026\" title=\"g2-best-results-spring-2026\" \/><\/div>\n\t\t\t\t\t\t<\/div>\n\t\t\t\t<\/div>\n\t\t\t\t<div class=\"elementor-element elementor-element-3696d1f elementor-widget elementor-widget-shortcode\" data-id=\"3696d1f\" data-element_type=\"widget\" data-e-type=\"widget\" data-widget_type=\"shortcode.default\">\n\t\t\t\t<div class=\"elementor-widget-container\">\n\t\t\t\t\t\t\t<div class=\"elementor-shortcode\"><img loading=\"lazy\" decoding=\"async\" width=\"92\" height=\"106\" src=\"https:\/\/www.ninjaone.com\/wp-content\/uploads\/2026\/03\/g2-most-implementable-spring-2026.svg\" class=\"attachment-full size-full\" alt=\"G2 Most Implementable - Spring 2026\" title=\"g2-most-implementable-spring-2026\" \/><\/div>\n\t\t\t\t\t\t<\/div>\n\t\t\t\t<\/div>\n\t\t\t\t<div class=\"elementor-element elementor-element-5f0b520 elementor-widget elementor-widget-shortcode\" data-id=\"5f0b520\" data-element_type=\"widget\" data-e-type=\"widget\" data-widget_type=\"shortcode.default\">\n\t\t\t\t<div class=\"elementor-widget-container\">\n\t\t\t\t\t\t\t<div class=\"elementor-shortcode\"><img loading=\"lazy\" decoding=\"async\" width=\"92\" height=\"106\" src=\"https:\/\/www.ninjaone.com\/wp-content\/uploads\/2026\/03\/g2-best-relationship-spring-2026.svg\" class=\"attachment-full size-full\" alt=\"G2\" title=\"g2-best-relationship-spring-2026\" \/><\/div>\n\t\t\t\t\t\t<\/div>\n\t\t\t\t<\/div>\n\t\t\t\t<div class=\"elementor-element elementor-element-c1aea07 elementor-widget elementor-widget-shortcode\" data-id=\"c1aea07\" data-element_type=\"widget\" data-e-type=\"widget\" data-widget_type=\"shortcode.default\">\n\t\t\t\t<div class=\"elementor-widget-container\">\n\t\t\t\t\t\t\t<div class=\"elementor-shortcode\"><img loading=\"lazy\" decoding=\"async\" width=\"92\" height=\"106\" src=\"https:\/\/www.ninjaone.com\/wp-content\/uploads\/2026\/03\/g2-momentum-leader-spring-2026.svg\" class=\"attachment-full size-full\" alt=\"G2 Momentum Leader - Spring 2026\" title=\"g2-momentum-leader-spring-2026\" \/><\/div>\n\t\t\t\t\t\t<\/div>\n\t\t\t\t<\/div>\n\t\t\t\t<div class=\"elementor-element elementor-element-5a2591a elementor-widget elementor-widget-shortcode\" data-id=\"5a2591a\" data-element_type=\"widget\" data-e-type=\"widget\" data-widget_type=\"shortcode.default\">\n\t\t\t\t<div class=\"elementor-widget-container\">\n\t\t\t\t\t\t\t<div class=\"elementor-shortcode\"><img loading=\"lazy\" decoding=\"async\" width=\"92\" height=\"106\" src=\"https:\/\/www.ninjaone.com\/wp-content\/uploads\/2026\/03\/g2-best-usability-enterprise-spring-2026.svg\" class=\"attachment-full size-full\" alt=\"G2 Best Usability - Enterprise - Spring 2026\" title=\"g2-best-usability-enterprise-spring-2026\" \/><\/div>\n\t\t\t\t\t\t<\/div>\n\t\t\t\t<\/div>\n\t\t\t\t<div class=\"elementor-element elementor-element-78fac10 elementor-widget elementor-widget-shortcode\" data-id=\"78fac10\" data-element_type=\"widget\" data-e-type=\"widget\" data-widget_type=\"shortcode.default\">\n\t\t\t\t<div class=\"elementor-widget-container\">\n\t\t\t\t\t\t\t<div class=\"elementor-shortcode\"><img loading=\"lazy\" decoding=\"async\" width=\"92\" height=\"106\" src=\"https:\/\/www.ninjaone.com\/wp-content\/uploads\/2026\/03\/g2-high-performer-enterprise-spring-2026.svg\" class=\"attachment-full size-full\" alt=\"G2 High Performer - Enterprise - Spring 2026\" title=\"g2-high-performer-enterprise-spring-2026\" \/><\/div>\n\t\t\t\t\t\t<\/div>\n\t\t\t\t<\/div>\n\t\t\t\t\t<\/div>\n\t\t\t\t<\/div>\n\t\t\t\t<\/div>\n\t\t\t\t<\/div>\n\t\t\t\t\t\t<\/div>\n\t\t\t\t<\/div>\n\t\t\t\t<\/div>\n\t\t\t\t<\/div>\n\t\t","protected":false},"excerpt":{"rendered":"<p>Una consola para todo, desde dispositivos m\u00f3viles a servidores (Webinar en espa\u00f1ol &#8211; 9 de julio a las 13:00) Reg\u00edstrate aqu\u00ed Reg\u00edstrate &#8211; 9 de julio a las 10:00 EST (ingl\u00e9s) Reg\u00edstrate &#8211; 9 de julio a las 19:00 EST (ingl\u00e9s) Reg\u00edstrate &#8211; 9 de julio a las 13:00 CEST (espa\u00f1ol) Reg\u00edstrate &#8211; 9 de [&hellip;]<\/p>\n","protected":false},"author":47,"featured_media":276102,"parent":0,"menu_order":3875,"comment_status":"closed","ping_status":"closed","template":"","meta":{"_acf_changed":false,"_relevanssi_hide_post":"","_relevanssi_hide_content":"","_relevanssi_pin_for_all":"","_relevanssi_pin_keywords":"","_relevanssi_unpin_keywords":"","_relevanssi_related_keywords":"","_relevanssi_related_include_ids":"","_relevanssi_related_exclude_ids":"","_relevanssi_related_no_append":"","_relevanssi_related_not_related":"","_relevanssi_related_posts":"","_relevanssi_noindex_reason":"","_lmt_disableupdate":"no","_lmt_disable":"","footnotes":""},"class_list":["post-278232","page","type-page","status-publish","has-post-thumbnail","hentry"],"acf":[],"_links":{"self":[{"href":"https:\/\/www.ninjaone.com\/es\/wp-json\/wp\/v2\/pages\/278232","targetHints":{"allow":["GET"]}}],"collection":[{"href":"https:\/\/www.ninjaone.com\/es\/wp-json\/wp\/v2\/pages"}],"about":[{"href":"https:\/\/www.ninjaone.com\/es\/wp-json\/wp\/v2\/types\/page"}],"author":[{"embeddable":true,"href":"https:\/\/www.ninjaone.com\/es\/wp-json\/wp\/v2\/users\/47"}],"replies":[{"embeddable":true,"href":"https:\/\/www.ninjaone.com\/es\/wp-json\/wp\/v2\/comments?post=278232"}],"version-history":[{"count":0,"href":"https:\/\/www.ninjaone.com\/es\/wp-json\/wp\/v2\/pages\/278232\/revisions"}],"wp:featuredmedia":[{"embeddable":true,"href":"https:\/\/www.ninjaone.com\/es\/wp-json\/wp\/v2\/media\/276102"}],"wp:attachment":[{"href":"https:\/\/www.ninjaone.com\/es\/wp-json\/wp\/v2\/media?parent=278232"}],"curies":[{"name":"wp","href":"https:\/\/api.w.org\/{rel}","templated":true}]}}