{"id":164114,"date":"2023-11-16T08:28:29","date_gmt":"2023-11-16T08:28:29","guid":{"rendered":"https:\/\/www.ninjaone.com\/experiencia-del-cliente\/"},"modified":"2026-01-09T08:55:57","modified_gmt":"2026-01-09T08:55:57","slug":"experiencia-del-cliente","status":"publish","type":"page","link":"https:\/\/www.ninjaone.com\/es\/experiencia-del-cliente\/","title":{"rendered":"Experiencia del cliente"},"content":{"rendered":"\t\t<div data-elementor-type=\"wp-page\" data-elementor-id=\"164114\" class=\"elementor elementor-164114 elementor-34217\" data-elementor-post-type=\"page\">\n\t\t\t\t<main class=\"elementor-element elementor-element-0f46327 e-flex e-con-boxed e-con e-parent\" data-id=\"0f46327\" data-element_type=\"container\" data-e-type=\"container\">\n\t\t\t\t\t<div class=\"e-con-inner\">\n\t\t\t\t<div class=\"elementor-element elementor-element-45b2b3c elementor-widget elementor-widget-heading\" data-id=\"45b2b3c\" data-element_type=\"widget\" data-e-type=\"widget\" data-widget_type=\"heading.default\">\n\t\t\t\t<div class=\"elementor-widget-container\">\n\t\t\t\t\t<h1 class=\"elementor-heading-title elementor-size-default\">\u00c9xito y servicios de asistencia<\/h1>\t\t\t\t<\/div>\n\t\t\t\t<\/div>\n\t\t\t\t<div class=\"elementor-element elementor-element-07abf29 p-no-margin elementor-widget elementor-widget-text-editor\" data-id=\"07abf29\" data-element_type=\"widget\" data-e-type=\"widget\" data-widget_type=\"text-editor.default\">\n\t\t\t\t<div class=\"elementor-widget-container\">\n\t\t\t\t\t\t\t\t\t<p>Estamos comprometidos con el \u00e9xito de nuestros clientes. NinjaOne ofrece a tu equipo la automatizaci\u00f3n y la eficiencia necesarias para simplificar la TI, con el respaldo continuo de la experiencia r\u00e1pida y fiable de NinjaOne en cada paso del camino.<\/p>\t\t\t\t\t\t\t\t<\/div>\n\t\t\t\t<\/div>\n\t\t<div class=\"elementor-element elementor-element-187b3cb e-con-full e-flex e-con e-child\" data-id=\"187b3cb\" data-element_type=\"container\" data-e-type=\"container\">\n\t\t\t\t<div class=\"elementor-element elementor-element-64495cf elementor-mobile-align-justify elementor-widget-mobile__width-inherit elementor-button-default elementor-widget elementor-widget-button\" data-id=\"64495cf\" data-element_type=\"widget\" data-e-type=\"widget\" data-js=\"free-trial-hero\" data-widget_type=\"button.default\">\n\t\t\t\t<div class=\"elementor-widget-container\">\n\t\t\t\t\t\t\t\t\t<div class=\"elementor-button-wrapper\">\n\t\t\t\t\t<a class=\"elementor-button elementor-button-link elementor-size-sm\" href=\"https:\/\/www.ninjaone.com\/es\/prueba-gratuita-formulario\/\" aria-label=\"Free Trial\" id=\"free-trial-hero\">\n\t\t\t\t\t\t<span class=\"elementor-button-content-wrapper\">\n\t\t\t\t\t\t\t\t\t<span class=\"elementor-button-text\">Prueba gratuita<\/span>\n\t\t\t\t\t<\/span>\n\t\t\t\t\t<\/a>\n\t\t\t\t<\/div>\n\t\t\t\t\t\t\t\t<\/div>\n\t\t\t\t<\/div>\n\t\t\t\t<div class=\"elementor-element elementor-element-00cd24f elementor-align-justify elementor-widget-mobile__width-inherit elementor-tablet-align-left elementor-mobile-align-justify button-wrap elementor-button-secondary elementor-widget elementor-widget-button\" data-id=\"00cd24f\" data-element_type=\"widget\" data-e-type=\"widget\" data-js=\"free-demo-hero\" data-widget_type=\"button.default\">\n\t\t\t\t<div class=\"elementor-widget-container\">\n\t\t\t\t\t\t\t\t\t<div class=\"elementor-button-wrapper\">\n\t\t\t\t\t<a class=\"elementor-button elementor-button-link elementor-size-md\" href=\"https:\/\/www.ninjaone.com\/es\/free-demo\/\" aria-label=\"Watch a Demo\" id=\"free-demo-hero\">\n\t\t\t\t\t\t<span class=\"elementor-button-content-wrapper\">\n\t\t\t\t\t\t\t\t\t<span class=\"elementor-button-text\">Ver una demo<\/span>\n\t\t\t\t\t<\/span>\n\t\t\t\t\t<\/a>\n\t\t\t\t<\/div>\n\t\t\t\t\t\t\t\t<\/div>\n\t\t\t\t<\/div>\n\t\t\t\t<\/div>\n\t\t\t\t\t<\/div>\n\t\t\t\t<\/main>\n\t\t<section class=\"elementor-element elementor-element-bfad2fd e-flex e-con-boxed e-con e-child\" data-id=\"bfad2fd\" data-element_type=\"container\" data-e-type=\"container\" data-settings=\"{&quot;background_background&quot;:&quot;classic&quot;}\">\n\t\t\t\t\t<div class=\"e-con-inner\">\n\t\t<div class=\"elementor-element elementor-element-55e4cd7 e-con-full e-flex e-con e-child\" data-id=\"55e4cd7\" data-element_type=\"container\" data-e-type=\"container\">\n\t\t<div class=\"elementor-element elementor-element-8f179ec e-con-full e-flex e-con e-child\" data-id=\"8f179ec\" data-element_type=\"container\" data-e-type=\"container\" data-settings=\"{&quot;animation_tablet&quot;:&quot;none&quot;}\">\n\t\t\t\t<div class=\"elementor-element elementor-element-ff77324 elementor-widget elementor-widget-heading\" data-id=\"ff77324\" data-element_type=\"widget\" data-e-type=\"widget\" data-widget_type=\"heading.default\">\n\t\t\t\t<div class=\"elementor-widget-container\">\n\t\t\t\t\t<h3 class=\"elementor-heading-title elementor-size-default\">Incorporaci\u00f3n<\/h3>\t\t\t\t<\/div>\n\t\t\t\t<\/div>\n\t\t\t\t<div class=\"elementor-element elementor-element-282214b elementor-widget elementor-widget-text-editor\" data-id=\"282214b\" data-element_type=\"widget\" data-e-type=\"widget\" data-widget_type=\"text-editor.default\">\n\t\t\t\t<div class=\"elementor-widget-container\">\n\t\t\t\t\t\t\t\t\t<p>Nos comprometemos con tu \u00e9xito desde el primer d\u00eda. Gracias a nuestra incorporaci\u00f3n gratuita e ilimitada, ser\u00e1s operativo en muy poco tiempo.<\/p>\t\t\t\t\t\t\t\t<\/div>\n\t\t\t\t<\/div>\n\t\t\t\t<\/div>\n\t\t<div class=\"elementor-element elementor-element-1dc4d59 e-con-full e-flex e-con e-child\" data-id=\"1dc4d59\" data-element_type=\"container\" data-e-type=\"container\" data-settings=\"{&quot;animation_tablet&quot;:&quot;none&quot;}\">\n\t\t\t\t<div class=\"elementor-element elementor-element-cb676df elementor-widget elementor-widget-heading\" data-id=\"cb676df\" data-element_type=\"widget\" data-e-type=\"widget\" data-widget_type=\"heading.default\">\n\t\t\t\t<div class=\"elementor-widget-container\">\n\t\t\t\t\t<h3 class=\"elementor-heading-title elementor-size-default\">Asistencia<\/h3>\t\t\t\t<\/div>\n\t\t\t\t<\/div>\n\t\t\t\t<div class=\"elementor-element elementor-element-9fa7529 elementor-widget elementor-widget-text-editor\" data-id=\"9fa7529\" data-element_type=\"widget\" data-e-type=\"widget\" data-widget_type=\"text-editor.default\">\n\t\t\t\t<div class=\"elementor-widget-container\">\n\t\t\t\t\t\t\t\t\t<p>No eres un ticket o un n\u00famero en una pantalla. Puedes considerar a nuestro equipo de soporte como a una extensi\u00f3n de tu empresa sin coste adicional.<\/p>\t\t\t\t\t\t\t\t<\/div>\n\t\t\t\t<\/div>\n\t\t\t\t<\/div>\n\t\t<div class=\"elementor-element elementor-element-2e6182f e-con-full e-flex e-con e-child\" data-id=\"2e6182f\" data-element_type=\"container\" data-e-type=\"container\" data-settings=\"{&quot;animation_tablet&quot;:&quot;none&quot;}\">\n\t\t\t\t<div class=\"elementor-element elementor-element-09c14d7 elementor-widget elementor-widget-heading\" data-id=\"09c14d7\" data-element_type=\"widget\" data-e-type=\"widget\" data-widget_type=\"heading.default\">\n\t\t\t\t<div class=\"elementor-widget-container\">\n\t\t\t\t\t<h3 class=\"elementor-heading-title elementor-size-default\">Formaci\u00f3n\u00a0<\/h3>\t\t\t\t<\/div>\n\t\t\t\t<\/div>\n\t\t\t\t<div class=\"elementor-element elementor-element-204b320 elementor-widget elementor-widget-text-editor\" data-id=\"204b320\" data-element_type=\"widget\" data-e-type=\"widget\" data-widget_type=\"text-editor.default\">\n\t\t\t\t<div class=\"elementor-widget-container\">\n\t\t\t\t\t\t\t\t\t<p>Convi\u00e9rtete en un ninja inform\u00e1tico certificado. Avanza en tu carrera y forma a tu equipo con la <a href=\"https:\/\/www.ninjaone.com\/es\/ninjaone-academy\/\">NinjaOne Academy<\/a>.<\/p>\t\t\t\t\t\t\t\t<\/div>\n\t\t\t\t<\/div>\n\t\t\t\t<\/div>\n\t\t\t\t<\/div>\n\t\t\t\t\t<\/div>\n\t\t\t\t<\/section>\n\t\t<div class=\"elementor-element elementor-element-1a7a20c e-flex e-con-boxed e-con e-parent\" data-id=\"1a7a20c\" data-element_type=\"container\" data-e-type=\"container\" data-settings=\"{&quot;background_background&quot;:&quot;classic&quot;}\">\n\t\t\t\t\t<div class=\"e-con-inner\">\n\t\t<div class=\"elementor-element elementor-element-10bcc0a e-con-full e-flex e-con e-child\" data-id=\"10bcc0a\" data-element_type=\"container\" data-e-type=\"container\" data-settings=\"{&quot;background_background&quot;:&quot;classic&quot;}\">\n\t\t\t\t<div class=\"elementor-element elementor-element-80c5931 elementor-widget elementor-widget-image\" data-id=\"80c5931\" data-element_type=\"widget\" data-e-type=\"widget\" data-widget_type=\"image.default\">\n\t\t\t\t<div class=\"elementor-widget-container\">\n\t\t\t\t\t\t\t\t\t\t\t\t\t\t\t<img decoding=\"async\" width=\"33\" height=\"25\" src=\"https:\/\/www.ninjaone.com\/wp-content\/uploads\/2024\/09\/left-quote-icon.svg\" class=\" attachment-large size-large wp-image-330255\" alt=\"Icono de cita\" title=\"left-quote-icon\" \/>\t\t\t\t\t\t\t\t\t\t\t\t\t\t\t<\/div>\n\t\t\t\t<\/div>\n\t\t\t\t<div class=\"elementor-element elementor-element-04b17f2 p-no-margin elementor-widget elementor-widget-text-editor\" data-id=\"04b17f2\" data-element_type=\"widget\" data-e-type=\"widget\" data-widget_type=\"text-editor.default\">\n\t\t\t\t<div class=\"elementor-widget-container\">\n\t\t\t\t\t\t\t\t\t<p>En NinjaOne, nuestra relaci\u00f3n comienza con el primer contacto. Nos esforzamos mucho en garantizar que cada interacci\u00f3n sea sencilla, gratificante y exitosa, para que te sientas orgulloso de tu decisi\u00f3n de convertirte en un Ninja\u00bb.<\/p>\t\t\t\t\t\t\t\t<\/div>\n\t\t\t\t<\/div>\n\t\t\t\t<div class=\"elementor-element elementor-element-e75352c p-no-margin elementor-widget elementor-widget-text-editor\" data-id=\"e75352c\" data-element_type=\"widget\" data-e-type=\"widget\" data-widget_type=\"text-editor.default\">\n\t\t\t\t<div class=\"elementor-widget-container\">\n\t\t\t\t\t\t\t\t\t<p>Michael Shelton,<br \/>Vicepresidente de Soporte Global de Producto,<br \/>NinjaOne<\/p>\t\t\t\t\t\t\t\t<\/div>\n\t\t\t\t<\/div>\n\t\t\t\t<\/div>\n\t\t<div class=\"elementor-element elementor-element-1ec6e7f e-con-full e-flex e-con e-child\" data-id=\"1ec6e7f\" data-element_type=\"container\" data-e-type=\"container\" data-settings=\"{&quot;background_background&quot;:&quot;classic&quot;}\">\n\t\t\t\t<div class=\"elementor-element elementor-element-6882f13 elementor-widget elementor-widget-html\" data-id=\"6882f13\" data-element_type=\"widget\" data-e-type=\"widget\" data-widget_type=\"html.default\">\n\t\t\t\t<div class=\"elementor-widget-container\">\n\t\t\t\t\t<iframe width=\"560\" height=\"315\" src=\"https:\/\/www.youtube.com\/embed\/videoseries?si=3nZdy6bSMqN4PXac&amp;list=PLlbgxPOaUMCB5H4HVTD1RVjw1nD2EBOSb&rel=0&modestbranding=1&controls=1\" title=\"Reproductor de v\u00eddeo de YouTube\" frameborder=\"0\" allow=\"accelerometer; autoplay; clipboard-write; encrypted-media; gyroscope; picture-in-picture; web-share\" referrerpolicy=\"strict-origin-when-cross-origin\" allowfullscreen><\/iframe>\t\t\t\t<\/div>\n\t\t\t\t<\/div>\n\t\t\t\t<\/div>\n\t\t\t\t\t<\/div>\n\t\t\t\t<\/div>\n\t\t<div class=\"elementor-element elementor-element-93b940a e-flex e-con-boxed e-con e-parent\" data-id=\"93b940a\" data-element_type=\"container\" data-e-type=\"container\">\n\t\t\t\t\t<div class=\"e-con-inner\">\n\t\t<div class=\"elementor-element elementor-element-64696a5 e-con-full e-flex e-con e-child\" data-id=\"64696a5\" data-element_type=\"container\" data-e-type=\"container\" data-settings=\"{&quot;background_background&quot;:&quot;gradient&quot;}\">\n\t\t\t\t<div class=\"elementor-element elementor-element-dbc8b65 elementor-widget elementor-widget-heading\" data-id=\"dbc8b65\" data-element_type=\"widget\" data-e-type=\"widget\" data-widget_type=\"heading.default\">\n\t\t\t\t<div class=\"elementor-widget-container\">\n\t\t\t\t\t<h2 class=\"elementor-heading-title elementor-size-default\">Tiempo de respuesta<\/h2>\t\t\t\t<\/div>\n\t\t\t\t<\/div>\n\t\t\t\t<div class=\"elementor-element elementor-element-17886b5 elementor-widget elementor-widget-shortcode\" data-id=\"17886b5\" data-element_type=\"widget\" data-e-type=\"widget\" data-widget_type=\"shortcode.default\">\n\t\t\t\t<div class=\"elementor-widget-container\">\n\t\t\t\t\t\t\t<div class=\"elementor-shortcode\">\t\n\t<div class=\"ce-chart-wrapper\">\n\t\t<h3 class=\"step-5-strong\">31m<\/h3>\n\t\t<p class=\"step--1-strong\">Media anual<\/p>\n\t    <div id=\"response-time\" class=\"chart\"><\/div>\n\t<\/div>\n\t<script>\n\t\tfunction chartKickResponseTimeInit(event) {\n\t\t\tnew Chartkick.LineChart(\"response-time\", {\"Ene\":25,\"Feb\":28,\"Mar\":23,\"Abr\":21,\"May\":34,\"Jun\":36,\"Jul\":38,\"Ago\":37,\"Sep\":31,\"Oct\":34,\"Nov\":37,\"Dic\":33}, {download: false, suffix: \" minutos\", height: \"392px\", \"colors\": [\"#04FF88\", \"#17E685\"]});\n\t\t}\n\t\tdocument.addEventListener(\"DOMContentLoaded\", function() { \n\t\t\tchartKickResponseTimeInit();\n\t\t}, { once: true });\n\t<\/script>\n<\/div>\n\t\t\t\t\t\t<\/div>\n\t\t\t\t<\/div>\n\t\t\t\t<\/div>\n\t\t\t\t\t<\/div>\n\t\t\t\t<\/div>\n\t\t<div class=\"elementor-element elementor-element-eb74557 e-flex e-con-boxed e-con e-parent\" data-id=\"eb74557\" data-element_type=\"container\" data-e-type=\"container\">\n\t\t\t\t\t<div class=\"e-con-inner\">\n\t\t<div class=\"elementor-element elementor-element-aba84e3 e-con-full e-flex e-con e-child\" data-id=\"aba84e3\" data-element_type=\"container\" data-e-type=\"container\" data-settings=\"{&quot;background_background&quot;:&quot;gradient&quot;}\">\n\t\t\t\t<div class=\"elementor-element elementor-element-1069aca elementor-widget elementor-widget-heading\" data-id=\"1069aca\" data-element_type=\"widget\" data-e-type=\"widget\" data-widget_type=\"heading.default\">\n\t\t\t\t<div class=\"elementor-widget-container\">\n\t\t\t\t\t<h2 class=\"elementor-heading-title elementor-size-default\">Puntuaci\u00f3n CSAT<\/h2>\t\t\t\t<\/div>\n\t\t\t\t<\/div>\n\t\t\t\t<div class=\"elementor-element elementor-element-7d7c6d8 elementor-widget elementor-widget-shortcode\" data-id=\"7d7c6d8\" data-element_type=\"widget\" data-e-type=\"widget\" data-widget_type=\"shortcode.default\">\n\t\t\t\t<div class=\"elementor-widget-container\">\n\t\t\t\t\t\t\t<div class=\"elementor-shortcode\">\t\n\t<div class=\"ce-chart-wrapper\">\n\t\t<h3 class=\"step-5-strong\">98.4 CSAT<\/h3>\n\t\t<p class=\"step--1-strong\">Media anual<\/p>\n\t    <div id=\"csat\" class=\"chart\"><\/div>\n\t<\/div>\n\t<script>\n\tfunction chartKickCsatInit() {\n\t\tnew Chartkick.LineChart(\"csat\", {\"Ene\":\"98.1\",\"Feb\":\"98.8\",\"Mar\":\"98.1\",\"Abr\":\"98.1\",\"May\":\"98.7\",\"Jun\":\"98.5\",\"Jul\":\"97.6\",\"Ago\":\"98.7\",\"Sep\":\"98.0\",\"Oct\":\"99.1\",\"Nov\":\"98.3\"}, {download: false, suffix: \" CSAT\", height: \"392px\", \"colors\": [\"#04FF88\", \"#17E685\"]});\n\t}\n\tdocument.addEventListener(\"DOMContentLoaded\", function() {\n\t\tchartKickCsatInit();\n\t}, { once: true });\t\n\t<\/script>\n<\/div>\n\t\t\t\t\t\t<\/div>\n\t\t\t\t<\/div>\n\t\t\t\t<\/div>\n\t\t\t\t\t<\/div>\n\t\t\t\t<\/div>\n\t\t<div class=\"elementor-element elementor-element-64d39fd e-flex e-con-boxed e-con e-parent\" data-id=\"64d39fd\" data-element_type=\"container\" data-e-type=\"container\" data-settings=\"{&quot;background_background&quot;:&quot;classic&quot;}\">\n\t\t\t\t\t<div class=\"e-con-inner\">\n\t\t<div class=\"elementor-element elementor-element-ff9d74d e-con-full elementor-hidden-mobile e-flex e-con e-child\" data-id=\"ff9d74d\" data-element_type=\"container\" data-e-type=\"container\" data-settings=\"{&quot;background_background&quot;:&quot;classic&quot;}\">\n\t\t\t\t<div class=\"elementor-element elementor-element-e7f83af elementor-widget elementor-widget-image\" data-id=\"e7f83af\" data-element_type=\"widget\" data-e-type=\"widget\" data-widget_type=\"image.default\">\n\t\t\t\t<div class=\"elementor-widget-container\">\n\t\t\t\t\t\t\t\t\t\t\t\t\t\t\t<img decoding=\"async\" width=\"33\" height=\"25\" src=\"https:\/\/www.ninjaone.com\/wp-content\/uploads\/2024\/09\/left-quote-icon.svg\" class=\" attachment-large size-large wp-image-330255\" alt=\"Icono de cita\" title=\"left-quote-icon\" \/>\t\t\t\t\t\t\t\t\t\t\t\t\t\t\t<\/div>\n\t\t\t\t<\/div>\n\t\t\t\t<div class=\"elementor-element elementor-element-25de207 p-no-margin elementor-widget elementor-widget-text-editor\" data-id=\"25de207\" data-element_type=\"widget\" data-e-type=\"widget\" data-widget_type=\"text-editor.default\">\n\t\t\t\t<div class=\"elementor-widget-container\">\n\t\t\t\t\t\t\t\t\t<p>Transladar 100.000 dispositivos en 90 d\u00edas no es tarea f\u00e1cil&#8230; Antes de la migraci\u00f3n, NinjaOne prepar\u00f3 los recursos que necesit\u00e1bamos para tener \u00e9xito: documentaci\u00f3n, el Dojo y asistencia t\u00e9cnica. Nos acompa\u00f1aron en todo momento\u00bb.<\/p>\t\t\t\t\t\t\t\t<\/div>\n\t\t\t\t<\/div>\n\t\t\t\t<div class=\"elementor-element elementor-element-1b5a67b p-no-margin elementor-widget elementor-widget-text-editor\" data-id=\"1b5a67b\" data-element_type=\"widget\" data-e-type=\"widget\" data-widget_type=\"text-editor.default\">\n\t\t\t\t<div class=\"elementor-widget-container\">\n\t\t\t\t\t\t\t\t\t<p>Dan Shapero,<br \/>Presidente\/COO,<br \/>TeamLogic TI<\/p>\t\t\t\t\t\t\t\t<\/div>\n\t\t\t\t<\/div>\n\t\t\t\t<\/div>\n\t\t<div class=\"elementor-element elementor-element-9218495 e-con-full e-flex e-con e-child\" data-id=\"9218495\" data-element_type=\"container\" data-e-type=\"container\" data-settings=\"{&quot;background_background&quot;:&quot;classic&quot;}\">\n\t\t\t\t<div class=\"elementor-element elementor-element-1afd752 elementor-widget elementor-widget-image\" data-id=\"1afd752\" data-element_type=\"widget\" data-e-type=\"widget\" data-widget_type=\"image.default\">\n\t\t\t\t<div class=\"elementor-widget-container\">\n\t\t\t\t\t\t\t\t\t\t\t\t\t\t\t<img decoding=\"async\" width=\"33\" height=\"25\" src=\"https:\/\/www.ninjaone.com\/wp-content\/uploads\/2024\/09\/left-quote-icon.svg\" class=\" attachment-large size-large wp-image-330255\" alt=\"Icono de cita\" title=\"left-quote-icon\" \/>\t\t\t\t\t\t\t\t\t\t\t\t\t\t\t<\/div>\n\t\t\t\t<\/div>\n\t\t\t\t<div class=\"elementor-element elementor-element-d9b81aa p-no-margin elementor-widget elementor-widget-text-editor\" data-id=\"d9b81aa\" data-element_type=\"widget\" data-e-type=\"widget\" data-widget_type=\"text-editor.default\">\n\t\t\t\t<div class=\"elementor-widget-container\">\n\t\t\t\t\t\t\t\t\t<p>El equipo de soporte fue de gran ayuda y los art\u00edculos del Dojo de NinjaOne hicieron inmensamente f\u00e1cil hacer casi cualquier cosa. Y, siempre que ten\u00edamos preguntas, la respuesta de NinjaOne era casi instant\u00e1nea. Este nivel de asistencia nos permiti\u00f3 desplegar NinjaOne en todos nuestros endpoints en 30 d\u00edas\u00bb.<\/p>\t\t\t\t\t\t\t\t<\/div>\n\t\t\t\t<\/div>\n\t\t\t\t<div class=\"elementor-element elementor-element-b4bfb4e p-no-margin elementor-widget elementor-widget-text-editor\" data-id=\"b4bfb4e\" data-element_type=\"widget\" data-e-type=\"widget\" data-widget_type=\"text-editor.default\">\n\t\t\t\t<div class=\"elementor-widget-container\">\n\t\t\t\t\t\t\t\t\t<p>Kyle Thompson, <br \/>Director de Operaciones de Infraestructura Global,<br \/>Patra<\/p>\t\t\t\t\t\t\t\t<\/div>\n\t\t\t\t<\/div>\n\t\t\t\t<\/div>\n\t\t\t\t\t<\/div>\n\t\t\t\t<\/div>\n\t\t\t\t<\/div>\n\t\t","protected":false},"excerpt":{"rendered":"<p>\u00c9xito y servicios de asistencia Estamos comprometidos con el \u00e9xito de nuestros clientes. NinjaOne ofrece a tu equipo la automatizaci\u00f3n y la eficiencia necesarias para simplificar la TI, con el respaldo continuo de la experiencia r\u00e1pida y fiable de NinjaOne en cada paso del camino. Prueba gratuita Ver una demo Incorporaci\u00f3n Nos comprometemos con tu [&hellip;]<\/p>\n","protected":false},"author":35,"featured_media":0,"parent":0,"menu_order":2500,"comment_status":"closed","ping_status":"closed","template":"","meta":{"_acf_changed":false,"_relevanssi_hide_post":"","_relevanssi_hide_content":"","_relevanssi_pin_for_all":"","_relevanssi_pin_keywords":"","_relevanssi_unpin_keywords":"","_relevanssi_related_keywords":"","_relevanssi_related_include_ids":"","_relevanssi_related_exclude_ids":"","_relevanssi_related_no_append":"","_relevanssi_related_not_related":"","_relevanssi_related_posts":"","_relevanssi_noindex_reason":"","_lmt_disableupdate":"no","_lmt_disable":"","footnotes":""},"class_list":["post-164114","page","type-page","status-publish","hentry"],"acf":[],"_links":{"self":[{"href":"https:\/\/www.ninjaone.com\/es\/wp-json\/wp\/v2\/pages\/164114","targetHints":{"allow":["GET"]}}],"collection":[{"href":"https:\/\/www.ninjaone.com\/es\/wp-json\/wp\/v2\/pages"}],"about":[{"href":"https:\/\/www.ninjaone.com\/es\/wp-json\/wp\/v2\/types\/page"}],"author":[{"embeddable":true,"href":"https:\/\/www.ninjaone.com\/es\/wp-json\/wp\/v2\/users\/35"}],"replies":[{"embeddable":true,"href":"https:\/\/www.ninjaone.com\/es\/wp-json\/wp\/v2\/comments?post=164114"}],"version-history":[{"count":0,"href":"https:\/\/www.ninjaone.com\/es\/wp-json\/wp\/v2\/pages\/164114\/revisions"}],"wp:attachment":[{"href":"https:\/\/www.ninjaone.com\/es\/wp-json\/wp\/v2\/media?parent=164114"}],"curies":[{"name":"wp","href":"https:\/\/api.w.org\/{rel}","templated":true}]}}