{"id":124598,"date":"2023-10-25T17:24:05","date_gmt":"2023-10-25T17:24:05","guid":{"rendered":"https:\/\/www.ninjaone.com\/?page_id=124598"},"modified":"2024-04-05T19:33:27","modified_gmt":"2024-04-05T19:33:27","slug":"backup-for-a-changing-workplace-thank-you","status":"publish","type":"page","link":"https:\/\/www.ninjaone.com\/es\/backup-for-a-changing-workplace-thank-you\/","title":{"rendered":"Backup for a Changing Workplace: Thank You"},"content":{"rendered":"\t\t<div data-elementor-type=\"wp-page\" data-elementor-id=\"124598\" class=\"elementor elementor-124598 elementor-123652\" data-elementor-post-type=\"page\">\n\t\t\t\t<main class=\"elementor-element elementor-element-5ee3fe0 e-flex e-con-boxed e-con e-parent\" data-id=\"5ee3fe0\" data-element_type=\"container\" data-e-type=\"container\">\n\t\t\t\t\t<div class=\"e-con-inner\">\n\t\t\t\t<div class=\"elementor-element elementor-element-c95e625 elementor-widget elementor-widget-heading\" data-id=\"c95e625\" data-element_type=\"widget\" data-e-type=\"widget\" data-widget_type=\"heading.default\">\n\t\t\t\t<div class=\"elementor-widget-container\">\n\t\t\t\t\t<h1 class=\"elementor-heading-title elementor-size-default\">\u00a1Muchas Gracias!\n<\/h1>\t\t\t\t<\/div>\n\t\t\t\t<\/div>\n\t\t\t\t<div class=\"elementor-element elementor-element-4fd571b elementor-widget__width-initial elementor-widget-mobile__width-inherit elementor-widget elementor-widget-text-editor\" data-id=\"4fd571b\" data-element_type=\"widget\" data-e-type=\"widget\" data-widget_type=\"text-editor.default\">\n\t\t\t\t<div class=\"elementor-widget-container\">\n\t\t\t\t\t\t\t\t\t<p>Gracias por solicitar la gu\u00eda de<\/p><p><strong>\u00abSoluciones de Copia de Seguridad para un Entorno de Trabajo en Evoluci\u00f3n\u00bb.<\/strong><\/p><p>A continuaci\u00f3n, recibir\u00e1s un correo electr\u00f3nico<\/p><p>con indicaciones sobre c\u00f3mo recibir tu archivo.<\/p>\t\t\t\t\t\t\t\t<\/div>\n\t\t\t\t<\/div>\n\t\t\t\t\t<\/div>\n\t\t\t\t<\/main>\n\t\t<section class=\"elementor-element elementor-element-0dc82c1 e-flex e-con-boxed e-con e-parent\" data-id=\"0dc82c1\" data-element_type=\"container\" data-e-type=\"container\">\n\t\t\t\t\t<div class=\"e-con-inner\">\n\t\t\t\t<div class=\"elementor-element elementor-element-9406ffa elementor-widget elementor-widget-heading\" data-id=\"9406ffa\" data-element_type=\"widget\" data-e-type=\"widget\" data-widget_type=\"heading.default\">\n\t\t\t\t<div class=\"elementor-widget-container\">\n\t\t\t\t\t<h2 class=\"elementor-heading-title elementor-size-default\">Lo que los MSPs dicen sobre NinjaRMM\n<\/h2>\t\t\t\t<\/div>\n\t\t\t\t<\/div>\n\t\t\t\t<div class=\"elementor-element elementor-element-e10972f elementor-widget elementor-widget-template\" data-id=\"e10972f\" data-element_type=\"widget\" data-e-type=\"widget\" data-widget_type=\"template.default\">\n\t\t\t\t<div class=\"elementor-widget-container\">\n\t\t\t\t\t\t\t<div class=\"elementor-template\">\n\t\t\t\t\t<div data-elementor-type=\"section\" data-elementor-id=\"100351\" class=\"elementor elementor-100351 elementor-51647 elementor-51647\" data-elementor-post-type=\"elementor_library\">\n\t\t\t<div class=\"elementor-element elementor-element-c4c0191 e-grid e-con-boxed e-con e-parent\" data-id=\"c4c0191\" data-element_type=\"container\" data-e-type=\"container\">\n\t\t\t\t\t<div class=\"e-con-inner\">\n\t\t<div class=\"elementor-element elementor-element-2f84541 e-con-full e-flex e-con e-child\" data-id=\"2f84541\" data-element_type=\"container\" data-e-type=\"container\">\n\t\t\t\t<div class=\"elementor-element elementor-element-3b17ce3 elementor-widget elementor-widget-text-editor\" data-id=\"3b17ce3\" data-element_type=\"widget\" data-e-type=\"widget\" data-widget_type=\"text-editor.default\">\n\t\t\t\t<div class=\"elementor-widget-container\">\n\t\t\t\t\t\t\t\t\t<p>Un producto s\u00f3lido que funciona. No intenta ser demasiado elegante ni complicado\u00bb<\/p>\n\t\t\t\t\t\t\t\t<\/div>\n\t\t\t\t<\/div>\n\t\t\t\t<div class=\"elementor-element elementor-element-9f170db author-info elementor-widget elementor-widget-text-editor\" data-id=\"9f170db\" data-element_type=\"widget\" data-e-type=\"widget\" data-widget_type=\"text-editor.default\">\n\t\t\t\t<div class=\"elementor-widget-container\">\n\t\t\t\t\t\t\t\t\t<p><strong>Adam C<\/strong><\/p>\n<p>Houston Networks<\/p>\n\t\t\t\t\t\t\t\t<\/div>\n\t\t\t\t<\/div>\n\t\t\t\t<\/div>\n\t\t<div class=\"elementor-element elementor-element-3d5420a e-con-full e-flex e-con e-child\" data-id=\"3d5420a\" data-element_type=\"container\" data-e-type=\"container\">\n\t\t\t\t<div class=\"elementor-element elementor-element-8a04786 elementor-widget elementor-widget-text-editor\" data-id=\"8a04786\" data-element_type=\"widget\" data-e-type=\"widget\" data-widget_type=\"text-editor.default\">\n\t\t\t\t<div class=\"elementor-widget-container\">\n\t\t\t\t\t\t\t\t\t<p>NinjaOne es el software indicado para mi negocio. Utilizo este programa todos los d\u00edas y me encanta\u00bb<\/p>\t\t\t\t\t\t\t\t<\/div>\n\t\t\t\t<\/div>\n\t\t\t\t<div class=\"elementor-element elementor-element-c6336de author-info elementor-widget elementor-widget-text-editor\" data-id=\"c6336de\" data-element_type=\"widget\" data-e-type=\"widget\" data-widget_type=\"text-editor.default\">\n\t\t\t\t<div class=\"elementor-widget-container\">\n\t\t\t\t\t\t\t\t\t<p><strong>Andr\u00e9 M<\/strong><\/p>\n<p>Johnson Publishing Company<\/p>\n\t\t\t\t\t\t\t\t<\/div>\n\t\t\t\t<\/div>\n\t\t\t\t<\/div>\n\t\t<div class=\"elementor-element elementor-element-f63fb92 e-con-full e-flex e-con e-child\" data-id=\"f63fb92\" data-element_type=\"container\" data-e-type=\"container\">\n\t\t\t\t<div class=\"elementor-element elementor-element-6196100 elementor-widget elementor-widget-text-editor\" data-id=\"6196100\" data-element_type=\"widget\" data-e-type=\"widget\" data-widget_type=\"text-editor.default\">\n\t\t\t\t<div class=\"elementor-widget-container\">\n\t\t\t\t\t\t\t\t\t<p>Extremadamente f\u00e1cil de usar. Gran comunidad de soporte. Multitud de desarrollos y actualizaciones. Racionalizado\u00bb<\/p>\t\t\t\t\t\t\t\t<\/div>\n\t\t\t\t<\/div>\n\t\t\t\t<div class=\"elementor-element elementor-element-2a2caca author-info elementor-widget elementor-widget-text-editor\" data-id=\"2a2caca\" data-element_type=\"widget\" data-e-type=\"widget\" data-widget_type=\"text-editor.default\">\n\t\t\t\t<div class=\"elementor-widget-container\">\n\t\t\t\t\t\t\t\t\t<p><strong>David S<\/strong><\/p>\n<p>Innomecha<\/p>\n\t\t\t\t\t\t\t\t<\/div>\n\t\t\t\t<\/div>\n\t\t\t\t<\/div>\n\t\t\t\t\t<\/div>\n\t\t\t\t<\/div>\n\t\t\t\t<\/div>\n\t\t\t\t<\/div>\n\t\t\t\t\t\t<\/div>\n\t\t\t\t<\/div>\n\t\t\t\t\t<\/div>\n\t\t\t\t<\/section>\n\t\t<section class=\"elementor-element elementor-element-4c92ec2 e-flex e-con-boxed e-con e-parent\" data-id=\"4c92ec2\" data-element_type=\"container\" data-e-type=\"container\" data-settings=\"{&quot;background_background&quot;:&quot;classic&quot;}\">\n\t\t\t\t\t<div class=\"e-con-inner\">\n\t\t\t\t<div class=\"elementor-element elementor-element-7deea91 elementor-widget elementor-widget-heading\" data-id=\"7deea91\" data-element_type=\"widget\" data-e-type=\"widget\" data-widget_type=\"heading.default\">\n\t\t\t\t<div class=\"elementor-widget-container\">\n\t\t\t\t\t<h2 class=\"elementor-heading-title elementor-size-default\">Calificaci\u00f3n de 5 estrellas por parte de proveedores de servicios gestionados y profesionales de TI.\n<\/h2>\t\t\t\t<\/div>\n\t\t\t\t<\/div>\n\t\t<div class=\"elementor-element elementor-element-f7fb638 e-flex e-con-boxed e-con e-child\" data-id=\"f7fb638\" data-element_type=\"container\" data-e-type=\"container\">\n\t\t\t\t\t<div class=\"e-con-inner\">\n\t\t\t\t<div class=\"elementor-element elementor-element-0956fb0 elementor-widget__width-auto elementor-widget elementor-widget-image\" data-id=\"0956fb0\" data-element_type=\"widget\" data-e-type=\"widget\" data-widget_type=\"image.default\">\n\t\t\t\t<div class=\"elementor-widget-container\">\n\t\t\t\t\t\t\t\t\t\t\t\t\t\t\t<img decoding=\"async\" width=\"151\" height=\"70\" src=\"https:\/\/www.ninjaone.com\/wp-content\/uploads\/2022\/11\/5stars-capterra.svg\" class=\" attachment-full size-full wp-image-31561\" alt=\"Capterra 5 stars\" title=\"5stars-capterra\" \/>\t\t\t\t\t\t\t\t\t\t\t\t\t\t\t<\/div>\n\t\t\t\t<\/div>\n\t\t\t\t<div class=\"elementor-element elementor-element-181505c elementor-widget__width-auto elementor-widget elementor-widget-image\" data-id=\"181505c\" data-element_type=\"widget\" data-e-type=\"widget\" data-widget_type=\"image.default\">\n\t\t\t\t<div class=\"elementor-widget-container\">\n\t\t\t\t\t\t\t\t\t\t\t\t\t\t\t<img decoding=\"async\" width=\"148\" height=\"69\" src=\"https:\/\/www.ninjaone.com\/wp-content\/uploads\/2022\/11\/5stars-getapp.svg\" class=\" attachment-full size-full wp-image-31549\" alt=\"GetApp 5 stars\" title=\"5estrellas-getapp\" \/>\t\t\t\t\t\t\t\t\t\t\t\t\t\t\t<\/div>\n\t\t\t\t<\/div>\n\t\t\t\t<div class=\"elementor-element elementor-element-a5c1db6 elementor-widget__width-auto elementor-widget elementor-widget-image\" data-id=\"a5c1db6\" data-element_type=\"widget\" data-e-type=\"widget\" data-widget_type=\"image.default\">\n\t\t\t\t<div class=\"elementor-widget-container\">\n\t\t\t\t\t\t\t\t\t\t\t\t\t\t\t<img decoding=\"async\" width=\"148\" height=\"70\" src=\"https:\/\/www.ninjaone.com\/wp-content\/uploads\/2022\/11\/5stars-g2crowd.svg\" class=\" attachment-full size-full wp-image-31537\" alt=\"G2 Crowd 5 stars\" title=\"5stars-g2crowd\" \/>\t\t\t\t\t\t\t\t\t\t\t\t\t\t\t<\/div>\n\t\t\t\t<\/div>\n\t\t\t\t<div class=\"elementor-element elementor-element-5bf46dc elementor-widget__width-auto elementor-widget elementor-widget-image\" data-id=\"5bf46dc\" data-element_type=\"widget\" data-e-type=\"widget\" data-widget_type=\"image.default\">\n\t\t\t\t<div class=\"elementor-widget-container\">\n\t\t\t\t\t\t\t\t\t\t\t\t\t\t\t<img loading=\"lazy\" decoding=\"async\" width=\"194\" height=\"64\" src=\"https:\/\/www.ninjaone.com\/wp-content\/uploads\/2022\/11\/5stars-softwareadvice.svg\" class=\" attachment-full size-full wp-image-31573\" alt=\"Software Advice 5 Stars\" title=\"5stars-softwareadvice\" \/>\t\t\t\t\t\t\t\t\t\t\t\t\t\t\t<\/div>\n\t\t\t\t<\/div>\n\t\t\t\t\t<\/div>\n\t\t\t\t<\/div>\n\t\t\t\t\t<\/div>\n\t\t\t\t<\/section>\n\t\t<section class=\"elementor-element elementor-element-0d8891b e-flex e-con-boxed e-con e-parent\" data-id=\"0d8891b\" data-element_type=\"container\" data-e-type=\"container\">\n\t\t\t\t\t<div class=\"e-con-inner\">\n\t\t\t\t<div class=\"elementor-element elementor-element-8ca48c1 elementor-widget elementor-widget-heading\" data-id=\"8ca48c1\" data-element_type=\"widget\" data-e-type=\"widget\" data-widget_type=\"heading.default\">\n\t\t\t\t<div class=\"elementor-widget-container\">\n\t\t\t\t\t<h2 class=\"elementor-heading-title elementor-size-default\">Supervisi\u00f3n de Equipos en Tiempo Real\n<\/h2>\t\t\t\t<\/div>\n\t\t\t\t<\/div>\n\t\t\t\t<div class=\"elementor-element elementor-element-db4740b elementor-widget__width-initial elementor-widget-mobile__width-inherit elementor-widget elementor-widget-text-editor\" data-id=\"db4740b\" data-element_type=\"widget\" data-e-type=\"widget\" data-widget_type=\"text-editor.default\">\n\t\t\t\t<div class=\"elementor-widget-container\">\n\t\t\t\t\t\t\t\t\tObtenga los datos de rendimiento en tiempo real para equipos de Windows y Mac. Aproveche las m\u00e1s de 100 condiciones que se ofrecen para alertar sobre el uso del disco duro, los problemas de ancho de banda y mucho m\u00e1s!\n\n\t\t\t\t\t\t\t\t<\/div>\n\t\t\t\t<\/div>\n\t\t\t\t<div class=\"elementor-element elementor-element-ccbcfb3 elementor-widget__width-auto elementor-widget elementor-widget-image\" data-id=\"ccbcfb3\" data-element_type=\"widget\" data-e-type=\"widget\" data-widget_type=\"image.default\">\n\t\t\t\t<div class=\"elementor-widget-container\">\n\t\t\t\t\t\t\t\t\t\t\t\t\t\t\t<img loading=\"lazy\" decoding=\"async\" width=\"968\" height=\"389\" src=\"https:\/\/www.ninjaone.com\/wp-content\/uploads\/2022\/11\/network-management-w-mac-@1x.png\" class=\" attachment-full size-full wp-image-35301\" alt=\"\" srcset=\"https:\/\/www.ninjaone.com\/wp-content\/uploads\/2022\/11\/network-management-w-mac-@1x.png 968w, https:\/\/www.ninjaone.com\/wp-content\/uploads\/2022\/11\/network-management-w-mac-@1x-300x121.png 300w, https:\/\/www.ninjaone.com\/wp-content\/uploads\/2022\/11\/network-management-w-mac-@1x-768x309.png 768w\" sizes=\"(max-width: 968px) 100vw, 968px\" title=\"gesti\u00f3n-de-redes-w-mac-@1x\" \/>\t\t\t\t\t\t\t\t\t\t\t\t\t\t\t<\/div>\n\t\t\t\t<\/div>\n\t\t\t\t\t<\/div>\n\t\t\t\t<\/section>\n\t\t<section class=\"elementor-element elementor-element-34493a2 e-flex e-con-boxed e-con e-parent\" data-id=\"34493a2\" data-element_type=\"container\" data-e-type=\"container\" data-settings=\"{&quot;background_background&quot;:&quot;classic&quot;}\">\n\t\t\t\t\t<div class=\"e-con-inner\">\n\t\t\t\t<div class=\"elementor-element elementor-element-192aeb8 elementor-widget elementor-widget-heading\" data-id=\"192aeb8\" data-element_type=\"widget\" data-e-type=\"widget\" data-widget_type=\"heading.default\">\n\t\t\t\t<div class=\"elementor-widget-container\">\n\t\t\t\t\t<h2 class=\"elementor-heading-title elementor-size-default\">F\u00e1cil Acceso Remoto\n<\/h2>\t\t\t\t<\/div>\n\t\t\t\t<\/div>\n\t\t\t\t<div class=\"elementor-element elementor-element-f43571b elementor-widget__width-initial elementor-widget-mobile__width-inherit elementor-widget elementor-widget-text-editor\" data-id=\"f43571b\" data-element_type=\"widget\" data-e-type=\"widget\" data-widget_type=\"text-editor.default\">\n\t\t\t\t<div class=\"elementor-widget-container\">\n\t\t\t\t\t\t\t\t\tCon\u00e9ctese a sus dispositivos mediante una r\u00e1pida b\u00fasqueda desplegable y con un s\u00f3lo clic podr\u00e1 iniciar la conexi\u00f3n de acceso remoto. Admite los modos de acceso asistido y no asistido.\n\n\t\t\t\t\t\t\t\t<\/div>\n\t\t\t\t<\/div>\n\t\t\t\t<div class=\"elementor-element elementor-element-88f994c elementor-widget__width-auto elementor-widget elementor-widget-image\" data-id=\"88f994c\" data-element_type=\"widget\" data-e-type=\"widget\" data-widget_type=\"image.default\">\n\t\t\t\t<div class=\"elementor-widget-container\">\n\t\t\t\t\t\t\t\t\t\t\t\t\t\t\t<img decoding=\"async\" class=\"\" src=\"https:\/\/mlfk3cv5yvnx.i.optimole.com\/cb:k-rC.2fd1d\/w:auto\/h:auto\/q:mauto\/f:best\/https:\/\/www.ninjaone.com\/wp-content\/uploads\/2022\/11\/Remote@2x.webp\" title=\"\" alt=\"\" loading=\"lazy\" \/>\t\t\t\t\t\t\t\t\t\t\t\t\t\t\t<\/div>\n\t\t\t\t<\/div>\n\t\t\t\t\t<\/div>\n\t\t\t\t<\/section>\n\t\t<section class=\"elementor-element elementor-element-8d303af e-flex e-con-boxed e-con e-parent\" data-id=\"8d303af\" data-element_type=\"container\" data-e-type=\"container\">\n\t\t\t\t\t<div class=\"e-con-inner\">\n\t\t\t\t<div class=\"elementor-element elementor-element-e7b7e82 elementor-widget elementor-widget-heading\" data-id=\"e7b7e82\" data-element_type=\"widget\" data-e-type=\"widget\" data-widget_type=\"heading.default\">\n\t\t\t\t<div class=\"elementor-widget-container\">\n\t\t\t\t\t<h2 class=\"elementor-heading-title elementor-size-default\">Parcheado Autom\u00e1tico\n<\/h2>\t\t\t\t<\/div>\n\t\t\t\t<\/div>\n\t\t\t\t<div class=\"elementor-element elementor-element-b1a00db elementor-widget__width-initial elementor-widget-mobile__width-inherit elementor-widget elementor-widget-text-editor\" data-id=\"b1a00db\" data-element_type=\"widget\" data-e-type=\"widget\" data-widget_type=\"text-editor.default\">\n\t\t\t\t<div class=\"elementor-widget-container\">\n\t\t\t\t\t\t\t\t\tSoporte para m\u00e1s de 120 aplicaciones comunes como Dropbox, Navegadores, Java y otras. Informe sobre el cumplimiento de los parches de todos sus dispositivos para garantizar la seguridad de su entorno inform\u00e1tico.\n\n\t\t\t\t\t\t\t\t<\/div>\n\t\t\t\t<\/div>\n\t\t\t\t<div class=\"elementor-element elementor-element-71bd484 elementor-widget__width-auto elementor-widget elementor-widget-image\" data-id=\"71bd484\" data-element_type=\"widget\" data-e-type=\"widget\" data-widget_type=\"image.default\">\n\t\t\t\t<div class=\"elementor-widget-container\">\n\t\t\t\t\t\t\t\t\t\t\t\t\t\t\t<img decoding=\"async\" class=\"\" src=\"https:\/\/www.ninjaone.com\/wp-content\/uploads\/elementor\/thumbs\/automated-patching-r6p4t5hobd6sop0n9q48b4g907rdvzb9uezt2ll8ee.png\" title=\"parcheo-automatico\" alt=\"Automated Patching\" loading=\"lazy\" \/>\t\t\t\t\t\t\t\t\t\t\t\t\t\t\t<\/div>\n\t\t\t\t<\/div>\n\t\t\t\t\t<\/div>\n\t\t\t\t<\/section>\n\t\t<section class=\"elementor-element elementor-element-be4014e e-flex e-con-boxed e-con e-parent\" data-id=\"be4014e\" data-element_type=\"container\" data-e-type=\"container\" data-settings=\"{&quot;background_background&quot;:&quot;classic&quot;}\">\n\t\t\t\t\t<div class=\"e-con-inner\">\n\t\t\t\t<div class=\"elementor-element elementor-element-eba765d elementor-widget elementor-widget-heading\" data-id=\"eba765d\" data-element_type=\"widget\" data-e-type=\"widget\" data-widget_type=\"heading.default\">\n\t\t\t\t<div class=\"elementor-widget-container\">\n\t\t\t\t\t<h2 class=\"elementor-heading-title elementor-size-default\">Informes Avanzados\n<\/h2>\t\t\t\t<\/div>\n\t\t\t\t<\/div>\n\t\t\t\t<div class=\"elementor-element elementor-element-6ca1427 elementor-widget__width-initial elementor-widget-mobile__width-inherit elementor-widget elementor-widget-text-editor\" data-id=\"6ca1427\" data-element_type=\"widget\" data-e-type=\"widget\" data-widget_type=\"text-editor.default\">\n\t\t\t\t<div class=\"elementor-widget-container\">\n\t\t\t\t\t\t\t\t\tAproveche las poderosas herramientas para los informes de NinjaRMM y as\u00ed garantizar el cumplimiento de las normas de TI, el seguimiento de los activos de hardware y software y para ilustrar el valor de los Servicios Gestionados que ofrecen.\n\n\t\t\t\t\t\t\t\t<\/div>\n\t\t\t\t<\/div>\n\t\t\t\t<div class=\"elementor-element elementor-element-31a5f16 elementor-widget__width-auto elementor-widget elementor-widget-image\" data-id=\"31a5f16\" data-element_type=\"widget\" data-e-type=\"widget\" data-widget_type=\"image.default\">\n\t\t\t\t<div class=\"elementor-widget-container\">\n\t\t\t\t\t\t\t\t\t\t\t\t\t\t\t<img decoding=\"async\" class=\"\" src=\"https:\/\/mlfk3cv5yvnx.i.optimole.com\/cb:k-rC.2fd1d\/w:auto\/h:auto\/q:mauto\/f:best\/https:\/\/www.ninjaone.com\/wp-content\/uploads\/2022\/11\/Reporting@1x.webp\" title=\"\" alt=\"\" loading=\"lazy\" \/>\t\t\t\t\t\t\t\t\t\t\t\t\t\t\t<\/div>\n\t\t\t\t<\/div>\n\t\t\t\t\t<\/div>\n\t\t\t\t<\/section>\n\t\t<div class=\"elementor-element elementor-element-27ca5f8 e-flex e-con-boxed e-con e-parent\" data-id=\"27ca5f8\" data-element_type=\"container\" data-e-type=\"container\">\n\t\t\t\t\t<div class=\"e-con-inner\">\n\t\t\t\t<div class=\"elementor-element elementor-element-eb05223 elementor-widget elementor-widget-heading\" data-id=\"eb05223\" data-element_type=\"widget\" data-e-type=\"widget\" data-widget_type=\"heading.default\">\n\t\t\t\t<div class=\"elementor-widget-container\">\n\t\t\t\t\t<h2 class=\"elementor-heading-title elementor-size-default\">Seguridad en sus Equipos\n<\/h2>\t\t\t\t<\/div>\n\t\t\t\t<\/div>\n\t\t\t\t<div class=\"elementor-element elementor-element-3fa1840 elementor-widget__width-initial elementor-widget-mobile__width-inherit elementor-widget elementor-widget-text-editor\" data-id=\"3fa1840\" data-element_type=\"widget\" data-e-type=\"widget\" data-widget_type=\"text-editor.default\">\n\t\t\t\t<div class=\"elementor-widget-container\">\n\t\t\t\t\t\t\t\t\tNinjaRMM gestionar\u00e1 las licencias, la implementaci\u00f3n de Webroot y le dar\u00e1 la capacidad de programar o reestablecer escaneos y ejecutar auditor\u00edas de seguridad, todo esto en una s\u00f3la ventana.\n\n\t\t\t\t\t\t\t\t<\/div>\n\t\t\t\t<\/div>\n\t\t\t\t<div class=\"elementor-element elementor-element-10f1d8d elementor-widget__width-auto elementor-widget elementor-widget-image\" data-id=\"10f1d8d\" data-element_type=\"widget\" data-e-type=\"widget\" data-widget_type=\"image.default\">\n\t\t\t\t<div class=\"elementor-widget-container\">\n\t\t\t\t\t\t\t\t\t\t\t\t\t\t\t<img decoding=\"async\" class=\"\" src=\"https:\/\/mlfk3cv5yvnx.i.optimole.com\/cb:k-rC.2fd1d\/w:auto\/h:auto\/q:mauto\/f:best\/https:\/\/www.ninjaone.com\/wp-content\/uploads\/2022\/11\/Security@1x.webp\" title=\"\" alt=\"\" loading=\"lazy\" \/>\t\t\t\t\t\t\t\t\t\t\t\t\t\t\t<\/div>\n\t\t\t\t<\/div>\n\t\t\t\t\t<\/div>\n\t\t\t\t<\/div>\n\t\t\t\t<\/div>\n\t\t","protected":false},"excerpt":{"rendered":"<p>\u00a1Muchas Gracias! Gracias por solicitar la gu\u00eda de \u00abSoluciones de Copia de Seguridad para un Entorno de Trabajo en Evoluci\u00f3n\u00bb. A continuaci\u00f3n, recibir\u00e1s un correo electr\u00f3nico con indicaciones sobre c\u00f3mo recibir tu archivo. Lo que los MSPs dicen sobre NinjaRMM Calificaci\u00f3n de 5 estrellas por parte de proveedores de servicios gestionados y profesionales de TI. [&hellip;]<\/p>\n","protected":false},"author":35,"featured_media":0,"parent":0,"menu_order":4058,"comment_status":"closed","ping_status":"closed","template":"","meta":{"_acf_changed":false,"_relevanssi_hide_post":"","_relevanssi_hide_content":"","_relevanssi_pin_for_all":"","_relevanssi_pin_keywords":"","_relevanssi_unpin_keywords":"","_relevanssi_related_keywords":"","_relevanssi_related_include_ids":"","_relevanssi_related_exclude_ids":"","_relevanssi_related_no_append":"","_relevanssi_related_not_related":"","_relevanssi_related_posts":"","_relevanssi_noindex_reason":"","_lmt_disableupdate":"no","_lmt_disable":"","footnotes":""},"class_list":["post-124598","page","type-page","status-publish","hentry"],"acf":[],"_links":{"self":[{"href":"https:\/\/www.ninjaone.com\/es\/wp-json\/wp\/v2\/pages\/124598","targetHints":{"allow":["GET"]}}],"collection":[{"href":"https:\/\/www.ninjaone.com\/es\/wp-json\/wp\/v2\/pages"}],"about":[{"href":"https:\/\/www.ninjaone.com\/es\/wp-json\/wp\/v2\/types\/page"}],"author":[{"embeddable":true,"href":"https:\/\/www.ninjaone.com\/es\/wp-json\/wp\/v2\/users\/35"}],"replies":[{"embeddable":true,"href":"https:\/\/www.ninjaone.com\/es\/wp-json\/wp\/v2\/comments?post=124598"}],"version-history":[{"count":0,"href":"https:\/\/www.ninjaone.com\/es\/wp-json\/wp\/v2\/pages\/124598\/revisions"}],"wp:attachment":[{"href":"https:\/\/www.ninjaone.com\/es\/wp-json\/wp\/v2\/media?parent=124598"}],"curies":[{"name":"wp","href":"https:\/\/api.w.org\/{rel}","templated":true}]}}