{"id":83973,"date":"2023-08-28T19:10:48","date_gmt":"2023-08-28T19:10:48","guid":{"rendered":"https:\/\/www.ninjaone.com\/?page_id=83973"},"modified":"2025-05-22T01:45:58","modified_gmt":"2025-05-22T01:45:58","slug":"kundenempfehlung","status":"publish","type":"page","link":"https:\/\/www.ninjaone.com\/de\/kundenempfehlung\/","title":{"rendered":"Partner-Empfehlungsprogramm"},"content":{"rendered":"\t\t<div data-elementor-type=\"wp-page\" data-elementor-id=\"83973\" class=\"elementor elementor-83973 elementor-34087\" data-elementor-post-type=\"page\">\n\t\t\t\t<div class=\"elementor-element elementor-element-bdf5b61 e-con-full e-flex e-con e-parent\" data-id=\"bdf5b61\" data-element_type=\"container\" data-e-type=\"container\">\n\t\t<section class=\"elementor-element elementor-element-9885b94 e-flex e-con-boxed e-con e-child\" data-id=\"9885b94\" data-element_type=\"container\" data-e-type=\"container\" data-settings=\"{&quot;background_background&quot;:&quot;classic&quot;}\">\n\t\t\t\t\t<div class=\"e-con-inner\">\n\t\t<div class=\"elementor-element elementor-element-eb3cad9 e-con-full e-flex e-con e-child\" data-id=\"eb3cad9\" data-element_type=\"container\" data-e-type=\"container\">\n\t\t\t\t<div class=\"elementor-element elementor-element-b84e9d9 elementor-widget elementor-widget-heading\" data-id=\"b84e9d9\" data-element_type=\"widget\" data-e-type=\"widget\" data-widget_type=\"heading.default\">\n\t\t\t\t<div class=\"elementor-widget-container\">\n\t\t\t\t\t<h1 class=\"elementor-heading-title elementor-size-default\">Verdienen Sie bis zu $ 5.000, indem Sie NinjaOne Ihren Branchenkolleg:innen weiterempfehlen!<\/h1>\t\t\t\t<\/div>\n\t\t\t\t<\/div>\n\t\t\t\t<div class=\"elementor-element elementor-element-b666edc p-no-margin elementor-widget elementor-widget-text-editor\" data-id=\"b666edc\" data-element_type=\"widget\" data-e-type=\"widget\" data-widget_type=\"text-editor.default\">\n\t\t\t\t<div class=\"elementor-widget-container\">\n\t\t\t\t\t\t\t\t\t<p>Verwenden Sie gern NinjaOne? Laden Sie einen Freund ein, die f\u00fchrende Plattform f\u00fcr zentrales IT-Management zu testen und verdienen Sie sich eine Belohnung.<\/p>\t\t\t\t\t\t\t\t<\/div>\n\t\t\t\t<\/div>\n\t\t\t\t<div class=\"elementor-element elementor-element-943cf73 elementor-tablet-align-justify elementor-button-default elementor-widget elementor-widget-button\" data-id=\"943cf73\" data-element_type=\"widget\" data-e-type=\"widget\" data-js=\"free-trial-hero\" data-widget_type=\"button.default\">\n\t\t\t\t<div class=\"elementor-widget-container\">\n\t\t\t\t\t\t\t\t\t<div class=\"elementor-button-wrapper\">\n\t\t\t\t\t<a class=\"elementor-button elementor-button-link elementor-size-sm\" href=\"#scroll-referralForm\" aria-label=\"Free Trial\" id=\"free-trial-hero\">\n\t\t\t\t\t\t<span class=\"elementor-button-content-wrapper\">\n\t\t\t\t\t\t\t\t\t<span class=\"elementor-button-text\">Jetzt einen Freund empfehlen<\/span>\n\t\t\t\t\t<\/span>\n\t\t\t\t\t<\/a>\n\t\t\t\t<\/div>\n\t\t\t\t\t\t\t\t<\/div>\n\t\t\t\t<\/div>\n\t\t\t\t<\/div>\n\t\t<div class=\"elementor-element elementor-element-685edc9 e-con-full no-lazyload e-flex e-con e-child\" data-id=\"685edc9\" data-element_type=\"container\" data-e-type=\"container\" data-settings=\"{&quot;background_background&quot;:&quot;classic&quot;}\">\n\t\t\t\t<div class=\"elementor-element elementor-element-0a30bbe elementor-widget elementor-widget-image\" data-id=\"0a30bbe\" data-element_type=\"widget\" data-e-type=\"widget\" data-widget_type=\"image.default\">\n\t\t\t\t<div class=\"elementor-widget-container\">\n\t\t\t\t\t\t\t\t\t\t\t\t\t\t\t<img fetchpriority=\"high\" decoding=\"async\" width=\"642\" height=\"650\" src=\"https:\/\/www.ninjaone.com\/wp-content\/uploads\/2024\/12\/ninjaone-partner-referral-hero.png\" class=\"no-lazyload attachment-full size-full wp-image-390132\" alt=\"Partner-Empfehlung\" srcset=\"https:\/\/www.ninjaone.com\/wp-content\/uploads\/2024\/12\/ninjaone-partner-referral-hero.png 642w, https:\/\/www.ninjaone.com\/wp-content\/uploads\/2024\/12\/ninjaone-partner-referral-hero-296x300.png 296w\" sizes=\"(max-width: 642px) 100vw, 642px\" title=\"ninjaone-partner-Empfehlungsprogramm\" \/>\t\t\t\t\t\t\t\t\t\t\t\t\t\t\t<\/div>\n\t\t\t\t<\/div>\n\t\t\t\t<\/div>\n\t\t\t\t\t<\/div>\n\t\t\t\t<\/section>\n\t\t<div class=\"elementor-element elementor-element-d9932b7 e-con-full e-flex e-con e-child\" data-id=\"d9932b7\" data-element_type=\"container\" data-e-type=\"container\" id=\"referralForm\" data-settings=\"{&quot;background_background&quot;:&quot;classic&quot;}\">\n\t\t\t\t<div class=\"elementor-element elementor-element-ecf1507 elementor-widget__width-inherit elementor-widget elementor-widget-html\" data-id=\"ecf1507\" data-element_type=\"widget\" data-e-type=\"widget\" data-widget_type=\"html.default\">\n\t\t\t\t<div class=\"elementor-widget-container\">\n\t\t\t\t\t    <impact-embed widget=\"p\/26852\/w\/websiteReferralWidget\"><div>Wird geladen...<\/div><\/impact-embed>\n\n\t\t\t\t<\/div>\n\t\t\t\t<\/div>\n\t\t\t\t<\/div>\n\t\t<section class=\"elementor-element elementor-element-850fff6 e-flex e-con-boxed e-con e-child\" data-id=\"850fff6\" data-element_type=\"container\" data-e-type=\"container\" data-settings=\"{&quot;background_background&quot;:&quot;classic&quot;}\">\n\t\t\t\t\t<div class=\"e-con-inner\">\n\t\t<div class=\"elementor-element elementor-element-813023d e-con-full e-flex e-con e-child\" data-id=\"813023d\" data-element_type=\"container\" data-e-type=\"container\">\n\t\t\t\t<div class=\"elementor-element elementor-element-dbc65fb elementor-widget elementor-widget-heading\" data-id=\"dbc65fb\" data-element_type=\"widget\" data-e-type=\"widget\" data-widget_type=\"heading.default\">\n\t\t\t\t<div class=\"elementor-widget-container\">\n\t\t\t\t\t<h2 class=\"elementor-heading-title elementor-size-default\">FAQs<\/h2>\t\t\t\t<\/div>\n\t\t\t\t<\/div>\n\t\t\t\t<div class=\"elementor-element elementor-element-d641eb1 elementor-widget elementor-widget-n-accordion\" data-id=\"d641eb1\" data-element_type=\"widget\" data-e-type=\"widget\" data-settings=\"{&quot;default_state&quot;:&quot;all_collapsed&quot;,&quot;max_items_expended&quot;:&quot;one&quot;,&quot;n_accordion_animation_duration&quot;:{&quot;unit&quot;:&quot;ms&quot;,&quot;size&quot;:400,&quot;sizes&quot;:[]}}\" data-widget_type=\"nested-accordion.default\">\n\t\t\t\t<div class=\"elementor-widget-container\">\n\t\t\t\t\t\t\t<div class=\"e-n-accordion\" aria-label=\"Accordion. Open links with Enter or Space, close with Escape, and navigate with Arrow Keys\">\n\t\t\t\t\t\t<details id=\"e-n-accordion-item-2240\" class=\"e-n-accordion-item\" >\n\t\t\t\t<summary class=\"e-n-accordion-item-title\" data-accordion-index=\"1\" tabindex=\"0\" aria-expanded=\"false\" aria-controls=\"e-n-accordion-item-2240\" >\n\t\t\t\t\t<span class='e-n-accordion-item-title-header'><h3 class=\"e-n-accordion-item-title-text\"> Wer kann NinjaOne einen Partner empfehlen? <\/h3><\/span>\n\t\t\t\t\t\t\t<span class='e-n-accordion-item-title-icon'>\n\t\t\t<span class='e-opened' ><svg aria-hidden=\"true\" class=\"e-font-icon-svg e-fas-minus\" viewBox=\"0 0 448 512\" xmlns=\"http:\/\/www.w3.org\/2000\/svg\"><path d=\"M416 208H32c-17.67 0-32 14.33-32 32v32c0 17.67 14.33 32 32 32h384c17.67 0 32-14.33 32-32v-32c0-17.67-14.33-32-32-32z\"><\/path><\/svg><\/span>\n\t\t\t<span class='e-closed'><svg xmlns=\"http:\/\/www.w3.org\/2000\/svg\" width=\"15\" height=\"14\" viewBox=\"0 0 15 14\" fill=\"none\"><path d=\"M1.5 7L13.5 7\" stroke=\"#00AA5F\" stroke-width=\"1.5\" stroke-linecap=\"round\"><\/path><path d=\"M7.5 12.4L7.5 1.59996\" stroke=\"#00AA5F\" stroke-width=\"1.5\" stroke-linecap=\"round\"><\/path><\/svg><\/span>\n\t\t<\/span>\n\n\t\t\t\t\t\t<\/summary>\n\t\t\t\t<div role=\"region\" aria-labelledby=\"e-n-accordion-item-2240\" class=\"elementor-element elementor-element-0b38600 e-con-full e-flex e-con e-child\" data-id=\"0b38600\" data-element_type=\"container\" data-e-type=\"container\">\n\t\t\t\t<div class=\"elementor-element elementor-element-7e82eb4 elementor-widget elementor-widget-text-editor\" data-id=\"7e82eb4\" data-element_type=\"widget\" data-e-type=\"widget\" data-widget_type=\"text-editor.default\">\n\t\t\t\t<div class=\"elementor-widget-container\">\n\t\t\t\t\t\t\t\t\t<p>Leider sind nur aktuelle NinjaOne-Kund:innen berechtigt, einen potenziellen Kunden an NinjaOne zu verweisen.<\/p>\n\t\t\t\t\t\t\t\t<\/div>\n\t\t\t\t<\/div>\n\t\t\t\t<\/div>\n\t\t\t\t\t<\/details>\n\t\t\t\t\t\t<details id=\"e-n-accordion-item-2241\" class=\"e-n-accordion-item\" >\n\t\t\t\t<summary class=\"e-n-accordion-item-title\" data-accordion-index=\"2\" tabindex=\"-1\" aria-expanded=\"false\" aria-controls=\"e-n-accordion-item-2241\" >\n\t\t\t\t\t<span class='e-n-accordion-item-title-header'><h3 class=\"e-n-accordion-item-title-text\"> Wie kann ich NinjaOne einen potenziellen Neukunden empfehlen? <\/h3><\/span>\n\t\t\t\t\t\t\t<span class='e-n-accordion-item-title-icon'>\n\t\t\t<span class='e-opened' ><svg aria-hidden=\"true\" class=\"e-font-icon-svg e-fas-minus\" viewBox=\"0 0 448 512\" xmlns=\"http:\/\/www.w3.org\/2000\/svg\"><path d=\"M416 208H32c-17.67 0-32 14.33-32 32v32c0 17.67 14.33 32 32 32h384c17.67 0 32-14.33 32-32v-32c0-17.67-14.33-32-32-32z\"><\/path><\/svg><\/span>\n\t\t\t<span class='e-closed'><svg xmlns=\"http:\/\/www.w3.org\/2000\/svg\" width=\"15\" height=\"14\" viewBox=\"0 0 15 14\" fill=\"none\"><path d=\"M1.5 7L13.5 7\" stroke=\"#00AA5F\" stroke-width=\"1.5\" stroke-linecap=\"round\"><\/path><path d=\"M7.5 12.4L7.5 1.59996\" stroke=\"#00AA5F\" stroke-width=\"1.5\" stroke-linecap=\"round\"><\/path><\/svg><\/span>\n\t\t<\/span>\n\n\t\t\t\t\t\t<\/summary>\n\t\t\t\t<div role=\"region\" aria-labelledby=\"e-n-accordion-item-2241\" class=\"elementor-element elementor-element-53fd924 e-con-full e-flex e-con e-child\" data-id=\"53fd924\" data-element_type=\"container\" data-e-type=\"container\">\n\t\t\t\t<div class=\"elementor-element elementor-element-4b20d8c elementor-widget elementor-widget-text-editor\" data-id=\"4b20d8c\" data-element_type=\"widget\" data-e-type=\"widget\" data-widget_type=\"text-editor.default\">\n\t\t\t\t<div class=\"elementor-widget-container\">\n\t\t\t\t\t\t\t\t\t<p>F\u00fcllen Sie das nachstehende Formular mit Ihren Daten, einschlie\u00dflich Ihrer gesch\u00e4ftlichen E-Mail-Adresse, sowie den Daten des empfohlenen Kollegen aus. Sobald wir die Anfrage erhalten haben, wird sich einer\/eine unserer Vertriebsmitarbeiter:innen mit Ihrem Partner in Verbindung setzen, um eine Demo zu planen und den Prozess in Gang zu setzen.<\/p>\n\t\t\t\t\t\t\t\t<\/div>\n\t\t\t\t<\/div>\n\t\t\t\t<\/div>\n\t\t\t\t\t<\/details>\n\t\t\t\t\t\t<details id=\"e-n-accordion-item-2242\" class=\"e-n-accordion-item\" >\n\t\t\t\t<summary class=\"e-n-accordion-item-title\" data-accordion-index=\"3\" tabindex=\"-1\" aria-expanded=\"false\" aria-controls=\"e-n-accordion-item-2242\" >\n\t\t\t\t\t<span class='e-n-accordion-item-title-header'><h3 class=\"e-n-accordion-item-title-text\"> Bekomme ich etwas, wenn ich jemanden an NinjaOne verweise? <\/h3><\/span>\n\t\t\t\t\t\t\t<span class='e-n-accordion-item-title-icon'>\n\t\t\t<span class='e-opened' ><svg aria-hidden=\"true\" class=\"e-font-icon-svg e-fas-minus\" viewBox=\"0 0 448 512\" xmlns=\"http:\/\/www.w3.org\/2000\/svg\"><path d=\"M416 208H32c-17.67 0-32 14.33-32 32v32c0 17.67 14.33 32 32 32h384c17.67 0 32-14.33 32-32v-32c0-17.67-14.33-32-32-32z\"><\/path><\/svg><\/span>\n\t\t\t<span class='e-closed'><svg xmlns=\"http:\/\/www.w3.org\/2000\/svg\" width=\"15\" height=\"14\" viewBox=\"0 0 15 14\" fill=\"none\"><path d=\"M1.5 7L13.5 7\" stroke=\"#00AA5F\" stroke-width=\"1.5\" stroke-linecap=\"round\"><\/path><path d=\"M7.5 12.4L7.5 1.59996\" stroke=\"#00AA5F\" stroke-width=\"1.5\" stroke-linecap=\"round\"><\/path><\/svg><\/span>\n\t\t<\/span>\n\n\t\t\t\t\t\t<\/summary>\n\t\t\t\t<div role=\"region\" aria-labelledby=\"e-n-accordion-item-2242\" class=\"elementor-element elementor-element-354fb65 e-con-full e-flex e-con e-child\" data-id=\"354fb65\" data-element_type=\"container\" data-e-type=\"container\">\n\t\t\t\t<div class=\"elementor-element elementor-element-84a34bf elementor-widget elementor-widget-text-editor\" data-id=\"84a34bf\" data-element_type=\"widget\" data-e-type=\"widget\" data-widget_type=\"text-editor.default\">\n\t\t\t\t<div class=\"elementor-widget-container\">\n\t\t\t\t\t\t\t\t\t<p>Ja! Wenn Sie NinjaOne jemanden empfehlen und Ihr Partner eine Demo bei uns macht, erhalten Sie und Ihr Kollege jeweils einen Amazon-Gutschein in H\u00f6he von 20 $.<\/p>\n<p>Noch besser: Wenn Ihr Partner ein NinjaOne-Kunde wird, erhalten Sie eine zus\u00e4tzliche Geschenkkarte oder eine Bargeldpr\u00e4mie in H\u00f6he des doppelten monatlichen Betrags des neuen Kunden, bis zu einem Maximum von 5.000 $, d.h. wenn der neue Kunde jeden Monat 500 $ zahlt, erhalten Sie eine Pr\u00e4mie in H\u00f6he von 1.000 $.<\/p>\n\t\t\t\t\t\t\t\t<\/div>\n\t\t\t\t<\/div>\n\t\t\t\t<\/div>\n\t\t\t\t\t<\/details>\n\t\t\t\t\t<\/div>\n\t\t\t\t\t<script type=\"application\/ld+json\">{\"@context\":\"https:\\\/\\\/schema.org\",\"@type\":\"FAQPage\",\"mainEntity\":[{\"@type\":\"Question\",\"name\":\"Wer kann NinjaOne einen Partner empfehlen?\",\"acceptedAnswer\":{\"@type\":\"Answer\",\"text\":\"Leider sind nur aktuelle NinjaOne-Kund:innen berechtigt, einen potenziellen Kunden an NinjaOne zu verweisen.\"}},{\"@type\":\"Question\",\"name\":\"Wie kann ich NinjaOne einen potenziellen Neukunden empfehlen?\",\"acceptedAnswer\":{\"@type\":\"Answer\",\"text\":\"F\\u00fcllen Sie das nachstehende Formular mit Ihren Daten, einschlie\\u00dflich Ihrer gesch\\u00e4ftlichen E-Mail-Adresse, sowie den Daten des empfohlenen Kollegen aus. Sobald wir die Anfrage erhalten haben, wird sich einer\\\/eine unserer Vertriebsmitarbeiter:innen mit Ihrem Partner in Verbindung setzen, um eine Demo zu planen und den Prozess in Gang zu setzen.\"}},{\"@type\":\"Question\",\"name\":\"Bekomme ich etwas, wenn ich jemanden an NinjaOne verweise?\",\"acceptedAnswer\":{\"@type\":\"Answer\",\"text\":\"Ja! Wenn Sie NinjaOne jemanden empfehlen und Ihr Partner eine Demo bei uns macht, erhalten Sie und Ihr Kollege jeweils einen Amazon-Gutschein in H\\u00f6he von 20 $.\\nNoch besser: Wenn Ihr Partner ein NinjaOne-Kunde wird, erhalten Sie eine zus\\u00e4tzliche Geschenkkarte oder eine Bargeldpr\\u00e4mie in H\\u00f6he des doppelten monatlichen Betrags des neuen Kunden, bis zu einem Maximum von 5.000 $, d.h. wenn der neue Kunde jeden Monat 500 $ zahlt, erhalten Sie eine Pr\\u00e4mie in H\\u00f6he von 1.000 $.\"}}]}<\/script>\n\t\t\t\t\t\t\t<\/div>\n\t\t\t\t<\/div>\n\t\t\t\t<\/div>\n\t\t<div class=\"elementor-element elementor-element-f562b88 e-con-full e-flex e-con e-child\" data-id=\"f562b88\" data-element_type=\"container\" data-e-type=\"container\">\n\t\t\t\t<div class=\"elementor-element elementor-element-daf3b35 elementor-widget elementor-widget-n-accordion\" data-id=\"daf3b35\" data-element_type=\"widget\" data-e-type=\"widget\" data-settings=\"{&quot;default_state&quot;:&quot;all_collapsed&quot;,&quot;max_items_expended&quot;:&quot;one&quot;,&quot;n_accordion_animation_duration&quot;:{&quot;unit&quot;:&quot;ms&quot;,&quot;size&quot;:400,&quot;sizes&quot;:[]}}\" data-widget_type=\"nested-accordion.default\">\n\t\t\t\t<div class=\"elementor-widget-container\">\n\t\t\t\t\t\t\t<div class=\"e-n-accordion\" aria-label=\"Accordion. Open links with Enter or Space, close with Escape, and navigate with Arrow Keys\">\n\t\t\t\t\t\t<details id=\"e-n-accordion-item-2290\" class=\"e-n-accordion-item\" >\n\t\t\t\t<summary class=\"e-n-accordion-item-title\" data-accordion-index=\"1\" tabindex=\"0\" aria-expanded=\"false\" aria-controls=\"e-n-accordion-item-2290\" >\n\t\t\t\t\t<span class='e-n-accordion-item-title-header'><h3 class=\"e-n-accordion-item-title-text\"> Wann erhalte ich meine Geschenkkarte? <\/h3><\/span>\n\t\t\t\t\t\t\t<span class='e-n-accordion-item-title-icon'>\n\t\t\t<span class='e-opened' ><svg aria-hidden=\"true\" class=\"e-font-icon-svg e-fas-minus\" viewBox=\"0 0 448 512\" xmlns=\"http:\/\/www.w3.org\/2000\/svg\"><path d=\"M416 208H32c-17.67 0-32 14.33-32 32v32c0 17.67 14.33 32 32 32h384c17.67 0 32-14.33 32-32v-32c0-17.67-14.33-32-32-32z\"><\/path><\/svg><\/span>\n\t\t\t<span class='e-closed'><svg xmlns=\"http:\/\/www.w3.org\/2000\/svg\" width=\"15\" height=\"14\" viewBox=\"0 0 15 14\" fill=\"none\"><path d=\"M1.5 7L13.5 7\" stroke=\"#00AA5F\" stroke-width=\"1.5\" stroke-linecap=\"round\"><\/path><path d=\"M7.5 12.4L7.5 1.59996\" stroke=\"#00AA5F\" stroke-width=\"1.5\" stroke-linecap=\"round\"><\/path><\/svg><\/span>\n\t\t<\/span>\n\n\t\t\t\t\t\t<\/summary>\n\t\t\t\t<div role=\"region\" aria-labelledby=\"e-n-accordion-item-2290\" class=\"elementor-element elementor-element-a0d7871 e-con-full e-flex e-con e-child\" data-id=\"a0d7871\" data-element_type=\"container\" data-e-type=\"container\">\n\t\t\t\t<div class=\"elementor-element elementor-element-0dfe06e elementor-widget elementor-widget-text-editor\" data-id=\"0dfe06e\" data-element_type=\"widget\" data-e-type=\"widget\" data-widget_type=\"text-editor.default\">\n\t\t\t\t<div class=\"elementor-widget-container\">\n\t\t\t\t\t\t\t\t\t<p>Wenn Ihre Empfehlung an einer NinjaOne-Demo teilnimmt, erhalten Sie und Ihr Freund den 20-Dollar-Gutschein jeweils am 5. des Folgemonats, d. h., wenn Ihr Freund am 24. April an der NinjaOne-Demo teilnimmt, erhalten Sie beide Ihren 20-Dollar-Gutschein am 5. Mai.<\/p>\n\t\t\t\t\t\t\t\t<\/div>\n\t\t\t\t<\/div>\n\t\t\t\t<\/div>\n\t\t\t\t\t<\/details>\n\t\t\t\t\t\t<details id=\"e-n-accordion-item-2291\" class=\"e-n-accordion-item\" >\n\t\t\t\t<summary class=\"e-n-accordion-item-title\" data-accordion-index=\"2\" tabindex=\"-1\" aria-expanded=\"false\" aria-controls=\"e-n-accordion-item-2291\" >\n\t\t\t\t\t<span class='e-n-accordion-item-title-header'><h3 class=\"e-n-accordion-item-title-text\"> Wie vielen Personen kann ich NinjaOne empfehlen? <\/h3><\/span>\n\t\t\t\t\t\t\t<span class='e-n-accordion-item-title-icon'>\n\t\t\t<span class='e-opened' ><svg aria-hidden=\"true\" class=\"e-font-icon-svg e-fas-minus\" viewBox=\"0 0 448 512\" xmlns=\"http:\/\/www.w3.org\/2000\/svg\"><path d=\"M416 208H32c-17.67 0-32 14.33-32 32v32c0 17.67 14.33 32 32 32h384c17.67 0 32-14.33 32-32v-32c0-17.67-14.33-32-32-32z\"><\/path><\/svg><\/span>\n\t\t\t<span class='e-closed'><svg xmlns=\"http:\/\/www.w3.org\/2000\/svg\" width=\"15\" height=\"14\" viewBox=\"0 0 15 14\" fill=\"none\"><path d=\"M1.5 7L13.5 7\" stroke=\"#00AA5F\" stroke-width=\"1.5\" stroke-linecap=\"round\"><\/path><path d=\"M7.5 12.4L7.5 1.59996\" stroke=\"#00AA5F\" stroke-width=\"1.5\" stroke-linecap=\"round\"><\/path><\/svg><\/span>\n\t\t<\/span>\n\n\t\t\t\t\t\t<\/summary>\n\t\t\t\t<div role=\"region\" aria-labelledby=\"e-n-accordion-item-2291\" class=\"elementor-element elementor-element-f4729ab e-con-full e-flex e-con e-child\" data-id=\"f4729ab\" data-element_type=\"container\" data-e-type=\"container\">\n\t\t\t\t<div class=\"elementor-element elementor-element-e8e5182 elementor-widget elementor-widget-text-editor\" data-id=\"e8e5182\" data-element_type=\"widget\" data-e-type=\"widget\" data-widget_type=\"text-editor.default\">\n\t\t\t\t<div class=\"elementor-widget-container\">\n\t\t\t\t\t\t\t\t\t<p>So viele, wie Sie m\u00f6chten! Es gibt keine Begrenzung f\u00fcr die Anzahl der Empfehlungen, die Sie abgeben k\u00f6nnen, oder f\u00fcr die Anzahl der Geschenkkarten, die Sie dadurch verdienen k\u00f6nnen. Wir sch\u00e4tzen jede Person, die zu uns kommt, sehr.<\/p>\n\t\t\t\t\t\t\t\t<\/div>\n\t\t\t\t<\/div>\n\t\t\t\t<\/div>\n\t\t\t\t\t<\/details>\n\t\t\t\t\t<\/div>\n\t\t\t\t\t\t<\/div>\n\t\t\t\t<\/div>\n\t\t\t\t<div class=\"elementor-element elementor-element-756f22d elementor-widget elementor-widget-text-editor\" data-id=\"756f22d\" data-element_type=\"widget\" data-e-type=\"widget\" data-widget_type=\"text-editor.default\">\n\t\t\t\t<div class=\"elementor-widget-container\">\n\t\t\t\t\t\t\t\t\t<p>Weitere Einzelheiten&nbsp;<a style=\"color: #00aa5f;text-decoration: underline;\" href=\"https:\/\/www.ninjaone.com\/de\/richtlinien-fuer-das-kundenempfehlungsprogramm\/\">finden Sie in den Allgemeinen Gesch\u00e4ftsbedingungen<\/a>.<\/p>\n\t\t\t\t\t\t\t\t<\/div>\n\t\t\t\t<\/div>\n\t\t\t\t<\/div>\n\t\t\t\t\t<\/div>\n\t\t\t\t<\/section>\n\t\t<div class=\"elementor-element elementor-element-d7118c9 e-flex e-con-boxed e-con e-child\" data-id=\"d7118c9\" data-element_type=\"container\" data-e-type=\"container\">\n\t\t\t\t\t<div class=\"e-con-inner\">\n\t\t\t\t<div class=\"elementor-element elementor-element-05b1cb4 elementor-widget elementor-widget-template\" data-id=\"05b1cb4\" data-element_type=\"widget\" data-e-type=\"widget\" data-widget_type=\"template.default\">\n\t\t\t\t<div class=\"elementor-widget-container\">\n\t\t\t\t\t\t\t<div class=\"elementor-template\">\n\t\t\t\t\t<div data-elementor-type=\"section\" data-elementor-id=\"337322\" class=\"elementor elementor-337322 elementor-324302 elementor-324302\" data-elementor-post-type=\"elementor_library\">\n\t\t\t<a class=\"elementor-element elementor-element-1fcd51c e-con-full e-flex e-con e-child\" data-id=\"1fcd51c\" data-element_type=\"container\" data-e-type=\"container\" data-settings=\"{&quot;background_background&quot;:&quot;classic&quot;}\" href=\"https:\/\/www.ninjaone.com\/de\/g2-leader\/\" aria-label=\"Learn more about g2 ratings\">\n\t\t<div class=\"elementor-element elementor-element-e61240e e-con-full e-flex e-con e-child\" data-id=\"e61240e\" data-element_type=\"container\" data-e-type=\"container\">\n\t\t\t\t<div class=\"elementor-element elementor-element-3a96565 elementor-widget elementor-widget-heading\" data-id=\"3a96565\" data-element_type=\"widget\" data-e-type=\"widget\" data-widget_type=\"heading.default\">\n\t\t\t\t<div class=\"elementor-widget-container\">\n\t\t\t\t\t<h2 class=\"elementor-heading-title elementor-size-default\">Kunden bewerten uns als Nummer 1 in den Kategorien Unified Endpoint Management, RMM und Patch Management<\/h2>\t\t\t\t<\/div>\n\t\t\t\t<\/div>\n\t\t\t\t<\/div>\n\t\t<div class=\"elementor-element elementor-element-6739885 e-con-full e-flex e-con e-child\" data-id=\"6739885\" data-element_type=\"container\" data-e-type=\"container\">\n\t\t\t\t<div class=\"elementor-element elementor-element-b533425 elementor-widget elementor-widget-shortcode\" data-id=\"b533425\" data-element_type=\"widget\" data-e-type=\"widget\" data-widget_type=\"shortcode.default\">\n\t\t\t\t<div class=\"elementor-widget-container\">\n\t\t\t\t\t\t\t<div class=\"elementor-shortcode\"><img decoding=\"async\" class=\"\"  src=\"https:\/\/www.ninjaone.com\/wp-content\/uploads\/2026\/03\/capterra-best-ease-of-use.svg\" alt=\"Capterra Best Ease of Use 2026\" width=\"150\" height=\"140\" \/><\/div>\n\t\t\t\t\t\t<\/div>\n\t\t\t\t<\/div>\n\t\t\t\t<div class=\"elementor-element elementor-element-12ba21c elementor-widget elementor-widget-shortcode\" data-id=\"12ba21c\" data-element_type=\"widget\" data-e-type=\"widget\" data-widget_type=\"shortcode.default\">\n\t\t\t\t<div class=\"elementor-widget-container\">\n\t\t\t\t\t\t\t<div class=\"elementor-shortcode\"><img decoding=\"async\" class=\"\"  src=\"https:\/\/www.ninjaone.com\/wp-content\/uploads\/2026\/03\/g2-leader-spring-2026.svg\" alt=\"G2 Leader - Spring 2026\" width=\"118\" height=\"154\" \/><\/div>\n\t\t\t\t\t\t<\/div>\n\t\t\t\t<\/div>\n\t\t\t\t<div class=\"elementor-element elementor-element-400231d elementor-widget elementor-widget-shortcode\" data-id=\"400231d\" data-element_type=\"widget\" data-e-type=\"widget\" data-widget_type=\"shortcode.default\">\n\t\t\t\t<div class=\"elementor-widget-container\">\n\t\t\t\t\t\t\t<div class=\"elementor-shortcode\"><img loading=\"lazy\" decoding=\"async\" class=\"\"  src=\"https:\/\/www.ninjaone.com\/wp-content\/uploads\/2026\/03\/software-advice-front-runners.svg\" alt=\"S\" width=\"133\" height=\"140\" \/><\/div>\n\t\t\t\t\t\t<\/div>\n\t\t\t\t<\/div>\n\t\t\t\t<\/div>\n\t\t\t\t<\/a>\n\t\t\t\t<\/div>\n\t\t\t\t<\/div>\n\t\t\t\t\t\t<\/div>\n\t\t\t\t<\/div>\n\t\t\t\t\t<\/div>\n\t\t\t\t<\/div>\n\t\t\t\t<\/div>\n\t\t\t\t<\/div>\n\t\t","protected":false},"excerpt":{"rendered":"<p>Verdienen Sie bis zu $ 5.000, indem Sie NinjaOne Ihren Branchenkolleg:innen weiterempfehlen! Verwenden Sie gern NinjaOne? Laden Sie einen Freund ein, die f\u00fchrende Plattform f\u00fcr zentrales IT-Management zu testen und verdienen Sie sich eine Belohnung. Jetzt einen Freund empfehlen Wird geladen&#8230; FAQs Wer kann NinjaOne einen Partner empfehlen? Leider sind nur aktuelle NinjaOne-Kund:innen berechtigt, einen [&hellip;]<\/p>\n","protected":false},"author":35,"featured_media":0,"parent":0,"menu_order":3265,"comment_status":"closed","ping_status":"closed","template":"","meta":{"_acf_changed":false,"_relevanssi_hide_post":"","_relevanssi_hide_content":"","_relevanssi_pin_for_all":"","_relevanssi_pin_keywords":"","_relevanssi_unpin_keywords":"","_relevanssi_related_keywords":"","_relevanssi_related_include_ids":"","_relevanssi_related_exclude_ids":"","_relevanssi_related_no_append":"","_relevanssi_related_not_related":"","_relevanssi_related_posts":"","_relevanssi_noindex_reason":"","_lmt_disableupdate":"no","_lmt_disable":"","footnotes":""},"class_list":["post-83973","page","type-page","status-publish","hentry"],"acf":[],"_links":{"self":[{"href":"https:\/\/www.ninjaone.com\/de\/wp-json\/wp\/v2\/pages\/83973","targetHints":{"allow":["GET"]}}],"collection":[{"href":"https:\/\/www.ninjaone.com\/de\/wp-json\/wp\/v2\/pages"}],"about":[{"href":"https:\/\/www.ninjaone.com\/de\/wp-json\/wp\/v2\/types\/page"}],"author":[{"embeddable":true,"href":"https:\/\/www.ninjaone.com\/de\/wp-json\/wp\/v2\/users\/35"}],"replies":[{"embeddable":true,"href":"https:\/\/www.ninjaone.com\/de\/wp-json\/wp\/v2\/comments?post=83973"}],"version-history":[{"count":0,"href":"https:\/\/www.ninjaone.com\/de\/wp-json\/wp\/v2\/pages\/83973\/revisions"}],"wp:attachment":[{"href":"https:\/\/www.ninjaone.com\/de\/wp-json\/wp\/v2\/media?parent=83973"}],"curies":[{"name":"wp","href":"https:\/\/api.w.org\/{rel}","templated":true}]}}