{"id":81918,"date":"2023-08-18T16:48:11","date_gmt":"2023-08-18T16:48:11","guid":{"rendered":"https:\/\/www.ninjaone.com\/?page_id=81918"},"modified":"2024-10-09T19:56:35","modified_gmt":"2024-10-09T19:56:35","slug":"patch-management-loesungen-vergleichen","status":"publish","type":"page","link":"https:\/\/www.ninjaone.com\/de\/patch-management-loesungen-vergleichen\/","title":{"rendered":"Patch-Management-L\u00f6sungen miteinander vergleichen"},"content":{"rendered":"\t\t<div data-elementor-type=\"wp-page\" data-elementor-id=\"81918\" class=\"elementor elementor-81918 elementor-43414\" data-elementor-post-type=\"page\">\n\t\t\t\t<main class=\"elementor-element elementor-element-867c386 e-flex e-con-boxed e-con e-parent\" data-id=\"867c386\" data-element_type=\"container\" data-e-type=\"container\" data-settings=\"{&quot;background_background&quot;:&quot;classic&quot;}\">\n\t\t\t\t\t<div class=\"e-con-inner\">\n\t\t\t\t<div class=\"elementor-element elementor-element-561f421 elementor-widget elementor-widget-heading\" data-id=\"561f421\" data-element_type=\"widget\" data-e-type=\"widget\" data-widget_type=\"heading.default\">\n\t\t\t\t<div class=\"elementor-widget-container\">\n\t\t\t\t\t<h1 class=\"elementor-heading-title elementor-size-default\">Wir haben recherchiert, um Ihnen eine einfache Entscheidung zu erm\u00f6glichen.\n<\/h1>\t\t\t\t<\/div>\n\t\t\t\t<\/div>\n\t\t\t\t<div class=\"elementor-element elementor-element-764f730 elementor-widget elementor-widget-text-editor\" data-id=\"764f730\" data-element_type=\"widget\" data-e-type=\"widget\" data-widget_type=\"text-editor.default\">\n\t\t\t\t<div class=\"elementor-widget-container\">\n\t\t\t\t\t\t\t\t\tVergleichen Sie NinjaOne\u2019s Patch Management mit unseren Wettbewerbern, um zu erfahren, wie NinjaOne Ihren Technikern dabei hilft, Sicherheitsl\u00fccken in Ihrem gesamten IT-Portfolio zu identifizieren und zu schlie\u00dfen &#8211; schnell und unabh\u00e4ngig von der Anzahl der von Ihnen eingesetzten Anwendungen.\n\t\t\t\t\t\t\t\t<\/div>\n\t\t\t\t<\/div>\n\t\t\t\t<div class=\"elementor-element elementor-element-b271995 elementor-widget__width-auto elementor-button-default elementor-widget elementor-widget-button\" data-id=\"b271995\" data-element_type=\"widget\" data-e-type=\"widget\" data-widget_type=\"button.default\">\n\t\t\t\t<div class=\"elementor-widget-container\">\n\t\t\t\t\t\t\t\t\t<div class=\"elementor-button-wrapper\">\n\t\t\t\t\t<a class=\"elementor-button elementor-button-link elementor-size-md\" href=\"https:\/\/www.ninjaone.com\/de\/free-demo-german\/\" id=\"watchfreedemo\">\n\t\t\t\t\t\t<span class=\"elementor-button-content-wrapper\">\n\t\t\t\t\t\t\t\t\t<span class=\"elementor-button-text\">KOSTENLOSE PRODUKTVORSTELLUNG ANSEHEN<\/span>\n\t\t\t\t\t<\/span>\n\t\t\t\t\t<\/a>\n\t\t\t\t<\/div>\n\t\t\t\t\t\t\t\t<\/div>\n\t\t\t\t<\/div>\n\t\t<div class=\"elementor-element elementor-element-252014b e-grid e-con-full e-con e-child\" data-id=\"252014b\" data-element_type=\"container\" data-e-type=\"container\">\n\t\t<a class=\"elementor-element elementor-element-2163dd2 e-con-full competitor-card e-flex e-con e-child\" data-id=\"2163dd2\" data-element_type=\"container\" data-e-type=\"container\" href=\"\/de\/patch-management-loesungen-vergleichen\/sccm\/\">\n\t\t\t\t<div class=\"elementor-element elementor-element-a9944f5 elementor-widget elementor-widget-html\" data-id=\"a9944f5\" data-element_type=\"widget\" data-e-type=\"widget\" data-widget_type=\"html.default\">\n\t\t\t\t<div class=\"elementor-widget-container\">\n\t\t\t\t\t<div>SCCM<\/div>\t\t\t\t<\/div>\n\t\t\t\t<\/div>\n\t\t\t\t<\/a>\n\t\t<a class=\"elementor-element elementor-element-1144f33 e-con-full competitor-card e-flex e-con e-child\" data-id=\"1144f33\" data-element_type=\"container\" data-e-type=\"container\" href=\"https:\/\/www.ninjaone.com\/de\/patch-management-loesungen-vergleichen\/automox\/\">\n\t\t\t\t<div class=\"elementor-element elementor-element-ef185ea elementor-widget elementor-widget-html\" data-id=\"ef185ea\" data-element_type=\"widget\" data-e-type=\"widget\" data-widget_type=\"html.default\">\n\t\t\t\t<div class=\"elementor-widget-container\">\n\t\t\t\t\t<div>Automox<\/div>\t\t\t\t<\/div>\n\t\t\t\t<\/div>\n\t\t\t\t<\/a>\n\t\t<a class=\"elementor-element elementor-element-a24920b e-con-full competitor-card e-flex e-con e-child\" data-id=\"a24920b\" data-element_type=\"container\" data-e-type=\"container\" href=\"https:\/\/www.ninjaone.com\/de\/patch-management-loesungen-vergleichen\/wsus\/\">\n\t\t\t\t<div class=\"elementor-element elementor-element-b08795f elementor-widget elementor-widget-html\" data-id=\"b08795f\" data-element_type=\"widget\" data-e-type=\"widget\" data-widget_type=\"html.default\">\n\t\t\t\t<div class=\"elementor-widget-container\">\n\t\t\t\t\t<div>WSUS<\/div>\t\t\t\t<\/div>\n\t\t\t\t<\/div>\n\t\t\t\t<\/a>\n\t\t\t\t<\/div>\n\t\t\t\t\t<\/div>\n\t\t\t\t<\/main>\n\t\t<div class=\"elementor-element elementor-element-5b649ce e-con-full e-flex e-con e-parent\" data-id=\"5b649ce\" data-element_type=\"container\" data-e-type=\"container\">\n\t\t\t\t<div class=\"elementor-element elementor-element-f165942 elementor-widget elementor-widget-template\" data-id=\"f165942\" data-element_type=\"widget\" data-e-type=\"widget\" data-widget_type=\"template.default\">\n\t\t\t\t<div class=\"elementor-widget-container\">\n\t\t\t\t\t\t\t<div class=\"elementor-template\">\n\t\t\t\t\t<div data-elementor-type=\"container\" data-elementor-id=\"5659\" class=\"elementor elementor-5659 elementor-4752\" data-elementor-post-type=\"elementor_library\">\n\t\t\t\t<div class=\"elementor-element elementor-element-bbf5527 e-flex e-con-boxed e-con e-parent\" data-id=\"bbf5527\" data-element_type=\"container\" data-e-type=\"container\">\n\t\t\t\t\t<div class=\"e-con-inner\">\n\t\t<div class=\"elementor-element elementor-element-41bcb56 e-flex e-con-boxed e-con e-child\" data-id=\"41bcb56\" data-element_type=\"container\" data-e-type=\"container\" data-settings=\"{&quot;background_background&quot;:&quot;classic&quot;}\">\n\t\t\t\t\t<div class=\"e-con-inner\">\n\t\t<div class=\"elementor-element elementor-element-11b93dd e-con-full e-flex e-con e-child\" data-id=\"11b93dd\" data-element_type=\"container\" data-e-type=\"container\">\n\t\t\t\t<div class=\"elementor-element elementor-element-b7c54dc elementor-widget elementor-widget-heading\" data-id=\"b7c54dc\" data-element_type=\"widget\" data-e-type=\"widget\" data-widget_type=\"heading.default\">\n\t\t\t\t<div class=\"elementor-widget-container\">\n\t\t\t\t\t<span class=\"elementor-heading-title elementor-size-default\">Sind Sie bereit, die schwierigsten Aufgaben der IT zu vereinfachen?<\/span>\t\t\t\t<\/div>\n\t\t\t\t<\/div>\n\t\t<div class=\"elementor-element elementor-element-cdc9c2d e-con-full e-flex e-con e-child\" data-id=\"cdc9c2d\" data-element_type=\"container\" data-e-type=\"container\">\n\t\t\t\t<div class=\"elementor-element elementor-element-ac2acda elementor-align-justify elementor-mobile-align-justify elementor-widget__width-initial elementor-widget-mobile__width-inherit elementor-button-default elementor-widget elementor-widget-button\" data-id=\"ac2acda\" data-element_type=\"widget\" data-e-type=\"widget\" data-widget_type=\"button.default\">\n\t\t\t\t<div class=\"elementor-widget-container\">\n\t\t\t\t\t\t\t\t\t<div class=\"elementor-button-wrapper\">\n\t\t\t\t\t<a class=\"elementor-button elementor-button-link elementor-size-sm\" href=\"https:\/\/www.ninjaone.com\/de\/kostenlosetestversionformular\/\" aria-label=\"Try NinjaOne free bottom CTA\">\n\t\t\t\t\t\t<span class=\"elementor-button-content-wrapper\">\n\t\t\t\t\t\t\t\t\t<span class=\"elementor-button-text\">NinjaOne kostenlos ausprobieren<\/span>\n\t\t\t\t\t<\/span>\n\t\t\t\t\t<\/a>\n\t\t\t\t<\/div>\n\t\t\t\t\t\t\t\t<\/div>\n\t\t\t\t<\/div>\n\t\t\t\t<div class=\"elementor-element elementor-element-7306102 elementor-align-justify elementor-mobile-align-justify elementor-widget__width-initial elementor-widget-mobile__width-inherit elementor-button-navigation elementor-widget elementor-widget-button\" data-id=\"7306102\" data-element_type=\"widget\" data-e-type=\"widget\" data-widget_type=\"button.default\">\n\t\t\t\t<div class=\"elementor-widget-container\">\n\t\t\t\t\t\t\t\t\t<div class=\"elementor-button-wrapper\">\n\t\t\t\t\t<a class=\"elementor-button elementor-button-link elementor-size-sm\" href=\"https:\/\/www.ninjaone.com\/de\/free-demo\/\" aria-label=\"Try NinjaOne free bottom CTA\">\n\t\t\t\t\t\t<span class=\"elementor-button-content-wrapper\">\n\t\t\t\t\t\t\t\t\t<span class=\"elementor-button-text\">Produktvorstellung ansehen<\/span>\n\t\t\t\t\t<\/span>\n\t\t\t\t\t<\/a>\n\t\t\t\t<\/div>\n\t\t\t\t\t\t\t\t<\/div>\n\t\t\t\t<\/div>\n\t\t\t\t<\/div>\n\t\t\t\t<\/div>\n\t\t\t\t\t<\/div>\n\t\t\t\t<\/div>\n\t\t\t\t\t<\/div>\n\t\t\t\t<\/div>\n\t\t\t\t<\/div>\n\t\t\t\t<\/div>\n\t\t\t\t\t\t<\/div>\n\t\t\t\t<\/div>\n\t\t\t\t<\/div>\n\t\t\t\t<\/div>\n\t\t","protected":false},"excerpt":{"rendered":"<p>Wir haben recherchiert, um Ihnen eine einfache Entscheidung zu erm\u00f6glichen. Vergleichen Sie NinjaOne\u2019s Patch Management mit unseren Wettbewerbern, um zu erfahren, wie NinjaOne Ihren Technikern dabei hilft, Sicherheitsl\u00fccken in Ihrem gesamten IT-Portfolio zu identifizieren und zu schlie\u00dfen &#8211; schnell und unabh\u00e4ngig von der Anzahl der von Ihnen eingesetzten Anwendungen. KOSTENLOSE PRODUKTVORSTELLUNG ANSEHEN SCCM Automox WSUS<\/p>\n","protected":false},"author":35,"featured_media":0,"parent":0,"menu_order":3713,"comment_status":"closed","ping_status":"closed","template":"","meta":{"_acf_changed":false,"_relevanssi_hide_post":"","_relevanssi_hide_content":"","_relevanssi_pin_for_all":"","_relevanssi_pin_keywords":"","_relevanssi_unpin_keywords":"","_relevanssi_related_keywords":"","_relevanssi_related_include_ids":"","_relevanssi_related_exclude_ids":"","_relevanssi_related_no_append":"","_relevanssi_related_not_related":"","_relevanssi_related_posts":"","_relevanssi_noindex_reason":"Rank Math Relevanssi index exclude","_lmt_disableupdate":"","_lmt_disable":"","footnotes":""},"class_list":["post-81918","page","type-page","status-publish","hentry"],"acf":[],"_links":{"self":[{"href":"https:\/\/www.ninjaone.com\/de\/wp-json\/wp\/v2\/pages\/81918","targetHints":{"allow":["GET"]}}],"collection":[{"href":"https:\/\/www.ninjaone.com\/de\/wp-json\/wp\/v2\/pages"}],"about":[{"href":"https:\/\/www.ninjaone.com\/de\/wp-json\/wp\/v2\/types\/page"}],"author":[{"embeddable":true,"href":"https:\/\/www.ninjaone.com\/de\/wp-json\/wp\/v2\/users\/35"}],"replies":[{"embeddable":true,"href":"https:\/\/www.ninjaone.com\/de\/wp-json\/wp\/v2\/comments?post=81918"}],"version-history":[{"count":0,"href":"https:\/\/www.ninjaone.com\/de\/wp-json\/wp\/v2\/pages\/81918\/revisions"}],"wp:attachment":[{"href":"https:\/\/www.ninjaone.com\/de\/wp-json\/wp\/v2\/media?parent=81918"}],"curies":[{"name":"wp","href":"https:\/\/api.w.org\/{rel}","templated":true}]}}