{"id":76820,"date":"2023-07-11T19:43:26","date_gmt":"2023-07-11T19:43:26","guid":{"rendered":"https:\/\/www.ninjaone.com\/?page_id=76820"},"modified":"2024-11-19T16:15:43","modified_gmt":"2024-11-19T16:15:43","slug":"richtlinien-fuer-das-kundenempfehlungsprogramm","status":"publish","type":"page","link":"https:\/\/www.ninjaone.com\/de\/richtlinien-fuer-das-kundenempfehlungsprogramm\/","title":{"rendered":"Richtlinien f\u00fcr das Kundenempfehlungsprogramm"},"content":{"rendered":"\t\t<div data-elementor-type=\"wp-page\" data-elementor-id=\"76820\" class=\"elementor elementor-76820 elementor-31379\" data-elementor-post-type=\"page\">\n\t\t\t\t<section class=\"elementor-element elementor-element-881fa70 e-flex e-con-boxed e-con e-parent\" data-id=\"881fa70\" data-element_type=\"container\" data-e-type=\"container\">\n\t\t\t\t\t<div class=\"e-con-inner\">\n\t\t\t\t<div class=\"elementor-element elementor-element-3fa4c86 elementor-widget elementor-widget-heading\" data-id=\"3fa4c86\" data-element_type=\"widget\" data-e-type=\"widget\" data-widget_type=\"heading.default\">\n\t\t\t\t<div class=\"elementor-widget-container\">\n\t\t\t\t\t<h1 class=\"elementor-heading-title elementor-size-default\">NinjaOne Kundenempfehlungsprogramm: Allgemeine Gesch\u00e4ftsbedingungen    <\/h1>\t\t\t\t<\/div>\n\t\t\t\t<\/div>\n\t\t\t\t<div class=\"elementor-element elementor-element-5cfbefd elementor-widget elementor-widget-text-editor\" data-id=\"5cfbefd\" data-element_type=\"widget\" data-e-type=\"widget\" data-widget_type=\"text-editor.default\">\n\t\t\t\t<div class=\"elementor-widget-container\">\n\t\t\t\t\t\t\t\t\t<p>NinjaOne, LLC (\u201eNinjaOne\u201c) freut sich, seinen Kunden die Teilnahme am Kundenempfehlungsprogramm (\u201eProgramm\u201c) anzubieten, bei dem sie f\u00fcr erfolgreiche Empfehlungen belohnt werden k\u00f6nnen, vorbehaltlich der folgenden Bedingungen:<\/p><hr \/><h3><strong>1. Teilnahmeberechtigung<\/strong><\/h3><p>Sie k\u00f6nnen am Programm teilnehmen, wenn:<br \/>a) Sie ein aktiver Kunde von NinjaOne sind und<br \/>b) Ihr Konto nach dem alleinigen Ermessen von NinjaOne in gutem Zustand ist.<\/p><p>Ein Konto wird als nicht in gutem Zustand betrachtet, wenn z. B.:<\/p><ul><li>Zahlungen \u00fcberf\u00e4llig sind oder<\/li><li>die Nutzung der Software gegen die Endbenutzer-Lizenzvereinbarung verst\u00f6\u00dft.<\/li><\/ul><p>Dar\u00fcber hinaus ist eine Teilnahme ausgeschlossen, wenn dies gegen geltende Gesetze oder Vorschriften verst\u00f6\u00dft.<\/p><hr \/><h3><strong>2. Zustimmung zu den Bedingungen<\/strong><\/h3><p>Mit Ihrer Teilnahme best\u00e4tigen Sie, dass Sie:<br \/>a) die Bedingungen gelesen, verstanden und akzeptiert haben, und<br \/>b) die Richtlinien Ihres Arbeitgebers in Bezug auf Incentive-Programme einhalten.<\/p><hr \/><h3><strong>3. Anforderungen f\u00fcr Empfehlungen<\/strong><\/h3><p>Empfehlungen erfolgen \u00fcber das bereitgestellte Formular und m\u00fcssen folgende Kriterien erf\u00fcllen:<\/p><ul><li>Der Empfohlene befindet sich in einem der unterst\u00fctzten L\u00e4nder (siehe Liste unten).<\/li><li>Der Empfohlene zeigt Interesse an NinjaOne und war bisher weder Kunde noch wurde er von einem autorisierten H\u00e4ndler betreut.<\/li><\/ul><p>Wird eine Empfehlung akzeptiert und schlie\u00dft diese innerhalb von sechs Monaten ein Abonnement ab, bei dem die ersten drei Monate vollst\u00e4ndig bezahlt werden, haben Sie Anspruch auf eine Belohnung.<\/p><p>Unterst\u00fctzte L\u00e4nder: USA, Deutschland, Australien, Kanada, Gro\u00dfbritannien, Frankreich und weitere (siehe vollst\u00e4ndige Liste).<\/p><hr \/><h3><strong>4. Empfehlungspr\u00e4mie<\/strong><\/h3><p>Die Pr\u00e4mie betr\u00e4gt das Zweifache der durchschnittlichen monatlichen Abonnementgeb\u00fchren, maximal jedoch 5.000 USD.<\/p><ul><li>Pr\u00e4mien \u2264 2.000 USD werden als Geschenkkarten ausgestellt.<\/li><li>Pr\u00e4mien &gt; 2.000 USD werden per Bank\u00fcberweisung oder ACH (f\u00fcr US-Kunden) gezahlt.<\/li><li>Zahlungen erfolgen innerhalb von 30 Tagen nach Ende des Monats, in dem die Pr\u00e4mie verdient wurde.<\/li><\/ul><p>Zur Bearbeitung ist ein W9-Formular sowie das NinjaOne-Anbieterformular erforderlich.<\/p><hr \/><h3><strong>5. \u00c4nderungen am Programm<\/strong><\/h3><p>NinjaOne beh\u00e4lt sich das Recht vor, das Programm oder die Bedingungen jederzeit zu \u00e4ndern. \u00c4nderungen werden auf der Website ver\u00f6ffentlicht, und die fortgesetzte Teilnahme gilt als Zustimmung.<\/p><hr \/><h3><strong>6. Widerruf der Teilnahmeberechtigung<\/strong><\/h3><p>NinjaOne kann bei Missbrauch, Verst\u00f6\u00dfen gegen die Bedingungen oder geltendes Recht die Teilnahme widerrufen und ausstehende Pr\u00e4mien einbehalten. Zus\u00e4tzlich beh\u00e4lt sich NinjaOne rechtliche Schritte vor.<\/p><hr \/><h3><strong>7. Streitbeilegung<\/strong><\/h3><p>Alle Streitigkeiten werden, sofern gesetzlich zul\u00e4ssig, ausschlie\u00dflich vor einem Gericht in Travis County, Texas, verhandelt. Es gilt das Recht des Bundesstaates Texas, ohne Ber\u00fccksichtigung kollisionsrechtlicher Bestimmungen.<\/p><hr \/><h3><strong>8. Haftungsausschluss<\/strong><\/h3><p>Mit der Teilnahme entbinden Sie NinjaOne von Haftungsanspr\u00fcchen im Zusammenhang mit dem Programm, einschlie\u00dflich technischer Fehler oder unbefugter Eingriffe.<\/p><hr \/><h3><strong>9. Datenschutz<\/strong><\/h3><p>Ihre im Rahmen des Programms bereitgestellten Daten werden gem\u00e4\u00df der <a href=\"#\" rel=\"noopener\">Datenschutzerkl\u00e4rung von NinjaOne<\/a> verarbeitet.<\/p><hr \/><h3><strong>10. Konflikte mit anderen Vereinbarungen<\/strong><\/h3><p>Im Falle von Widerspr\u00fcchen zwischen diesen Bedingungen und anderen Vereinbarungen, wie der Endbenutzer-Lizenzvereinbarung, gelten letztere.<\/p><hr \/><h3><strong>11. Sonstiges<\/strong><\/h3><p>Sollte eine Bestimmung dieser Bedingungen unwirksam sein, bleiben die \u00fcbrigen Bestimmungen g\u00fcltig. Diese Bedingungen stellen die gesamte Vereinbarung in Bezug auf das Programm dar.<\/p>\t\t\t\t\t\t\t\t<\/div>\n\t\t\t\t<\/div>\n\t\t\t\t\t<\/div>\n\t\t\t\t<\/section>\n\t\t\t\t<\/div>\n\t\t","protected":false},"excerpt":{"rendered":"<p>NinjaOne Kundenempfehlungsprogramm: Allgemeine Gesch\u00e4ftsbedingungen NinjaOne, LLC (\u201eNinjaOne\u201c) freut sich, seinen Kunden die Teilnahme am Kundenempfehlungsprogramm (\u201eProgramm\u201c) anzubieten, bei dem sie f\u00fcr erfolgreiche Empfehlungen belohnt werden k\u00f6nnen, vorbehaltlich der folgenden Bedingungen: 1. Teilnahmeberechtigung Sie k\u00f6nnen am Programm teilnehmen, wenn:a) Sie ein aktiver Kunde von NinjaOne sind undb) Ihr Konto nach dem alleinigen Ermessen von NinjaOne in [&hellip;]<\/p>\n","protected":false},"author":35,"featured_media":0,"parent":0,"menu_order":3313,"comment_status":"closed","ping_status":"closed","template":"elementor_header_footer","meta":{"_acf_changed":false,"_relevanssi_hide_post":"","_relevanssi_hide_content":"","_relevanssi_pin_for_all":"","_relevanssi_pin_keywords":"","_relevanssi_unpin_keywords":"","_relevanssi_related_keywords":"","_relevanssi_related_include_ids":"","_relevanssi_related_exclude_ids":"","_relevanssi_related_no_append":"","_relevanssi_related_not_related":"","_relevanssi_related_posts":"","_relevanssi_noindex_reason":"","_lmt_disableupdate":"","_lmt_disable":"","footnotes":""},"class_list":["post-76820","page","type-page","status-publish","hentry"],"acf":[],"_links":{"self":[{"href":"https:\/\/www.ninjaone.com\/de\/wp-json\/wp\/v2\/pages\/76820","targetHints":{"allow":["GET"]}}],"collection":[{"href":"https:\/\/www.ninjaone.com\/de\/wp-json\/wp\/v2\/pages"}],"about":[{"href":"https:\/\/www.ninjaone.com\/de\/wp-json\/wp\/v2\/types\/page"}],"author":[{"embeddable":true,"href":"https:\/\/www.ninjaone.com\/de\/wp-json\/wp\/v2\/users\/35"}],"replies":[{"embeddable":true,"href":"https:\/\/www.ninjaone.com\/de\/wp-json\/wp\/v2\/comments?post=76820"}],"version-history":[{"count":0,"href":"https:\/\/www.ninjaone.com\/de\/wp-json\/wp\/v2\/pages\/76820\/revisions"}],"wp:attachment":[{"href":"https:\/\/www.ninjaone.com\/de\/wp-json\/wp\/v2\/media?parent=76820"}],"curies":[{"name":"wp","href":"https:\/\/api.w.org\/{rel}","templated":true}]}}