{"id":392598,"date":"2024-12-16T15:06:40","date_gmt":"2024-12-16T15:06:40","guid":{"rendered":"https:\/\/www.ninjaone.com\/?page_id=392598"},"modified":"2024-12-17T06:27:06","modified_gmt":"2024-12-17T06:27:06","slug":"ninjaone-iso-27001-konform","status":"publish","type":"page","link":"https:\/\/www.ninjaone.com\/de\/ninjaone-iso-27001-konform\/","title":{"rendered":"NinjaOne ist ISO 27001-konform"},"content":{"rendered":"\t\t<div data-elementor-type=\"wp-page\" data-elementor-id=\"392598\" class=\"elementor elementor-392598 elementor-391169\" data-elementor-post-type=\"page\">\n\t\t\t\t<main class=\"elementor-element elementor-element-914eec1 e-flex e-con-boxed e-con e-parent\" data-id=\"914eec1\" data-element_type=\"container\" data-e-type=\"container\">\n\t\t\t\t\t<div class=\"e-con-inner\">\n\t\t\t\t<div class=\"elementor-element elementor-element-9096c96 elementor-widget__width-inherit elementor-widget elementor-widget-heading\" data-id=\"9096c96\" data-element_type=\"widget\" data-e-type=\"widget\" data-widget_type=\"heading.default\">\n\t\t\t\t<div class=\"elementor-widget-container\">\n\t\t\t\t\t<h1 class=\"elementor-heading-title elementor-size-default\">NinjaOne ist ISO 27001-konform<\/h1>\t\t\t\t<\/div>\n\t\t\t\t<\/div>\n\t\t\t\t<div class=\"elementor-element elementor-element-e7269df elementor-widget elementor-widget-text-editor\" data-id=\"e7269df\" data-element_type=\"widget\" data-e-type=\"widget\" data-widget_type=\"text-editor.default\">\n\t\t\t\t<div class=\"elementor-widget-container\">\n\t\t\t\t\t\t\t\t\t<h2>Was ist ISO 27001?<\/h2><p>ISO 27001 ist ein internationaler Standard, der sich auf die Informationssicherheit bezieht. Er sieht strenge Kontrollen zum Schutz der Vertraulichkeit, Integrit\u00e4t und Verf\u00fcgbarkeit von Daten vor. ISO 27001 stellt sicher, dass Unternehmen wie NinjaOne in allen Bereichen, von der Datensicherung bis zum Bedrohungs-Management, die h\u00f6chsten Sicherheitsstandards gew\u00e4hrleisten.<\/p><h2>Wie kann NinjaOne helfen?<\/h2><p>Unabh\u00e4ngig von der Branche, in der Sie t\u00e4tig sind, ist die von Ihnen verwendete Software wichtig f\u00fcr die Wahrung der Datensicherheit und -integrit\u00e4t. Die komplette Endpunkt-Management-Plattform von NinjaOne bietet verschiedene Cloud-basierte L\u00f6sungen, die MSPs und IT-Teams in ihren Compliance-Bem\u00fchungen unterst\u00fctzen, und ihnen gleichzeitig dabei helfen, ihr Gesch\u00e4ft voranzutreiben.<\/p><p>Als ISO 27001-konformer Anbieter engagiert sich NinjaOne f\u00fcr den Erfolg der Kund:innen, angefangen bei der Sicherung der Kundendaten. Diese Zertifizierung garantiert, dass international anerkannte Standards Ihre Daten sch\u00fctzen. Egal ob Sie ein MSP oder ein internes IT-Team sind, unsere ISO 27001-Zertifizierung bedeutet, dass sich Ihr Unternehmen auf NinjaOne verlassen kann, um Ihre kritischen Daten zu sch\u00fctzen.<\/p><h2>L\u00f6sungen, die zu sicheren Daten beitragen<\/h2><p><strong>Endpunkt-Management<\/strong>: Die benutzerfreundliche, All-in-One-Endpunkt-L\u00f6sung von NinjaOne hilft Ihnen bei der \u00dcberwachung, Unterst\u00fctzung und Kontrolle Ihrer Endpunkte, von Smartphones bis hin zu Servern, unabh\u00e4ngig vom Betriebssystem. Minimieren Sie Ausfallzeiten und steigern Sie die Produktivit\u00e4t Ihrer Mitarbeiter:innen.<\/p><p><strong>Patch-Management<\/strong>: Sichern Sie remote und hybride Endpunkte mit automatisiertem, betriebssystem-\u00fcbergreifendem Patch Management. Verbessern Sie das Management von Zero-Day-Exploits und Problemen mit einem detaillierten Steuerungsansatz, der durch CVE-\/CVSS-Warnmeldungen und -Bewertungen unterst\u00fctzt wird. Liefern Sie Patches an jeden verbundenen Endpunkt, unabh\u00e4ngig vom Standort.<\/p><p><strong>Mobile Device Management<\/strong>: Verwalten Sie Android- und Apple-Mobilger\u00e4te \u00fcber alle Betriebssysteme hinweg \u00fcber eine einzige, intuitive Konsole. Sorgen Sie daf\u00fcr, dass Benutzer:innen mit Bestandsverfolgung, einfacher Bereitstellung, Konfigurations-Management und Remote-Fehlerbehebung sicher und produktiv bleiben.<\/p><p><strong>Backup<\/strong>: Entwickelt f\u00fcr die Wiederherstellung nach Ransomware-Angriffen, werden Backups in der Cloud, lokal und bei der \u00dcbertragung verschl\u00fcsselt und erfordern eine erneute Authentifizierung, MFA und eine Best\u00e4tigung aller L\u00f6schvorg\u00e4nge. Verwenden Sie es f\u00fcr alle Windows- oder MacOS-Ger\u00e4te, Ordner, Dateien oder Images.<\/p><h2>Die wichtigsten Aspekte der ISO 27001-Compliance<\/h2><p>Eines der Hauptziele von ISO 27001 ist der Aufbau eines Informationssicherheits-Management-Systems (ISMS). NinjaOne-L\u00f6sungen und integrierte Sicherheitsprodukte wie Endpoint Detection und Response sowie Managed Detection und Response sind leistungsstarke Tools, die MSPs und IT-Teams beim Aufbau und der Wartung ihres ISMS unterst\u00fctzen. Die L\u00f6sungen von NinjaOne erm\u00f6glichen es MSPs und IT-Teams, auf die folgenden Hauptaspekte der ISO 27001-Compliance hinzuarbeiten:<\/p><ul><li><strong>Risikomanagement:<\/strong>\u202fIdentifizierung, Bewertung und Minimierung von Risiken f\u00fcr die Informations-Assets Ihres Unternehmens.<\/li><li><strong>Richtlinien zur Informationssicherheit:<\/strong>\u202fEntwicklung und Umsetzung von Richtlinien, die den Schutz von Informationen innerhalb des Unternehmens regeln.<\/li><li><strong>Reaktionsma\u00dfnahmen bei Vorf\u00e4llen:<\/strong>\u202fFestlegung von Verfahren zur Erkennung von, Reaktion auf und Wiederherstellung nach Informationssicherheits-Vorf\u00e4llen.<\/li><li><strong>Kontinuierliche Verbesserung:<\/strong>\u202fRegelm\u00e4\u00dfige \u00dcberpr\u00fcfung und Aktualisierung des Informationssicherheits-Managementsystems (ISMS), um neuen Bedrohungen zu begegnen und die st\u00e4ndige Compliance zu gew\u00e4hrleisten.<\/li><\/ul>\t\t\t\t\t\t\t\t<\/div>\n\t\t\t\t<\/div>\n\t\t\t\t\t<\/div>\n\t\t\t\t<\/main>\n\t\t\t\t<\/div>\n\t\t","protected":false},"excerpt":{"rendered":"<p>Was ist ISO 27001? ISO 27001 ist ein internationaler Standard, der sich auf die Informationssicherheit bezieht. Er sieht strenge Kontrollen zum Schutz der Vertraulichkeit, Integrit\u00e4t und Verf\u00fcgbarkeit von Daten vor. ISO 27001 stellt sicher, dass Unternehmen wie NinjaOne in allen Bereichen, von der Datensicherung bis zum Bedrohungs-Management, die h\u00f6chsten Sicherheitsstandards gew\u00e4hrleisten. Wie kann NinjaOne helfen? [&hellip;]<\/p>\n","protected":false},"author":47,"featured_media":0,"parent":0,"menu_order":3700,"comment_status":"closed","ping_status":"closed","template":"elementor_header_footer","meta":{"_acf_changed":false,"_relevanssi_hide_post":"","_relevanssi_hide_content":"","_relevanssi_pin_for_all":"","_relevanssi_pin_keywords":"","_relevanssi_unpin_keywords":"","_relevanssi_related_keywords":"","_relevanssi_related_include_ids":"","_relevanssi_related_exclude_ids":"","_relevanssi_related_no_append":"","_relevanssi_related_not_related":"","_relevanssi_related_posts":"","_relevanssi_noindex_reason":"Rank Math Relevanssi index exclude","_lmt_disableupdate":"no","_lmt_disable":"","footnotes":""},"class_list":["post-392598","page","type-page","status-publish","hentry"],"acf":[],"_links":{"self":[{"href":"https:\/\/www.ninjaone.com\/de\/wp-json\/wp\/v2\/pages\/392598","targetHints":{"allow":["GET"]}}],"collection":[{"href":"https:\/\/www.ninjaone.com\/de\/wp-json\/wp\/v2\/pages"}],"about":[{"href":"https:\/\/www.ninjaone.com\/de\/wp-json\/wp\/v2\/types\/page"}],"author":[{"embeddable":true,"href":"https:\/\/www.ninjaone.com\/de\/wp-json\/wp\/v2\/users\/47"}],"replies":[{"embeddable":true,"href":"https:\/\/www.ninjaone.com\/de\/wp-json\/wp\/v2\/comments?post=392598"}],"version-history":[{"count":0,"href":"https:\/\/www.ninjaone.com\/de\/wp-json\/wp\/v2\/pages\/392598\/revisions"}],"wp:attachment":[{"href":"https:\/\/www.ninjaone.com\/de\/wp-json\/wp\/v2\/media?parent=392598"}],"curies":[{"name":"wp","href":"https:\/\/api.w.org\/{rel}","templated":true}]}}