{"id":234778,"date":"2024-04-10T15:55:38","date_gmt":"2024-04-10T15:55:38","guid":{"rendered":"https:\/\/www.ninjaone.com\/?page_id=234778"},"modified":"2024-04-10T15:55:38","modified_gmt":"2024-04-10T15:55:38","slug":"isx-it-security-conference-2024-munich-danke-fuer-ihre-demo-buchung-2","status":"publish","type":"page","link":"https:\/\/www.ninjaone.com\/de\/isx-it-security-conference-2024-munich-danke-fuer-ihre-demo-buchung-2\/","title":{"rendered":"ISX IT-Security Conference 2024 &#8211; M\u00fcnchen: Danke f\u00fcr Ihre Demo-Buchung"},"content":{"rendered":"\t\t<div data-elementor-type=\"wp-page\" data-elementor-id=\"234778\" class=\"elementor elementor-234778\" data-elementor-post-type=\"page\">\n\t\t\t\t<main class=\"elementor-element elementor-element-5ee3fe0 e-flex e-con-boxed e-con e-parent\" data-id=\"5ee3fe0\" data-element_type=\"container\" data-e-type=\"container\">\n\t\t\t\t\t<div class=\"e-con-inner\">\n\t\t\t\t<div class=\"elementor-element elementor-element-c95e625 elementor-widget elementor-widget-heading\" data-id=\"c95e625\" data-element_type=\"widget\" data-e-type=\"widget\" data-widget_type=\"heading.default\">\n\t\t\t\t<div class=\"elementor-widget-container\">\n\t\t\t\t\t<h1 class=\"elementor-heading-title elementor-size-default\">Vielen Dank!\n<\/h1>\t\t\t\t<\/div>\n\t\t\t\t<\/div>\n\t\t\t\t<div class=\"elementor-element elementor-element-4fd571b elementor-widget__width-initial elementor-widget-mobile__width-inherit elementor-widget elementor-widget-text-editor\" data-id=\"4fd571b\" data-element_type=\"widget\" data-e-type=\"widget\" data-widget_type=\"text-editor.default\">\n\t\t\t\t<div class=\"elementor-widget-container\">\n\t\t\t\t\t\t\t\t\t<p>Danke, dass Sie sich f\u00fcr eine\u00a0<strong style=\"color: var( --e-global-color-94dfbdc ); font-size: 1.5rem;\">NinjaOne\u00a0<\/strong><b style=\"color: var( --e-global-color-94dfbdc ); font-size: 1.5rem;\">Produkt-Demonstration\u00a0<\/b><span style=\"color: var( --e-global-color-94dfbdc ); font-size: 1.5rem;\">angemeldet haben. <\/span><\/p><p><strong><span style=\"color: var( --e-global-color-94dfbdc ); font-size: 1.5rem;\">Wir melden uns schnellstm\u00f6glich bei Ihnen, um einen Termin zu vereinbaren.<\/span><\/strong><\/p><p>Wir dr\u00fccken Ihnen die Daumen f\u00fcr die Verlosung des Lego-Sets!<\/p>\t\t\t\t\t\t\t\t<\/div>\n\t\t\t\t<\/div>\n\t\t\t\t\t<\/div>\n\t\t\t\t<\/main>\n\t\t<section class=\"elementor-element elementor-element-0dc82c1 e-flex e-con-boxed e-con e-parent\" data-id=\"0dc82c1\" data-element_type=\"container\" data-e-type=\"container\">\n\t\t\t\t\t<div class=\"e-con-inner\">\n\t\t\t\t<div class=\"elementor-element elementor-element-9406ffa elementor-widget elementor-widget-heading\" data-id=\"9406ffa\" data-element_type=\"widget\" data-e-type=\"widget\" data-widget_type=\"heading.default\">\n\t\t\t\t<div class=\"elementor-widget-container\">\n\t\t\t\t\t<h2 class=\"elementor-heading-title elementor-size-default\">Was unsere Kunden \u00fcber NinjaOne sagen\n<\/h2>\t\t\t\t<\/div>\n\t\t\t\t<\/div>\n\t\t\t\t<div class=\"elementor-element elementor-element-e10972f elementor-widget elementor-widget-template\" data-id=\"e10972f\" data-element_type=\"widget\" data-e-type=\"widget\" data-widget_type=\"template.default\">\n\t\t\t\t<div class=\"elementor-widget-container\">\n\t\t\t\t\t\t\t<div class=\"elementor-template\">\n\t\t\t\t\t<div data-elementor-type=\"section\" data-elementor-id=\"73819\" class=\"elementor elementor-73819 elementor-51647 elementor-51647\" data-elementor-post-type=\"elementor_library\">\n\t\t\t<div class=\"elementor-element elementor-element-c4c0191 e-grid e-con-boxed e-con e-parent\" data-id=\"c4c0191\" data-element_type=\"container\" data-e-type=\"container\">\n\t\t\t\t\t<div class=\"e-con-inner\">\n\t\t<div class=\"elementor-element elementor-element-2f84541 e-con-full e-flex e-con e-child\" data-id=\"2f84541\" data-element_type=\"container\" data-e-type=\"container\">\n\t\t\t\t<div class=\"elementor-element elementor-element-3b17ce3 elementor-widget elementor-widget-text-editor\" data-id=\"3b17ce3\" data-element_type=\"widget\" data-e-type=\"widget\" data-widget_type=\"text-editor.default\">\n\t\t\t\t<div class=\"elementor-widget-container\">\n\t\t\t\t\t\t\t\t\t<p>Ein solides Produkt, das schlicht funktioniert. Versucht nicht, \u00fcberm\u00e4\u00dfig ausgefallen oder komplex zu sein.<\/p>\n\t\t\t\t\t\t\t\t<\/div>\n\t\t\t\t<\/div>\n\t\t\t\t<div class=\"elementor-element elementor-element-9f170db author-info elementor-widget elementor-widget-text-editor\" data-id=\"9f170db\" data-element_type=\"widget\" data-e-type=\"widget\" data-widget_type=\"text-editor.default\">\n\t\t\t\t<div class=\"elementor-widget-container\">\n\t\t\t\t\t\t\t\t\t<p><strong>Adam C<\/strong><\/p>\n<p>Houston Networks<\/p>\n\t\t\t\t\t\t\t\t<\/div>\n\t\t\t\t<\/div>\n\t\t\t\t<\/div>\n\t\t<div class=\"elementor-element elementor-element-3d5420a e-con-full e-flex e-con e-child\" data-id=\"3d5420a\" data-element_type=\"container\" data-e-type=\"container\">\n\t\t\t\t<div class=\"elementor-element elementor-element-8a04786 elementor-widget elementor-widget-text-editor\" data-id=\"8a04786\" data-element_type=\"widget\" data-e-type=\"widget\" data-widget_type=\"text-editor.default\">\n\t\t\t\t<div class=\"elementor-widget-container\">\n\t\t\t\t\t\t\t\t\t<p>NinjaOne ist die ideale Software f\u00fcr mein Unternehmen! Ich benutze diese Software jeden Tag und ich liebe sie!<\/p>\n\t\t\t\t\t\t\t\t<\/div>\n\t\t\t\t<\/div>\n\t\t\t\t<div class=\"elementor-element elementor-element-c6336de author-info elementor-widget elementor-widget-text-editor\" data-id=\"c6336de\" data-element_type=\"widget\" data-e-type=\"widget\" data-widget_type=\"text-editor.default\">\n\t\t\t\t<div class=\"elementor-widget-container\">\n\t\t\t\t\t\t\t\t\t<p><strong>Andre M<\/strong><\/p>\n<p>Johnson Publishing Company<\/p>\n\t\t\t\t\t\t\t\t<\/div>\n\t\t\t\t<\/div>\n\t\t\t\t<\/div>\n\t\t<div class=\"elementor-element elementor-element-f63fb92 e-con-full e-flex e-con e-child\" data-id=\"f63fb92\" data-element_type=\"container\" data-e-type=\"container\">\n\t\t\t\t<div class=\"elementor-element elementor-element-6196100 elementor-widget elementor-widget-text-editor\" data-id=\"6196100\" data-element_type=\"widget\" data-e-type=\"widget\" data-widget_type=\"text-editor.default\">\n\t\t\t\t<div class=\"elementor-widget-container\">\n\t\t\t\t\t\t\t\t\t<p>\u00c4u\u00dferst leicht zu bedienen. Gro\u00dfartige Support-Community. Permanente Weiterentwicklung und Updates. Auf Effizienz ausgelegt.<\/p>\t\t\t\t\t\t\t\t<\/div>\n\t\t\t\t<\/div>\n\t\t\t\t<div class=\"elementor-element elementor-element-2a2caca author-info elementor-widget elementor-widget-text-editor\" data-id=\"2a2caca\" data-element_type=\"widget\" data-e-type=\"widget\" data-widget_type=\"text-editor.default\">\n\t\t\t\t<div class=\"elementor-widget-container\">\n\t\t\t\t\t\t\t\t\t<p><strong>David S<\/strong><\/p>\n<p>Innomecha<\/p>\n\t\t\t\t\t\t\t\t<\/div>\n\t\t\t\t<\/div>\n\t\t\t\t<\/div>\n\t\t\t\t\t<\/div>\n\t\t\t\t<\/div>\n\t\t\t\t<\/div>\n\t\t\t\t<\/div>\n\t\t\t\t\t\t<\/div>\n\t\t\t\t<\/div>\n\t\t\t\t\t<\/div>\n\t\t\t\t<\/section>\n\t\t<section class=\"elementor-element elementor-element-4c92ec2 e-flex e-con-boxed e-con e-parent\" data-id=\"4c92ec2\" data-element_type=\"container\" data-e-type=\"container\" data-settings=\"{&quot;background_background&quot;:&quot;classic&quot;}\">\n\t\t\t\t\t<div class=\"e-con-inner\">\n\t\t\t\t<div class=\"elementor-element elementor-element-7deea91 elementor-widget elementor-widget-heading\" data-id=\"7deea91\" data-element_type=\"widget\" data-e-type=\"widget\" data-widget_type=\"heading.default\">\n\t\t\t\t<div class=\"elementor-widget-container\">\n\t\t\t\t\t<h2 class=\"elementor-heading-title elementor-size-default\">5-Sterne Wertung von Managed Service Providern und IT-Experten\n<\/h2>\t\t\t\t<\/div>\n\t\t\t\t<\/div>\n\t\t<div class=\"elementor-element elementor-element-f7fb638 e-flex e-con-boxed e-con e-child\" data-id=\"f7fb638\" data-element_type=\"container\" data-e-type=\"container\">\n\t\t\t\t\t<div class=\"e-con-inner\">\n\t\t\t\t<div class=\"elementor-element elementor-element-0956fb0 elementor-widget__width-auto elementor-widget elementor-widget-image\" data-id=\"0956fb0\" data-element_type=\"widget\" data-e-type=\"widget\" data-widget_type=\"image.default\">\n\t\t\t\t<div class=\"elementor-widget-container\">\n\t\t\t\t\t\t\t\t\t\t\t\t\t\t\t<img decoding=\"async\" width=\"151\" height=\"70\" src=\"https:\/\/www.ninjaone.com\/wp-content\/uploads\/2022\/11\/5stars-capterra.svg\" class=\" attachment-full size-full wp-image-31555\" alt=\"Capterra 5 Sterne\" title=\"5Sterne-capterra\" \/>\t\t\t\t\t\t\t\t\t\t\t\t\t\t\t<\/div>\n\t\t\t\t<\/div>\n\t\t\t\t<div class=\"elementor-element elementor-element-181505c elementor-widget__width-auto elementor-widget elementor-widget-image\" data-id=\"181505c\" data-element_type=\"widget\" data-e-type=\"widget\" data-widget_type=\"image.default\">\n\t\t\t\t<div class=\"elementor-widget-container\">\n\t\t\t\t\t\t\t\t\t\t\t\t\t\t\t<img decoding=\"async\" width=\"148\" height=\"69\" src=\"https:\/\/www.ninjaone.com\/wp-content\/uploads\/2022\/11\/5stars-getapp.svg\" class=\" attachment-full size-full wp-image-31543\" alt=\"GetApp 5 Sterne\" title=\"5Sterne-getapp\" \/>\t\t\t\t\t\t\t\t\t\t\t\t\t\t\t<\/div>\n\t\t\t\t<\/div>\n\t\t\t\t<div class=\"elementor-element elementor-element-a5c1db6 elementor-widget__width-auto elementor-widget elementor-widget-image\" data-id=\"a5c1db6\" data-element_type=\"widget\" data-e-type=\"widget\" data-widget_type=\"image.default\">\n\t\t\t\t<div class=\"elementor-widget-container\">\n\t\t\t\t\t\t\t\t\t\t\t\t\t\t\t<img decoding=\"async\" width=\"148\" height=\"70\" src=\"https:\/\/www.ninjaone.com\/wp-content\/uploads\/2022\/11\/5stars-g2crowd.svg\" class=\" attachment-full size-full wp-image-31531\" alt=\"G2 5 stars\" title=\"5stars-g2\" \/>\t\t\t\t\t\t\t\t\t\t\t\t\t\t\t<\/div>\n\t\t\t\t<\/div>\n\t\t\t\t<div class=\"elementor-element elementor-element-5bf46dc elementor-widget__width-auto elementor-widget elementor-widget-image\" data-id=\"5bf46dc\" data-element_type=\"widget\" data-e-type=\"widget\" data-widget_type=\"image.default\">\n\t\t\t\t<div class=\"elementor-widget-container\">\n\t\t\t\t\t\t\t\t\t\t\t\t\t\t\t<img loading=\"lazy\" decoding=\"async\" width=\"194\" height=\"64\" src=\"https:\/\/www.ninjaone.com\/wp-content\/uploads\/2022\/11\/5stars-softwareadvice.svg\" class=\" attachment-full size-full wp-image-31567\" alt=\"Software Beratung 5 Sterne\" title=\"5Sterne-Softwareservice\" \/>\t\t\t\t\t\t\t\t\t\t\t\t\t\t\t<\/div>\n\t\t\t\t<\/div>\n\t\t\t\t\t<\/div>\n\t\t\t\t<\/div>\n\t\t\t\t\t<\/div>\n\t\t\t\t<\/section>\n\t\t<section class=\"elementor-element elementor-element-0d8891b e-flex e-con-boxed e-con e-parent\" data-id=\"0d8891b\" data-element_type=\"container\" data-e-type=\"container\">\n\t\t\t\t\t<div class=\"e-con-inner\">\n\t\t\t\t<div class=\"elementor-element elementor-element-8ca48c1 elementor-widget elementor-widget-heading\" data-id=\"8ca48c1\" data-element_type=\"widget\" data-e-type=\"widget\" data-widget_type=\"heading.default\">\n\t\t\t\t<div class=\"elementor-widget-container\">\n\t\t\t\t\t<h2 class=\"elementor-heading-title elementor-size-default\">Echtzeit Endpunkt\u00fcberwachung\n<\/h2>\t\t\t\t<\/div>\n\t\t\t\t<\/div>\n\t\t\t\t<div class=\"elementor-element elementor-element-db4740b elementor-widget__width-initial elementor-widget-mobile__width-inherit elementor-widget elementor-widget-text-editor\" data-id=\"db4740b\" data-element_type=\"widget\" data-e-type=\"widget\" data-widget_type=\"text-editor.default\">\n\t\t\t\t<div class=\"elementor-widget-container\">\n\t\t\t\t\t\t\t\t\tBeziehen Sie Informationen f\u00fcr Ihre Windows und Mac Endpunkte in Echtzeit. Setzen Sie 100+ Out-of-the-Box Bedingungen wirksam ein um Warnungen zur Speicherauslastung, Bandbreitenauslastung und vielem mehr zu erhalten!\n\n\t\t\t\t\t\t\t\t<\/div>\n\t\t\t\t<\/div>\n\t\t\t\t<div class=\"elementor-element elementor-element-ccbcfb3 elementor-widget__width-auto elementor-widget elementor-widget-image\" data-id=\"ccbcfb3\" data-element_type=\"widget\" data-e-type=\"widget\" data-widget_type=\"image.default\">\n\t\t\t\t<div class=\"elementor-widget-container\">\n\t\t\t\t\t\t\t\t\t\t\t\t\t\t\t<img loading=\"lazy\" decoding=\"async\" width=\"968\" height=\"389\" src=\"https:\/\/www.ninjaone.com\/wp-content\/uploads\/2022\/11\/network-management-w-mac-@1x.png\" class=\" attachment-full size-full wp-image-35295\" alt=\"\" srcset=\"https:\/\/www.ninjaone.com\/wp-content\/uploads\/2022\/11\/network-management-w-mac-@1x.png 968w, https:\/\/www.ninjaone.com\/wp-content\/uploads\/2022\/11\/network-management-w-mac-@1x-300x121.png 300w, https:\/\/www.ninjaone.com\/wp-content\/uploads\/2022\/11\/network-management-w-mac-@1x-768x309.png 768w\" sizes=\"(max-width: 968px) 100vw, 968px\" title=\"netzwerk-management-w-mac-@1x\" \/>\t\t\t\t\t\t\t\t\t\t\t\t\t\t\t<\/div>\n\t\t\t\t<\/div>\n\t\t\t\t\t<\/div>\n\t\t\t\t<\/section>\n\t\t<section class=\"elementor-element elementor-element-34493a2 e-flex e-con-boxed e-con e-parent\" data-id=\"34493a2\" data-element_type=\"container\" data-e-type=\"container\" data-settings=\"{&quot;background_background&quot;:&quot;classic&quot;}\">\n\t\t\t\t\t<div class=\"e-con-inner\">\n\t\t\t\t<div class=\"elementor-element elementor-element-192aeb8 elementor-widget elementor-widget-heading\" data-id=\"192aeb8\" data-element_type=\"widget\" data-e-type=\"widget\" data-widget_type=\"heading.default\">\n\t\t\t\t<div class=\"elementor-widget-container\">\n\t\t\t\t\t<h2 class=\"elementor-heading-title elementor-size-default\">Nahtlose Fernwartung\n<\/h2>\t\t\t\t<\/div>\n\t\t\t\t<\/div>\n\t\t\t\t<div class=\"elementor-element elementor-element-f43571b elementor-widget__width-initial elementor-widget-mobile__width-inherit elementor-widget elementor-widget-text-editor\" data-id=\"f43571b\" data-element_type=\"widget\" data-e-type=\"widget\" data-widget_type=\"text-editor.default\">\n\t\t\t\t<div class=\"elementor-widget-container\">\n\t\t\t\t\t\t\t\t\tConnect to your devices through a fast drop-down search and one-click to initiate remote access connection. Supports both attended and unattended access modes.\t\t\t\t\t\t\t\t<\/div>\n\t\t\t\t<\/div>\n\t\t\t\t<div class=\"elementor-element elementor-element-88f994c elementor-widget__width-auto elementor-widget elementor-widget-image\" data-id=\"88f994c\" data-element_type=\"widget\" data-e-type=\"widget\" data-widget_type=\"image.default\">\n\t\t\t\t<div class=\"elementor-widget-container\">\n\t\t\t\t\t\t\t\t\t\t\t\t\t\t\t<img decoding=\"async\" class=\"\" src=\"https:\/\/mlfk3cv5yvnx.i.optimole.com\/cb:k-rC.2fd1d\/w:auto\/h:auto\/q:mauto\/f:best\/https:\/\/www.ninjaone.com\/wp-content\/uploads\/2022\/11\/Remote@2x.webp\" title=\"\" alt=\"\" loading=\"lazy\" \/>\t\t\t\t\t\t\t\t\t\t\t\t\t\t\t<\/div>\n\t\t\t\t<\/div>\n\t\t\t\t\t<\/div>\n\t\t\t\t<\/section>\n\t\t<section class=\"elementor-element elementor-element-8d303af e-flex e-con-boxed e-con e-parent\" data-id=\"8d303af\" data-element_type=\"container\" data-e-type=\"container\">\n\t\t\t\t\t<div class=\"e-con-inner\">\n\t\t\t\t<div class=\"elementor-element elementor-element-e7b7e82 elementor-widget elementor-widget-heading\" data-id=\"e7b7e82\" data-element_type=\"widget\" data-e-type=\"widget\" data-widget_type=\"heading.default\">\n\t\t\t\t<div class=\"elementor-widget-container\">\n\t\t\t\t\t<h2 class=\"elementor-heading-title elementor-size-default\">Automatisiertes Patching\n<\/h2>\t\t\t\t<\/div>\n\t\t\t\t<\/div>\n\t\t\t\t<div class=\"elementor-element elementor-element-b1a00db elementor-widget__width-initial elementor-widget-mobile__width-inherit elementor-widget elementor-widget-text-editor\" data-id=\"b1a00db\" data-element_type=\"widget\" data-e-type=\"widget\" data-widget_type=\"text-editor.default\">\n\t\t\t\t<div class=\"elementor-widget-container\">\n\t\t\t\t\t\t\t\t\tUnterst\u00fctzt 120+ g\u00e4ngige Anwendungen wie Dropbox, Chrome, Java und mehr. Erhalten Sie Patch-Compliance-Berichte, \u00fcber verschiedene Ger\u00e4tegruppen und Organisationen hinweg. Stellen Sie sicher, dass jede IT-Umgebung sicher ist.\n\n\t\t\t\t\t\t\t\t<\/div>\n\t\t\t\t<\/div>\n\t\t\t\t<div class=\"elementor-element elementor-element-71bd484 elementor-widget__width-auto elementor-widget elementor-widget-image\" data-id=\"71bd484\" data-element_type=\"widget\" data-e-type=\"widget\" data-widget_type=\"image.default\">\n\t\t\t\t<div class=\"elementor-widget-container\">\n\t\t\t\t\t\t\t\t\t\t\t\t\t\t\t<img decoding=\"async\" class=\"\" src=\"https:\/\/www.ninjaone.com\/wp-content\/uploads\/elementor\/thumbs\/automated-patching-r6p4t5hobd6sop0n9q48b4g907rdvzb9uezt2ll8ee.png\" title=\"automatisiertes-patchen\" alt=\"Automated Patching\" loading=\"lazy\" \/>\t\t\t\t\t\t\t\t\t\t\t\t\t\t\t<\/div>\n\t\t\t\t<\/div>\n\t\t\t\t\t<\/div>\n\t\t\t\t<\/section>\n\t\t<section class=\"elementor-element elementor-element-be4014e e-flex e-con-boxed e-con e-parent\" data-id=\"be4014e\" data-element_type=\"container\" data-e-type=\"container\" data-settings=\"{&quot;background_background&quot;:&quot;classic&quot;}\">\n\t\t\t\t\t<div class=\"e-con-inner\">\n\t\t\t\t<div class=\"elementor-element elementor-element-eba765d elementor-widget elementor-widget-heading\" data-id=\"eba765d\" data-element_type=\"widget\" data-e-type=\"widget\" data-widget_type=\"heading.default\">\n\t\t\t\t<div class=\"elementor-widget-container\">\n\t\t\t\t\t<h2 class=\"elementor-heading-title elementor-size-default\">Ausf\u00fchrliche Berichterstattung\n<\/h2>\t\t\t\t<\/div>\n\t\t\t\t<\/div>\n\t\t\t\t<div class=\"elementor-element elementor-element-6ca1427 elementor-widget__width-initial elementor-widget-mobile__width-inherit elementor-widget elementor-widget-text-editor\" data-id=\"6ca1427\" data-element_type=\"widget\" data-e-type=\"widget\" data-widget_type=\"text-editor.default\">\n\t\t\t\t<div class=\"elementor-widget-container\">\n\t\t\t\t\t\t\t\t\tNutzen Sie das robuste Reporting-Framework von NinjaOne, um Executive Summaries, Bestandsaufnahmen, Verbindungsberichte und mehr auszuf\u00fchren. Zeigen Sie ihren Kunden den Wert von Ihrem All-in-One IT-Management.\n\n\t\t\t\t\t\t\t\t<\/div>\n\t\t\t\t<\/div>\n\t\t\t\t<div class=\"elementor-element elementor-element-31a5f16 elementor-widget__width-auto elementor-widget elementor-widget-image\" data-id=\"31a5f16\" data-element_type=\"widget\" data-e-type=\"widget\" data-widget_type=\"image.default\">\n\t\t\t\t<div class=\"elementor-widget-container\">\n\t\t\t\t\t\t\t\t\t\t\t\t\t\t\t<img decoding=\"async\" class=\"\" src=\"https:\/\/mlfk3cv5yvnx.i.optimole.com\/cb:k-rC.2fd1d\/w:auto\/h:auto\/q:mauto\/f:best\/https:\/\/www.ninjaone.com\/wp-content\/uploads\/2022\/11\/Reporting@1x.webp\" title=\"\" alt=\"\" loading=\"lazy\" \/>\t\t\t\t\t\t\t\t\t\t\t\t\t\t\t<\/div>\n\t\t\t\t<\/div>\n\t\t\t\t\t<\/div>\n\t\t\t\t<\/section>\n\t\t<div class=\"elementor-element elementor-element-27ca5f8 e-flex e-con-boxed e-con e-parent\" data-id=\"27ca5f8\" data-element_type=\"container\" data-e-type=\"container\">\n\t\t\t\t\t<div class=\"e-con-inner\">\n\t\t\t\t<div class=\"elementor-element elementor-element-eb05223 elementor-widget elementor-widget-heading\" data-id=\"eb05223\" data-element_type=\"widget\" data-e-type=\"widget\" data-widget_type=\"heading.default\">\n\t\t\t\t<div class=\"elementor-widget-container\">\n\t\t\t\t\t<h2 class=\"elementor-heading-title elementor-size-default\">Endpunkt-Sicherheit\n<\/h2>\t\t\t\t<\/div>\n\t\t\t\t<\/div>\n\t\t\t\t<div class=\"elementor-element elementor-element-3fa1840 elementor-widget__width-initial elementor-widget-mobile__width-inherit elementor-widget elementor-widget-text-editor\" data-id=\"3fa1840\" data-element_type=\"widget\" data-e-type=\"widget\" data-widget_type=\"text-editor.default\">\n\t\t\t\t<div class=\"elementor-widget-container\">\n\t\t\t\t\t\t\t\t\tWelches Sicherheitsprodukt Sie auch verwenden, Sie k\u00f6nnen alle Optionen im NinjaOne-Dashboard konfigurieren. Planen Sie Scans bei Bedarf oder w\u00f6chentlich, definieren Sie Ausschl\u00fcsse oder ergreifen Sie Korrekturma\u00dfnahmen \u2013 alles \u00fcber die leicht zu navigierende Benutzeroberfl\u00e4che.\n\n\t\t\t\t\t\t\t\t<\/div>\n\t\t\t\t<\/div>\n\t\t\t\t<div class=\"elementor-element elementor-element-10f1d8d elementor-widget__width-auto elementor-widget elementor-widget-image\" data-id=\"10f1d8d\" data-element_type=\"widget\" data-e-type=\"widget\" data-widget_type=\"image.default\">\n\t\t\t\t<div class=\"elementor-widget-container\">\n\t\t\t\t\t\t\t\t\t\t\t\t\t\t\t<img decoding=\"async\" class=\"\" src=\"https:\/\/mlfk3cv5yvnx.i.optimole.com\/cb:k-rC.2fd1d\/w:auto\/h:auto\/q:mauto\/f:best\/https:\/\/www.ninjaone.com\/wp-content\/uploads\/2022\/11\/Security@1x.webp\" title=\"\" alt=\"\" loading=\"lazy\" \/>\t\t\t\t\t\t\t\t\t\t\t\t\t\t\t<\/div>\n\t\t\t\t<\/div>\n\t\t\t\t\t<\/div>\n\t\t\t\t<\/div>\n\t\t\t\t<\/div>\n\t\t","protected":false},"excerpt":{"rendered":"<p>Vielen Dank! Danke, dass Sie sich f\u00fcr eine\u00a0NinjaOne\u00a0Produkt-Demonstration\u00a0angemeldet haben. Wir melden uns schnellstm\u00f6glich bei Ihnen, um einen Termin zu vereinbaren. Wir dr\u00fccken Ihnen die Daumen f\u00fcr die Verlosung des Lego-Sets! Was unsere Kunden \u00fcber NinjaOne sagen 5-Sterne Wertung von Managed Service Providern und IT-Experten Echtzeit Endpunkt\u00fcberwachung Beziehen Sie Informationen f\u00fcr Ihre Windows und Mac Endpunkte [&hellip;]<\/p>\n","protected":false},"author":140,"featured_media":0,"parent":0,"menu_order":4264,"comment_status":"closed","ping_status":"closed","template":"","meta":{"_acf_changed":false,"_relevanssi_hide_post":"","_relevanssi_hide_content":"","_relevanssi_pin_for_all":"","_relevanssi_pin_keywords":"","_relevanssi_unpin_keywords":"","_relevanssi_related_keywords":"","_relevanssi_related_include_ids":"","_relevanssi_related_exclude_ids":"","_relevanssi_related_no_append":"","_relevanssi_related_not_related":"","_relevanssi_related_posts":"","_relevanssi_noindex_reason":"","_lmt_disableupdate":"no","_lmt_disable":"","footnotes":""},"class_list":["post-234778","page","type-page","status-publish","hentry"],"acf":[],"_links":{"self":[{"href":"https:\/\/www.ninjaone.com\/de\/wp-json\/wp\/v2\/pages\/234778","targetHints":{"allow":["GET"]}}],"collection":[{"href":"https:\/\/www.ninjaone.com\/de\/wp-json\/wp\/v2\/pages"}],"about":[{"href":"https:\/\/www.ninjaone.com\/de\/wp-json\/wp\/v2\/types\/page"}],"author":[{"embeddable":true,"href":"https:\/\/www.ninjaone.com\/de\/wp-json\/wp\/v2\/users\/140"}],"replies":[{"embeddable":true,"href":"https:\/\/www.ninjaone.com\/de\/wp-json\/wp\/v2\/comments?post=234778"}],"version-history":[{"count":0,"href":"https:\/\/www.ninjaone.com\/de\/wp-json\/wp\/v2\/pages\/234778\/revisions"}],"wp:attachment":[{"href":"https:\/\/www.ninjaone.com\/de\/wp-json\/wp\/v2\/media?parent=234778"}],"curies":[{"name":"wp","href":"https:\/\/api.w.org\/{rel}","templated":true}]}}