{"id":221007,"date":"2024-03-25T15:10:37","date_gmt":"2024-03-25T15:10:37","guid":{"rendered":"https:\/\/www.ninjaone.com\/?page_id=221007"},"modified":"2024-04-10T11:36:36","modified_gmt":"2024-04-10T11:36:36","slug":"it-directors-dinner-danke","status":"publish","type":"page","link":"https:\/\/www.ninjaone.com\/de\/it-directors-dinner-danke\/","title":{"rendered":"NinjaOne IT Directors Dinner: Dankesch\u00f6n"},"content":{"rendered":"\t\t<div data-elementor-type=\"wp-page\" data-elementor-id=\"221007\" class=\"elementor elementor-221007 elementor-210697\" data-elementor-post-type=\"page\">\n\t\t\t\t<div class=\"elementor-element elementor-element-bfadeba e-flex e-con-boxed e-con e-parent\" data-id=\"bfadeba\" data-element_type=\"container\" data-e-type=\"container\" data-settings=\"{&quot;background_background&quot;:&quot;video&quot;,&quot;background_video_link&quot;:&quot;https:\\\/\\\/www.ninjaone.com\\\/wp-content\\\/uploads\\\/2024\\\/03\\\/orb1-2.mp4&quot;}\">\n\t\t\t\t\t<div class=\"e-con-inner\">\n\t\t<div class=\"elementor-background-video-container elementor-hidden-mobile\">\n\t\t\t\t\t\t\t<video class=\"elementor-background-video-hosted\" role=\"presentation\" autoplay muted playsinline loop><\/video>\n\t\t\t\t\t<\/div><div class=\"elementor-element elementor-element-124647f e-flex e-con-boxed e-con e-child\" data-id=\"124647f\" data-element_type=\"container\" data-e-type=\"container\">\n\t\t\t\t\t<div class=\"e-con-inner\">\n\t\t\t\t<div class=\"elementor-element elementor-element-1330d32 elementor-widget elementor-widget-heading\" data-id=\"1330d32\" data-element_type=\"widget\" data-e-type=\"widget\" data-widget_type=\"heading.default\">\n\t\t\t\t<div class=\"elementor-widget-container\">\n\t\t\t\t\t<h1 class=\"elementor-heading-title elementor-size-default\">Vielen Dank f\u00fcr ihre registrierung!<\/h1>\t\t\t\t<\/div>\n\t\t\t\t<\/div>\n\t\t\t\t<div class=\"elementor-element elementor-element-bc792d3 elementor-widget__width-initial elementor-widget-mobile__width-inherit elementor-widget elementor-widget-text-editor\" data-id=\"bc792d3\" data-element_type=\"widget\" data-e-type=\"widget\" data-widget_type=\"text-editor.default\">\n\t\t\t\t<div class=\"elementor-widget-container\">\n\t\t\t\t\t\t\t\t\t<p>Vielen Dank, dass Sie sich f\u00fcr das IT Directors Dinner am 16. Mai 2024 in Frankfurt angemeldet haben. Wir melden uns in K\u00fcrze bei Ihnen, um Ihre Anmeldung final zu best\u00e4tigen.<\/p><p>Viele Gr\u00fc\u00dfe &#8211; Ihr NinjaOne-Team.<\/p>\t\t\t\t\t\t\t\t<\/div>\n\t\t\t\t<\/div>\n\t\t\t\t\t<\/div>\n\t\t\t\t<\/div>\n\t\t\t\t\t<\/div>\n\t\t\t\t<\/div>\n\t\t\t\t<\/div>\n\t\t","protected":false},"excerpt":{"rendered":"<p>Vielen Dank f\u00fcr ihre registrierung! Vielen Dank, dass Sie sich f\u00fcr das IT Directors Dinner am 16. Mai 2024 in Frankfurt angemeldet haben. Wir melden uns in K\u00fcrze bei Ihnen, um Ihre Anmeldung final zu best\u00e4tigen. Viele Gr\u00fc\u00dfe &#8211; Ihr NinjaOne-Team.<\/p>\n","protected":false},"author":35,"featured_media":0,"parent":0,"menu_order":4037,"comment_status":"closed","ping_status":"closed","template":"","meta":{"_acf_changed":false,"_relevanssi_hide_post":"","_relevanssi_hide_content":"","_relevanssi_pin_for_all":"","_relevanssi_pin_keywords":"","_relevanssi_unpin_keywords":"","_relevanssi_related_keywords":"","_relevanssi_related_include_ids":"","_relevanssi_related_exclude_ids":"","_relevanssi_related_no_append":"","_relevanssi_related_not_related":"","_relevanssi_related_posts":"","_relevanssi_noindex_reason":"","_lmt_disableupdate":"no","_lmt_disable":"","footnotes":""},"class_list":["post-221007","page","type-page","status-publish","hentry"],"acf":[],"_links":{"self":[{"href":"https:\/\/www.ninjaone.com\/de\/wp-json\/wp\/v2\/pages\/221007","targetHints":{"allow":["GET"]}}],"collection":[{"href":"https:\/\/www.ninjaone.com\/de\/wp-json\/wp\/v2\/pages"}],"about":[{"href":"https:\/\/www.ninjaone.com\/de\/wp-json\/wp\/v2\/types\/page"}],"author":[{"embeddable":true,"href":"https:\/\/www.ninjaone.com\/de\/wp-json\/wp\/v2\/users\/35"}],"replies":[{"embeddable":true,"href":"https:\/\/www.ninjaone.com\/de\/wp-json\/wp\/v2\/comments?post=221007"}],"version-history":[{"count":0,"href":"https:\/\/www.ninjaone.com\/de\/wp-json\/wp\/v2\/pages\/221007\/revisions"}],"wp:attachment":[{"href":"https:\/\/www.ninjaone.com\/de\/wp-json\/wp\/v2\/media?parent=221007"}],"curies":[{"name":"wp","href":"https:\/\/api.w.org\/{rel}","templated":true}]}}