{"id":159375,"date":"2023-11-10T15:11:21","date_gmt":"2023-11-10T15:11:21","guid":{"rendered":"https:\/\/www.ninjaone.com\/backup-webinar\/"},"modified":"2024-06-21T15:15:07","modified_gmt":"2024-06-21T15:15:07","slug":"backup-webinar","status":"publish","type":"page","link":"https:\/\/www.ninjaone.com\/de\/backup-webinar\/","title":{"rendered":"Backup-Webinar"},"content":{"rendered":"\t\t<div data-elementor-type=\"wp-page\" data-elementor-id=\"159375\" class=\"elementor elementor-159375 elementor-30928\" data-elementor-post-type=\"page\">\n\t\t\t\t<div class=\"elementor-element elementor-element-e29f889 e-flex e-con-boxed e-con e-parent\" data-id=\"e29f889\" data-element_type=\"container\" data-e-type=\"container\">\n\t\t\t\t\t<div class=\"e-con-inner\">\n\t\t<div class=\"elementor-element elementor-element-76f1303 e-con-full e-flex e-con e-child\" data-id=\"76f1303\" data-element_type=\"container\" data-e-type=\"container\">\n\t\t\t\t<div class=\"elementor-element elementor-element-e3df82b elementor-widget elementor-widget-heading\" data-id=\"e3df82b\" data-element_type=\"widget\" data-e-type=\"widget\" data-widget_type=\"heading.default\">\n\t\t\t\t<div class=\"elementor-widget-container\">\n\t\t\t\t\t<h1 class=\"elementor-heading-title elementor-size-default\">NinjaOne Data Protection: Modernes Backup f\u00fcr moderne Arbeitsabl\u00e4ufe<\/h1>\t\t\t\t<\/div>\n\t\t\t\t<\/div>\n\t\t\t\t<div class=\"elementor-element elementor-element-badcab7 elementor-widget__width-inherit elementor-widget elementor-widget-text-editor\" data-id=\"badcab7\" data-element_type=\"widget\" data-e-type=\"widget\" data-widget_type=\"text-editor.default\">\n\t\t\t\t<div class=\"elementor-widget-container\">\n\t\t\t\t\t\t\t\t\t<p>(Englisches On-Demand-Webinar)<\/p>\n\t\t\t\t\t\t\t\t<\/div>\n\t\t\t\t<\/div>\n\t\t\t\t<\/div>\n\t\t<div class=\"elementor-element elementor-element-ce8c432 e-con-full e-flex e-con e-child\" data-id=\"ce8c432\" data-element_type=\"container\" data-e-type=\"container\">\n\t\t\t\t<div class=\"elementor-element elementor-element-dd366d5 elementor-widget elementor-widget-heading\" data-id=\"dd366d5\" data-element_type=\"widget\" data-e-type=\"widget\" data-widget_type=\"heading.default\">\n\t\t\t\t<div class=\"elementor-widget-container\">\n\t\t\t\t\t<h2 class=\"elementor-heading-title elementor-size-default\">Webinar jetzt ansehen<\/h2>\t\t\t\t<\/div>\n\t\t\t\t<\/div>\n\t\t\t\t<div class=\"elementor-element elementor-element-5161768 elementor-widget elementor-widget-html\" data-id=\"5161768\" data-element_type=\"widget\" data-e-type=\"widget\" data-widget_type=\"html.default\">\n\t\t\t\t<div class=\"elementor-widget-container\">\n\t\t\t\t\t<div id=\"video-thumbnail\" class=\"video-thumbnail iframe-toggle video-thumbnail-shadow\"><img decoding=\"async\" decoding=async  data-opt-src=\"https:\/\/mlfk3cv5yvnx.i.optimole.com\/cb:k-rC.2fd1d\/w:auto\/h:auto\/q:mauto\/f:best\/https:\/\/www.ninjaone.com\/wp-content\/uploads\/2022\/11\/backup-webinar-poster.jpg\"  src=\"data:image\/svg+xml,%3Csvg%20viewBox%3D%220%200%20100%%20100%%22%20width%3D%22100%%22%20height%3D%22100%%22%20xmlns%3D%22http%3A%2F%2Fwww.w3.org%2F2000%2Fsvg%22%3E%3Crect%20width%3D%22100%%22%20height%3D%22100%%22%20fill%3D%22transparent%22%2F%3E%3C%2Fsvg%3E\" alt=\"Backup Webinar poster image\"\/><noscript><img decoding=\"async\" decoding=async  src=\"https:\/\/mlfk3cv5yvnx.i.optimole.com\/cb:k-rC.2fd1d\/w:auto\/h:auto\/q:mauto\/f:best\/https:\/\/www.ninjaone.com\/wp-content\/uploads\/2022\/11\/backup-webinar-poster.jpg\" alt=\"Backup Webinar poster image\"\/><\/noscript><span class=\"play-button-overlay\"><\/span><span class=\"play-button\"><\/span><\/div>\n<iframe id=\"iframe-form\" class=\"iframe-form iframe-resize\" style=\"display: none;\" src=\"https:\/\/go.ninjaone.com\/l\/652283\/2022-02-16\/466bqh\" width=\"100%\" height=\"600\" frameborder=\"0\"><\/iframe>\t\t\t\t<\/div>\n\t\t\t\t<\/div>\n\t\t\t\t<\/div>\n\t\t<div class=\"elementor-element elementor-element-0069e71 e-con-full e-flex e-con e-child\" data-id=\"0069e71\" data-element_type=\"container\" data-e-type=\"container\">\n\t\t\t\t<div class=\"elementor-element elementor-element-6c88287 elementor-widget__width-inherit elementor-widget elementor-widget-heading\" data-id=\"6c88287\" data-element_type=\"widget\" data-e-type=\"widget\" data-widget_type=\"heading.default\">\n\t\t\t\t<div class=\"elementor-widget-container\">\n\t\t\t\t\t<h2 class=\"elementor-heading-title elementor-size-default\">\u00dcber das Webinar<\/h2>\t\t\t\t<\/div>\n\t\t\t\t<\/div>\n\t\t\t\t<div class=\"elementor-element elementor-element-b26595b elementor-widget__width-inherit elementor-widget elementor-widget-text-editor\" data-id=\"b26595b\" data-element_type=\"widget\" data-e-type=\"widget\" data-widget_type=\"text-editor.default\">\n\t\t\t\t<div class=\"elementor-widget-container\">\n\t\t\t\t\t\t\t\t\t<p data-pm-slice=\"1 1 []\">Die Datensicherung ist ein wichtiger Bestandteil des IT-Management-Puzzles. Sie gibt IT-Verantwortlichen die Gewissheit, dass unverzichtbare Unternehmensdaten nicht verloren gehen k\u00f6nnen. Dennoch sind viele Backup-L\u00f6sungen nicht auf die Bed\u00fcrfnisse moderner Belegschaften zugeschnitten, nicht f\u00fcr flexible Arbeitsabl\u00e4ufe konzipiert oder mit einem hohen Verwaltungsaufwand verbunden.<\/p>\n<p>NinjaOne Data Protection ist NinjaOnes Cloud-first Backup-L\u00f6sung, die entwickelt wurde, um modernen Belegschaften das Sichern ihrer Daten leicht zu machen.<\/p>\n<p><strong>Das Webinar behandelt die folgenden Themen:<\/strong><\/p>\n<ul>\n<li>Warum viele Backup-L\u00f6sungen nicht in der Lage sind, ausreichenden Schutz f\u00fcr moderne Belegschaftsstrukturen zu bieten.<\/li>\n<li>Warum eine moderne Backup-L\u00f6sung gr\u00f6\u00dftm\u00f6gliche Flexibilit\u00e4t bieten sollte.<\/li>\n<li>Wie ein einheitlicher Ansatz f\u00fcr Backup und Endpunktverwaltung zur Verbesserung der Sicherheit beitr\u00e4gt.<\/li>\n<\/ul>\n\t\t\t\t\t\t\t\t<\/div>\n\t\t\t\t<\/div>\n\t\t\t\t<\/div>\n\t\t\t\t\t<\/div>\n\t\t\t\t<\/div>\n\t\t<div class=\"elementor-element elementor-element-11a8ec5 e-con-full e-flex e-con e-parent\" data-id=\"11a8ec5\" data-element_type=\"container\" data-e-type=\"container\">\n\t\t\t\t<div class=\"elementor-element elementor-element-cbb45f1 elementor-widget elementor-widget-template\" data-id=\"cbb45f1\" data-element_type=\"widget\" data-e-type=\"widget\" data-widget_type=\"template.default\">\n\t\t\t\t<div class=\"elementor-widget-container\">\n\t\t\t\t\t\t\t<div class=\"elementor-template\">\n\t\t\t\t\t<div data-elementor-type=\"section\" data-elementor-id=\"530600\" class=\"elementor elementor-530600 elementor-53252 elementor-53252\" data-elementor-post-type=\"elementor_library\">\n\t\t\t<div class=\"elementor-element elementor-element-118f865 badges expand e-flex e-con-boxed e-con e-parent\" data-id=\"118f865\" data-element_type=\"container\" data-e-type=\"container\">\n\t\t\t\t\t<div class=\"e-con-inner\">\n\t\t\t\t<div class=\"elementor-element elementor-element-0a2450f elementor-widget elementor-widget-shortcode\" data-id=\"0a2450f\" data-element_type=\"widget\" data-e-type=\"widget\" data-widget_type=\"shortcode.default\">\n\t\t\t\t<div class=\"elementor-widget-container\">\n\t\t\t\t\t\t\t<div class=\"elementor-shortcode\"><img decoding=\"async\" width=\"92\" height=\"106\" src=\"https:\/\/www.ninjaone.com\/wp-content\/uploads\/2026\/03\/g2-leader-spring-2026.svg\" class=\"attachment-full size-full\" alt=\"G2 Leader - Spring 2026\" title=\"g2-leader-spring-2026\" \/><\/div>\n\t\t\t\t\t\t<\/div>\n\t\t\t\t<\/div>\n\t\t\t\t<div class=\"elementor-element elementor-element-530c0a6 elementor-widget elementor-widget-shortcode\" data-id=\"530c0a6\" data-element_type=\"widget\" data-e-type=\"widget\" data-widget_type=\"shortcode.default\">\n\t\t\t\t<div class=\"elementor-widget-container\">\n\t\t\t\t\t\t\t<div class=\"elementor-shortcode\"><img decoding=\"async\" width=\"92\" height=\"106\" src=\"https:\/\/www.ninjaone.com\/wp-content\/uploads\/2026\/03\/g2-best-results-spring-2026.svg\" class=\"attachment-full size-full\" alt=\"G2 Best Results - Spring 2026\" title=\"g2-best-results-spring-2026\" \/><\/div>\n\t\t\t\t\t\t<\/div>\n\t\t\t\t<\/div>\n\t\t\t\t<div class=\"elementor-element elementor-element-3696d1f elementor-widget elementor-widget-shortcode\" data-id=\"3696d1f\" data-element_type=\"widget\" data-e-type=\"widget\" data-widget_type=\"shortcode.default\">\n\t\t\t\t<div class=\"elementor-widget-container\">\n\t\t\t\t\t\t\t<div class=\"elementor-shortcode\"><img decoding=\"async\" width=\"92\" height=\"106\" src=\"https:\/\/www.ninjaone.com\/wp-content\/uploads\/2026\/03\/g2-most-implementable-spring-2026.svg\" class=\"attachment-full size-full\" alt=\"G2 Most Implementable - Spring 2026\" title=\"g2-most-implementable-spring-2026\" \/><\/div>\n\t\t\t\t\t\t<\/div>\n\t\t\t\t<\/div>\n\t\t\t\t<div class=\"elementor-element elementor-element-5f0b520 elementor-widget elementor-widget-shortcode\" data-id=\"5f0b520\" data-element_type=\"widget\" data-e-type=\"widget\" data-widget_type=\"shortcode.default\">\n\t\t\t\t<div class=\"elementor-widget-container\">\n\t\t\t\t\t\t\t<div class=\"elementor-shortcode\"><img loading=\"lazy\" decoding=\"async\" width=\"92\" height=\"106\" src=\"https:\/\/www.ninjaone.com\/wp-content\/uploads\/2026\/03\/g2-best-relationship-spring-2026.svg\" class=\"attachment-full size-full\" alt=\"G2\" title=\"g2-best-relationship-spring-2026\" \/><\/div>\n\t\t\t\t\t\t<\/div>\n\t\t\t\t<\/div>\n\t\t\t\t<div class=\"elementor-element elementor-element-c1aea07 elementor-widget elementor-widget-shortcode\" data-id=\"c1aea07\" data-element_type=\"widget\" data-e-type=\"widget\" data-widget_type=\"shortcode.default\">\n\t\t\t\t<div class=\"elementor-widget-container\">\n\t\t\t\t\t\t\t<div class=\"elementor-shortcode\"><img loading=\"lazy\" decoding=\"async\" width=\"92\" height=\"106\" src=\"https:\/\/www.ninjaone.com\/wp-content\/uploads\/2026\/03\/g2-momentum-leader-spring-2026.svg\" class=\"attachment-full size-full\" alt=\"G2 Momentum Leader - Spring 2026\" title=\"g2-momentum-leader-spring-2026\" \/><\/div>\n\t\t\t\t\t\t<\/div>\n\t\t\t\t<\/div>\n\t\t\t\t<div class=\"elementor-element elementor-element-5a2591a elementor-widget elementor-widget-shortcode\" data-id=\"5a2591a\" data-element_type=\"widget\" data-e-type=\"widget\" data-widget_type=\"shortcode.default\">\n\t\t\t\t<div class=\"elementor-widget-container\">\n\t\t\t\t\t\t\t<div class=\"elementor-shortcode\"><img loading=\"lazy\" decoding=\"async\" width=\"92\" height=\"106\" src=\"https:\/\/www.ninjaone.com\/wp-content\/uploads\/2026\/03\/g2-best-usability-enterprise-spring-2026.svg\" class=\"attachment-full size-full\" alt=\"G2 Best Usability - Enterprise - Spring 2026\" title=\"g2-best-usability-enterprise-spring-2026\" \/><\/div>\n\t\t\t\t\t\t<\/div>\n\t\t\t\t<\/div>\n\t\t\t\t<div class=\"elementor-element elementor-element-78fac10 elementor-widget elementor-widget-shortcode\" data-id=\"78fac10\" data-element_type=\"widget\" data-e-type=\"widget\" data-widget_type=\"shortcode.default\">\n\t\t\t\t<div class=\"elementor-widget-container\">\n\t\t\t\t\t\t\t<div class=\"elementor-shortcode\"><img loading=\"lazy\" decoding=\"async\" width=\"92\" height=\"106\" src=\"https:\/\/www.ninjaone.com\/wp-content\/uploads\/2026\/03\/g2-high-performer-enterprise-spring-2026.svg\" class=\"attachment-full size-full\" alt=\"G2 High Performer - Enterprise - Spring 2026\" title=\"g2-high-performer-enterprise-spring-2026\" \/><\/div>\n\t\t\t\t\t\t<\/div>\n\t\t\t\t<\/div>\n\t\t\t\t\t<\/div>\n\t\t\t\t<\/div>\n\t\t\t\t<\/div>\n\t\t\t\t<\/div>\n\t\t\t\t\t\t<\/div>\n\t\t\t\t<\/div>\n\t\t\t\t<\/div>\n\t\t\t\t<\/div>\n\t\t","protected":false},"excerpt":{"rendered":"<p>NinjaOne Data Protection: Modernes Backup f\u00fcr moderne Arbeitsabl\u00e4ufe (Englisches On-Demand-Webinar) Webinar jetzt ansehen \u00dcber das Webinar Die Datensicherung ist ein wichtiger Bestandteil des IT-Management-Puzzles. Sie gibt IT-Verantwortlichen die Gewissheit, dass unverzichtbare Unternehmensdaten nicht verloren gehen k\u00f6nnen. Dennoch sind viele Backup-L\u00f6sungen nicht auf die Bed\u00fcrfnisse moderner Belegschaften zugeschnitten, nicht f\u00fcr flexible Arbeitsabl\u00e4ufe konzipiert oder mit einem [&hellip;]<\/p>\n","protected":false},"author":35,"featured_media":0,"parent":0,"menu_order":3956,"comment_status":"closed","ping_status":"closed","template":"","meta":{"_acf_changed":false,"_relevanssi_hide_post":"","_relevanssi_hide_content":"","_relevanssi_pin_for_all":"","_relevanssi_pin_keywords":"","_relevanssi_unpin_keywords":"","_relevanssi_related_keywords":"","_relevanssi_related_include_ids":"","_relevanssi_related_exclude_ids":"","_relevanssi_related_no_append":"","_relevanssi_related_not_related":"","_relevanssi_related_posts":"","_relevanssi_noindex_reason":"","_lmt_disableupdate":"no","_lmt_disable":"","footnotes":""},"class_list":["post-159375","page","type-page","status-publish","hentry"],"acf":[],"_links":{"self":[{"href":"https:\/\/www.ninjaone.com\/de\/wp-json\/wp\/v2\/pages\/159375","targetHints":{"allow":["GET"]}}],"collection":[{"href":"https:\/\/www.ninjaone.com\/de\/wp-json\/wp\/v2\/pages"}],"about":[{"href":"https:\/\/www.ninjaone.com\/de\/wp-json\/wp\/v2\/types\/page"}],"author":[{"embeddable":true,"href":"https:\/\/www.ninjaone.com\/de\/wp-json\/wp\/v2\/users\/35"}],"replies":[{"embeddable":true,"href":"https:\/\/www.ninjaone.com\/de\/wp-json\/wp\/v2\/comments?post=159375"}],"version-history":[{"count":0,"href":"https:\/\/www.ninjaone.com\/de\/wp-json\/wp\/v2\/pages\/159375\/revisions"}],"wp:attachment":[{"href":"https:\/\/www.ninjaone.com\/de\/wp-json\/wp\/v2\/media?parent=159375"}],"curies":[{"name":"wp","href":"https:\/\/api.w.org\/{rel}","templated":true}]}}